{"id":2248,"date":"2017-12-12T15:44:55","date_gmt":"2017-12-12T15:44:55","guid":{"rendered":"http:\/\/dev-rci-insurance.iconsandbox.com\/website-privacy-info\/"},"modified":"2023-06-13T13:36:53","modified_gmt":"2023-06-13T11:36:53","slug":"website-privacy-info","status":"publish","type":"page","link":"http:\/\/dev-rci-insurance.iconsandbox.com\/ro\/website-privacy-info\/","title":{"rendered":"Site-ul de confiden\u021bialitate Informa\u021bii"},"content":{"rendered":"<p>Aceast\u0103 politic\u0103 de confiden\u021bialitate se refer\u0103 la utilizarea acestui site web care este proprietatea RCI Life Ltd, RCI Insurance Ltd \u0219i RCI Services Ltd (denumite \u00een continuare \u201ecompaniile\u201d, \u201enoi\u201d sau \u201enoastre\u201d).<\/p>\n<p>Aceast\u0103 politic\u0103 de confiden\u021bialitate se aplic\u0103 exclusiv protec\u021biei datelor cu caracter personal colectate prin utilizarea domeniului companiilor, <a href=\"http:\/\/dev-rci-insurance.iconsandbox.com\/ro\/\"><strong>www.rci-insurance.eu<\/strong><\/a>, \u0219i a oric\u0103ruia dintre subdomeniile sale (denumite \u00een continuare \u00een comun \u201esite-ul web\u201d sau \u201eacest site web\u201d). Prin continuarea utiliz\u0103rii acestui site web, sunte\u021bi de acord \u00een mod expres cu prelucrarea datelor dvs. cu caracter personal, a\u0219a cum este indicat \u00een acest document. Aceast\u0103 politic\u0103 de confiden\u021bialitate constituie conform c\u0103reia companiile vor prelucra datele colectate prin intermediul site-ului web.<\/p>\n<p>Site-ul web poate con\u021bine hyperlinkuri c\u0103tre site-uri web externe \u0219i care pot apar\u021bine altor entit\u0103\u021bi din cadrul Mobilize Financial Services sau unor ter\u021bi. Companiile nu vor fi considerate responsabile pentru utilizarea datelor cu caracter personal dezv\u0103luite prin intermediul acestor site-uri web \u0219i sf\u0103tuiesc utilizatorii s\u0103 citeasc\u0103 orice termeni \u0219i condi\u021bii, inclusiv politici privind utilizarea datelor cu caracter personal, dup\u0103 caz.<\/p>\n<p>Orice date cu caracter personal pe care le furniza\u021bi prin intermediul acestui site web vor fi prelucrate \u0219i utilizate \u00een conformitate cu legisla\u021bia aplicabil\u0103, \u00een special Regulamentul general privind protec\u021bia datelor (Regulamentul (UE) 2016\/679) \u0219i Legea privind protec\u021bia datelor (capitolul 440 din Legile Maltei).<\/p>\n<p>Companiile pot colecta date cu caracter personal precum numele dvs., informa\u021bii<br \/>\nde contact, inclusiv adresa de e-mail \u0219i informa\u021bii demografice, cum ar fi \u021bara de re\u0219edin\u021b\u0103 sau de origine. Datele personale colectate vor fi limitate la informa\u021biile pe care ni le pute\u021bi dezv\u0103lui printr-o solicitare prin e-mail la adresa de e-mail furnizat\u0103 pe acest site web. Aceast\u0103 adres\u0103 de e-mail nu trebuie utilizat\u0103 \u00een leg\u0103tur\u0103 cu executarea contractelor referitoare la activitatea noastr\u0103 principal\u0103 de asigur\u0103ri. Orice informa\u021bie transmis\u0103 \u00een acest sens va fi procesat\u0103 \u00een conformitate cu prevederile privind protec\u021bia datelor incluse \u00een termenii \u0219i condi\u021biile contractului dvs. de asigurare.<\/p>\n<p>V\u0103 rug\u0103m s\u0103 re\u021bine\u021bi c\u0103, prin trimiterea oric\u0103ror astfel de date cu caracter personal, sunte\u021bi de acord cu prelucrarea acestor date \u00een conformitate cu urm\u0103toarea politic\u0103:<\/p>\n<p>Nu vom utiliza informa\u021biile personale dezv\u0103luite prin intermediul site-ului web \u00een alte scopuri dec\u00e2t pentru a r\u0103spunde la orice \u00eentrebare sau pentru a adresa orice solicitare pe care o face\u021bi direct prin intermediul site-ului web. De asemenea, este posibil s\u0103 prelucr\u0103m datele dvs. cu caracter personal pentru a \u00eembun\u0103t\u0103\u021bi con\u021binutul \u0219i func\u021bionalitatea acestui site web, pentru a \u00een\u021belege mai bine clien\u021bii \u0219i pie\u021bele noastre \u0219i pentru a \u00eembun\u0103t\u0103\u021bi produsele \u0219i serviciile noastre.<\/p>\n<p>Putem partaja datele dvs. cu caracter personal cu alte companii din cadrul grupului Mobilize Financial Services sau cu al\u021bi ter\u021bi din UE \u0219i din \u021b\u0103rile din afara UE, sub rezerva limit\u0103rilor privind prelucrarea \u0219i garan\u021biile ulterioare, conform cerin\u021belor legale. \u00cen plus, pot exista cazuri \u00een care putem prelucra astfel de date cu caracter personal pentru a ne respecta obliga\u021biile legale \u0219i pentru administrarea corect\u0103 a justi\u021biei.<\/p>\n<p>De\u0219i nicio metod\u0103 de transmitere a datelor nu este garantat\u0103 \u00eempotriva intercept\u0103rii ilegale de c\u0103tre ter\u021bi sau \u00eempotriva altor utiliz\u0103ri abuzive, vom lua toate m\u0103surile necesare pentru a proteja aceste date. Cu toate acestea, nu putem accepta responsabilitatea pentru orice acces neautorizat sau pierderea datelor cu caracter personal care este \u00een afara controlului nostru.<\/p>\n<p>Ave\u021bi dreptul de a solicita o copie a oric\u0103ror date personale pe care companiile le p\u0103streaz\u0103 despre dvs. De asemenea, pute\u021bi solicita s\u0103 v\u0103 corect\u0103m datele cu caracter personal \u00een cazul \u00een care acest lucru este necesar. La primirea oric\u0103rei astfel de cereri, vom \u00eencerca s\u0103 ne conform\u0103m \u00eentr-un termen rezonabil \u0219i f\u0103r\u0103 \u00eent\u00e2rzieri nejustificate. Dac\u0103 ave\u021bi sugestii sau \u00eentreb\u0103ri cu privire la orice probleme de confiden\u021bialitate pe care le-a\u021bi putea avea sau cu privire la Termenii \u0219i condi\u021biile noastre, v\u0103 rug\u0103m s\u0103 contacta\u021bi responsabilul nostru pentru protec\u021bia datelor (DPO) RCi prin e-mail la <a href=\"mailto:dataprotectionofficer-malta@rcibanque.com\">dataprotectionofficer-malta@rcibanque.com<\/a> sau prin po\u0219t\u0103 la Corespondent pentru protec\u021bia datelor:<\/p>\n<p style=\"text-align: center;\">Corespondentul pentru protec\u021bia datelor<\/p>\n<p style=\"text-align: center;\">RCI Insurance Ltd<\/p>\n<p style=\"text-align: center;\">Etajul 3, Centrul financiar \u0219i de afaceri Exchange,<\/p>\n<p style=\"text-align: center;\">Triq Elia Zammit,<\/p>\n<p style=\"text-align: center;\">St Julian&#8217;s &#8211; STJ 3155<\/p>\n<p style=\"text-align: center;\">Malta<\/p>\n<p>Alternativ, v\u0103 recomand\u0103m s\u0103 contacta\u021bi responsabilul nostru pentru protec\u021bia datelor (GDPO) Mobilize Financial Services &amp; Services Group prin e-mail la <a href=\"mailto:dataprotectionofficer@rcibanque.com\">dataprotectionofficer@rcibanque.com<\/a>.<\/p>\n<p>Pentru a v\u0103 oferi \u00een continuare cel mai bun serviciu \u0219i pentru a v\u0103 respecta obliga\u021biile legislative \u0219i de reglementare, companiile pot modifica aceast\u0103 politic\u0103 din c\u00e2nd \u00een c\u00e2nd. Prin urmare, vi se recomand\u0103 s\u0103 revizui\u021bi periodic aceast\u0103 politic\u0103 pentru a lua la cuno\u0219tin\u021b\u0103 modific\u0103rile care vi se aplic\u0103.<\/p>\n","protected":false},"excerpt":{"rendered":"Aceast\u0103 politic\u0103 de confiden\u021bialitate se refer\u0103 la utilizarea acestui site web care este proprietatea RCI Life Ltd, RCI Insurance Ltd \u0219i RCI Services Ltd (denumite \u00een continuare \u201ecompaniile\u201d, \u201enoi\u201d sau \u201enoastre\u201d). Aceast\u0103 politic\u0103 de confiden\u021bialitate se aplic\u0103 exclusiv protec\u021biei datelor cu caracter personal colectate prin utilizarea domeniului companiilor, www.rci-insurance.eu, \u0219i a oric\u0103ruia dintre subdomeniile sale&hellip;","protected":false},"author":1,"featured_media":0,"parent":0,"menu_order":0,"comment_status":"closed","ping_status":"closed","template":"","meta":{"_acf_changed":false,"footnotes":""},"class_list":["post-2248","page","type-page","status-publish","hentry"],"acf":[],"yoast_head":"<!-- This site is optimized with the Yoast SEO plugin v24.3 - https:\/\/yoast.com\/wordpress\/plugins\/seo\/ -->\r\n<title>Site-ul de confiden\u021bialitate Informa\u021bii - RCI INSURANCE<\/title>\r\n<meta name=\"robots\" content=\"index, follow, max-snippet:-1, max-image-preview:large, max-video-preview:-1\" \/>\r\n<link rel=\"canonical\" href=\"http:\/\/dev-rci-insurance.iconsandbox.com\/ro\/website-privacy-info\/\" \/>\r\n<meta property=\"og:locale\" content=\"ro_RO\" \/>\r\n<meta property=\"og:type\" content=\"article\" \/>\r\n<meta property=\"og:title\" content=\"Site-ul de confiden\u021bialitate Informa\u021bii - RCI INSURANCE\" \/>\r\n<meta property=\"og:description\" content=\"Aceast\u0103 politic\u0103 de confiden\u021bialitate se refer\u0103 la utilizarea acestui site web care este proprietatea RCI Life Ltd, RCI Insurance Ltd \u0219i RCI Services Ltd (denumite \u00een continuare \u201ecompaniile\u201d, \u201enoi\u201d sau \u201enoastre\u201d). Aceast\u0103 politic\u0103 de confiden\u021bialitate se aplic\u0103 exclusiv protec\u021biei datelor cu caracter personal colectate prin utilizarea domeniului companiilor, www.rci-insurance.eu, \u0219i a oric\u0103ruia dintre subdomeniile sale&hellip;\" \/>\r\n<meta property=\"og:url\" content=\"http:\/\/dev-rci-insurance.iconsandbox.com\/ro\/website-privacy-info\/\" \/>\r\n<meta property=\"og:site_name\" content=\"RCI INSURANCE\" \/>\r\n<meta property=\"article:modified_time\" content=\"2023-06-13T11:36:53+00:00\" \/>\r\n<meta name=\"twitter:card\" content=\"summary_large_image\" \/>\r\n<meta name=\"twitter:label1\" content=\"Timp estimat pentru citire\" \/>\n\t<meta name=\"twitter:data1\" content=\"4 minute\" \/>\r\n<script type=\"application\/ld+json\" class=\"yoast-schema-graph\">{\"@context\":\"https:\/\/schema.org\",\"@graph\":[{\"@type\":\"WebPage\",\"@id\":\"http:\/\/dev-rci-insurance.iconsandbox.com\/ro\/website-privacy-info\/\",\"url\":\"http:\/\/dev-rci-insurance.iconsandbox.com\/ro\/website-privacy-info\/\",\"name\":\"Site-ul de confiden\u021bialitate Informa\u021bii - RCI INSURANCE\",\"isPartOf\":{\"@id\":\"http:\/\/dev-rci-insurance.iconsandbox.com\/pl\/#website\"},\"datePublished\":\"2017-12-12T15:44:55+00:00\",\"dateModified\":\"2023-06-13T11:36:53+00:00\",\"breadcrumb\":{\"@id\":\"http:\/\/dev-rci-insurance.iconsandbox.com\/ro\/website-privacy-info\/#breadcrumb\"},\"inLanguage\":\"ro-RO\",\"potentialAction\":[{\"@type\":\"ReadAction\",\"target\":[\"http:\/\/dev-rci-insurance.iconsandbox.com\/ro\/website-privacy-info\/\"]}]},{\"@type\":\"BreadcrumbList\",\"@id\":\"http:\/\/dev-rci-insurance.iconsandbox.com\/ro\/website-privacy-info\/#breadcrumb\",\"itemListElement\":[{\"@type\":\"ListItem\",\"position\":1,\"name\":\"Home\",\"item\":\"http:\/\/dev-rci-insurance.iconsandbox.com\/ro\/\"},{\"@type\":\"ListItem\",\"position\":2,\"name\":\"Site-ul de confiden\u021bialitate Informa\u021bii\"}]},{\"@type\":\"WebSite\",\"@id\":\"http:\/\/dev-rci-insurance.iconsandbox.com\/pl\/#website\",\"url\":\"http:\/\/dev-rci-insurance.iconsandbox.com\/pl\/\",\"name\":\"RCI INSURANCE\",\"description\":\"\",\"potentialAction\":[{\"@type\":\"SearchAction\",\"target\":{\"@type\":\"EntryPoint\",\"urlTemplate\":\"http:\/\/dev-rci-insurance.iconsandbox.com\/pl\/?s={search_term_string}\"},\"query-input\":{\"@type\":\"PropertyValueSpecification\",\"valueRequired\":true,\"valueName\":\"search_term_string\"}}],\"inLanguage\":\"ro-RO\"}]}<\/script>\r\n<!-- \/ Yoast SEO plugin. -->","yoast_head_json":{"title":"Site-ul de confiden\u021bialitate Informa\u021bii - RCI INSURANCE","robots":{"index":"index","follow":"follow","max-snippet":"max-snippet:-1","max-image-preview":"max-image-preview:large","max-video-preview":"max-video-preview:-1"},"canonical":"http:\/\/dev-rci-insurance.iconsandbox.com\/ro\/website-privacy-info\/","og_locale":"ro_RO","og_type":"article","og_title":"Site-ul de confiden\u021bialitate Informa\u021bii - RCI INSURANCE","og_description":"Aceast\u0103 politic\u0103 de confiden\u021bialitate se refer\u0103 la utilizarea acestui site web care este proprietatea RCI Life Ltd, RCI Insurance Ltd \u0219i RCI Services Ltd (denumite \u00een continuare \u201ecompaniile\u201d, \u201enoi\u201d sau \u201enoastre\u201d). Aceast\u0103 politic\u0103 de confiden\u021bialitate se aplic\u0103 exclusiv protec\u021biei datelor cu caracter personal colectate prin utilizarea domeniului companiilor, www.rci-insurance.eu, \u0219i a oric\u0103ruia dintre subdomeniile sale&hellip;","og_url":"http:\/\/dev-rci-insurance.iconsandbox.com\/ro\/website-privacy-info\/","og_site_name":"RCI INSURANCE","article_modified_time":"2023-06-13T11:36:53+00:00","twitter_card":"summary_large_image","twitter_misc":{"Timp estimat pentru citire":"4 minute"},"schema":{"@context":"https:\/\/schema.org","@graph":[{"@type":"WebPage","@id":"http:\/\/dev-rci-insurance.iconsandbox.com\/ro\/website-privacy-info\/","url":"http:\/\/dev-rci-insurance.iconsandbox.com\/ro\/website-privacy-info\/","name":"Site-ul de confiden\u021bialitate Informa\u021bii - RCI INSURANCE","isPartOf":{"@id":"http:\/\/dev-rci-insurance.iconsandbox.com\/pl\/#website"},"datePublished":"2017-12-12T15:44:55+00:00","dateModified":"2023-06-13T11:36:53+00:00","breadcrumb":{"@id":"http:\/\/dev-rci-insurance.iconsandbox.com\/ro\/website-privacy-info\/#breadcrumb"},"inLanguage":"ro-RO","potentialAction":[{"@type":"ReadAction","target":["http:\/\/dev-rci-insurance.iconsandbox.com\/ro\/website-privacy-info\/"]}]},{"@type":"BreadcrumbList","@id":"http:\/\/dev-rci-insurance.iconsandbox.com\/ro\/website-privacy-info\/#breadcrumb","itemListElement":[{"@type":"ListItem","position":1,"name":"Home","item":"http:\/\/dev-rci-insurance.iconsandbox.com\/ro\/"},{"@type":"ListItem","position":2,"name":"Site-ul de confiden\u021bialitate Informa\u021bii"}]},{"@type":"WebSite","@id":"http:\/\/dev-rci-insurance.iconsandbox.com\/pl\/#website","url":"http:\/\/dev-rci-insurance.iconsandbox.com\/pl\/","name":"RCI INSURANCE","description":"","potentialAction":[{"@type":"SearchAction","target":{"@type":"EntryPoint","urlTemplate":"http:\/\/dev-rci-insurance.iconsandbox.com\/pl\/?s={search_term_string}"},"query-input":{"@type":"PropertyValueSpecification","valueRequired":true,"valueName":"search_term_string"}}],"inLanguage":"ro-RO"}]}},"_links":{"self":[{"href":"http:\/\/dev-rci-insurance.iconsandbox.com\/ro\/wp-json\/wp\/v2\/pages\/2248","targetHints":{"allow":["GET"]}}],"collection":[{"href":"http:\/\/dev-rci-insurance.iconsandbox.com\/ro\/wp-json\/wp\/v2\/pages"}],"about":[{"href":"http:\/\/dev-rci-insurance.iconsandbox.com\/ro\/wp-json\/wp\/v2\/types\/page"}],"author":[{"embeddable":true,"href":"http:\/\/dev-rci-insurance.iconsandbox.com\/ro\/wp-json\/wp\/v2\/users\/1"}],"replies":[{"embeddable":true,"href":"http:\/\/dev-rci-insurance.iconsandbox.com\/ro\/wp-json\/wp\/v2\/comments?post=2248"}],"version-history":[{"count":6,"href":"http:\/\/dev-rci-insurance.iconsandbox.com\/ro\/wp-json\/wp\/v2\/pages\/2248\/revisions"}],"predecessor-version":[{"id":8183,"href":"http:\/\/dev-rci-insurance.iconsandbox.com\/ro\/wp-json\/wp\/v2\/pages\/2248\/revisions\/8183"}],"wp:attachment":[{"href":"http:\/\/dev-rci-insurance.iconsandbox.com\/ro\/wp-json\/wp\/v2\/media?parent=2248"}],"curies":[{"name":"wp","href":"https:\/\/api.w.org\/{rel}","templated":true}]}}