{"id":2228,"date":"2017-12-12T15:46:22","date_gmt":"2017-12-12T15:46:22","guid":{"rendered":"http:\/\/dev-rci-insurance.iconsandbox.com\/?page_id=2228"},"modified":"2020-10-06T14:29:01","modified_gmt":"2020-10-06T12:29:01","slug":"terms-internet-usage-policy","status":"publish","type":"page","link":"http:\/\/dev-rci-insurance.iconsandbox.com\/ro\/terms-internet-usage-policy\/","title":{"rendered":"Termenii politicii de utilizare a internetului"},"content":{"rendered":"<p><strong>Generalit\u0103\u021bi<\/strong><\/p>\n<p>Ace\u0219ti Termeni \u0219i condi\u021bii de utilizare, \u00eempreun\u0103 cu Politica privind utilizarea cookie-urilor \u0219i Politica de confiden\u021bialitate a site-ului web (denumi\u021bi \u00eempreun\u0103 \u201eTermenii \u0219i condi\u021biile\u201d) se aplic\u0103 utiliz\u0103rii domeniului, \u0219i anume <a href=\"http:\/\/dev-rci-insurance.iconsandbox.com\">www.rci-insurance.eu<\/a> \u0219i toate subdomeniile (denumite \u00een continuare \u00een comun \u201esite-ul web\u201d sau \u201eacest site web\u201d) ale RCI Life Ltd, RCI Insurance Ltd \u0219i RCI Services Ltd (denumite \u00een continuare \u201ecompaniile\u201d, \u201enoi\u201d sau \u201enoastre\u201d). Ar trebui s\u0103 citi\u021bi cu aten\u021bie ace\u0219ti termeni \u0219i condi\u021bii \u00eenainte de a utiliza acest site web.<\/p>\n<p>Utilizarea site-ului indic\u0103 faptul c\u0103 a\u021bi \u00een\u021beles \u0219i a\u021bi acceptat ace\u0219ti termeni \u0219i condi\u021bii. Dac\u0103 nu sunte\u021bi de acord cu termenii \u0219i condi\u021biile, v\u0103 rug\u0103m s\u0103 evita\u021bi s\u0103 accesa\u021bi sau s\u0103 utiliza\u021bi acest site web.<\/p>\n<p>V\u0103 sf\u0103tuim s\u0103 revizui\u021bi \u00een mod regulat ace\u0219ti termeni \u0219i condi\u021bii, deoarece acestea pot fi modificate din c\u00e2nd \u00een c\u00e2nd, la propria noastr\u0103 discre\u021bie \u0219i f\u0103r\u0103 a furniza o notificare.<\/p>\n<p style=\"font-weight: 400;\">\n<p><strong>Acces la servicii<\/strong><\/p>\n<p>\u00cen timp ce companiile vor lua toate m\u0103surile rezonabile pentru a asigura disponibilitatea \u0219i accesibilitatea site-ului web \u00een orice moment, pot exista cazuri \u00een care acesta este suspendat temporar \u00een cazul unei defec\u021biuni a sistemului, \u00een cazul \u00eentre\u021binerii sau din alte motive care nu pot fi controlate de companie. Companiile nu vor fi considerate responsabile pentru astfel de \u00eentreruperi sau e\u0219ecuri sau pentru orice defecte care ar putea exista sau pentru orice daune sau pierderi directe sau indirecte, inclusiv, dar f\u0103r\u0103 a se limita la, daune materiale, pierderi de date sau programe sau pierderi financiare care ar putea rezulta.<\/p>\n<p>Companiile \u00ee\u0219i rezerv\u0103 dreptul de a suspenda accesul sau de a retrage site-ul web temporar sau definitiv. De asemenea, companiile \u00ee\u0219i rezerv\u0103 dreptul de a revizui \u0219i modifica con\u021binutul site-ului web \u0219i de a elimina con\u021binutul f\u0103r\u0103 o notificare prealabil\u0103.<\/p>\n<p style=\"font-weight: 400;\">\n<p><strong>Limitarea r\u0103spunderii<\/strong><\/p>\n<p>\u00cen timp ce Companiile vor lua toate m\u0103surile rezonabile pentru a asigura acurate\u021bea informa\u021biilor de pe acest site web, acestea nu garanteaz\u0103 acurate\u021bea sau exhaustivitatea acestor informa\u021bii \u0219i nici nu este responsabil\u0103 pentru orice erori sau omisiuni.<\/p>\n<p>Renun\u021b\u0103m \u00een m\u0103sura maxim\u0103 permis\u0103 de lege la toate garan\u021biile implicite sau exprese de calitate satisf\u0103c\u0103toare \u0219i de adecvare pentru un anumit scop. Dvs. confirma\u021bi c\u0103 sunte\u021bi singurul responsabil pentru utilizarea site-ului web \u0219i pentru toate informa\u021biile pe care le ob\u021bine\u021bi de pe acesta.<br \/>\nToate materialele de pe acest site web sunt furnizate numai cu titlu de informa\u021bii generale \u0219i nu sunt destinate s\u0103 ofere sfaturi juridice sau de alt\u0103 natur\u0103 profesional\u0103 \u0219i nici nu reprezint\u0103 vreo obliga\u021bie pentru companii. Companiile nu \u00ee\u0219i asum\u0103 responsabilitatea pentru nicio pierdere sau daun\u0103 direct\u0103, indirect\u0103 sau consecutiv\u0103 care ar putea rezulta \u00een urma utiliz\u0103rii informa\u021biilor de pe acest site web. V\u0103 recomand\u0103m s\u0103 solicita\u021bi confirmarea declara\u021biilor f\u0103cute aici \u00eenainte de a ac\u021biona \u00een baza acestora.<\/p>\n<p>Companiile nu vor fi r\u0103spunz\u0103toare pentru nicio pierdere sau deteriorare cauzat\u0103 de orice malware, viru\u0219i sau alte materiale d\u0103un\u0103toare din punct de vedere tehnologic care rezult\u0103 prin utilizarea acestui site web de c\u0103tre dvs. sau prin desc\u0103rcarea materialelor postate pe acesta sau orice alt site web legat de acesta.<\/p>\n<p style=\"font-weight: 400;\">\n<p style=\"font-weight: 400;\"><strong>Conduita utilizatorului<\/strong><\/p>\n<p style=\"font-weight: 400;\">C\u00e2nd accesa\u021bi sau utiliza\u021bi orice serviciu furnizat pe acest site web, nu pute\u021bi posta sau transmite niciun fel de informa\u021bii ilegale, amenin\u021b\u0103toare, abuzive, calomnioase, def\u0103im\u0103toare, obscene, pornografice, profane sau altfel inacceptabile. Aceasta include, f\u0103r\u0103 limitare, orice transmisii care constituie sau \u00eencurajeaz\u0103 un comportament care ar constitui o infrac\u021biune penal\u0103, ar provoca r\u0103spundere civil\u0103 sau ar \u00eenc\u0103lca \u00een orice alt mod orice lege na\u021bional\u0103 sau interna\u021bional\u0103.<\/p>\n<p style=\"font-weight: 400;\">\n<p><strong>Hyperlink-uri<\/strong><\/p>\n<p>Site-ul web poate con\u021bine linkuri c\u0103tre site-uri web externe. Companiile nu \u00ee\u0219i asum\u0103 astfel nicio responsabilitate \u0219i nici nu face vreo declara\u021bie cu privire la legalitatea, calitatea sau adecvarea oric\u0103rui con\u021binut inclus pe aceste site-uri web. Existen\u021ba unui hyperlink c\u0103tre un astfel de site web extern nu trebuie interpretat\u0103 ca implic\u00e2nd, fie \u00een mod explicit sau implicit, faptul c\u0103 aceste companii aprob\u0103, autorizeaz\u0103 sau sponsorizeaz\u0103 un astfel de site web sau con\u021binutul inclus pe acesta. Dac\u0103 decide\u021bi s\u0103 accesa\u021bi oricare dintre site-urile ter\u021be legate de acest site web, face\u021bi acest lucru \u00een \u00eentregime pe propriul risc.<\/p>\n<p style=\"font-weight: 400;\">\n<p><strong>M\u0103rci comerciale, drepturi de autor \u0219i alte drepturi de proprietate intelectual\u0103<\/strong><\/p>\n<p>Cu excep\u021bia cazului \u00een care se prevede altfel, toate drepturile de autor, m\u0103rcile comerciale \u0219i brevetele, inclusiv, f\u0103r\u0103 limit\u0103ri, textul, instrumentele, fotografiile \u0219i imaginile grafice de pe acest site web apar\u021bin companiilor sau companiei Shutterstock, Inc.<\/p>\n<p>Proprietatea intelectual\u0103 din cadrul site-ului web apar\u021bin\u00e2nd unor ter\u021bi reprezint\u0103 proprietatea proprietarilor respectivi. Nimic din con\u021binutul prezentului document nu trebuie interpretat ca acord\u00e2nd un drept sau o licen\u021b\u0103 de utilizare a oric\u0103rui drept de autor, marc\u0103 comercial\u0103 sau brevet f\u0103r\u0103 permisiunea prealabil\u0103 \u00een scris.<\/p>\n<p>Cu excep\u021bia scopurilor personale \u0219i necomerciale, nu ave\u021bi voie s\u0103 reproduce\u021bi sau s\u0103 stoca\u021bi orice parte a acestui site web \u00een orice alt site web sau s\u0103 \u00eel include\u021bi \u00een orice sistem sau serviciu de recuperare electronic\u0103 public\u0103 sau privat\u0103 f\u0103r\u0103 permisiunea noastr\u0103 prealabil\u0103 \u00een scris.<\/p>\n<p>Orice drepturi care nu sunt acordate \u00een mod expres \u00een ace\u0219ti Termeni \u0219i condi\u021bii sunt rezervate.<\/p>\n<p style=\"font-weight: 400;\">\n<p><strong>Legea aplicabil\u0103<\/strong><\/p>\n<p>Ace\u0219ti Termeni \u0219i condi\u021bii, precum \u0219i utilizarea acestui site web sunt guvernate \u0219i interpretate \u00een conformitate cu legisla\u021bia maltez\u0103. \u00cen cazul \u00een care apare o disput\u0103 legat\u0103 de utilizarea sau con\u021binutul acestui site web, aceasta va fi solu\u021bionat\u0103 prin jurisdic\u021bia exclusiv\u0103 a instan\u021belor judec\u0103tore\u0219ti malteze.<\/p>\n","protected":false},"excerpt":{"rendered":"Generalit\u0103\u021bi Ace\u0219ti Termeni \u0219i condi\u021bii de utilizare, \u00eempreun\u0103 cu Politica privind utilizarea cookie-urilor \u0219i Politica de confiden\u021bialitate a site-ului web (denumi\u021bi \u00eempreun\u0103 \u201eTermenii \u0219i condi\u021biile\u201d) se aplic\u0103 utiliz\u0103rii domeniului, \u0219i anume www.rci-insurance.eu \u0219i toate subdomeniile (denumite \u00een continuare \u00een comun \u201esite-ul web\u201d sau \u201eacest site web\u201d) ale RCI Life Ltd, RCI Insurance Ltd \u0219i RCI&hellip;","protected":false},"author":1,"featured_media":0,"parent":0,"menu_order":0,"comment_status":"closed","ping_status":"closed","template":"","meta":{"_acf_changed":false,"footnotes":""},"class_list":["post-2228","page","type-page","status-publish","hentry"],"acf":[],"yoast_head":"<!-- This site is optimized with the Yoast SEO plugin v24.3 - https:\/\/yoast.com\/wordpress\/plugins\/seo\/ -->\r\n<title>Termenii politicii de utilizare a internetului - RCI INSURANCE<\/title>\r\n<meta name=\"robots\" content=\"index, follow, max-snippet:-1, max-image-preview:large, max-video-preview:-1\" \/>\r\n<link rel=\"canonical\" href=\"http:\/\/dev-rci-insurance.iconsandbox.com\/ro\/terms-internet-usage-policy\/\" \/>\r\n<meta property=\"og:locale\" content=\"ro_RO\" \/>\r\n<meta property=\"og:type\" content=\"article\" \/>\r\n<meta property=\"og:title\" content=\"Termenii politicii de utilizare a internetului - RCI INSURANCE\" \/>\r\n<meta property=\"og:description\" content=\"Generalit\u0103\u021bi Ace\u0219ti Termeni \u0219i condi\u021bii de utilizare, \u00eempreun\u0103 cu Politica privind utilizarea cookie-urilor \u0219i Politica de confiden\u021bialitate a site-ului web (denumi\u021bi \u00eempreun\u0103 \u201eTermenii \u0219i condi\u021biile\u201d) se aplic\u0103 utiliz\u0103rii domeniului, \u0219i anume www.rci-insurance.eu \u0219i toate subdomeniile (denumite \u00een continuare \u00een comun \u201esite-ul web\u201d sau \u201eacest site web\u201d) ale RCI Life Ltd, RCI Insurance Ltd \u0219i RCI&hellip;\" \/>\r\n<meta property=\"og:url\" content=\"http:\/\/dev-rci-insurance.iconsandbox.com\/ro\/terms-internet-usage-policy\/\" \/>\r\n<meta property=\"og:site_name\" content=\"RCI INSURANCE\" \/>\r\n<meta property=\"article:modified_time\" content=\"2020-10-06T12:29:01+00:00\" \/>\r\n<meta name=\"twitter:card\" content=\"summary_large_image\" \/>\r\n<meta name=\"twitter:label1\" content=\"Timp estimat pentru citire\" \/>\n\t<meta name=\"twitter:data1\" content=\"5 minute\" \/>\r\n<script type=\"application\/ld+json\" class=\"yoast-schema-graph\">{\"@context\":\"https:\/\/schema.org\",\"@graph\":[{\"@type\":\"WebPage\",\"@id\":\"http:\/\/dev-rci-insurance.iconsandbox.com\/ro\/terms-internet-usage-policy\/\",\"url\":\"http:\/\/dev-rci-insurance.iconsandbox.com\/ro\/terms-internet-usage-policy\/\",\"name\":\"Termenii politicii de utilizare a internetului - RCI INSURANCE\",\"isPartOf\":{\"@id\":\"http:\/\/dev-rci-insurance.iconsandbox.com\/pl\/#website\"},\"datePublished\":\"2017-12-12T15:46:22+00:00\",\"dateModified\":\"2020-10-06T12:29:01+00:00\",\"breadcrumb\":{\"@id\":\"http:\/\/dev-rci-insurance.iconsandbox.com\/ro\/terms-internet-usage-policy\/#breadcrumb\"},\"inLanguage\":\"ro-RO\",\"potentialAction\":[{\"@type\":\"ReadAction\",\"target\":[\"http:\/\/dev-rci-insurance.iconsandbox.com\/ro\/terms-internet-usage-policy\/\"]}]},{\"@type\":\"BreadcrumbList\",\"@id\":\"http:\/\/dev-rci-insurance.iconsandbox.com\/ro\/terms-internet-usage-policy\/#breadcrumb\",\"itemListElement\":[{\"@type\":\"ListItem\",\"position\":1,\"name\":\"Home\",\"item\":\"http:\/\/dev-rci-insurance.iconsandbox.com\/ro\/\"},{\"@type\":\"ListItem\",\"position\":2,\"name\":\"Termenii politicii de utilizare a internetului\"}]},{\"@type\":\"WebSite\",\"@id\":\"http:\/\/dev-rci-insurance.iconsandbox.com\/pl\/#website\",\"url\":\"http:\/\/dev-rci-insurance.iconsandbox.com\/pl\/\",\"name\":\"RCI INSURANCE\",\"description\":\"\",\"potentialAction\":[{\"@type\":\"SearchAction\",\"target\":{\"@type\":\"EntryPoint\",\"urlTemplate\":\"http:\/\/dev-rci-insurance.iconsandbox.com\/pl\/?s={search_term_string}\"},\"query-input\":{\"@type\":\"PropertyValueSpecification\",\"valueRequired\":true,\"valueName\":\"search_term_string\"}}],\"inLanguage\":\"ro-RO\"}]}<\/script>\r\n<!-- \/ Yoast SEO plugin. -->","yoast_head_json":{"title":"Termenii politicii de utilizare a internetului - RCI INSURANCE","robots":{"index":"index","follow":"follow","max-snippet":"max-snippet:-1","max-image-preview":"max-image-preview:large","max-video-preview":"max-video-preview:-1"},"canonical":"http:\/\/dev-rci-insurance.iconsandbox.com\/ro\/terms-internet-usage-policy\/","og_locale":"ro_RO","og_type":"article","og_title":"Termenii politicii de utilizare a internetului - RCI INSURANCE","og_description":"Generalit\u0103\u021bi Ace\u0219ti Termeni \u0219i condi\u021bii de utilizare, \u00eempreun\u0103 cu Politica privind utilizarea cookie-urilor \u0219i Politica de confiden\u021bialitate a site-ului web (denumi\u021bi \u00eempreun\u0103 \u201eTermenii \u0219i condi\u021biile\u201d) se aplic\u0103 utiliz\u0103rii domeniului, \u0219i anume www.rci-insurance.eu \u0219i toate subdomeniile (denumite \u00een continuare \u00een comun \u201esite-ul web\u201d sau \u201eacest site web\u201d) ale RCI Life Ltd, RCI Insurance Ltd \u0219i RCI&hellip;","og_url":"http:\/\/dev-rci-insurance.iconsandbox.com\/ro\/terms-internet-usage-policy\/","og_site_name":"RCI INSURANCE","article_modified_time":"2020-10-06T12:29:01+00:00","twitter_card":"summary_large_image","twitter_misc":{"Timp estimat pentru citire":"5 minute"},"schema":{"@context":"https:\/\/schema.org","@graph":[{"@type":"WebPage","@id":"http:\/\/dev-rci-insurance.iconsandbox.com\/ro\/terms-internet-usage-policy\/","url":"http:\/\/dev-rci-insurance.iconsandbox.com\/ro\/terms-internet-usage-policy\/","name":"Termenii politicii de utilizare a internetului - RCI INSURANCE","isPartOf":{"@id":"http:\/\/dev-rci-insurance.iconsandbox.com\/pl\/#website"},"datePublished":"2017-12-12T15:46:22+00:00","dateModified":"2020-10-06T12:29:01+00:00","breadcrumb":{"@id":"http:\/\/dev-rci-insurance.iconsandbox.com\/ro\/terms-internet-usage-policy\/#breadcrumb"},"inLanguage":"ro-RO","potentialAction":[{"@type":"ReadAction","target":["http:\/\/dev-rci-insurance.iconsandbox.com\/ro\/terms-internet-usage-policy\/"]}]},{"@type":"BreadcrumbList","@id":"http:\/\/dev-rci-insurance.iconsandbox.com\/ro\/terms-internet-usage-policy\/#breadcrumb","itemListElement":[{"@type":"ListItem","position":1,"name":"Home","item":"http:\/\/dev-rci-insurance.iconsandbox.com\/ro\/"},{"@type":"ListItem","position":2,"name":"Termenii politicii de utilizare a internetului"}]},{"@type":"WebSite","@id":"http:\/\/dev-rci-insurance.iconsandbox.com\/pl\/#website","url":"http:\/\/dev-rci-insurance.iconsandbox.com\/pl\/","name":"RCI INSURANCE","description":"","potentialAction":[{"@type":"SearchAction","target":{"@type":"EntryPoint","urlTemplate":"http:\/\/dev-rci-insurance.iconsandbox.com\/pl\/?s={search_term_string}"},"query-input":{"@type":"PropertyValueSpecification","valueRequired":true,"valueName":"search_term_string"}}],"inLanguage":"ro-RO"}]}},"_links":{"self":[{"href":"http:\/\/dev-rci-insurance.iconsandbox.com\/ro\/wp-json\/wp\/v2\/pages\/2228","targetHints":{"allow":["GET"]}}],"collection":[{"href":"http:\/\/dev-rci-insurance.iconsandbox.com\/ro\/wp-json\/wp\/v2\/pages"}],"about":[{"href":"http:\/\/dev-rci-insurance.iconsandbox.com\/ro\/wp-json\/wp\/v2\/types\/page"}],"author":[{"embeddable":true,"href":"http:\/\/dev-rci-insurance.iconsandbox.com\/ro\/wp-json\/wp\/v2\/users\/1"}],"replies":[{"embeddable":true,"href":"http:\/\/dev-rci-insurance.iconsandbox.com\/ro\/wp-json\/wp\/v2\/comments?post=2228"}],"version-history":[{"count":7,"href":"http:\/\/dev-rci-insurance.iconsandbox.com\/ro\/wp-json\/wp\/v2\/pages\/2228\/revisions"}],"predecessor-version":[{"id":2235,"href":"http:\/\/dev-rci-insurance.iconsandbox.com\/ro\/wp-json\/wp\/v2\/pages\/2228\/revisions\/2235"}],"wp:attachment":[{"href":"http:\/\/dev-rci-insurance.iconsandbox.com\/ro\/wp-json\/wp\/v2\/media?parent=2228"}],"curies":[{"name":"wp","href":"https:\/\/api.w.org\/{rel}","templated":true}]}}