{"id":2120,"date":"2017-12-07T13:55:46","date_gmt":"2017-12-07T13:55:46","guid":{"rendered":"http:\/\/dev-rci-insurance.iconsandbox.com\/about\/"},"modified":"2023-11-22T14:01:17","modified_gmt":"2023-11-22T13:01:17","slug":"about","status":"publish","type":"page","link":"http:\/\/dev-rci-insurance.iconsandbox.com\/ro\/about\/","title":{"rendered":"Despre Asigurarea RCI"},"content":{"rendered":"<p>RCI Insurance Limited (C45786) \u0219i RCI Life Limited (C45787), denumite \u201eCompaniile\u201d, au fost constituite \u00een Malta la 10 decembrie 2008 ca filiale ale RCI Services Limited (C45692) (constituite la 26 noiembrie 2008), filial\u0103 de\u021binut\u0103 integral de Mobilize Financial Services.<\/p>\n<p>Activitatea principal\u0103 a RCI Services Limited este cea a unui holding, care ofer\u0103 diverse servicii administrative filialelor sale. Companiile, care ofer\u0103 solu\u021bii de asigurare clien\u021bilor afacerii Mobilize Financial Services de finan\u021bare a autovehiculelor, sunt autorizate \u00een temeiul Legii afacerilor cu asigur\u0103ri din 1998 s\u0103 desf\u0103\u0219oare activit\u0103\u021bi pe termen lung \u0219i generale \u00een pie\u021bele europene(1) \u0219i sunt reglementate de Autoritatea Serviciilor Financiare din Malta.<\/p>\n<p class=\"intro-text\">Sediul social al Companiilor este situat \u00een:<\/p>\n<p>Level 3, Mercury Tower,<br \/>\nThe Exchange Financial &amp; Business Centre,<br \/>\nTriq Elia Zammit,<br \/>\nSt Julian&#8217;s &#8211; STJ 3155<br \/>\nMalta<\/p>\n<p>(1) \u021a\u0103ri \u00een care RCI Insurance \u0219i RCI Life sunt autorizate s\u0103 opereze \u0219i pie\u021bele \u021bint\u0103 ale clien\u021bilor sunt urm\u0103toarele:<\/p>\n<p>Austria<br \/>\nGermania<br \/>\nFran\u021ba<br \/>\nItalia<br \/>\nRom\u00e2nia (doar RCI Insurance)<br \/>\nPortugalia<br \/>\nSpania<\/p>\n","protected":false},"excerpt":{"rendered":"RCI Insurance Limited (C45786) \u0219i RCI Life Limited (C45787), denumite \u201eCompaniile\u201d, au fost constituite \u00een Malta la 10 decembrie 2008 ca filiale ale RCI Services Limited (C45692) (constituite la 26 noiembrie 2008), filial\u0103 de\u021binut\u0103 integral de Mobilize Financial Services. Activitatea principal\u0103 a RCI Services Limited este cea a unui holding, care ofer\u0103 diverse servicii administrative&hellip;","protected":false},"author":1,"featured_media":2080,"parent":0,"menu_order":0,"comment_status":"closed","ping_status":"closed","template":"","meta":{"_acf_changed":false,"footnotes":""},"class_list":["post-2120","page","type-page","status-publish","has-post-thumbnail","hentry"],"acf":[],"yoast_head":"<!-- This site is optimized with the Yoast SEO plugin v24.3 - https:\/\/yoast.com\/wordpress\/plugins\/seo\/ -->\r\n<title>About RCI Insurance<\/title>\r\n<meta name=\"description\" content=\"RCI Insurance provides insurance solutions to customers of RCI Banque SA&#039;s automobile financing business. Discover more about RCI Insurance.\" \/>\r\n<meta name=\"robots\" content=\"index, follow, max-snippet:-1, max-image-preview:large, max-video-preview:-1\" \/>\r\n<link rel=\"canonical\" href=\"http:\/\/dev-rci-insurance.iconsandbox.com\/ro\/about\/\" \/>\r\n<meta property=\"og:locale\" content=\"ro_RO\" \/>\r\n<meta property=\"og:type\" content=\"article\" \/>\r\n<meta property=\"og:title\" content=\"About RCI Insurance\" \/>\r\n<meta property=\"og:description\" content=\"RCI Insurance provides insurance solutions to customers of RCI Banque SA&#039;s automobile financing business. Discover more about RCI Insurance.\" \/>\r\n<meta property=\"og:url\" content=\"http:\/\/dev-rci-insurance.iconsandbox.com\/ro\/about\/\" \/>\r\n<meta property=\"og:site_name\" content=\"RCI INSURANCE\" \/>\r\n<meta property=\"article:modified_time\" content=\"2023-11-22T13:01:17+00:00\" \/>\r\n<meta property=\"og:image\" content=\"http:\/\/dev-rci-insurance.iconsandbox.com\/wp-content\/uploads\/2017\/12\/intro-image.png\" \/>\r\n\t<meta property=\"og:image:width\" content=\"525\" \/>\r\n\t<meta property=\"og:image:height\" content=\"526\" \/>\r\n\t<meta property=\"og:image:type\" content=\"image\/png\" \/>\r\n<meta name=\"twitter:card\" content=\"summary_large_image\" \/>\r\n<meta name=\"twitter:label1\" content=\"Timp estimat pentru citire\" \/>\n\t<meta name=\"twitter:data1\" content=\"1 minut\" \/>\r\n<script type=\"application\/ld+json\" class=\"yoast-schema-graph\">{\"@context\":\"https:\/\/schema.org\",\"@graph\":[{\"@type\":\"WebPage\",\"@id\":\"http:\/\/dev-rci-insurance.iconsandbox.com\/ro\/about\/\",\"url\":\"http:\/\/dev-rci-insurance.iconsandbox.com\/ro\/about\/\",\"name\":\"About RCI Insurance\",\"isPartOf\":{\"@id\":\"http:\/\/dev-rci-insurance.iconsandbox.com\/pl\/#website\"},\"primaryImageOfPage\":{\"@id\":\"http:\/\/dev-rci-insurance.iconsandbox.com\/ro\/about\/#primaryimage\"},\"image\":{\"@id\":\"http:\/\/dev-rci-insurance.iconsandbox.com\/ro\/about\/#primaryimage\"},\"thumbnailUrl\":\"http:\/\/dev-rci-insurance.iconsandbox.com\/wp-content\/uploads\/2017\/12\/intro-image.png\",\"datePublished\":\"2017-12-07T13:55:46+00:00\",\"dateModified\":\"2023-11-22T13:01:17+00:00\",\"description\":\"RCI Insurance provides insurance solutions to customers of RCI Banque SA's automobile financing business. Discover more about RCI Insurance.\",\"breadcrumb\":{\"@id\":\"http:\/\/dev-rci-insurance.iconsandbox.com\/ro\/about\/#breadcrumb\"},\"inLanguage\":\"ro-RO\",\"potentialAction\":[{\"@type\":\"ReadAction\",\"target\":[\"http:\/\/dev-rci-insurance.iconsandbox.com\/ro\/about\/\"]}]},{\"@type\":\"ImageObject\",\"inLanguage\":\"ro-RO\",\"@id\":\"http:\/\/dev-rci-insurance.iconsandbox.com\/ro\/about\/#primaryimage\",\"url\":\"http:\/\/dev-rci-insurance.iconsandbox.com\/wp-content\/uploads\/2017\/12\/intro-image.png\",\"contentUrl\":\"http:\/\/dev-rci-insurance.iconsandbox.com\/wp-content\/uploads\/2017\/12\/intro-image.png\",\"width\":525,\"height\":526},{\"@type\":\"BreadcrumbList\",\"@id\":\"http:\/\/dev-rci-insurance.iconsandbox.com\/ro\/about\/#breadcrumb\",\"itemListElement\":[{\"@type\":\"ListItem\",\"position\":1,\"name\":\"Home\",\"item\":\"http:\/\/dev-rci-insurance.iconsandbox.com\/ro\/\"},{\"@type\":\"ListItem\",\"position\":2,\"name\":\"Despre Asigurarea RCI\"}]},{\"@type\":\"WebSite\",\"@id\":\"http:\/\/dev-rci-insurance.iconsandbox.com\/pl\/#website\",\"url\":\"http:\/\/dev-rci-insurance.iconsandbox.com\/pl\/\",\"name\":\"RCI INSURANCE\",\"description\":\"\",\"potentialAction\":[{\"@type\":\"SearchAction\",\"target\":{\"@type\":\"EntryPoint\",\"urlTemplate\":\"http:\/\/dev-rci-insurance.iconsandbox.com\/pl\/?s={search_term_string}\"},\"query-input\":{\"@type\":\"PropertyValueSpecification\",\"valueRequired\":true,\"valueName\":\"search_term_string\"}}],\"inLanguage\":\"ro-RO\"}]}<\/script>\r\n<!-- \/ Yoast SEO plugin. -->","yoast_head_json":{"title":"About RCI Insurance","description":"RCI Insurance provides insurance solutions to customers of RCI Banque SA's automobile financing business. Discover more about RCI Insurance.","robots":{"index":"index","follow":"follow","max-snippet":"max-snippet:-1","max-image-preview":"max-image-preview:large","max-video-preview":"max-video-preview:-1"},"canonical":"http:\/\/dev-rci-insurance.iconsandbox.com\/ro\/about\/","og_locale":"ro_RO","og_type":"article","og_title":"About RCI Insurance","og_description":"RCI Insurance provides insurance solutions to customers of RCI Banque SA's automobile financing business. Discover more about RCI Insurance.","og_url":"http:\/\/dev-rci-insurance.iconsandbox.com\/ro\/about\/","og_site_name":"RCI INSURANCE","article_modified_time":"2023-11-22T13:01:17+00:00","og_image":[{"width":525,"height":526,"url":"http:\/\/dev-rci-insurance.iconsandbox.com\/wp-content\/uploads\/2017\/12\/intro-image.png","type":"image\/png"}],"twitter_card":"summary_large_image","twitter_misc":{"Timp estimat pentru citire":"1 minut"},"schema":{"@context":"https:\/\/schema.org","@graph":[{"@type":"WebPage","@id":"http:\/\/dev-rci-insurance.iconsandbox.com\/ro\/about\/","url":"http:\/\/dev-rci-insurance.iconsandbox.com\/ro\/about\/","name":"About RCI Insurance","isPartOf":{"@id":"http:\/\/dev-rci-insurance.iconsandbox.com\/pl\/#website"},"primaryImageOfPage":{"@id":"http:\/\/dev-rci-insurance.iconsandbox.com\/ro\/about\/#primaryimage"},"image":{"@id":"http:\/\/dev-rci-insurance.iconsandbox.com\/ro\/about\/#primaryimage"},"thumbnailUrl":"http:\/\/dev-rci-insurance.iconsandbox.com\/wp-content\/uploads\/2017\/12\/intro-image.png","datePublished":"2017-12-07T13:55:46+00:00","dateModified":"2023-11-22T13:01:17+00:00","description":"RCI Insurance provides insurance solutions to customers of RCI Banque SA's automobile financing business. Discover more about RCI Insurance.","breadcrumb":{"@id":"http:\/\/dev-rci-insurance.iconsandbox.com\/ro\/about\/#breadcrumb"},"inLanguage":"ro-RO","potentialAction":[{"@type":"ReadAction","target":["http:\/\/dev-rci-insurance.iconsandbox.com\/ro\/about\/"]}]},{"@type":"ImageObject","inLanguage":"ro-RO","@id":"http:\/\/dev-rci-insurance.iconsandbox.com\/ro\/about\/#primaryimage","url":"http:\/\/dev-rci-insurance.iconsandbox.com\/wp-content\/uploads\/2017\/12\/intro-image.png","contentUrl":"http:\/\/dev-rci-insurance.iconsandbox.com\/wp-content\/uploads\/2017\/12\/intro-image.png","width":525,"height":526},{"@type":"BreadcrumbList","@id":"http:\/\/dev-rci-insurance.iconsandbox.com\/ro\/about\/#breadcrumb","itemListElement":[{"@type":"ListItem","position":1,"name":"Home","item":"http:\/\/dev-rci-insurance.iconsandbox.com\/ro\/"},{"@type":"ListItem","position":2,"name":"Despre Asigurarea RCI"}]},{"@type":"WebSite","@id":"http:\/\/dev-rci-insurance.iconsandbox.com\/pl\/#website","url":"http:\/\/dev-rci-insurance.iconsandbox.com\/pl\/","name":"RCI INSURANCE","description":"","potentialAction":[{"@type":"SearchAction","target":{"@type":"EntryPoint","urlTemplate":"http:\/\/dev-rci-insurance.iconsandbox.com\/pl\/?s={search_term_string}"},"query-input":{"@type":"PropertyValueSpecification","valueRequired":true,"valueName":"search_term_string"}}],"inLanguage":"ro-RO"}]}},"_links":{"self":[{"href":"http:\/\/dev-rci-insurance.iconsandbox.com\/ro\/wp-json\/wp\/v2\/pages\/2120","targetHints":{"allow":["GET"]}}],"collection":[{"href":"http:\/\/dev-rci-insurance.iconsandbox.com\/ro\/wp-json\/wp\/v2\/pages"}],"about":[{"href":"http:\/\/dev-rci-insurance.iconsandbox.com\/ro\/wp-json\/wp\/v2\/types\/page"}],"author":[{"embeddable":true,"href":"http:\/\/dev-rci-insurance.iconsandbox.com\/ro\/wp-json\/wp\/v2\/users\/1"}],"replies":[{"embeddable":true,"href":"http:\/\/dev-rci-insurance.iconsandbox.com\/ro\/wp-json\/wp\/v2\/comments?post=2120"}],"version-history":[{"count":7,"href":"http:\/\/dev-rci-insurance.iconsandbox.com\/ro\/wp-json\/wp\/v2\/pages\/2120\/revisions"}],"predecessor-version":[{"id":8415,"href":"http:\/\/dev-rci-insurance.iconsandbox.com\/ro\/wp-json\/wp\/v2\/pages\/2120\/revisions\/8415"}],"wp:featuredmedia":[{"embeddable":true,"href":"http:\/\/dev-rci-insurance.iconsandbox.com\/ro\/wp-json\/wp\/v2\/media\/2080"}],"wp:attachment":[{"href":"http:\/\/dev-rci-insurance.iconsandbox.com\/ro\/wp-json\/wp\/v2\/media?parent=2120"}],"curies":[{"name":"wp","href":"https:\/\/api.w.org\/{rel}","templated":true}]}}