{"id":2112,"date":"2017-12-14T15:57:13","date_gmt":"2017-12-14T15:57:13","guid":{"rendered":"http:\/\/dev-rci-insurance.iconsandbox.com\/making-a-complaint\/"},"modified":"2024-03-11T16:12:07","modified_gmt":"2024-03-11T15:12:07","slug":"making-a-complaint","status":"publish","type":"page","link":"http:\/\/dev-rci-insurance.iconsandbox.com\/ro\/making-a-complaint\/","title":{"rendered":"Formularea unei Reclama\u021bii"},"content":{"rendered":"<p><strong>Promisiunea noastr\u0103 pentru dumneavoastr\u0103<\/strong>. RCI Insurance \u00ee\u0219i propune s\u0103 v\u0103 ofere un serviciu pentru clien\u021bi excelent \u0219i sper\u0103 c\u0103 nu ve\u021bi avea niciodat\u0103 motive s\u0103 face\u021bi reclama\u021bii, \u00eens\u0103 uneori lucrurile nu merg bine.<\/p>\n","protected":false},"excerpt":{"rendered":"Promisiunea noastr\u0103 pentru dumneavoastr\u0103. RCI Insurance \u00ee\u0219i propune s\u0103 v\u0103 ofere un serviciu pentru clien\u021bi excelent \u0219i sper\u0103 c\u0103 nu ve\u021bi avea niciodat\u0103 motive s\u0103 face\u021bi reclama\u021bii, \u00eens\u0103 uneori lucrurile nu merg bine.","protected":false},"author":1,"featured_media":0,"parent":0,"menu_order":0,"comment_status":"closed","ping_status":"closed","template":"","meta":{"_acf_changed":false,"footnotes":""},"class_list":["post-2112","page","type-page","status-publish","hentry"],"acf":[],"yoast_head":"<!-- This site is optimized with the Yoast SEO plugin v24.3 - https:\/\/yoast.com\/wordpress\/plugins\/seo\/ -->\r\n<title>Complaints | RCI Insurance<\/title>\r\n<meta name=\"description\" content=\"RCI Insurance aim to provide you with great customer service. Our process is very simple and your complaint can be submitted easily.\" \/>\r\n<meta name=\"robots\" content=\"index, follow, max-snippet:-1, max-image-preview:large, max-video-preview:-1\" \/>\r\n<link rel=\"canonical\" href=\"http:\/\/dev-rci-insurance.iconsandbox.com\/ro\/making-a-complaint\/\" \/>\r\n<meta property=\"og:locale\" content=\"ro_RO\" \/>\r\n<meta property=\"og:type\" content=\"article\" \/>\r\n<meta property=\"og:title\" content=\"Complaints | RCI Insurance\" \/>\r\n<meta property=\"og:description\" content=\"RCI Insurance aim to provide you with great customer service. Our process is very simple and your complaint can be submitted easily.\" \/>\r\n<meta property=\"og:url\" content=\"http:\/\/dev-rci-insurance.iconsandbox.com\/ro\/making-a-complaint\/\" \/>\r\n<meta property=\"og:site_name\" content=\"RCI INSURANCE\" \/>\r\n<meta property=\"article:modified_time\" content=\"2024-03-11T15:12:07+00:00\" \/>\r\n<meta name=\"twitter:card\" content=\"summary_large_image\" \/>\r\n<meta name=\"twitter:label1\" content=\"Timp estimat pentru citire\" \/>\n\t<meta name=\"twitter:data1\" content=\"1 minut\" \/>\r\n<script type=\"application\/ld+json\" class=\"yoast-schema-graph\">{\"@context\":\"https:\/\/schema.org\",\"@graph\":[{\"@type\":\"WebPage\",\"@id\":\"http:\/\/dev-rci-insurance.iconsandbox.com\/ro\/making-a-complaint\/\",\"url\":\"http:\/\/dev-rci-insurance.iconsandbox.com\/ro\/making-a-complaint\/\",\"name\":\"Complaints | RCI Insurance\",\"isPartOf\":{\"@id\":\"http:\/\/dev-rci-insurance.iconsandbox.com\/de\/#website\"},\"datePublished\":\"2017-12-14T15:57:13+00:00\",\"dateModified\":\"2024-03-11T15:12:07+00:00\",\"description\":\"RCI Insurance aim to provide you with great customer service. Our process is very simple and your complaint can be submitted easily.\",\"breadcrumb\":{\"@id\":\"http:\/\/dev-rci-insurance.iconsandbox.com\/ro\/making-a-complaint\/#breadcrumb\"},\"inLanguage\":\"ro-RO\",\"potentialAction\":[{\"@type\":\"ReadAction\",\"target\":[\"http:\/\/dev-rci-insurance.iconsandbox.com\/ro\/making-a-complaint\/\"]}]},{\"@type\":\"BreadcrumbList\",\"@id\":\"http:\/\/dev-rci-insurance.iconsandbox.com\/ro\/making-a-complaint\/#breadcrumb\",\"itemListElement\":[{\"@type\":\"ListItem\",\"position\":1,\"name\":\"Home\",\"item\":\"http:\/\/dev-rci-insurance.iconsandbox.com\/ro\/\"},{\"@type\":\"ListItem\",\"position\":2,\"name\":\"Formularea unei Reclama\u021bii\"}]},{\"@type\":\"WebSite\",\"@id\":\"http:\/\/dev-rci-insurance.iconsandbox.com\/de\/#website\",\"url\":\"http:\/\/dev-rci-insurance.iconsandbox.com\/de\/\",\"name\":\"RCI INSURANCE\",\"description\":\"\",\"potentialAction\":[{\"@type\":\"SearchAction\",\"target\":{\"@type\":\"EntryPoint\",\"urlTemplate\":\"http:\/\/dev-rci-insurance.iconsandbox.com\/de\/?s={search_term_string}\"},\"query-input\":{\"@type\":\"PropertyValueSpecification\",\"valueRequired\":true,\"valueName\":\"search_term_string\"}}],\"inLanguage\":\"ro-RO\"}]}<\/script>\r\n<!-- \/ Yoast SEO plugin. -->","yoast_head_json":{"title":"Complaints | RCI Insurance","description":"RCI Insurance aim to provide you with great customer service. Our process is very simple and your complaint can be submitted easily.","robots":{"index":"index","follow":"follow","max-snippet":"max-snippet:-1","max-image-preview":"max-image-preview:large","max-video-preview":"max-video-preview:-1"},"canonical":"http:\/\/dev-rci-insurance.iconsandbox.com\/ro\/making-a-complaint\/","og_locale":"ro_RO","og_type":"article","og_title":"Complaints | RCI Insurance","og_description":"RCI Insurance aim to provide you with great customer service. Our process is very simple and your complaint can be submitted easily.","og_url":"http:\/\/dev-rci-insurance.iconsandbox.com\/ro\/making-a-complaint\/","og_site_name":"RCI INSURANCE","article_modified_time":"2024-03-11T15:12:07+00:00","twitter_card":"summary_large_image","twitter_misc":{"Timp estimat pentru citire":"1 minut"},"schema":{"@context":"https:\/\/schema.org","@graph":[{"@type":"WebPage","@id":"http:\/\/dev-rci-insurance.iconsandbox.com\/ro\/making-a-complaint\/","url":"http:\/\/dev-rci-insurance.iconsandbox.com\/ro\/making-a-complaint\/","name":"Complaints | RCI Insurance","isPartOf":{"@id":"http:\/\/dev-rci-insurance.iconsandbox.com\/de\/#website"},"datePublished":"2017-12-14T15:57:13+00:00","dateModified":"2024-03-11T15:12:07+00:00","description":"RCI Insurance aim to provide you with great customer service. Our process is very simple and your complaint can be submitted easily.","breadcrumb":{"@id":"http:\/\/dev-rci-insurance.iconsandbox.com\/ro\/making-a-complaint\/#breadcrumb"},"inLanguage":"ro-RO","potentialAction":[{"@type":"ReadAction","target":["http:\/\/dev-rci-insurance.iconsandbox.com\/ro\/making-a-complaint\/"]}]},{"@type":"BreadcrumbList","@id":"http:\/\/dev-rci-insurance.iconsandbox.com\/ro\/making-a-complaint\/#breadcrumb","itemListElement":[{"@type":"ListItem","position":1,"name":"Home","item":"http:\/\/dev-rci-insurance.iconsandbox.com\/ro\/"},{"@type":"ListItem","position":2,"name":"Formularea unei Reclama\u021bii"}]},{"@type":"WebSite","@id":"http:\/\/dev-rci-insurance.iconsandbox.com\/de\/#website","url":"http:\/\/dev-rci-insurance.iconsandbox.com\/de\/","name":"RCI INSURANCE","description":"","potentialAction":[{"@type":"SearchAction","target":{"@type":"EntryPoint","urlTemplate":"http:\/\/dev-rci-insurance.iconsandbox.com\/de\/?s={search_term_string}"},"query-input":{"@type":"PropertyValueSpecification","valueRequired":true,"valueName":"search_term_string"}}],"inLanguage":"ro-RO"}]}},"_links":{"self":[{"href":"http:\/\/dev-rci-insurance.iconsandbox.com\/ro\/wp-json\/wp\/v2\/pages\/2112","targetHints":{"allow":["GET"]}}],"collection":[{"href":"http:\/\/dev-rci-insurance.iconsandbox.com\/ro\/wp-json\/wp\/v2\/pages"}],"about":[{"href":"http:\/\/dev-rci-insurance.iconsandbox.com\/ro\/wp-json\/wp\/v2\/types\/page"}],"author":[{"embeddable":true,"href":"http:\/\/dev-rci-insurance.iconsandbox.com\/ro\/wp-json\/wp\/v2\/users\/1"}],"replies":[{"embeddable":true,"href":"http:\/\/dev-rci-insurance.iconsandbox.com\/ro\/wp-json\/wp\/v2\/comments?post=2112"}],"version-history":[{"count":27,"href":"http:\/\/dev-rci-insurance.iconsandbox.com\/ro\/wp-json\/wp\/v2\/pages\/2112\/revisions"}],"predecessor-version":[{"id":8523,"href":"http:\/\/dev-rci-insurance.iconsandbox.com\/ro\/wp-json\/wp\/v2\/pages\/2112\/revisions\/8523"}],"wp:attachment":[{"href":"http:\/\/dev-rci-insurance.iconsandbox.com\/ro\/wp-json\/wp\/v2\/media?parent=2112"}],"curies":[{"name":"wp","href":"https:\/\/api.w.org\/{rel}","templated":true}]}}