{"id":7056,"date":"2017-12-14T16:57:11","date_gmt":"2017-12-14T15:57:11","guid":{"rendered":"http:\/\/dev-rci-insurance.iconsandbox.com\/sobre-a-rci-insurance\/solvency-financial-condition-report\/"},"modified":"2024-10-15T10:07:57","modified_gmt":"2024-10-15T08:07:57","slug":"solvency-financial-condition-report","status":"publish","type":"page","link":"http:\/\/dev-rci-insurance.iconsandbox.com\/pt-pt\/sobre-a-rci-insurance\/solvency-financial-condition-report\/","title":{"rendered":"Relat\u00f3rio sobre a solv\u00eancia e situa\u00e7\u00e3o financeira"},"content":{"rendered":"<p>To download our Solvency and Financial Condition Report, please click the link below.<\/p>\n<p><a class=\"solvency-financial-condition-report-EN\" href=\"http:\/\/dev-rci-insurance.iconsandbox.com\/wp-content\/uploads\/2017\/12\/SFCR-RCI-Insurance-2016-HD.pdf\" target=\"_blank\" rel=\"noopener noreferrer\">DOWNLOAD Solvency and Financial Condition Report<\/a><\/p>\n","protected":false},"excerpt":{"rendered":"To download our Solvency and Financial Condition Report, please click the link below. DOWNLOAD Solvency and Financial Condition Report","protected":false},"author":1,"featured_media":0,"parent":6616,"menu_order":0,"comment_status":"closed","ping_status":"closed","template":"page-downloads.php","meta":{"_acf_changed":false,"footnotes":""},"class_list":["post-7056","page","type-page","status-publish","hentry"],"acf":[],"yoast_head":"<!-- This site is optimized with the Yoast SEO plugin v24.3 - https:\/\/yoast.com\/wordpress\/plugins\/seo\/ -->\r\n<title>Relat\u00f3rio sobre a solv\u00eancia e situa\u00e7\u00e3o financeira - RCI INSURANCE<\/title>\r\n<meta name=\"robots\" content=\"index, follow, max-snippet:-1, max-image-preview:large, max-video-preview:-1\" \/>\r\n<link rel=\"canonical\" href=\"http:\/\/dev-rci-insurance.iconsandbox.com\/pt-pt\/sobre-a-rci-insurance\/solvency-financial-condition-report\/\" \/>\r\n<meta property=\"og:locale\" content=\"pt_PT\" \/>\r\n<meta property=\"og:type\" content=\"article\" \/>\r\n<meta property=\"og:title\" content=\"Relat\u00f3rio sobre a solv\u00eancia e situa\u00e7\u00e3o financeira - RCI INSURANCE\" \/>\r\n<meta property=\"og:description\" content=\"To download our Solvency and Financial Condition Report, please click the link below. DOWNLOAD Solvency and Financial Condition Report\" \/>\r\n<meta property=\"og:url\" content=\"http:\/\/dev-rci-insurance.iconsandbox.com\/pt-pt\/sobre-a-rci-insurance\/solvency-financial-condition-report\/\" \/>\r\n<meta property=\"og:site_name\" content=\"RCI INSURANCE\" \/>\r\n<meta property=\"article:modified_time\" content=\"2024-10-15T08:07:57+00:00\" \/>\r\n<meta name=\"twitter:card\" content=\"summary_large_image\" \/>\r\n<meta name=\"twitter:label1\" content=\"Tempo estimado de leitura\" \/>\n\t<meta name=\"twitter:data1\" content=\"1 minuto\" \/>\r\n<script type=\"application\/ld+json\" class=\"yoast-schema-graph\">{\"@context\":\"https:\/\/schema.org\",\"@graph\":[{\"@type\":\"WebPage\",\"@id\":\"http:\/\/dev-rci-insurance.iconsandbox.com\/pt-pt\/sobre-a-rci-insurance\/solvency-financial-condition-report\/\",\"url\":\"http:\/\/dev-rci-insurance.iconsandbox.com\/pt-pt\/sobre-a-rci-insurance\/solvency-financial-condition-report\/\",\"name\":\"Relat\u00f3rio sobre a solv\u00eancia e situa\u00e7\u00e3o financeira - RCI INSURANCE\",\"isPartOf\":{\"@id\":\"http:\/\/dev-rci-insurance.iconsandbox.com\/#website\"},\"datePublished\":\"2017-12-14T15:57:11+00:00\",\"dateModified\":\"2024-10-15T08:07:57+00:00\",\"breadcrumb\":{\"@id\":\"http:\/\/dev-rci-insurance.iconsandbox.com\/pt-pt\/sobre-a-rci-insurance\/solvency-financial-condition-report\/#breadcrumb\"},\"inLanguage\":\"pt-PT\",\"potentialAction\":[{\"@type\":\"ReadAction\",\"target\":[\"http:\/\/dev-rci-insurance.iconsandbox.com\/pt-pt\/sobre-a-rci-insurance\/solvency-financial-condition-report\/\"]}]},{\"@type\":\"BreadcrumbList\",\"@id\":\"http:\/\/dev-rci-insurance.iconsandbox.com\/pt-pt\/sobre-a-rci-insurance\/solvency-financial-condition-report\/#breadcrumb\",\"itemListElement\":[{\"@type\":\"ListItem\",\"position\":1,\"name\":\"Home\",\"item\":\"http:\/\/dev-rci-insurance.iconsandbox.com\/pt-pt\/\"},{\"@type\":\"ListItem\",\"position\":2,\"name\":\"Sobre a RCI Insurance\",\"item\":\"http:\/\/dev-rci-insurance.iconsandbox.com\/pt-pt\/sobre-a-rci-insurance\/\"},{\"@type\":\"ListItem\",\"position\":3,\"name\":\"Relat\u00f3rio sobre a solv\u00eancia e situa\u00e7\u00e3o financeira\"}]},{\"@type\":\"WebSite\",\"@id\":\"http:\/\/dev-rci-insurance.iconsandbox.com\/#website\",\"url\":\"http:\/\/dev-rci-insurance.iconsandbox.com\/\",\"name\":\"RCI INSURANCE\",\"description\":\"\",\"potentialAction\":[{\"@type\":\"SearchAction\",\"target\":{\"@type\":\"EntryPoint\",\"urlTemplate\":\"http:\/\/dev-rci-insurance.iconsandbox.com\/?s={search_term_string}\"},\"query-input\":{\"@type\":\"PropertyValueSpecification\",\"valueRequired\":true,\"valueName\":\"search_term_string\"}}],\"inLanguage\":\"pt-PT\"}]}<\/script>\r\n<!-- \/ Yoast SEO plugin. -->","yoast_head_json":{"title":"Relat\u00f3rio sobre a solv\u00eancia e situa\u00e7\u00e3o financeira - RCI INSURANCE","robots":{"index":"index","follow":"follow","max-snippet":"max-snippet:-1","max-image-preview":"max-image-preview:large","max-video-preview":"max-video-preview:-1"},"canonical":"http:\/\/dev-rci-insurance.iconsandbox.com\/pt-pt\/sobre-a-rci-insurance\/solvency-financial-condition-report\/","og_locale":"pt_PT","og_type":"article","og_title":"Relat\u00f3rio sobre a solv\u00eancia e situa\u00e7\u00e3o financeira - RCI INSURANCE","og_description":"To download our Solvency and Financial Condition Report, please click the link below. DOWNLOAD Solvency and Financial Condition Report","og_url":"http:\/\/dev-rci-insurance.iconsandbox.com\/pt-pt\/sobre-a-rci-insurance\/solvency-financial-condition-report\/","og_site_name":"RCI INSURANCE","article_modified_time":"2024-10-15T08:07:57+00:00","twitter_card":"summary_large_image","twitter_misc":{"Tempo estimado de leitura":"1 minuto"},"schema":{"@context":"https:\/\/schema.org","@graph":[{"@type":"WebPage","@id":"http:\/\/dev-rci-insurance.iconsandbox.com\/pt-pt\/sobre-a-rci-insurance\/solvency-financial-condition-report\/","url":"http:\/\/dev-rci-insurance.iconsandbox.com\/pt-pt\/sobre-a-rci-insurance\/solvency-financial-condition-report\/","name":"Relat\u00f3rio sobre a solv\u00eancia e situa\u00e7\u00e3o financeira - RCI INSURANCE","isPartOf":{"@id":"http:\/\/dev-rci-insurance.iconsandbox.com\/#website"},"datePublished":"2017-12-14T15:57:11+00:00","dateModified":"2024-10-15T08:07:57+00:00","breadcrumb":{"@id":"http:\/\/dev-rci-insurance.iconsandbox.com\/pt-pt\/sobre-a-rci-insurance\/solvency-financial-condition-report\/#breadcrumb"},"inLanguage":"pt-PT","potentialAction":[{"@type":"ReadAction","target":["http:\/\/dev-rci-insurance.iconsandbox.com\/pt-pt\/sobre-a-rci-insurance\/solvency-financial-condition-report\/"]}]},{"@type":"BreadcrumbList","@id":"http:\/\/dev-rci-insurance.iconsandbox.com\/pt-pt\/sobre-a-rci-insurance\/solvency-financial-condition-report\/#breadcrumb","itemListElement":[{"@type":"ListItem","position":1,"name":"Home","item":"http:\/\/dev-rci-insurance.iconsandbox.com\/pt-pt\/"},{"@type":"ListItem","position":2,"name":"Sobre a RCI Insurance","item":"http:\/\/dev-rci-insurance.iconsandbox.com\/pt-pt\/sobre-a-rci-insurance\/"},{"@type":"ListItem","position":3,"name":"Relat\u00f3rio sobre a solv\u00eancia e situa\u00e7\u00e3o financeira"}]},{"@type":"WebSite","@id":"http:\/\/dev-rci-insurance.iconsandbox.com\/#website","url":"http:\/\/dev-rci-insurance.iconsandbox.com\/","name":"RCI INSURANCE","description":"","potentialAction":[{"@type":"SearchAction","target":{"@type":"EntryPoint","urlTemplate":"http:\/\/dev-rci-insurance.iconsandbox.com\/?s={search_term_string}"},"query-input":{"@type":"PropertyValueSpecification","valueRequired":true,"valueName":"search_term_string"}}],"inLanguage":"pt-PT"}]}},"_links":{"self":[{"href":"http:\/\/dev-rci-insurance.iconsandbox.com\/pt-pt\/wp-json\/wp\/v2\/pages\/7056","targetHints":{"allow":["GET"]}}],"collection":[{"href":"http:\/\/dev-rci-insurance.iconsandbox.com\/pt-pt\/wp-json\/wp\/v2\/pages"}],"about":[{"href":"http:\/\/dev-rci-insurance.iconsandbox.com\/pt-pt\/wp-json\/wp\/v2\/types\/page"}],"author":[{"embeddable":true,"href":"http:\/\/dev-rci-insurance.iconsandbox.com\/pt-pt\/wp-json\/wp\/v2\/users\/1"}],"replies":[{"embeddable":true,"href":"http:\/\/dev-rci-insurance.iconsandbox.com\/pt-pt\/wp-json\/wp\/v2\/comments?post=7056"}],"version-history":[{"count":4,"href":"http:\/\/dev-rci-insurance.iconsandbox.com\/pt-pt\/wp-json\/wp\/v2\/pages\/7056\/revisions"}],"predecessor-version":[{"id":8547,"href":"http:\/\/dev-rci-insurance.iconsandbox.com\/pt-pt\/wp-json\/wp\/v2\/pages\/7056\/revisions\/8547"}],"up":[{"embeddable":true,"href":"http:\/\/dev-rci-insurance.iconsandbox.com\/pt-pt\/wp-json\/wp\/v2\/pages\/6616"}],"wp:attachment":[{"href":"http:\/\/dev-rci-insurance.iconsandbox.com\/pt-pt\/wp-json\/wp\/v2\/media?parent=7056"}],"curies":[{"name":"wp","href":"https:\/\/api.w.org\/{rel}","templated":true}]}}