{"id":6908,"date":"2023-04-14T16:58:14","date_gmt":"2023-04-14T14:58:14","guid":{"rendered":"http:\/\/dev-rci-insurance.iconsandbox.com\/?page_id=6908"},"modified":"2023-06-13T13:53:41","modified_gmt":"2023-06-13T11:53:41","slug":"utilizacao-de-cookies","status":"publish","type":"page","link":"http:\/\/dev-rci-insurance.iconsandbox.com\/pt-pt\/utilizacao-de-cookies\/","title":{"rendered":"Utiliza\u00e7\u00e3o de cookies"},"content":{"rendered":"<p>Os nossos s\u00edtios Web e aplica\u00e7\u00f5es utilizam tecnologias como cookies para proporcionar aos utilizadores uma experi\u00eancia de alta qualidade, fluida e personalizada. As informa\u00e7\u00f5es nesta Pol\u00edtica complementam as informa\u00e7\u00f5es da <a href=\"http:\/\/dev-rci-insurance.iconsandbox.com\/pt-pt\/legal\/termos-da-politica-de-utilizacao-da-internet\/\">Pol\u00edtica de Privacidade<\/a> sobre a prote\u00e7\u00e3o de dados pessoais.<\/p>\n<p>Proteger os seus dados online \u00e9 uma prioridade para Mobilize Financial Services. Pode reconsiderar as suas escolhas em rela\u00e7\u00e3o aos cookies a qualquer momento usando a nossa ferramenta de gest\u00e3o de cookies.<\/p>\n<p><strong>Quem somos?<\/strong><\/p>\n<p>A RCI Malta e Mobilize Financial Services s\u00e3o respons\u00e1veis pelo tratamento de dados independentes relativamente aos dados recolhidos pelos cookies e outros monitorizadores lidos ou colocados no seu dispositivo (doravante \u201cn\u00f3s\u201d, \u201cnos\u201d, \u201cnosso\u201d).<\/p>\n<p>Para mais informa\u00e7\u00f5es, convidamo-lo a ler as informa\u00e7\u00f5es da <a href=\"http:\/\/dev-rci-insurance.iconsandbox.com\/pt-pt\/legal\/termos-da-politica-de-utilizacao-da-internet\/\">Pol\u00edtica de Privacidade<\/a> sobre prote\u00e7\u00e3o de dados.<\/p>\n<div class=\"lightweight-accordion\"><details><summary class=\"lightweight-accordion-title\"><span><strong>O QUE S\u00c3O COOKIES?<\/strong><\/span><\/summary><div class=\"lightweight-accordion-body\"><p>Um cookie \u00e9 um pequeno ficheiro inform\u00e1tico, um monitorizador, depositado e lido quando visita um site, utiliza uma aplica\u00e7\u00e3o de telem\u00f3vel, l\u00ea um e-mail, instala ou utiliza software, independentemente do tipo de terminal utilizado (computador, smartphone, leitor digital, consola de jogos de v\u00eddeo ligada \u00e0 Internet, etc.).<\/p>\n<p>Quando consulta um site, os cookies podem enviar informa\u00e7\u00f5es para o navegador do utilizador e permitem que o navegador envie informa\u00e7\u00f5es de volta ao site original (por exemplo, uma ID de sess\u00e3o ou escolha de idioma).<\/p>\n<p>Os cookies n\u00e3o nos permitem identific\u00e1-lo diretamente, mas apenas recolher informa\u00e7\u00f5es espec\u00edficas sobre o seu dispositivo, navegador, intera\u00e7\u00f5es com o site ou aplica\u00e7\u00e3o que estiver a utilizar e, em alguns casos, a sua posi\u00e7\u00e3o geogr\u00e1fica.<\/p>\n<p>As tecnologias utilizadas podem associar v\u00e1rios dos dispositivos que possa ter utilizado para determinar, com probabilidade suficiente, que esses dispositivos lhe pertencem.<\/p>\n<\/div><\/details><\/div>\n<div class=\"lightweight-accordion\"><details><summary class=\"lightweight-accordion-title\"><span><strong>PARA QUE SERVEM OS COOKIES NESTE SITE?<\/strong><\/span><\/summary><div class=\"lightweight-accordion-body\"><p>Este site utiliza diferentes tipos de cookies.<\/p>\n<p><strong>Cookies t\u00e9cnicos<\/strong><\/p>\n<p>Estes cookies t\u00eam por objetivo permitir ou facilitar a comunica\u00e7\u00e3o eletr\u00f3nica (dete\u00e7\u00e3o de erros de liga\u00e7\u00e3o, identifica\u00e7\u00e3o de pontos de liga\u00e7\u00e3o, seguran\u00e7a do site, etc.) ou prestar servi\u00e7os de comunica\u00e7\u00e3o online que o utilizador possa solicitar especificamente (prefer\u00eancias de visualiza\u00e7\u00e3o no ecr\u00e3, guardar informa\u00e7\u00f5es inseridas nos formul\u00e1rios, carrinho de compras (se aplic\u00e1vel), acesso \u00e0 sua conta de utilizador, chat ou chatbot no nosso site, etc.).<\/p>\n<p>Esses cookies s\u00e3o necess\u00e1rios para o funcionamento correto do nosso site.<\/p>\n<p>O utilizador n\u00e3o se pode opor \u00e0 utiliza\u00e7\u00e3o destes cookies e o seu consentimento n\u00e3o \u00e9 necess\u00e1rio, uma vez que os servi\u00e7os no nosso site dependem destes cookies.<\/p>\n<p><strong>Cookies sociais<\/strong><\/p>\n<p>Os cookies sociais s\u00e3o utilizados por n\u00f3s para fins de publicidade e an\u00e1lise, especialmente para lhe mostrar os nossos an\u00fancios quando estiver ligado \u00e0s redes sociais (Facebook, Twitter, LinkedIn, TikTok, etc.) e para nos ajudar a compreender as intera\u00e7\u00f5es e os compromissos do utilizador com os nossos an\u00fancios nestas redes sociais.<\/p>\n<p>Estes cookies t\u00eam tamb\u00e9m como objetivo tornar o s\u00edtio Web mais intuitivo e interativo, permitindo que o utilizador interaja com estas redes sociais e incorporando conte\u00fados destas redes sociais no nosso s\u00edtio Web (como v\u00eddeos do YouTube).<\/p>\n<p>Estes cookies podem tratar dados como a quantidade de conte\u00fados partilhados atrav\u00e9s das redes sociais, o facto de o utilizador ter uma conta numa rede social, o acompanhamento da sua navega\u00e7\u00e3o em s\u00edtios Web ou nessas redes sociais, etc. Estas funcionalidades baseiam-se em aplica\u00e7\u00f5es de terceiros integradas no nosso site. A rede social que disponibiliza esse bot\u00e3o de aplica\u00e7\u00e3o provavelmente o identificar\u00e1 atrav\u00e9s desse bot\u00e3o, mesmo que o utilizador n\u00e3o tenha utilizado esse bot\u00e3o quando visitou o nosso s\u00edtio Web. Este tipo de bot\u00e3o de aplica\u00e7\u00e3o pode permitir \u00e0 rede social em quest\u00e3o acompanhar a sua navega\u00e7\u00e3o no nosso s\u00edtio Web, pelo simples facto de a sua conta na rede social em quest\u00e3o ter sido ativada no seu dispositivo (sess\u00e3o aberta) ao mesmo tempo que navegava no nosso s\u00edtio Web.<\/p>\n<p>Recomendamos que consulte as pol\u00edticas de privacidade relevantes dessas redes sociais para saber como essas redes sociais utilizam as informa\u00e7\u00f5es que conseguem recolher, por interm\u00e9dio desses bot\u00f5es de aplica\u00e7\u00e3o ou para fins publicit\u00e1rios. Estas pol\u00edticas de privacidade devem permitir que o utilizador expresse as suas prefer\u00eancias nessas redes sociais, em particular configurando as respetivas contas de utilizador para cada uma dessas redes.<\/p>\n<p>A utiliza\u00e7\u00e3o e armazenamento destes cookies est\u00e3o sujeitos ao seu consentimento.<\/p>\n<p><strong>Cookies de publicidade e conte\u00fado personalizados<\/strong><\/p>\n<p>Estes cookies t\u00eam por objetivo melhorar a relev\u00e2ncia dos an\u00fancios e do conte\u00fado deste s\u00edtio Web e em suporte de terceiros. Sempre que lhe enviamos mensagens promocionais ou visualiza essas mensagens, o nosso objetivo \u00e9 enviar-lhe os an\u00fancios e ofertas mais relevantes poss\u00edveis, adequados \u00e0s suas necessidades ou que possam realmente interessar-lhe.<\/p>\n<p>Estes cookies podem tratar dados relativos \u00e0s suas prefer\u00eancias pessoais, aos seus interesses nos nossos produtos e\/ou servi\u00e7os e, aos seus h\u00e1bitos de consumo.<\/p>\n<p>Este tratamento automatizado de dados contribui, portanto, para uma melhor experi\u00eancia online:<br \/>\n\u2013 Ao mostrar-lhe ofertas relevantes no momento certo,<br \/>\n\u2013 Ao descartar ofertas que provavelmente n\u00e3o lhe interessar\u00e3o,<br \/>\n\u2013 Ou mesmo limitando o n\u00famero de vezes que lhe \u00e9 mostrado o mesmo an\u00fancio.<\/p>\n<p>Por exemplo, essas opera\u00e7\u00f5es de tratamento podem nos levar a propor-lhe informa\u00e7\u00f5es relacionadas com o segmento de autom\u00f3veis que provavelmente prefere (um SUV em vez de um carro citadino ou vice-versa).<\/p>\n<p>Os dados tratados neste contexto podem ter sido recolhidos de diferentes fontes e podem estar interligados: dados dos nossos ficheiros de clientes, dados de navega\u00e7\u00e3o, dados de terceiros, dados sobre a utiliza\u00e7\u00e3o do seu ve\u00edculo, etc. Os regulamentos descrevem a utiliza\u00e7\u00e3o dessas ferramentas como defini\u00e7\u00e3o de perfis.<\/p>\n<p>A utiliza\u00e7\u00e3o e armazenamento destes cookies est\u00e3o sujeitos ao seu consentimento.<\/p>\n<p><strong>Cookies anal\u00edticos<\/strong><\/p>\n<p>Estes cookies t\u00eam por objetivo analisar o tr\u00e1fego do s\u00edtio Web e melhorar a sua experi\u00eancia de navega\u00e7\u00e3o.<\/p>\n<p>Estes cookies podem tratar dados relacionados com as p\u00e1ginas visitadas, o tempo gasto nas p\u00e1ginas visitadas, o navegador que utiliza para visitar essas p\u00e1ginas, etc.<\/p>\n<p>Os dados recolhidos por estes cookies podem tamb\u00e9m ser utilizados para criar algoritmos e perfis para analisar os seus potenciais interesses e prefer\u00eancias pelos nossos produtos e servi\u00e7os. Podemos combinar esses dados com outras informa\u00e7\u00f5es, como informa\u00e7\u00f5es da nossa base de dados de clientes (para obter mais informa\u00e7\u00f5es sobre a cria\u00e7\u00e3o de perfis e como se opor a essa cria\u00e7\u00e3o de perfis, consulte a nossa Pol\u00edtica de Privacidade sobre prote\u00e7\u00e3o de dados pessoais<\/p>\n<p>A utiliza\u00e7\u00e3o e armazenamento destes cookies est\u00e3o geralmente sujeitos ao seu consentimento. Sob determinadas condi\u00e7\u00f5es, estes cookies podem ser colocados\/lidos sem o seu consentimento, por exemplo, se a finalidade dos cookies for exclusivamente para analisar o conte\u00fado que visitou.<\/p>\n<\/div><\/details><\/div>\n<div class=\"lightweight-accordion\"><details><summary class=\"lightweight-accordion-title\"><span><strong>QUE COOKIES S\u00c3O UTILIZADOS NESTE S\u00cdTIO WEB?<\/strong><\/span><\/summary><div class=\"lightweight-accordion-body\"><p>O quadro em anexo cont\u00e9m a lista de todos os cookies armazenados e\/ou utilizados por este site e as suas principais caracter\u00edsticas. Sempre que poss\u00edvel, estes cookies s\u00e3o alojados em servidores localizados no Espa\u00e7o Econ\u00f3mico Europeu (EEE). Por\u00e9m, como alguns dos nossos fornecedores de servi\u00e7os est\u00e3o localizados em pa\u00edses fora do EEE, os seus dados pessoais s\u00e3o tratados nesses pa\u00edses, que podem ter regulamentos em mat\u00e9ria de dados pessoais diferentes dos da Uni\u00e3o Europeia. Nesse caso, (i) prestamos muita aten\u00e7\u00e3o para garantir que essa transfer\u00eancia seja realizada de acordo com os regulamentos aplic\u00e1veis e (ii) implementamos salvaguardas que garantem um n\u00edvel adequado de prote\u00e7\u00e3o dos seus dados (em particular utilizando as cl\u00e1usulas contratuais-tipo da Comiss\u00e3o Europeia).<\/p>\n<p>O nosso s\u00edtio Web pode conter cookies de terceiros (ag\u00eancia de comunica\u00e7\u00e3o, servi\u00e7os de an\u00e1lise, etc.) permitindo-lhes, durante o ciclo de vida dos cookies, recolher informa\u00e7\u00f5es de navega\u00e7\u00e3o relacionadas com o nosso s\u00edtio Web. O armazenamento e a utiliza\u00e7\u00e3o desses cookies por terceiros est\u00e3o sujeitos \u00e0s pol\u00edticas de privacidade desses terceiros. Informamo-lo da finalidade de quaisquer cookies de terceiros no nosso s\u00edtio Web, bem como dos meios \u00e0 sua disposi\u00e7\u00e3o para fazer escolhas sobre esses cookies.<\/p>\n<p><strong>Propriet\u00e1rio parceiro do cookie:<\/strong> Mobilize Financial Services<\/p>\n<p><strong>Finalidade do cookie:<\/strong><\/p>\n<ul>\n<li>T\u00e9cnico<\/li>\n<li>Social<\/li>\n<li>Publicidade Personalizada\/An\u00e1lise de Conte\u00fado<\/li>\n<\/ul>\n<\/div><\/details><\/div>\n<div class=\"lightweight-accordion\"><details><summary class=\"lightweight-accordion-title\"><span><strong>COMO \u00c9 OBTIDO O SEU CONSENTIMENTO?<\/strong><\/span><\/summary><div class=\"lightweight-accordion-body\"><p>Quando visita o nosso s\u00edtio Web pela primeira vez, \u00e9-lhe solicitado que concorde ou recuse ou fa\u00e7a determinadas escolhas sobre a utiliza\u00e7\u00e3o de cookies, apresentando uma faixa de informa\u00e7\u00f5es dedicadas.<\/p>\n<p>Pode retirar o seu consentimento a qualquer momento ou alterar as suas escolhas (por exemplo, aceitando apenas determinados tipos de cookies) com a nossa ferramenta dedicada.<\/p>\n<p>Aten\u00e7\u00e3o que, de acordo com os regulamentos, os cookies necess\u00e1rios para o funcionamento do s\u00edtio Web n\u00e3o est\u00e3o sujeitos ao seu consentimento e, portanto, n\u00e3o podem ser desativados na nossa ferramenta de gest\u00e3o de cookies. Pode impedir a sua utiliza\u00e7\u00e3o alterando as configura\u00e7\u00f5es do seu navegador (seguindo a sec\u00e7\u00e3o \u201ccomo recusar cookies\u201d abaixo), mas a qualidade da sua experi\u00eancia no site pode ser prejudicada.<\/p>\n<\/div><\/details><\/div>\n<div class=\"lightweight-accordion\"><details><summary class=\"lightweight-accordion-title\"><span><strong>DURANTE QUANTO TEMPO O SEU CONSENTIMENTO \u00c9 ARMAZENADO?<\/strong><\/span><\/summary><div class=\"lightweight-accordion-body\"><p>Quando aceita ou recusa todos ou parte dos cookies no nosso s\u00edtio Web, a sua escolha \u00e9 guardada e armazenada (e manteremos um registo das suas prefer\u00eancias) por um per\u00edodo m\u00e1ximo de 6 meses. Isto significa que quando consultar o nosso s\u00edtio Web posteriormente, durante esse per\u00edodo, n\u00e3o solicitaremos qualquer interven\u00e7\u00e3o sua em rela\u00e7\u00e3o aos cookies, pois teremos um registo das suas prefer\u00eancias armazenadas.<\/p>\n<p>Ap\u00f3s o final deste per\u00edodo, solicitaremos novamente que consinta ou recuse ou fa\u00e7a determinadas escolhas sobre a utiliza\u00e7\u00e3o de cookies.<\/p>\n<\/div><\/details><\/div>\n<div class=\"lightweight-accordion\"><details><summary class=\"lightweight-accordion-title\"><span><strong>COMO PODE GERIR OS COOKIES?<\/strong><\/span><\/summary><div class=\"lightweight-accordion-body\"><p><strong>Como recusar os cookies?<\/strong><\/p>\n<p>Se n\u00e3o quiser que os cookies sejam armazenados ou lidos no seu dispositivo, um cookie de recusa ser\u00e1 armazenado no seu equipamento para nos permitir registar o facto de se opor \u00e0 utiliza\u00e7\u00e3o de cookies. Se eliminar esta recusa de cookies, deixaremos de poder reconhecer que rejeitou a utiliza\u00e7\u00e3o e armazenamento de cookies (o que significa que ter\u00e1 de definir novamente as suas prefer\u00eancias da pr\u00f3xima vez que visitar o nosso s\u00edtio Web).<\/p>\n<p>Tem v\u00e1rias op\u00e7\u00f5es para gerir cookies, incluindo bloquear a sua utiliza\u00e7\u00e3o e\/ou elimin\u00e1-los.<\/p>\n<p><strong>Ferramenta de gest\u00e3o de cookies<\/strong><br \/>\nUma ferramenta de cookies que lhe permite gerir as suas prefer\u00eancias de cookies \u00e9 fornecida para lhe possibilitar gerir os cookies armazenados e\/ou utilizados neste s\u00edtio Web. A qualquer momento, ao clicar na hiperliga\u00e7\u00e3o abaixo, pode aceder ao configurador e alterar as suas prefer\u00eancias, dependendo do tipo de cookie em quest\u00e3o.<\/p>\n<\/div><\/details><\/div>\n<p style=\"text-align: center;\"><div class=\"lightweight-accordion\"><details><summary class=\"lightweight-accordion-title\"><span><strong>GERIR OS COOKIES<\/strong><\/span><\/summary><div class=\"lightweight-accordion-body\"><p><strong>Defini\u00e7\u00f5es do navegador<\/strong><\/p>\n<p>Poder\u00e1 tamb\u00e9m gerir os cookies atrav\u00e9s do seu navegador.<\/p>\n<p>A maioria dos navegadores est\u00e3o predefinidos para aceitar cookies, mas se desejar, pode optar por aceitar todos os cookies, recusar cookies sistematicamente ou escolher quais os cookies que aceita, dependendo da sua origem. Pode tamb\u00e9m eliminar cookies regularmente do seu dispositivo utilizando o navegador.<\/p>\n<p>No entanto, n\u00e3o se esque\u00e7a de configurar todos os navegadores nos seus v\u00e1rios dispositivos (t\u00e1bletes, smartphones, computadores, etc.).<\/p>\n<p>Cada navegador possui uma configura\u00e7\u00e3o diferente para gerir cookies e as suas escolhas. Vem descrito no menu de ajuda do seu navegador, que lhe dir\u00e1 como alterar as suas prefer\u00eancias de cookies. Por exemplo:<br \/>\n\u2022 no Internet Explorer\u2122: <a href=\"http:\/\/windows.microsoft.com\/fr-FR\/windows-vista\/Block-or-allow-cookies\">http:\/\/windows.microsoft.com\/fr-FR\/windows-vista\/Block-or-allow-cookies<\/a> ;<br \/>\n\u2022 no Safari\u2122: <a href=\"https:\/\/support.apple.com\/fr-fr\/safari\">https:\/\/support.apple.com\/fr-fr\/safari<\/a> ;<br \/>\n\u2022 no Chrome\u2122: <a href=\"http:\/\/support.google.com\/chrome\/bin\/answer.py?hl=fr&amp;hlrm=en&amp;answer=95647\">http:\/\/support.google.com\/chrome\/bin\/answer.py?hl=fr&amp;hlrm=en&amp;answer=95647<\/a> ;<br \/>\n\u2022 no Firefox\u2122: <a href=\"http:\/\/support.mozilla.org\/fr\/kb\/Activer%20et%20d%C3%A9sactiver%20les%20cookies\">http:\/\/support.mozilla.org\/fr\/kb\/Activer%20et%20d%C3%A9sactiver%20les%20cookies<\/a> ;<br \/>\n\u2022 no Opera\u2122: <a href=\"http:\/\/help.opera.com\/Windows\/10.20\/fr\/cookies.html\">http:\/\/help.opera.com\/Windows\/10.20\/fr\/cookies.html<\/a><\/p>\n<p>&nbsp;<\/p>\n<p><strong>M\u00f3dulos de editores para apresentar obje\u00e7\u00f5es<\/strong><br \/>\nPode optar por desativar alguns cookies de terceiros, indo diretamente para a p\u00e1gina do emissor do cookie. Desta forma:<\/p>\n<p>\u2013 para desativar os cookies do Google Analytics, aceda \u00e0 p\u00e1gina: <a href=\"https:\/\/tools.google.com\/dlpage\/gaoptout?hl=en\">https:\/\/tools.google.com\/dlpage\/gaoptout?hl=en<\/a><\/p>\n<\/div><\/details><\/div><\/p>\n<div class=\"lightweight-accordion\"><details><summary class=\"lightweight-accordion-title\"><span><strong>COMO PODE EXERCER OS SEUS DIREITOS?<\/strong><\/span><\/summary><div class=\"lightweight-accordion-body\"><p>De acordo com a legisla\u00e7\u00e3o aplic\u00e1vel em mat\u00e9ria de prote\u00e7\u00e3o de dados pessoais, tem o direito de aceder, retificar, opor-se, limitar e eliminar os seus dados pessoais. Para exercer os seus outros direitos, consulte as nossas informa\u00e7\u00f5es sobre a prote\u00e7\u00e3o dos seus dados pessoais clicando na hiperliga\u00e7\u00e3o a seguir da <a href=\"http:\/\/dev-rci-insurance.iconsandbox.com\/pt-pt\/legal\/termos-da-politica-de-utilizacao-da-internet\/\">Pol\u00edtica de Privacidade<\/a>.<\/p>\n<\/div><\/details><\/div>\n<div class=\"lightweight-accordion\"><details><summary class=\"lightweight-accordion-title\"><span><strong>ALTERA\u00c7\u00d5ES<\/strong><\/span><\/summary><div class=\"lightweight-accordion-body\"><p>Podemos alterar esta pol\u00edtica pontualmente. Iremos inform\u00e1-lo e\/ou procurar obter o seu consentimento sempre que necess\u00e1rio ou solicitado. Recomendamos por isso que consulte esta pol\u00edtica sempre que visitar o nosso s\u00edtio Web para analisar a vers\u00e3o mais recente.<\/p>\n<p>Vers\u00e3o 1: 27\/05\/2021<\/p>\n<\/div><\/details><\/div>\n","protected":false},"excerpt":{"rendered":"Os nossos s\u00edtios Web e aplica\u00e7\u00f5es utilizam tecnologias como cookies para proporcionar aos utilizadores uma experi\u00eancia de alta qualidade, fluida e personalizada. As informa\u00e7\u00f5es nesta Pol\u00edtica complementam as informa\u00e7\u00f5es da Pol\u00edtica de Privacidade sobre a prote\u00e7\u00e3o de dados pessoais. Proteger os seus dados online \u00e9 uma prioridade para Mobilize Financial Services. Pode reconsiderar as suas&hellip;","protected":false},"author":1,"featured_media":0,"parent":0,"menu_order":0,"comment_status":"closed","ping_status":"closed","template":"","meta":{"_acf_changed":false,"footnotes":""},"class_list":["post-6908","page","type-page","status-publish","hentry"],"acf":[],"yoast_head":"<!-- This site is optimized with the Yoast SEO plugin v24.3 - https:\/\/yoast.com\/wordpress\/plugins\/seo\/ -->\r\n<title>Utiliza\u00e7\u00e3o de cookies - RCI INSURANCE<\/title>\r\n<meta name=\"robots\" content=\"index, follow, max-snippet:-1, max-image-preview:large, max-video-preview:-1\" \/>\r\n<link rel=\"canonical\" href=\"http:\/\/dev-rci-insurance.iconsandbox.com\/pt-pt\/utilizacao-de-cookies\/\" \/>\r\n<meta property=\"og:locale\" content=\"pt_PT\" \/>\r\n<meta property=\"og:type\" content=\"article\" \/>\r\n<meta property=\"og:title\" content=\"Utiliza\u00e7\u00e3o de cookies - RCI INSURANCE\" \/>\r\n<meta property=\"og:description\" content=\"Os nossos s\u00edtios Web e aplica\u00e7\u00f5es utilizam tecnologias como cookies para proporcionar aos utilizadores uma experi\u00eancia de alta qualidade, fluida e personalizada. As informa\u00e7\u00f5es nesta Pol\u00edtica complementam as informa\u00e7\u00f5es da Pol\u00edtica de Privacidade sobre a prote\u00e7\u00e3o de dados pessoais. Proteger os seus dados online \u00e9 uma prioridade para Mobilize Financial Services. Pode reconsiderar as suas&hellip;\" \/>\r\n<meta property=\"og:url\" content=\"http:\/\/dev-rci-insurance.iconsandbox.com\/pt-pt\/utilizacao-de-cookies\/\" \/>\r\n<meta property=\"og:site_name\" content=\"RCI INSURANCE\" \/>\r\n<meta property=\"article:modified_time\" content=\"2023-06-13T11:53:41+00:00\" \/>\r\n<meta name=\"twitter:card\" content=\"summary_large_image\" \/>\r\n<meta name=\"twitter:label1\" content=\"Tempo estimado de leitura\" \/>\n\t<meta name=\"twitter:data1\" content=\"9 minutos\" \/>\r\n<script type=\"application\/ld+json\" class=\"yoast-schema-graph\">{\"@context\":\"https:\/\/schema.org\",\"@graph\":[{\"@type\":\"WebPage\",\"@id\":\"http:\/\/dev-rci-insurance.iconsandbox.com\/pt-pt\/utilizacao-de-cookies\/\",\"url\":\"http:\/\/dev-rci-insurance.iconsandbox.com\/pt-pt\/utilizacao-de-cookies\/\",\"name\":\"Utiliza\u00e7\u00e3o de cookies - RCI INSURANCE\",\"isPartOf\":{\"@id\":\"http:\/\/dev-rci-insurance.iconsandbox.com\/de\/#website\"},\"datePublished\":\"2023-04-14T14:58:14+00:00\",\"dateModified\":\"2023-06-13T11:53:41+00:00\",\"breadcrumb\":{\"@id\":\"http:\/\/dev-rci-insurance.iconsandbox.com\/pt-pt\/utilizacao-de-cookies\/#breadcrumb\"},\"inLanguage\":\"pt-PT\",\"potentialAction\":[{\"@type\":\"ReadAction\",\"target\":[\"http:\/\/dev-rci-insurance.iconsandbox.com\/pt-pt\/utilizacao-de-cookies\/\"]}]},{\"@type\":\"BreadcrumbList\",\"@id\":\"http:\/\/dev-rci-insurance.iconsandbox.com\/pt-pt\/utilizacao-de-cookies\/#breadcrumb\",\"itemListElement\":[{\"@type\":\"ListItem\",\"position\":1,\"name\":\"Home\",\"item\":\"https:\/\/dev-rci-insurance.iconsandbox.com\/pt-pt\/\"},{\"@type\":\"ListItem\",\"position\":2,\"name\":\"Utiliza\u00e7\u00e3o de cookies\"}]},{\"@type\":\"WebSite\",\"@id\":\"http:\/\/dev-rci-insurance.iconsandbox.com\/de\/#website\",\"url\":\"http:\/\/dev-rci-insurance.iconsandbox.com\/de\/\",\"name\":\"RCI INSURANCE\",\"description\":\"\",\"potentialAction\":[{\"@type\":\"SearchAction\",\"target\":{\"@type\":\"EntryPoint\",\"urlTemplate\":\"http:\/\/dev-rci-insurance.iconsandbox.com\/de\/?s={search_term_string}\"},\"query-input\":{\"@type\":\"PropertyValueSpecification\",\"valueRequired\":true,\"valueName\":\"search_term_string\"}}],\"inLanguage\":\"pt-PT\"}]}<\/script>\r\n<!-- \/ Yoast SEO plugin. -->","yoast_head_json":{"title":"Utiliza\u00e7\u00e3o de cookies - RCI INSURANCE","robots":{"index":"index","follow":"follow","max-snippet":"max-snippet:-1","max-image-preview":"max-image-preview:large","max-video-preview":"max-video-preview:-1"},"canonical":"http:\/\/dev-rci-insurance.iconsandbox.com\/pt-pt\/utilizacao-de-cookies\/","og_locale":"pt_PT","og_type":"article","og_title":"Utiliza\u00e7\u00e3o de cookies - RCI INSURANCE","og_description":"Os nossos s\u00edtios Web e aplica\u00e7\u00f5es utilizam tecnologias como cookies para proporcionar aos utilizadores uma experi\u00eancia de alta qualidade, fluida e personalizada. As informa\u00e7\u00f5es nesta Pol\u00edtica complementam as informa\u00e7\u00f5es da Pol\u00edtica de Privacidade sobre a prote\u00e7\u00e3o de dados pessoais. Proteger os seus dados online \u00e9 uma prioridade para Mobilize Financial Services. Pode reconsiderar as suas&hellip;","og_url":"http:\/\/dev-rci-insurance.iconsandbox.com\/pt-pt\/utilizacao-de-cookies\/","og_site_name":"RCI INSURANCE","article_modified_time":"2023-06-13T11:53:41+00:00","twitter_card":"summary_large_image","twitter_misc":{"Tempo estimado de leitura":"9 minutos"},"schema":{"@context":"https:\/\/schema.org","@graph":[{"@type":"WebPage","@id":"http:\/\/dev-rci-insurance.iconsandbox.com\/pt-pt\/utilizacao-de-cookies\/","url":"http:\/\/dev-rci-insurance.iconsandbox.com\/pt-pt\/utilizacao-de-cookies\/","name":"Utiliza\u00e7\u00e3o de cookies - RCI INSURANCE","isPartOf":{"@id":"http:\/\/dev-rci-insurance.iconsandbox.com\/de\/#website"},"datePublished":"2023-04-14T14:58:14+00:00","dateModified":"2023-06-13T11:53:41+00:00","breadcrumb":{"@id":"http:\/\/dev-rci-insurance.iconsandbox.com\/pt-pt\/utilizacao-de-cookies\/#breadcrumb"},"inLanguage":"pt-PT","potentialAction":[{"@type":"ReadAction","target":["http:\/\/dev-rci-insurance.iconsandbox.com\/pt-pt\/utilizacao-de-cookies\/"]}]},{"@type":"BreadcrumbList","@id":"http:\/\/dev-rci-insurance.iconsandbox.com\/pt-pt\/utilizacao-de-cookies\/#breadcrumb","itemListElement":[{"@type":"ListItem","position":1,"name":"Home","item":"https:\/\/dev-rci-insurance.iconsandbox.com\/pt-pt\/"},{"@type":"ListItem","position":2,"name":"Utiliza\u00e7\u00e3o de cookies"}]},{"@type":"WebSite","@id":"http:\/\/dev-rci-insurance.iconsandbox.com\/de\/#website","url":"http:\/\/dev-rci-insurance.iconsandbox.com\/de\/","name":"RCI INSURANCE","description":"","potentialAction":[{"@type":"SearchAction","target":{"@type":"EntryPoint","urlTemplate":"http:\/\/dev-rci-insurance.iconsandbox.com\/de\/?s={search_term_string}"},"query-input":{"@type":"PropertyValueSpecification","valueRequired":true,"valueName":"search_term_string"}}],"inLanguage":"pt-PT"}]}},"_links":{"self":[{"href":"http:\/\/dev-rci-insurance.iconsandbox.com\/pt-pt\/wp-json\/wp\/v2\/pages\/6908","targetHints":{"allow":["GET"]}}],"collection":[{"href":"http:\/\/dev-rci-insurance.iconsandbox.com\/pt-pt\/wp-json\/wp\/v2\/pages"}],"about":[{"href":"http:\/\/dev-rci-insurance.iconsandbox.com\/pt-pt\/wp-json\/wp\/v2\/types\/page"}],"author":[{"embeddable":true,"href":"http:\/\/dev-rci-insurance.iconsandbox.com\/pt-pt\/wp-json\/wp\/v2\/users\/1"}],"replies":[{"embeddable":true,"href":"http:\/\/dev-rci-insurance.iconsandbox.com\/pt-pt\/wp-json\/wp\/v2\/comments?post=6908"}],"version-history":[{"count":4,"href":"http:\/\/dev-rci-insurance.iconsandbox.com\/pt-pt\/wp-json\/wp\/v2\/pages\/6908\/revisions"}],"predecessor-version":[{"id":8197,"href":"http:\/\/dev-rci-insurance.iconsandbox.com\/pt-pt\/wp-json\/wp\/v2\/pages\/6908\/revisions\/8197"}],"wp:attachment":[{"href":"http:\/\/dev-rci-insurance.iconsandbox.com\/pt-pt\/wp-json\/wp\/v2\/media?parent=6908"}],"curies":[{"name":"wp","href":"https:\/\/api.w.org\/{rel}","templated":true}]}}