{"id":6906,"date":"2023-04-14T16:38:36","date_gmt":"2023-04-14T14:38:36","guid":{"rendered":"http:\/\/dev-rci-insurance.iconsandbox.com\/?page_id=6906"},"modified":"2023-06-13T13:38:26","modified_gmt":"2023-06-13T11:38:26","slug":"informacoes-de-privacidade-do-sitio-web","status":"publish","type":"page","link":"http:\/\/dev-rci-insurance.iconsandbox.com\/pt-pt\/informacoes-de-privacidade-do-sitio-web\/","title":{"rendered":"Informa\u00e7\u00f5es de privacidade do s\u00edtio Web"},"content":{"rendered":"<p>Esta pol\u00edtica de privacidade diz respeito \u00e0 utiliza\u00e7\u00e3o deste s\u00edtio Web, sendo propriedade da RCI Life Ltd, RCI Insurance Ltd e RCI Services Ltd (doravante denominadas conjuntamente como &#8220;as Sociedades&#8221;, &#8220;nos&#8221; ou &#8220;n\u00f3s&#8221;).<\/p>\n<p>Esta pol\u00edtica de privacidade aplica-se exclusivamente \u00e0 prote\u00e7\u00e3o de dados pessoais recolhidos atrav\u00e9s da utiliza\u00e7\u00e3o do dom\u00ednio das Sociedades, <a href=\"http:\/\/dev-rci-insurance.iconsandbox.com\/pt-pt\/\"><strong>www.rci-insurance.eu<\/strong><\/a>, e qualquer um de seus subdom\u00ednios (doravante referidos conjuntamente como &#8220;o S\u00edtio Web&#8221; ou &#8220;este S\u00edtio Web&#8221;). Ao continuar a utilizar este s\u00edtio Web, consente expressamente o tratamento dos seus dados pessoais, conforme aqui indicado. Esta pol\u00edtica de privacidade constitui a base sobre a qual as Sociedades devem tratar os dados recolhidos atrav\u00e9s do respetivo s\u00edtio Web.<\/p>\n<p>O s\u00edtio Web pode conter hiperliga\u00e7\u00f5es para sites que nos s\u00e3o externos e que podem pertencer a outras entidades do Mobilize Financial Services ou de terceiros. As Sociedades n\u00e3o ser\u00e3o respons\u00e1veis pela utiliza\u00e7\u00e3o de dados pessoais divulgados por meio desses s\u00edtios Web e aconselhamos os utilizadores a ler quaisquer termos e condi\u00e7\u00f5es, incluindo pol\u00edticas sobre a utiliza\u00e7\u00e3o de dados pessoais, conforme aplic\u00e1vel.<\/p>\n<p>Quaisquer dados pessoais que fornecer atrav\u00e9s deste s\u00edtio Web ser\u00e3o tratados e utilizados de acordo com a lei aplic\u00e1vel, em particular o Regulamento Geral sobre a Prote\u00e7\u00e3o de Dados (Regulamento (UE) 2016\/679) e a Lei de Prote\u00e7\u00e3o de Dados (Cap\u00edtulo 440 das Leis de Malta).<\/p>\n<p>As Sociedades podem recolher dados pessoais, como o seu nome, informa\u00e7\u00f5es de contacto, incluindo endere\u00e7o de e-mail, e informa\u00e7\u00f5es demogr\u00e1ficas, como pa\u00eds de resid\u00eancia ou origem. Os dados pessoais recolhidos ser\u00e3o restritos \u00e0s informa\u00e7\u00f5es que nos pode divulgar por meio de uma consulta por e-mail para o endere\u00e7o de e-mail fornecido neste s\u00edtio Web. Este endere\u00e7o de e-mail n\u00e3o deve ser utilizado em rela\u00e7\u00e3o \u00e0 execu\u00e7\u00e3o de contratos relacionados ao nosso neg\u00f3cio principal de seguros. Qualquer informa\u00e7\u00e3o que nos seja submetida a este respeito ser\u00e1 tratada de acordo com as disposi\u00e7\u00f5es de prote\u00e7\u00e3o de dados inclu\u00eddas nos termos e condi\u00e7\u00f5es do seu contrato de seguro.<\/p>\n<p>Aten\u00e7\u00e3o que ao enviar esses dados pessoais, concorda com o tratamento dos mesmos de acordo com a seguinte pol\u00edtica:<\/p>\n<ul>\n<li>N\u00e3o utilizaremos as informa\u00e7\u00f5es pessoais divulgadas atrav\u00e9s do s\u00edtio Web para outros fins que n\u00e3o responder a qualquer consulta ou atender a qualquer solicita\u00e7\u00e3o que fizer diretamente atrav\u00e9s do s\u00edtio Web. Tamb\u00e9m podemos tratar os seus dados pessoais para melhorar o conte\u00fado e a funcionalidade deste s\u00edtio Web, para compreender melhor os nossos clientes e mercados e para melhorar os nossos produtos e servi\u00e7os.<\/li>\n<li>Podemos partilhar os seus dados pessoais com outras empresas do Mobilize Financial Services ou com terceiros na UE e de pa\u00edses terceiros, sujeitos a limita\u00e7\u00f5es de tratamento e salvaguardas adicionais, conforme exigido por lei. Al\u00e9m disso, pode haver casos em que possamos tratar esses dados pessoais para cumprir as nossas obriga\u00e7\u00f5es legais e para a administra\u00e7\u00e3o adequada da justi\u00e7a.<\/li>\n<li>Embora nenhum m\u00e9todo de transmiss\u00e3o de dados seja garantido contra interceta\u00e7\u00e3o il\u00edcita de terceiros ou outro uso indevido, tomaremos todas as medidas necess\u00e1rias para proteger esses dados. No entanto, n\u00e3o podemos aceitar a responsabilidade por qualquer acesso n\u00e3o autorizado ou perda de dados pessoais que esteja para al\u00e9m do nosso controlo.<\/li>\n<li>Tem o direito de solicitar uma c\u00f3pia de quaisquer dados pessoais que as Sociedades mantenham sobre si. Tamb\u00e9m pode solicitar que corrijamos os seus dados pessoais caso isso seja necess\u00e1rio. Ao receber tal solicita\u00e7\u00e3o, nos esfor\u00e7aremos por cumpri-la dentro de um prazo razo\u00e1vel e sem atrasos indevidos. Se tiver alguma sugest\u00e3o ou d\u00favida sobre quaisquer preocupa\u00e7\u00f5es de privacidade que possa ter ou sobre os nossos Termos e Condi\u00e7\u00f5es, entre em contacto com o nosso Encarregado da Prote\u00e7\u00e3o de Dados (EPD) da RCi Insurance, enviando e-mail para <a href=\"mailto:dataprotectionofficer-malta@recibanque.com\">dataprotectionofficer-malta@rcibanque.com<\/a> ou por correio postal escrevendo para o Correspondente de Prote\u00e7\u00e3o de Dados:<\/li>\n<\/ul>\n<p style=\"text-align: center;\">The Data Protection Correspondent<br \/>\nRCI Insurance Ltd<em><br \/>\n<\/em>Level 3,\u00a0The Exchange Financial &amp; Business Centre,<br \/>\nTriq Elia Zammit,<br \/>\nSt Julian\u2019s \u2013 STJ 3155<br \/>\nMalta<\/p>\n<p>Em alternativa, poder\u00e1 contactar o nosso Encarregado da Prote\u00e7\u00e3o de Dados da Mobilize Financial Services &amp; do Services Group (EPDG), enviando e-mail para <a href=\"mailto:dataprotectionofficer-malta@recibanque.com\">dataprotectionofficer-malta@rcibanque.com<\/a>.<\/p>\n<p>Para continuar a fornecer-lhe o melhor servi\u00e7o e cumprir as nossas obriga\u00e7\u00f5es em mat\u00e9ria legislativa e regulamentar, as Sociedades podem alterar pontualmente esta pol\u00edtica. Portanto, aconselhamos a rever regularmente esta pol\u00edtica para tomar nota das altera\u00e7\u00f5es que ser\u00e3o vinculativas para si.<\/p>\n","protected":false},"excerpt":{"rendered":"Esta pol\u00edtica de privacidade diz respeito \u00e0 utiliza\u00e7\u00e3o deste s\u00edtio Web, sendo propriedade da RCI Life Ltd, RCI Insurance Ltd e RCI Services Ltd (doravante denominadas conjuntamente como &#8220;as Sociedades&#8221;, &#8220;nos&#8221; ou &#8220;n\u00f3s&#8221;). Esta pol\u00edtica de privacidade aplica-se exclusivamente \u00e0 prote\u00e7\u00e3o de dados pessoais recolhidos atrav\u00e9s da utiliza\u00e7\u00e3o do dom\u00ednio das Sociedades, www.rci-insurance.eu, e qualquer&hellip;","protected":false},"author":1,"featured_media":0,"parent":0,"menu_order":0,"comment_status":"closed","ping_status":"closed","template":"","meta":{"_acf_changed":false,"footnotes":""},"class_list":["post-6906","page","type-page","status-publish","hentry"],"acf":[],"yoast_head":"<!-- This site is optimized with the Yoast SEO plugin v24.3 - https:\/\/yoast.com\/wordpress\/plugins\/seo\/ -->\r\n<title>Informa\u00e7\u00f5es de privacidade do s\u00edtio Web - RCI INSURANCE<\/title>\r\n<meta name=\"robots\" content=\"index, follow, max-snippet:-1, max-image-preview:large, max-video-preview:-1\" \/>\r\n<link rel=\"canonical\" href=\"http:\/\/dev-rci-insurance.iconsandbox.com\/pt-pt\/informacoes-de-privacidade-do-sitio-web\/\" \/>\r\n<meta property=\"og:locale\" content=\"pt_PT\" \/>\r\n<meta property=\"og:type\" content=\"article\" \/>\r\n<meta property=\"og:title\" content=\"Informa\u00e7\u00f5es de privacidade do s\u00edtio Web - RCI INSURANCE\" \/>\r\n<meta property=\"og:description\" content=\"Esta pol\u00edtica de privacidade diz respeito \u00e0 utiliza\u00e7\u00e3o deste s\u00edtio Web, sendo propriedade da RCI Life Ltd, RCI Insurance Ltd e RCI Services Ltd (doravante denominadas conjuntamente como &#8220;as Sociedades&#8221;, &#8220;nos&#8221; ou &#8220;n\u00f3s&#8221;). Esta pol\u00edtica de privacidade aplica-se exclusivamente \u00e0 prote\u00e7\u00e3o de dados pessoais recolhidos atrav\u00e9s da utiliza\u00e7\u00e3o do dom\u00ednio das Sociedades, www.rci-insurance.eu, e qualquer&hellip;\" \/>\r\n<meta property=\"og:url\" content=\"http:\/\/dev-rci-insurance.iconsandbox.com\/pt-pt\/informacoes-de-privacidade-do-sitio-web\/\" \/>\r\n<meta property=\"og:site_name\" content=\"RCI INSURANCE\" \/>\r\n<meta property=\"article:modified_time\" content=\"2023-06-13T11:38:26+00:00\" \/>\r\n<meta name=\"twitter:card\" content=\"summary_large_image\" \/>\r\n<meta name=\"twitter:label1\" content=\"Tempo estimado de leitura\" \/>\n\t<meta name=\"twitter:data1\" content=\"4 minutos\" \/>\r\n<script type=\"application\/ld+json\" class=\"yoast-schema-graph\">{\"@context\":\"https:\/\/schema.org\",\"@graph\":[{\"@type\":\"WebPage\",\"@id\":\"http:\/\/dev-rci-insurance.iconsandbox.com\/pt-pt\/informacoes-de-privacidade-do-sitio-web\/\",\"url\":\"http:\/\/dev-rci-insurance.iconsandbox.com\/pt-pt\/informacoes-de-privacidade-do-sitio-web\/\",\"name\":\"Informa\u00e7\u00f5es de privacidade do s\u00edtio Web - RCI INSURANCE\",\"isPartOf\":{\"@id\":\"http:\/\/dev-rci-insurance.iconsandbox.com\/pl\/#website\"},\"datePublished\":\"2023-04-14T14:38:36+00:00\",\"dateModified\":\"2023-06-13T11:38:26+00:00\",\"breadcrumb\":{\"@id\":\"http:\/\/dev-rci-insurance.iconsandbox.com\/pt-pt\/informacoes-de-privacidade-do-sitio-web\/#breadcrumb\"},\"inLanguage\":\"pt-PT\",\"potentialAction\":[{\"@type\":\"ReadAction\",\"target\":[\"http:\/\/dev-rci-insurance.iconsandbox.com\/pt-pt\/informacoes-de-privacidade-do-sitio-web\/\"]}]},{\"@type\":\"BreadcrumbList\",\"@id\":\"http:\/\/dev-rci-insurance.iconsandbox.com\/pt-pt\/informacoes-de-privacidade-do-sitio-web\/#breadcrumb\",\"itemListElement\":[{\"@type\":\"ListItem\",\"position\":1,\"name\":\"Home\",\"item\":\"http:\/\/dev-rci-insurance.iconsandbox.com\/pt-pt\/\"},{\"@type\":\"ListItem\",\"position\":2,\"name\":\"Informa\u00e7\u00f5es de privacidade do s\u00edtio Web\"}]},{\"@type\":\"WebSite\",\"@id\":\"http:\/\/dev-rci-insurance.iconsandbox.com\/pl\/#website\",\"url\":\"http:\/\/dev-rci-insurance.iconsandbox.com\/pl\/\",\"name\":\"RCI INSURANCE\",\"description\":\"\",\"potentialAction\":[{\"@type\":\"SearchAction\",\"target\":{\"@type\":\"EntryPoint\",\"urlTemplate\":\"http:\/\/dev-rci-insurance.iconsandbox.com\/pl\/?s={search_term_string}\"},\"query-input\":{\"@type\":\"PropertyValueSpecification\",\"valueRequired\":true,\"valueName\":\"search_term_string\"}}],\"inLanguage\":\"pt-PT\"}]}<\/script>\r\n<!-- \/ Yoast SEO plugin. -->","yoast_head_json":{"title":"Informa\u00e7\u00f5es de privacidade do s\u00edtio Web - RCI INSURANCE","robots":{"index":"index","follow":"follow","max-snippet":"max-snippet:-1","max-image-preview":"max-image-preview:large","max-video-preview":"max-video-preview:-1"},"canonical":"http:\/\/dev-rci-insurance.iconsandbox.com\/pt-pt\/informacoes-de-privacidade-do-sitio-web\/","og_locale":"pt_PT","og_type":"article","og_title":"Informa\u00e7\u00f5es de privacidade do s\u00edtio Web - RCI INSURANCE","og_description":"Esta pol\u00edtica de privacidade diz respeito \u00e0 utiliza\u00e7\u00e3o deste s\u00edtio Web, sendo propriedade da RCI Life Ltd, RCI Insurance Ltd e RCI Services Ltd (doravante denominadas conjuntamente como &#8220;as Sociedades&#8221;, &#8220;nos&#8221; ou &#8220;n\u00f3s&#8221;). Esta pol\u00edtica de privacidade aplica-se exclusivamente \u00e0 prote\u00e7\u00e3o de dados pessoais recolhidos atrav\u00e9s da utiliza\u00e7\u00e3o do dom\u00ednio das Sociedades, www.rci-insurance.eu, e qualquer&hellip;","og_url":"http:\/\/dev-rci-insurance.iconsandbox.com\/pt-pt\/informacoes-de-privacidade-do-sitio-web\/","og_site_name":"RCI INSURANCE","article_modified_time":"2023-06-13T11:38:26+00:00","twitter_card":"summary_large_image","twitter_misc":{"Tempo estimado de leitura":"4 minutos"},"schema":{"@context":"https:\/\/schema.org","@graph":[{"@type":"WebPage","@id":"http:\/\/dev-rci-insurance.iconsandbox.com\/pt-pt\/informacoes-de-privacidade-do-sitio-web\/","url":"http:\/\/dev-rci-insurance.iconsandbox.com\/pt-pt\/informacoes-de-privacidade-do-sitio-web\/","name":"Informa\u00e7\u00f5es de privacidade do s\u00edtio Web - RCI INSURANCE","isPartOf":{"@id":"http:\/\/dev-rci-insurance.iconsandbox.com\/pl\/#website"},"datePublished":"2023-04-14T14:38:36+00:00","dateModified":"2023-06-13T11:38:26+00:00","breadcrumb":{"@id":"http:\/\/dev-rci-insurance.iconsandbox.com\/pt-pt\/informacoes-de-privacidade-do-sitio-web\/#breadcrumb"},"inLanguage":"pt-PT","potentialAction":[{"@type":"ReadAction","target":["http:\/\/dev-rci-insurance.iconsandbox.com\/pt-pt\/informacoes-de-privacidade-do-sitio-web\/"]}]},{"@type":"BreadcrumbList","@id":"http:\/\/dev-rci-insurance.iconsandbox.com\/pt-pt\/informacoes-de-privacidade-do-sitio-web\/#breadcrumb","itemListElement":[{"@type":"ListItem","position":1,"name":"Home","item":"http:\/\/dev-rci-insurance.iconsandbox.com\/pt-pt\/"},{"@type":"ListItem","position":2,"name":"Informa\u00e7\u00f5es de privacidade do s\u00edtio Web"}]},{"@type":"WebSite","@id":"http:\/\/dev-rci-insurance.iconsandbox.com\/pl\/#website","url":"http:\/\/dev-rci-insurance.iconsandbox.com\/pl\/","name":"RCI INSURANCE","description":"","potentialAction":[{"@type":"SearchAction","target":{"@type":"EntryPoint","urlTemplate":"http:\/\/dev-rci-insurance.iconsandbox.com\/pl\/?s={search_term_string}"},"query-input":{"@type":"PropertyValueSpecification","valueRequired":true,"valueName":"search_term_string"}}],"inLanguage":"pt-PT"}]}},"_links":{"self":[{"href":"http:\/\/dev-rci-insurance.iconsandbox.com\/pt-pt\/wp-json\/wp\/v2\/pages\/6906","targetHints":{"allow":["GET"]}}],"collection":[{"href":"http:\/\/dev-rci-insurance.iconsandbox.com\/pt-pt\/wp-json\/wp\/v2\/pages"}],"about":[{"href":"http:\/\/dev-rci-insurance.iconsandbox.com\/pt-pt\/wp-json\/wp\/v2\/types\/page"}],"author":[{"embeddable":true,"href":"http:\/\/dev-rci-insurance.iconsandbox.com\/pt-pt\/wp-json\/wp\/v2\/users\/1"}],"replies":[{"embeddable":true,"href":"http:\/\/dev-rci-insurance.iconsandbox.com\/pt-pt\/wp-json\/wp\/v2\/comments?post=6906"}],"version-history":[{"count":5,"href":"http:\/\/dev-rci-insurance.iconsandbox.com\/pt-pt\/wp-json\/wp\/v2\/pages\/6906\/revisions"}],"predecessor-version":[{"id":8184,"href":"http:\/\/dev-rci-insurance.iconsandbox.com\/pt-pt\/wp-json\/wp\/v2\/pages\/6906\/revisions\/8184"}],"wp:attachment":[{"href":"http:\/\/dev-rci-insurance.iconsandbox.com\/pt-pt\/wp-json\/wp\/v2\/media?parent=6906"}],"curies":[{"name":"wp","href":"https:\/\/api.w.org\/{rel}","templated":true}]}}