{"id":6885,"date":"2023-04-14T15:29:14","date_gmt":"2023-04-14T13:29:14","guid":{"rendered":"http:\/\/dev-rci-insurance.iconsandbox.com\/?page_id=6885"},"modified":"2023-04-14T15:29:14","modified_gmt":"2023-04-14T13:29:14","slug":"valores-da-empresa","status":"publish","type":"page","link":"http:\/\/dev-rci-insurance.iconsandbox.com\/pt-pt\/sobre-a-rci-insurance\/valores-da-empresa\/","title":{"rendered":"Valores da empresa"},"content":{"rendered":"<p>Pr\u00e1ticas s\u00f3lidas de governan\u00e7a empresarial garantem que a RCI Life Limited e a RCI Insurance Limited (\u201cas Sociedades\u201d) continuem a cumprir os seus objetivos de comerciais, garantindo os interesses dos segurados, acionistas e outras partes interessadas, incentivando o crescimento sustent\u00e1vel e de longo prazo.<\/p>\n<p>As Sociedades assumem uma estrutura de governan\u00e7a que promove:<\/p>\n<ul>\n<li>Transpar\u00eancia<\/li>\n<li>Fun\u00e7\u00f5es e responsabilidades claramente definidas<\/li>\n<li>Responsabiliza\u00e7\u00e3o<\/li>\n<li>Fluxos de informa\u00e7\u00e3o eficazes<\/li>\n<\/ul>\n<p><strong>Pol\u00edticas e Procedimentos<\/strong><\/p>\n<p>As pol\u00edticas e procedimentos estabelecem os pap\u00e9is e responsabilidades das v\u00e1rias fun\u00e7\u00f5es comerciais e \u00f3rg\u00e3os de governan\u00e7a dentro de cada principal \u00e1rea operacional. Estes s\u00e3o revistos periodicamente para garantir a relev\u00e2ncia permanente e o alinhamento cont\u00ednuo dos princ\u00edpios subjacentes com a apet\u00eancia pelo risco e a estrat\u00e9gia comercial das Sociedades.<\/p>\n<p><strong>Comit\u00e9s de Governan\u00e7a<\/strong><\/p>\n<p>Os comit\u00e9s de governan\u00e7a dedicados s\u00e3o estabelecidos para apoiar o Conselho de Administra\u00e7\u00e3o na dire\u00e7\u00e3o de \u00e1reas cr\u00edticas do neg\u00f3cio (nomeadamente opera\u00e7\u00f5es de seguros, gest\u00e3o de investimentos, gest\u00e3o de riscos, controlo interno e conformidade), e compreendem uma combina\u00e7\u00e3o adequada de administradores, titulares das principais fun\u00e7\u00f5es e representa\u00e7\u00e3o de acionistas.<\/p>\n<p><strong>O Conselho de Administra\u00e7\u00e3o<\/strong><\/p>\n<p>O Conselho de Administra\u00e7\u00e3o e a Dire\u00e7\u00e3o reconhecem a import\u00e2ncia de instituir medidas apropriadas para garantir que as pessoas que efetivamente administram o neg\u00f3cio ou desempenham outras fun\u00e7\u00f5es principais possuam os n\u00edveis necess\u00e1rios de adequa\u00e7\u00e3o e propriedade para conduzir o neg\u00f3cio das Sociedades de maneira s\u00f3lida e prudente.<\/p>\n<p><strong>Pessoal e Parceiros Externos<\/strong><\/p>\n<p>Espera-se que o pessoal:<\/p>\n<ul>\n<li>Paute a todo o momento a sua atividade com a m\u00e1xima integridade e dilig\u00eancia.<\/li>\n<li>Ambicione a excel\u00eancia no trabalho que realiza.<\/li>\n<li>Ambicione alcan\u00e7ar os melhores resultados poss\u00edveis.<\/li>\n<li>Promova o interesse p\u00fablico.<\/li>\n<\/ul>\n<p>Esse princ\u00edpio estende-se a todos os parceiros externos, garantindo que os prestadores de servi\u00e7os estejam em conformidade com os padr\u00f5es de servi\u00e7o prescritos.<\/p>\n<p><strong>Conformidade com a regulamenta\u00e7\u00e3o<\/strong><\/p>\n<p>As Sociedades n\u00e3o t\u00eam apet\u00eancia por fraude, corrup\u00e7\u00e3o ou qualquer outra atividade n\u00e3o autorizada e est\u00e3o empenhadas em garantir a conformidade com a legisla\u00e7\u00e3o, regulamenta\u00e7\u00e3o, c\u00f3digos do setor, padr\u00f5es \u00e9ticos e profissionais relevantes, bem como com as pol\u00edticas internas.<\/p>\n","protected":false},"excerpt":{"rendered":"Pr\u00e1ticas s\u00f3lidas de governan\u00e7a empresarial garantem que a RCI Life Limited e a RCI Insurance Limited (\u201cas Sociedades\u201d) continuem a cumprir os seus objetivos de comerciais, garantindo os interesses dos segurados, acionistas e outras partes interessadas, incentivando o crescimento sustent\u00e1vel e de longo prazo. As Sociedades assumem uma estrutura de governan\u00e7a que promove: Transpar\u00eancia Fun\u00e7\u00f5es&hellip;","protected":false},"author":1,"featured_media":0,"parent":6616,"menu_order":0,"comment_status":"closed","ping_status":"closed","template":"","meta":{"_acf_changed":false,"footnotes":""},"class_list":["post-6885","page","type-page","status-publish","hentry"],"acf":[],"yoast_head":"<!-- This site is optimized with the Yoast SEO plugin v24.3 - https:\/\/yoast.com\/wordpress\/plugins\/seo\/ -->\r\n<title>Valores da empresa - RCI INSURANCE<\/title>\r\n<meta name=\"robots\" content=\"index, follow, max-snippet:-1, max-image-preview:large, max-video-preview:-1\" \/>\r\n<link rel=\"canonical\" href=\"http:\/\/dev-rci-insurance.iconsandbox.com\/pt-pt\/sobre-a-rci-insurance\/valores-da-empresa\/\" \/>\r\n<meta property=\"og:locale\" content=\"pt_PT\" \/>\r\n<meta property=\"og:type\" content=\"article\" \/>\r\n<meta property=\"og:title\" content=\"Valores da empresa - RCI INSURANCE\" \/>\r\n<meta property=\"og:description\" content=\"Pr\u00e1ticas s\u00f3lidas de governan\u00e7a empresarial garantem que a RCI Life Limited e a RCI Insurance Limited (\u201cas Sociedades\u201d) continuem a cumprir os seus objetivos de comerciais, garantindo os interesses dos segurados, acionistas e outras partes interessadas, incentivando o crescimento sustent\u00e1vel e de longo prazo. As Sociedades assumem uma estrutura de governan\u00e7a que promove: Transpar\u00eancia Fun\u00e7\u00f5es&hellip;\" \/>\r\n<meta property=\"og:url\" content=\"http:\/\/dev-rci-insurance.iconsandbox.com\/pt-pt\/sobre-a-rci-insurance\/valores-da-empresa\/\" \/>\r\n<meta property=\"og:site_name\" content=\"RCI INSURANCE\" \/>\r\n<meta name=\"twitter:card\" content=\"summary_large_image\" \/>\r\n<script type=\"application\/ld+json\" class=\"yoast-schema-graph\">{\"@context\":\"https:\/\/schema.org\",\"@graph\":[{\"@type\":\"WebPage\",\"@id\":\"http:\/\/dev-rci-insurance.iconsandbox.com\/pt-pt\/sobre-a-rci-insurance\/valores-da-empresa\/\",\"url\":\"http:\/\/dev-rci-insurance.iconsandbox.com\/pt-pt\/sobre-a-rci-insurance\/valores-da-empresa\/\",\"name\":\"Valores da empresa - RCI INSURANCE\",\"isPartOf\":{\"@id\":\"http:\/\/dev-rci-insurance.iconsandbox.com\/#website\"},\"datePublished\":\"2023-04-14T13:29:14+00:00\",\"dateModified\":\"2023-04-14T13:29:14+00:00\",\"breadcrumb\":{\"@id\":\"http:\/\/dev-rci-insurance.iconsandbox.com\/pt-pt\/sobre-a-rci-insurance\/valores-da-empresa\/#breadcrumb\"},\"inLanguage\":\"pt-PT\",\"potentialAction\":[{\"@type\":\"ReadAction\",\"target\":[\"http:\/\/dev-rci-insurance.iconsandbox.com\/pt-pt\/sobre-a-rci-insurance\/valores-da-empresa\/\"]}]},{\"@type\":\"BreadcrumbList\",\"@id\":\"http:\/\/dev-rci-insurance.iconsandbox.com\/pt-pt\/sobre-a-rci-insurance\/valores-da-empresa\/#breadcrumb\",\"itemListElement\":[{\"@type\":\"ListItem\",\"position\":1,\"name\":\"Home\",\"item\":\"http:\/\/dev-rci-insurance.iconsandbox.com\/pt-pt\/\"},{\"@type\":\"ListItem\",\"position\":2,\"name\":\"Sobre a RCI Insurance\",\"item\":\"http:\/\/dev-rci-insurance.iconsandbox.com\/pt-pt\/sobre-a-rci-insurance\/\"},{\"@type\":\"ListItem\",\"position\":3,\"name\":\"Valores da empresa\"}]},{\"@type\":\"WebSite\",\"@id\":\"http:\/\/dev-rci-insurance.iconsandbox.com\/#website\",\"url\":\"http:\/\/dev-rci-insurance.iconsandbox.com\/\",\"name\":\"RCI INSURANCE\",\"description\":\"\",\"potentialAction\":[{\"@type\":\"SearchAction\",\"target\":{\"@type\":\"EntryPoint\",\"urlTemplate\":\"http:\/\/dev-rci-insurance.iconsandbox.com\/?s={search_term_string}\"},\"query-input\":{\"@type\":\"PropertyValueSpecification\",\"valueRequired\":true,\"valueName\":\"search_term_string\"}}],\"inLanguage\":\"pt-PT\"}]}<\/script>\r\n<!-- \/ Yoast SEO plugin. -->","yoast_head_json":{"title":"Valores da empresa - RCI INSURANCE","robots":{"index":"index","follow":"follow","max-snippet":"max-snippet:-1","max-image-preview":"max-image-preview:large","max-video-preview":"max-video-preview:-1"},"canonical":"http:\/\/dev-rci-insurance.iconsandbox.com\/pt-pt\/sobre-a-rci-insurance\/valores-da-empresa\/","og_locale":"pt_PT","og_type":"article","og_title":"Valores da empresa - RCI INSURANCE","og_description":"Pr\u00e1ticas s\u00f3lidas de governan\u00e7a empresarial garantem que a RCI Life Limited e a RCI Insurance Limited (\u201cas Sociedades\u201d) continuem a cumprir os seus objetivos de comerciais, garantindo os interesses dos segurados, acionistas e outras partes interessadas, incentivando o crescimento sustent\u00e1vel e de longo prazo. As Sociedades assumem uma estrutura de governan\u00e7a que promove: Transpar\u00eancia Fun\u00e7\u00f5es&hellip;","og_url":"http:\/\/dev-rci-insurance.iconsandbox.com\/pt-pt\/sobre-a-rci-insurance\/valores-da-empresa\/","og_site_name":"RCI INSURANCE","twitter_card":"summary_large_image","schema":{"@context":"https:\/\/schema.org","@graph":[{"@type":"WebPage","@id":"http:\/\/dev-rci-insurance.iconsandbox.com\/pt-pt\/sobre-a-rci-insurance\/valores-da-empresa\/","url":"http:\/\/dev-rci-insurance.iconsandbox.com\/pt-pt\/sobre-a-rci-insurance\/valores-da-empresa\/","name":"Valores da empresa - RCI INSURANCE","isPartOf":{"@id":"http:\/\/dev-rci-insurance.iconsandbox.com\/#website"},"datePublished":"2023-04-14T13:29:14+00:00","dateModified":"2023-04-14T13:29:14+00:00","breadcrumb":{"@id":"http:\/\/dev-rci-insurance.iconsandbox.com\/pt-pt\/sobre-a-rci-insurance\/valores-da-empresa\/#breadcrumb"},"inLanguage":"pt-PT","potentialAction":[{"@type":"ReadAction","target":["http:\/\/dev-rci-insurance.iconsandbox.com\/pt-pt\/sobre-a-rci-insurance\/valores-da-empresa\/"]}]},{"@type":"BreadcrumbList","@id":"http:\/\/dev-rci-insurance.iconsandbox.com\/pt-pt\/sobre-a-rci-insurance\/valores-da-empresa\/#breadcrumb","itemListElement":[{"@type":"ListItem","position":1,"name":"Home","item":"http:\/\/dev-rci-insurance.iconsandbox.com\/pt-pt\/"},{"@type":"ListItem","position":2,"name":"Sobre a RCI Insurance","item":"http:\/\/dev-rci-insurance.iconsandbox.com\/pt-pt\/sobre-a-rci-insurance\/"},{"@type":"ListItem","position":3,"name":"Valores da empresa"}]},{"@type":"WebSite","@id":"http:\/\/dev-rci-insurance.iconsandbox.com\/#website","url":"http:\/\/dev-rci-insurance.iconsandbox.com\/","name":"RCI INSURANCE","description":"","potentialAction":[{"@type":"SearchAction","target":{"@type":"EntryPoint","urlTemplate":"http:\/\/dev-rci-insurance.iconsandbox.com\/?s={search_term_string}"},"query-input":{"@type":"PropertyValueSpecification","valueRequired":true,"valueName":"search_term_string"}}],"inLanguage":"pt-PT"}]}},"_links":{"self":[{"href":"http:\/\/dev-rci-insurance.iconsandbox.com\/pt-pt\/wp-json\/wp\/v2\/pages\/6885","targetHints":{"allow":["GET"]}}],"collection":[{"href":"http:\/\/dev-rci-insurance.iconsandbox.com\/pt-pt\/wp-json\/wp\/v2\/pages"}],"about":[{"href":"http:\/\/dev-rci-insurance.iconsandbox.com\/pt-pt\/wp-json\/wp\/v2\/types\/page"}],"author":[{"embeddable":true,"href":"http:\/\/dev-rci-insurance.iconsandbox.com\/pt-pt\/wp-json\/wp\/v2\/users\/1"}],"replies":[{"embeddable":true,"href":"http:\/\/dev-rci-insurance.iconsandbox.com\/pt-pt\/wp-json\/wp\/v2\/comments?post=6885"}],"version-history":[{"count":1,"href":"http:\/\/dev-rci-insurance.iconsandbox.com\/pt-pt\/wp-json\/wp\/v2\/pages\/6885\/revisions"}],"predecessor-version":[{"id":6886,"href":"http:\/\/dev-rci-insurance.iconsandbox.com\/pt-pt\/wp-json\/wp\/v2\/pages\/6885\/revisions\/6886"}],"up":[{"embeddable":true,"href":"http:\/\/dev-rci-insurance.iconsandbox.com\/pt-pt\/wp-json\/wp\/v2\/pages\/6616"}],"wp:attachment":[{"href":"http:\/\/dev-rci-insurance.iconsandbox.com\/pt-pt\/wp-json\/wp\/v2\/media?parent=6885"}],"curies":[{"name":"wp","href":"https:\/\/api.w.org\/{rel}","templated":true}]}}