{"id":6872,"date":"2023-04-14T11:43:17","date_gmt":"2023-04-14T09:43:17","guid":{"rendered":"http:\/\/dev-rci-insurance.iconsandbox.com\/?page_id=6872"},"modified":"2024-10-15T14:11:07","modified_gmt":"2024-10-15T12:11:07","slug":"demonstracoes-financeiras-auditadas","status":"publish","type":"page","link":"http:\/\/dev-rci-insurance.iconsandbox.com\/pt-pt\/sobre-a-rci-insurance\/demonstracoes-financeiras-auditadas\/","title":{"rendered":"Demonstra\u00e7\u00f5es Financeiras Auditadas"},"content":{"rendered":"<p>Demonstra\u00e7\u00f5es Financeiras Auditadas<\/p>\n","protected":false},"excerpt":{"rendered":"Demonstra\u00e7\u00f5es Financeiras Auditadas","protected":false},"author":1,"featured_media":0,"parent":6616,"menu_order":0,"comment_status":"closed","ping_status":"closed","template":"page-downloads.php","meta":{"_acf_changed":false,"footnotes":""},"class_list":["post-6872","page","type-page","status-publish","hentry"],"acf":[],"yoast_head":"<!-- This site is optimized with the Yoast SEO plugin v24.3 - https:\/\/yoast.com\/wordpress\/plugins\/seo\/ -->\r\n<title>Demonstra\u00e7\u00f5es Financeiras Auditadas - RCI INSURANCE<\/title>\r\n<meta name=\"robots\" content=\"index, follow, max-snippet:-1, max-image-preview:large, max-video-preview:-1\" \/>\r\n<link rel=\"canonical\" href=\"http:\/\/dev-rci-insurance.iconsandbox.com\/pt-pt\/sobre-a-rci-insurance\/demonstracoes-financeiras-auditadas\/\" \/>\r\n<meta property=\"og:locale\" content=\"pt_PT\" \/>\r\n<meta property=\"og:type\" content=\"article\" \/>\r\n<meta property=\"og:title\" content=\"Demonstra\u00e7\u00f5es Financeiras Auditadas - RCI INSURANCE\" \/>\r\n<meta property=\"og:description\" content=\"Demonstra\u00e7\u00f5es Financeiras Auditadas\" \/>\r\n<meta property=\"og:url\" content=\"http:\/\/dev-rci-insurance.iconsandbox.com\/pt-pt\/sobre-a-rci-insurance\/demonstracoes-financeiras-auditadas\/\" \/>\r\n<meta property=\"og:site_name\" content=\"RCI INSURANCE\" \/>\r\n<meta property=\"article:modified_time\" content=\"2024-10-15T12:11:07+00:00\" \/>\r\n<meta name=\"twitter:card\" content=\"summary_large_image\" \/>\r\n<meta name=\"twitter:label1\" content=\"Tempo estimado de leitura\" \/>\n\t<meta name=\"twitter:data1\" content=\"1 minuto\" \/>\r\n<script type=\"application\/ld+json\" class=\"yoast-schema-graph\">{\"@context\":\"https:\/\/schema.org\",\"@graph\":[{\"@type\":\"WebPage\",\"@id\":\"http:\/\/dev-rci-insurance.iconsandbox.com\/pt-pt\/sobre-a-rci-insurance\/demonstracoes-financeiras-auditadas\/\",\"url\":\"http:\/\/dev-rci-insurance.iconsandbox.com\/pt-pt\/sobre-a-rci-insurance\/demonstracoes-financeiras-auditadas\/\",\"name\":\"Demonstra\u00e7\u00f5es Financeiras Auditadas - RCI INSURANCE\",\"isPartOf\":{\"@id\":\"http:\/\/dev-rci-insurance.iconsandbox.com\/#website\"},\"datePublished\":\"2023-04-14T09:43:17+00:00\",\"dateModified\":\"2024-10-15T12:11:07+00:00\",\"breadcrumb\":{\"@id\":\"http:\/\/dev-rci-insurance.iconsandbox.com\/pt-pt\/sobre-a-rci-insurance\/demonstracoes-financeiras-auditadas\/#breadcrumb\"},\"inLanguage\":\"pt-PT\",\"potentialAction\":[{\"@type\":\"ReadAction\",\"target\":[\"http:\/\/dev-rci-insurance.iconsandbox.com\/pt-pt\/sobre-a-rci-insurance\/demonstracoes-financeiras-auditadas\/\"]}]},{\"@type\":\"BreadcrumbList\",\"@id\":\"http:\/\/dev-rci-insurance.iconsandbox.com\/pt-pt\/sobre-a-rci-insurance\/demonstracoes-financeiras-auditadas\/#breadcrumb\",\"itemListElement\":[{\"@type\":\"ListItem\",\"position\":1,\"name\":\"Home\",\"item\":\"http:\/\/dev-rci-insurance.iconsandbox.com\/pt-pt\/\"},{\"@type\":\"ListItem\",\"position\":2,\"name\":\"Sobre a RCI Insurance\",\"item\":\"http:\/\/dev-rci-insurance.iconsandbox.com\/pt-pt\/sobre-a-rci-insurance\/\"},{\"@type\":\"ListItem\",\"position\":3,\"name\":\"Demonstra\u00e7\u00f5es Financeiras Auditadas\"}]},{\"@type\":\"WebSite\",\"@id\":\"http:\/\/dev-rci-insurance.iconsandbox.com\/#website\",\"url\":\"http:\/\/dev-rci-insurance.iconsandbox.com\/\",\"name\":\"RCI INSURANCE\",\"description\":\"\",\"potentialAction\":[{\"@type\":\"SearchAction\",\"target\":{\"@type\":\"EntryPoint\",\"urlTemplate\":\"http:\/\/dev-rci-insurance.iconsandbox.com\/?s={search_term_string}\"},\"query-input\":{\"@type\":\"PropertyValueSpecification\",\"valueRequired\":true,\"valueName\":\"search_term_string\"}}],\"inLanguage\":\"pt-PT\"}]}<\/script>\r\n<!-- \/ Yoast SEO plugin. -->","yoast_head_json":{"title":"Demonstra\u00e7\u00f5es Financeiras Auditadas - RCI INSURANCE","robots":{"index":"index","follow":"follow","max-snippet":"max-snippet:-1","max-image-preview":"max-image-preview:large","max-video-preview":"max-video-preview:-1"},"canonical":"http:\/\/dev-rci-insurance.iconsandbox.com\/pt-pt\/sobre-a-rci-insurance\/demonstracoes-financeiras-auditadas\/","og_locale":"pt_PT","og_type":"article","og_title":"Demonstra\u00e7\u00f5es Financeiras Auditadas - RCI INSURANCE","og_description":"Demonstra\u00e7\u00f5es Financeiras Auditadas","og_url":"http:\/\/dev-rci-insurance.iconsandbox.com\/pt-pt\/sobre-a-rci-insurance\/demonstracoes-financeiras-auditadas\/","og_site_name":"RCI INSURANCE","article_modified_time":"2024-10-15T12:11:07+00:00","twitter_card":"summary_large_image","twitter_misc":{"Tempo estimado de leitura":"1 minuto"},"schema":{"@context":"https:\/\/schema.org","@graph":[{"@type":"WebPage","@id":"http:\/\/dev-rci-insurance.iconsandbox.com\/pt-pt\/sobre-a-rci-insurance\/demonstracoes-financeiras-auditadas\/","url":"http:\/\/dev-rci-insurance.iconsandbox.com\/pt-pt\/sobre-a-rci-insurance\/demonstracoes-financeiras-auditadas\/","name":"Demonstra\u00e7\u00f5es Financeiras Auditadas - RCI INSURANCE","isPartOf":{"@id":"http:\/\/dev-rci-insurance.iconsandbox.com\/#website"},"datePublished":"2023-04-14T09:43:17+00:00","dateModified":"2024-10-15T12:11:07+00:00","breadcrumb":{"@id":"http:\/\/dev-rci-insurance.iconsandbox.com\/pt-pt\/sobre-a-rci-insurance\/demonstracoes-financeiras-auditadas\/#breadcrumb"},"inLanguage":"pt-PT","potentialAction":[{"@type":"ReadAction","target":["http:\/\/dev-rci-insurance.iconsandbox.com\/pt-pt\/sobre-a-rci-insurance\/demonstracoes-financeiras-auditadas\/"]}]},{"@type":"BreadcrumbList","@id":"http:\/\/dev-rci-insurance.iconsandbox.com\/pt-pt\/sobre-a-rci-insurance\/demonstracoes-financeiras-auditadas\/#breadcrumb","itemListElement":[{"@type":"ListItem","position":1,"name":"Home","item":"http:\/\/dev-rci-insurance.iconsandbox.com\/pt-pt\/"},{"@type":"ListItem","position":2,"name":"Sobre a RCI Insurance","item":"http:\/\/dev-rci-insurance.iconsandbox.com\/pt-pt\/sobre-a-rci-insurance\/"},{"@type":"ListItem","position":3,"name":"Demonstra\u00e7\u00f5es Financeiras Auditadas"}]},{"@type":"WebSite","@id":"http:\/\/dev-rci-insurance.iconsandbox.com\/#website","url":"http:\/\/dev-rci-insurance.iconsandbox.com\/","name":"RCI INSURANCE","description":"","potentialAction":[{"@type":"SearchAction","target":{"@type":"EntryPoint","urlTemplate":"http:\/\/dev-rci-insurance.iconsandbox.com\/?s={search_term_string}"},"query-input":{"@type":"PropertyValueSpecification","valueRequired":true,"valueName":"search_term_string"}}],"inLanguage":"pt-PT"}]}},"_links":{"self":[{"href":"http:\/\/dev-rci-insurance.iconsandbox.com\/pt-pt\/wp-json\/wp\/v2\/pages\/6872","targetHints":{"allow":["GET"]}}],"collection":[{"href":"http:\/\/dev-rci-insurance.iconsandbox.com\/pt-pt\/wp-json\/wp\/v2\/pages"}],"about":[{"href":"http:\/\/dev-rci-insurance.iconsandbox.com\/pt-pt\/wp-json\/wp\/v2\/types\/page"}],"author":[{"embeddable":true,"href":"http:\/\/dev-rci-insurance.iconsandbox.com\/pt-pt\/wp-json\/wp\/v2\/users\/1"}],"replies":[{"embeddable":true,"href":"http:\/\/dev-rci-insurance.iconsandbox.com\/pt-pt\/wp-json\/wp\/v2\/comments?post=6872"}],"version-history":[{"count":7,"href":"http:\/\/dev-rci-insurance.iconsandbox.com\/pt-pt\/wp-json\/wp\/v2\/pages\/6872\/revisions"}],"predecessor-version":[{"id":8581,"href":"http:\/\/dev-rci-insurance.iconsandbox.com\/pt-pt\/wp-json\/wp\/v2\/pages\/6872\/revisions\/8581"}],"up":[{"embeddable":true,"href":"http:\/\/dev-rci-insurance.iconsandbox.com\/pt-pt\/wp-json\/wp\/v2\/pages\/6616"}],"wp:attachment":[{"href":"http:\/\/dev-rci-insurance.iconsandbox.com\/pt-pt\/wp-json\/wp\/v2\/media?parent=6872"}],"curies":[{"name":"wp","href":"https:\/\/api.w.org\/{rel}","templated":true}]}}