{"id":6751,"date":"2023-04-11T21:16:25","date_gmt":"2023-04-11T19:16:25","guid":{"rendered":"http:\/\/dev-rci-insurance.iconsandbox.com\/?page_id=6751"},"modified":"2024-03-11T16:09:01","modified_gmt":"2024-03-11T15:09:01","slug":"6751-2","status":"publish","type":"page","link":"http:\/\/dev-rci-insurance.iconsandbox.com\/pt-pt\/6751-2\/","title":{"rendered":"Fazer uma Reclama\u00e7\u00e3o"},"content":{"rendered":"<p><strong>A nossa promessa para consigo.<\/strong> A RCI Insurance visa oferecer um excelente servi\u00e7o ao cliente e espera que nunca tenha motivos para reclamar, por\u00e9m, por vezes as coisas podem correr mal. Se a RCI Insurance n\u00e3o puder resolver o problema imediatamente, garantimos que a sua reclama\u00e7\u00e3o ser\u00e1 tratada de forma justa, diligente e dentro de um prazo razo\u00e1vel.<\/p>\n","protected":false},"excerpt":{"rendered":"A nossa promessa para consigo. A RCI Insurance visa oferecer um excelente servi\u00e7o ao cliente e espera que nunca tenha motivos para reclamar, por\u00e9m, por vezes as coisas podem correr mal. Se a RCI Insurance n\u00e3o puder resolver o problema imediatamente, garantimos que a sua reclama\u00e7\u00e3o ser\u00e1 tratada de forma justa, diligente e dentro de&hellip;","protected":false},"author":1,"featured_media":0,"parent":0,"menu_order":0,"comment_status":"closed","ping_status":"closed","template":"","meta":{"_acf_changed":false,"footnotes":""},"class_list":["post-6751","page","type-page","status-publish","hentry"],"acf":[],"yoast_head":"<!-- This site is optimized with the Yoast SEO plugin v24.3 - https:\/\/yoast.com\/wordpress\/plugins\/seo\/ -->\r\n<title>Fazer uma Reclama\u00e7\u00e3o - RCI INSURANCE<\/title>\r\n<meta name=\"robots\" content=\"index, follow, max-snippet:-1, max-image-preview:large, max-video-preview:-1\" \/>\r\n<link rel=\"canonical\" href=\"https:\/\/dev-rci-insurance.iconsandbox.com\/pt-pt\/6751-2\/\" \/>\r\n<meta property=\"og:locale\" content=\"pt_PT\" \/>\r\n<meta property=\"og:type\" content=\"article\" \/>\r\n<meta property=\"og:title\" content=\"Fazer uma Reclama\u00e7\u00e3o - RCI INSURANCE\" \/>\r\n<meta property=\"og:description\" content=\"A nossa promessa para consigo. A RCI Insurance visa oferecer um excelente servi\u00e7o ao cliente e espera que nunca tenha motivos para reclamar, por\u00e9m, por vezes as coisas podem correr mal. Se a RCI Insurance n\u00e3o puder resolver o problema imediatamente, garantimos que a sua reclama\u00e7\u00e3o ser\u00e1 tratada de forma justa, diligente e dentro de&hellip;\" \/>\r\n<meta property=\"og:url\" content=\"https:\/\/dev-rci-insurance.iconsandbox.com\/pt-pt\/6751-2\/\" \/>\r\n<meta property=\"og:site_name\" content=\"RCI INSURANCE\" \/>\r\n<meta property=\"article:modified_time\" content=\"2024-03-11T15:09:01+00:00\" \/>\r\n<meta name=\"twitter:card\" content=\"summary_large_image\" \/>\r\n<meta name=\"twitter:label1\" content=\"Tempo estimado de leitura\" \/>\n\t<meta name=\"twitter:data1\" content=\"1 minuto\" \/>\r\n<script type=\"application\/ld+json\" class=\"yoast-schema-graph\">{\"@context\":\"https:\/\/schema.org\",\"@graph\":[{\"@type\":\"WebPage\",\"@id\":\"https:\/\/dev-rci-insurance.iconsandbox.com\/pt-pt\/6751-2\/\",\"url\":\"https:\/\/dev-rci-insurance.iconsandbox.com\/pt-pt\/6751-2\/\",\"name\":\"Fazer uma Reclama\u00e7\u00e3o - RCI INSURANCE\",\"isPartOf\":{\"@id\":\"http:\/\/dev-rci-insurance.iconsandbox.com\/de\/#website\"},\"datePublished\":\"2023-04-11T19:16:25+00:00\",\"dateModified\":\"2024-03-11T15:09:01+00:00\",\"breadcrumb\":{\"@id\":\"https:\/\/dev-rci-insurance.iconsandbox.com\/pt-pt\/6751-2\/#breadcrumb\"},\"inLanguage\":\"pt-PT\",\"potentialAction\":[{\"@type\":\"ReadAction\",\"target\":[\"https:\/\/dev-rci-insurance.iconsandbox.com\/pt-pt\/6751-2\/\"]}]},{\"@type\":\"BreadcrumbList\",\"@id\":\"https:\/\/dev-rci-insurance.iconsandbox.com\/pt-pt\/6751-2\/#breadcrumb\",\"itemListElement\":[{\"@type\":\"ListItem\",\"position\":1,\"name\":\"Home\",\"item\":\"https:\/\/dev-rci-insurance.iconsandbox.com\/pt-pt\/\"},{\"@type\":\"ListItem\",\"position\":2,\"name\":\"Fazer uma Reclama\u00e7\u00e3o\"}]},{\"@type\":\"WebSite\",\"@id\":\"http:\/\/dev-rci-insurance.iconsandbox.com\/de\/#website\",\"url\":\"http:\/\/dev-rci-insurance.iconsandbox.com\/de\/\",\"name\":\"RCI INSURANCE\",\"description\":\"\",\"potentialAction\":[{\"@type\":\"SearchAction\",\"target\":{\"@type\":\"EntryPoint\",\"urlTemplate\":\"http:\/\/dev-rci-insurance.iconsandbox.com\/de\/?s={search_term_string}\"},\"query-input\":{\"@type\":\"PropertyValueSpecification\",\"valueRequired\":true,\"valueName\":\"search_term_string\"}}],\"inLanguage\":\"pt-PT\"}]}<\/script>\r\n<!-- \/ Yoast SEO plugin. -->","yoast_head_json":{"title":"Fazer uma Reclama\u00e7\u00e3o - RCI INSURANCE","robots":{"index":"index","follow":"follow","max-snippet":"max-snippet:-1","max-image-preview":"max-image-preview:large","max-video-preview":"max-video-preview:-1"},"canonical":"https:\/\/dev-rci-insurance.iconsandbox.com\/pt-pt\/6751-2\/","og_locale":"pt_PT","og_type":"article","og_title":"Fazer uma Reclama\u00e7\u00e3o - RCI INSURANCE","og_description":"A nossa promessa para consigo. A RCI Insurance visa oferecer um excelente servi\u00e7o ao cliente e espera que nunca tenha motivos para reclamar, por\u00e9m, por vezes as coisas podem correr mal. Se a RCI Insurance n\u00e3o puder resolver o problema imediatamente, garantimos que a sua reclama\u00e7\u00e3o ser\u00e1 tratada de forma justa, diligente e dentro de&hellip;","og_url":"https:\/\/dev-rci-insurance.iconsandbox.com\/pt-pt\/6751-2\/","og_site_name":"RCI INSURANCE","article_modified_time":"2024-03-11T15:09:01+00:00","twitter_card":"summary_large_image","twitter_misc":{"Tempo estimado de leitura":"1 minuto"},"schema":{"@context":"https:\/\/schema.org","@graph":[{"@type":"WebPage","@id":"https:\/\/dev-rci-insurance.iconsandbox.com\/pt-pt\/6751-2\/","url":"https:\/\/dev-rci-insurance.iconsandbox.com\/pt-pt\/6751-2\/","name":"Fazer uma Reclama\u00e7\u00e3o - RCI INSURANCE","isPartOf":{"@id":"http:\/\/dev-rci-insurance.iconsandbox.com\/de\/#website"},"datePublished":"2023-04-11T19:16:25+00:00","dateModified":"2024-03-11T15:09:01+00:00","breadcrumb":{"@id":"https:\/\/dev-rci-insurance.iconsandbox.com\/pt-pt\/6751-2\/#breadcrumb"},"inLanguage":"pt-PT","potentialAction":[{"@type":"ReadAction","target":["https:\/\/dev-rci-insurance.iconsandbox.com\/pt-pt\/6751-2\/"]}]},{"@type":"BreadcrumbList","@id":"https:\/\/dev-rci-insurance.iconsandbox.com\/pt-pt\/6751-2\/#breadcrumb","itemListElement":[{"@type":"ListItem","position":1,"name":"Home","item":"https:\/\/dev-rci-insurance.iconsandbox.com\/pt-pt\/"},{"@type":"ListItem","position":2,"name":"Fazer uma Reclama\u00e7\u00e3o"}]},{"@type":"WebSite","@id":"http:\/\/dev-rci-insurance.iconsandbox.com\/de\/#website","url":"http:\/\/dev-rci-insurance.iconsandbox.com\/de\/","name":"RCI INSURANCE","description":"","potentialAction":[{"@type":"SearchAction","target":{"@type":"EntryPoint","urlTemplate":"http:\/\/dev-rci-insurance.iconsandbox.com\/de\/?s={search_term_string}"},"query-input":{"@type":"PropertyValueSpecification","valueRequired":true,"valueName":"search_term_string"}}],"inLanguage":"pt-PT"}]}},"_links":{"self":[{"href":"http:\/\/dev-rci-insurance.iconsandbox.com\/pt-pt\/wp-json\/wp\/v2\/pages\/6751","targetHints":{"allow":["GET"]}}],"collection":[{"href":"http:\/\/dev-rci-insurance.iconsandbox.com\/pt-pt\/wp-json\/wp\/v2\/pages"}],"about":[{"href":"http:\/\/dev-rci-insurance.iconsandbox.com\/pt-pt\/wp-json\/wp\/v2\/types\/page"}],"author":[{"embeddable":true,"href":"http:\/\/dev-rci-insurance.iconsandbox.com\/pt-pt\/wp-json\/wp\/v2\/users\/1"}],"replies":[{"embeddable":true,"href":"http:\/\/dev-rci-insurance.iconsandbox.com\/pt-pt\/wp-json\/wp\/v2\/comments?post=6751"}],"version-history":[{"count":15,"href":"http:\/\/dev-rci-insurance.iconsandbox.com\/pt-pt\/wp-json\/wp\/v2\/pages\/6751\/revisions"}],"predecessor-version":[{"id":8520,"href":"http:\/\/dev-rci-insurance.iconsandbox.com\/pt-pt\/wp-json\/wp\/v2\/pages\/6751\/revisions\/8520"}],"wp:attachment":[{"href":"http:\/\/dev-rci-insurance.iconsandbox.com\/pt-pt\/wp-json\/wp\/v2\/media?parent=6751"}],"curies":[{"name":"wp","href":"https:\/\/api.w.org\/{rel}","templated":true}]}}