{"id":6742,"date":"2023-04-11T21:03:59","date_gmt":"2023-04-11T19:03:59","guid":{"rendered":"http:\/\/dev-rci-insurance.iconsandbox.com\/?page_id=6742"},"modified":"2023-06-02T13:42:29","modified_gmt":"2023-06-02T11:42:29","slug":"home","status":"publish","type":"page","link":"http:\/\/dev-rci-insurance.iconsandbox.com\/pt-pt\/","title":{"rendered":"In\u00edcio"},"content":{"rendered":"<h2>Seguro para satisfazer as suas necessidades<\/h2>\n<p><strong>A RCI Insurance Ltd e a RCI Life Ltd visam fornecer solu\u00e7\u00f5es de seguros aos clientes do neg\u00f3cio de financiamento autom\u00f3vel da Mobilize Financial Services e est\u00e3o autorizadas pela Autoridade de Servi\u00e7os Financeiros de Malta.<\/strong><\/p>\n<p>A RCI Life Limited (C45787) e a RCI Insurance Limited (C45786) (\u201cas Sociedades\u201d) foram constitu\u00eddas em Malta em 10 de dezembro de 2008 como subsidi\u00e1rias da RCI Services Limited (C45692) (constitu\u00edda em 26 de novembro de 2008), uma subsidi\u00e1ria total da Mobilize Financial Services. A principal atividade da RCI Services Limited \u00e9 a de uma sociedade gestora de participa\u00e7\u00f5es sociais, oferecendo v\u00e1rios servi\u00e7os administrativos \u00e0s suas subsidi\u00e1rias. As Sociedades, que oferecem solu\u00e7\u00f5es de seguros a clientes do neg\u00f3cio de financiamento autom\u00f3vel da Mobilize Financial Services, est\u00e3o autorizadas ao abrigo da Lei da Atividade Seguradora de 1998 a exercer no longo prazo e atividade geral em Fran\u00e7a, Alemanha, It\u00e1lia e Espanha, e est\u00e3o reguladas pela Autoridade de Servi\u00e7os Financeiros de Malta.<\/p>\n","protected":false},"excerpt":{"rendered":"Seguro para satisfazer as suas necessidades A RCI Insurance Ltd e a RCI Life Ltd visam fornecer solu\u00e7\u00f5es de seguros aos clientes do neg\u00f3cio de financiamento autom\u00f3vel da Mobilize Financial Services e est\u00e3o autorizadas pela Autoridade de Servi\u00e7os Financeiros de Malta. A RCI Life Limited (C45787) e a RCI Insurance Limited (C45786) (\u201cas Sociedades\u201d) foram&hellip;","protected":false},"author":1,"featured_media":6749,"parent":0,"menu_order":0,"comment_status":"closed","ping_status":"open","template":"page-home.php","meta":{"_acf_changed":false,"footnotes":""},"class_list":["post-6742","page","type-page","status-publish","has-post-thumbnail","hentry"],"acf":[],"yoast_head":"<!-- This site is optimized with the Yoast SEO plugin v24.3 - https:\/\/yoast.com\/wordpress\/plugins\/seo\/ -->\r\n<title>In\u00edcio - RCI INSURANCE<\/title>\r\n<meta name=\"robots\" content=\"index, follow, max-snippet:-1, max-image-preview:large, max-video-preview:-1\" \/>\r\n<link rel=\"canonical\" href=\"http:\/\/dev-rci-insurance.iconsandbox.com\/pt-pt\/\" \/>\r\n<meta property=\"og:locale\" content=\"pt_PT\" \/>\r\n<meta property=\"og:type\" content=\"article\" \/>\r\n<meta property=\"og:title\" content=\"In\u00edcio - RCI INSURANCE\" \/>\r\n<meta property=\"og:description\" content=\"Seguro para satisfazer as suas necessidades A RCI Insurance Ltd e a RCI Life Ltd visam fornecer solu\u00e7\u00f5es de seguros aos clientes do neg\u00f3cio de financiamento autom\u00f3vel da Mobilize Financial Services e est\u00e3o autorizadas pela Autoridade de Servi\u00e7os Financeiros de Malta. A RCI Life Limited (C45787) e a RCI Insurance Limited (C45786) (\u201cas Sociedades\u201d) foram&hellip;\" \/>\r\n<meta property=\"og:url\" content=\"http:\/\/dev-rci-insurance.iconsandbox.com\/pt-pt\/\" \/>\r\n<meta property=\"og:site_name\" content=\"RCI INSURANCE\" \/>\r\n<meta property=\"article:modified_time\" content=\"2023-06-02T11:42:29+00:00\" \/>\r\n<meta property=\"og:image\" content=\"http:\/\/dev-rci-insurance.iconsandbox.com\/wp-content\/uploads\/2023\/03\/default-banner.png\" \/>\r\n\t<meta property=\"og:image:width\" content=\"1440\" \/>\r\n\t<meta property=\"og:image:height\" content=\"621\" \/>\r\n\t<meta property=\"og:image:type\" content=\"image\/png\" \/>\r\n<meta name=\"twitter:card\" content=\"summary_large_image\" \/>\r\n<meta name=\"twitter:label1\" content=\"Tempo estimado de leitura\" \/>\n\t<meta name=\"twitter:data1\" content=\"1 minuto\" \/>\r\n<script type=\"application\/ld+json\" class=\"yoast-schema-graph\">{\"@context\":\"https:\/\/schema.org\",\"@graph\":[{\"@type\":\"WebPage\",\"@id\":\"http:\/\/dev-rci-insurance.iconsandbox.com\/pt-pt\/\",\"url\":\"http:\/\/dev-rci-insurance.iconsandbox.com\/pt-pt\/\",\"name\":\"In\u00edcio - RCI INSURANCE\",\"isPartOf\":{\"@id\":\"http:\/\/dev-rci-insurance.iconsandbox.com\/pl\/#website\"},\"primaryImageOfPage\":{\"@id\":\"http:\/\/dev-rci-insurance.iconsandbox.com\/pt-pt\/#primaryimage\"},\"image\":{\"@id\":\"http:\/\/dev-rci-insurance.iconsandbox.com\/pt-pt\/#primaryimage\"},\"thumbnailUrl\":\"http:\/\/dev-rci-insurance.iconsandbox.com\/wp-content\/uploads\/2023\/03\/default-banner.png\",\"datePublished\":\"2023-04-11T19:03:59+00:00\",\"dateModified\":\"2023-06-02T11:42:29+00:00\",\"breadcrumb\":{\"@id\":\"http:\/\/dev-rci-insurance.iconsandbox.com\/pt-pt\/#breadcrumb\"},\"inLanguage\":\"pt-PT\",\"potentialAction\":[{\"@type\":\"ReadAction\",\"target\":[\"http:\/\/dev-rci-insurance.iconsandbox.com\/pt-pt\/\"]}]},{\"@type\":\"ImageObject\",\"inLanguage\":\"pt-PT\",\"@id\":\"http:\/\/dev-rci-insurance.iconsandbox.com\/pt-pt\/#primaryimage\",\"url\":\"http:\/\/dev-rci-insurance.iconsandbox.com\/wp-content\/uploads\/2023\/03\/default-banner.png\",\"contentUrl\":\"http:\/\/dev-rci-insurance.iconsandbox.com\/wp-content\/uploads\/2023\/03\/default-banner.png\",\"width\":1440,\"height\":621},{\"@type\":\"BreadcrumbList\",\"@id\":\"http:\/\/dev-rci-insurance.iconsandbox.com\/pt-pt\/#breadcrumb\",\"itemListElement\":[{\"@type\":\"ListItem\",\"position\":1,\"name\":\"Home\",\"item\":\"http:\/\/dev-rci-insurance.iconsandbox.com\/pt-pt\/\"},{\"@type\":\"ListItem\",\"position\":2,\"name\":\"In\u00edcio\"}]},{\"@type\":\"WebSite\",\"@id\":\"http:\/\/dev-rci-insurance.iconsandbox.com\/pl\/#website\",\"url\":\"http:\/\/dev-rci-insurance.iconsandbox.com\/pl\/\",\"name\":\"RCI INSURANCE\",\"description\":\"\",\"potentialAction\":[{\"@type\":\"SearchAction\",\"target\":{\"@type\":\"EntryPoint\",\"urlTemplate\":\"http:\/\/dev-rci-insurance.iconsandbox.com\/pl\/?s={search_term_string}\"},\"query-input\":{\"@type\":\"PropertyValueSpecification\",\"valueRequired\":true,\"valueName\":\"search_term_string\"}}],\"inLanguage\":\"pt-PT\"}]}<\/script>\r\n<!-- \/ Yoast SEO plugin. -->","yoast_head_json":{"title":"In\u00edcio - RCI INSURANCE","robots":{"index":"index","follow":"follow","max-snippet":"max-snippet:-1","max-image-preview":"max-image-preview:large","max-video-preview":"max-video-preview:-1"},"canonical":"http:\/\/dev-rci-insurance.iconsandbox.com\/pt-pt\/","og_locale":"pt_PT","og_type":"article","og_title":"In\u00edcio - RCI INSURANCE","og_description":"Seguro para satisfazer as suas necessidades A RCI Insurance Ltd e a RCI Life Ltd visam fornecer solu\u00e7\u00f5es de seguros aos clientes do neg\u00f3cio de financiamento autom\u00f3vel da Mobilize Financial Services e est\u00e3o autorizadas pela Autoridade de Servi\u00e7os Financeiros de Malta. A RCI Life Limited (C45787) e a RCI Insurance Limited (C45786) (\u201cas Sociedades\u201d) foram&hellip;","og_url":"http:\/\/dev-rci-insurance.iconsandbox.com\/pt-pt\/","og_site_name":"RCI INSURANCE","article_modified_time":"2023-06-02T11:42:29+00:00","og_image":[{"width":1440,"height":621,"url":"http:\/\/dev-rci-insurance.iconsandbox.com\/wp-content\/uploads\/2023\/03\/default-banner.png","type":"image\/png"}],"twitter_card":"summary_large_image","twitter_misc":{"Tempo estimado de leitura":"1 minuto"},"schema":{"@context":"https:\/\/schema.org","@graph":[{"@type":"WebPage","@id":"http:\/\/dev-rci-insurance.iconsandbox.com\/pt-pt\/","url":"http:\/\/dev-rci-insurance.iconsandbox.com\/pt-pt\/","name":"In\u00edcio - RCI INSURANCE","isPartOf":{"@id":"http:\/\/dev-rci-insurance.iconsandbox.com\/pl\/#website"},"primaryImageOfPage":{"@id":"http:\/\/dev-rci-insurance.iconsandbox.com\/pt-pt\/#primaryimage"},"image":{"@id":"http:\/\/dev-rci-insurance.iconsandbox.com\/pt-pt\/#primaryimage"},"thumbnailUrl":"http:\/\/dev-rci-insurance.iconsandbox.com\/wp-content\/uploads\/2023\/03\/default-banner.png","datePublished":"2023-04-11T19:03:59+00:00","dateModified":"2023-06-02T11:42:29+00:00","breadcrumb":{"@id":"http:\/\/dev-rci-insurance.iconsandbox.com\/pt-pt\/#breadcrumb"},"inLanguage":"pt-PT","potentialAction":[{"@type":"ReadAction","target":["http:\/\/dev-rci-insurance.iconsandbox.com\/pt-pt\/"]}]},{"@type":"ImageObject","inLanguage":"pt-PT","@id":"http:\/\/dev-rci-insurance.iconsandbox.com\/pt-pt\/#primaryimage","url":"http:\/\/dev-rci-insurance.iconsandbox.com\/wp-content\/uploads\/2023\/03\/default-banner.png","contentUrl":"http:\/\/dev-rci-insurance.iconsandbox.com\/wp-content\/uploads\/2023\/03\/default-banner.png","width":1440,"height":621},{"@type":"BreadcrumbList","@id":"http:\/\/dev-rci-insurance.iconsandbox.com\/pt-pt\/#breadcrumb","itemListElement":[{"@type":"ListItem","position":1,"name":"Home","item":"http:\/\/dev-rci-insurance.iconsandbox.com\/pt-pt\/"},{"@type":"ListItem","position":2,"name":"In\u00edcio"}]},{"@type":"WebSite","@id":"http:\/\/dev-rci-insurance.iconsandbox.com\/pl\/#website","url":"http:\/\/dev-rci-insurance.iconsandbox.com\/pl\/","name":"RCI INSURANCE","description":"","potentialAction":[{"@type":"SearchAction","target":{"@type":"EntryPoint","urlTemplate":"http:\/\/dev-rci-insurance.iconsandbox.com\/pl\/?s={search_term_string}"},"query-input":{"@type":"PropertyValueSpecification","valueRequired":true,"valueName":"search_term_string"}}],"inLanguage":"pt-PT"}]}},"_links":{"self":[{"href":"http:\/\/dev-rci-insurance.iconsandbox.com\/pt-pt\/wp-json\/wp\/v2\/pages\/6742","targetHints":{"allow":["GET"]}}],"collection":[{"href":"http:\/\/dev-rci-insurance.iconsandbox.com\/pt-pt\/wp-json\/wp\/v2\/pages"}],"about":[{"href":"http:\/\/dev-rci-insurance.iconsandbox.com\/pt-pt\/wp-json\/wp\/v2\/types\/page"}],"author":[{"embeddable":true,"href":"http:\/\/dev-rci-insurance.iconsandbox.com\/pt-pt\/wp-json\/wp\/v2\/users\/1"}],"replies":[{"embeddable":true,"href":"http:\/\/dev-rci-insurance.iconsandbox.com\/pt-pt\/wp-json\/wp\/v2\/comments?post=6742"}],"version-history":[{"count":15,"href":"http:\/\/dev-rci-insurance.iconsandbox.com\/pt-pt\/wp-json\/wp\/v2\/pages\/6742\/revisions"}],"predecessor-version":[{"id":8127,"href":"http:\/\/dev-rci-insurance.iconsandbox.com\/pt-pt\/wp-json\/wp\/v2\/pages\/6742\/revisions\/8127"}],"wp:featuredmedia":[{"embeddable":true,"href":"http:\/\/dev-rci-insurance.iconsandbox.com\/pt-pt\/wp-json\/wp\/v2\/media\/6749"}],"wp:attachment":[{"href":"http:\/\/dev-rci-insurance.iconsandbox.com\/pt-pt\/wp-json\/wp\/v2\/media?parent=6742"}],"curies":[{"name":"wp","href":"https:\/\/api.w.org\/{rel}","templated":true}]}}