{"id":6616,"date":"2023-04-11T15:02:54","date_gmt":"2023-04-11T13:02:54","guid":{"rendered":"http:\/\/dev-rci-insurance.iconsandbox.com\/?page_id=6616"},"modified":"2023-11-22T14:00:23","modified_gmt":"2023-11-22T13:00:23","slug":"sobre-a-rci-insurance","status":"publish","type":"page","link":"http:\/\/dev-rci-insurance.iconsandbox.com\/pt-pt\/sobre-a-rci-insurance\/","title":{"rendered":"Sobre a RCI Insurance"},"content":{"rendered":"<p>A RCI Insurance Limited (C45786) e a RCI Life Limited (C45787), referidas como \u201cas Sociedades\u201d, foram constitu\u00eddas em Malta em 10 de dezembro de 2008 como subsidi\u00e1rias da RCI Services Limited (C45692) (constitu\u00edda em 26 de novembro de 2008), uma subsidi\u00e1ria total da Mobilize Financial Services.<\/p>\n<p>A principal atividade da RCI Services Limited \u00e9 a de uma sociedade gestora de participa\u00e7\u00f5es sociais, oferecendo v\u00e1rios servi\u00e7os administrativos \u00e0s suas subsidi\u00e1rias. As Sociedades, que oferecem solu\u00e7\u00f5es de seguros a clientes do neg\u00f3cio de financiamento autom\u00f3vel da Mobilize Financial Services, est\u00e3o autorizadas ao abrigo da Lei da Atividade Seguradora de 1998 a exercer no longo prazo e atividade geral nos mercados europeus(1),\u00a0e est\u00e3o reguladas pela Autoridade de Servi\u00e7os Financeiros de Malta.<\/p>\n<p class=\"intro-text\">As sedes sociais das Sociedades est\u00e3o localizadas em:<\/p>\n<p>Level 3, Mercury Tower,<br \/>\nThe Exchange Financial &amp; Business Centre,<br \/>\nTriq Elia Zammit,<br \/>\nSt Julian&#8217;s &#8211; STJ 3155<br \/>\nMalta<\/p>\n<p>(1) Pa\u00edses onde a RCI Insurance e a RCI Life est\u00e3o autorizadas a operar e os mercados-alvo de clientes s\u00e3o os seguintes:<\/p>\n<p>\u00c1ustria<br \/>\nAlemanha<br \/>\nFran\u00e7a<br \/>\nIt\u00e1lia<br \/>\nRom\u00eania (apenas RCI Insurance)<br \/>\nPortugal<br \/>\nEspanha<\/p>\n","protected":false},"excerpt":{"rendered":"A RCI Insurance Limited (C45786) e a RCI Life Limited (C45787), referidas como \u201cas Sociedades\u201d, foram constitu\u00eddas em Malta em 10 de dezembro de 2008 como subsidi\u00e1rias da RCI Services Limited (C45692) (constitu\u00edda em 26 de novembro de 2008), uma subsidi\u00e1ria total da Mobilize Financial Services. A principal atividade da RCI Services Limited \u00e9 a&hellip;","protected":false},"author":1,"featured_media":6617,"parent":0,"menu_order":0,"comment_status":"closed","ping_status":"closed","template":"","meta":{"_acf_changed":false,"footnotes":""},"class_list":["post-6616","page","type-page","status-publish","has-post-thumbnail","hentry"],"acf":[],"yoast_head":"<!-- This site is optimized with the Yoast SEO plugin v24.3 - https:\/\/yoast.com\/wordpress\/plugins\/seo\/ -->\r\n<title>Sobre a RCI Insurance - RCI INSURANCE<\/title>\r\n<meta name=\"robots\" content=\"index, follow, max-snippet:-1, max-image-preview:large, max-video-preview:-1\" \/>\r\n<link rel=\"canonical\" href=\"http:\/\/dev-rci-insurance.iconsandbox.com\/pt-pt\/sobre-a-rci-insurance\/\" \/>\r\n<meta property=\"og:locale\" content=\"pt_PT\" \/>\r\n<meta property=\"og:type\" content=\"article\" \/>\r\n<meta property=\"og:title\" content=\"Sobre a RCI Insurance - RCI INSURANCE\" \/>\r\n<meta property=\"og:description\" content=\"A RCI Insurance Limited (C45786) e a RCI Life Limited (C45787), referidas como \u201cas Sociedades\u201d, foram constitu\u00eddas em Malta em 10 de dezembro de 2008 como subsidi\u00e1rias da RCI Services Limited (C45692) (constitu\u00edda em 26 de novembro de 2008), uma subsidi\u00e1ria total da Mobilize Financial Services. A principal atividade da RCI Services Limited \u00e9 a&hellip;\" \/>\r\n<meta property=\"og:url\" content=\"http:\/\/dev-rci-insurance.iconsandbox.com\/pt-pt\/sobre-a-rci-insurance\/\" \/>\r\n<meta property=\"og:site_name\" content=\"RCI INSURANCE\" \/>\r\n<meta property=\"article:modified_time\" content=\"2023-11-22T13:00:23+00:00\" \/>\r\n<meta property=\"og:image\" content=\"http:\/\/dev-rci-insurance.iconsandbox.com\/wp-content\/uploads\/2017\/12\/intro-image.png\" \/>\r\n\t<meta property=\"og:image:width\" content=\"525\" \/>\r\n\t<meta property=\"og:image:height\" content=\"526\" \/>\r\n\t<meta property=\"og:image:type\" content=\"image\/png\" \/>\r\n<meta name=\"twitter:card\" content=\"summary_large_image\" \/>\r\n<meta name=\"twitter:label1\" content=\"Tempo estimado de leitura\" \/>\n\t<meta name=\"twitter:data1\" content=\"1 minuto\" \/>\r\n<script type=\"application\/ld+json\" class=\"yoast-schema-graph\">{\"@context\":\"https:\/\/schema.org\",\"@graph\":[{\"@type\":\"WebPage\",\"@id\":\"http:\/\/dev-rci-insurance.iconsandbox.com\/pt-pt\/sobre-a-rci-insurance\/\",\"url\":\"http:\/\/dev-rci-insurance.iconsandbox.com\/pt-pt\/sobre-a-rci-insurance\/\",\"name\":\"Sobre a RCI Insurance - RCI INSURANCE\",\"isPartOf\":{\"@id\":\"http:\/\/dev-rci-insurance.iconsandbox.com\/pl\/#website\"},\"primaryImageOfPage\":{\"@id\":\"http:\/\/dev-rci-insurance.iconsandbox.com\/pt-pt\/sobre-a-rci-insurance\/#primaryimage\"},\"image\":{\"@id\":\"http:\/\/dev-rci-insurance.iconsandbox.com\/pt-pt\/sobre-a-rci-insurance\/#primaryimage\"},\"thumbnailUrl\":\"http:\/\/dev-rci-insurance.iconsandbox.com\/wp-content\/uploads\/2017\/12\/intro-image.png\",\"datePublished\":\"2023-04-11T13:02:54+00:00\",\"dateModified\":\"2023-11-22T13:00:23+00:00\",\"breadcrumb\":{\"@id\":\"http:\/\/dev-rci-insurance.iconsandbox.com\/pt-pt\/sobre-a-rci-insurance\/#breadcrumb\"},\"inLanguage\":\"pt-PT\",\"potentialAction\":[{\"@type\":\"ReadAction\",\"target\":[\"http:\/\/dev-rci-insurance.iconsandbox.com\/pt-pt\/sobre-a-rci-insurance\/\"]}]},{\"@type\":\"ImageObject\",\"inLanguage\":\"pt-PT\",\"@id\":\"http:\/\/dev-rci-insurance.iconsandbox.com\/pt-pt\/sobre-a-rci-insurance\/#primaryimage\",\"url\":\"http:\/\/dev-rci-insurance.iconsandbox.com\/wp-content\/uploads\/2017\/12\/intro-image.png\",\"contentUrl\":\"http:\/\/dev-rci-insurance.iconsandbox.com\/wp-content\/uploads\/2017\/12\/intro-image.png\",\"width\":525,\"height\":526},{\"@type\":\"BreadcrumbList\",\"@id\":\"http:\/\/dev-rci-insurance.iconsandbox.com\/pt-pt\/sobre-a-rci-insurance\/#breadcrumb\",\"itemListElement\":[{\"@type\":\"ListItem\",\"position\":1,\"name\":\"Home\",\"item\":\"http:\/\/dev-rci-insurance.iconsandbox.com\/pt-pt\/\"},{\"@type\":\"ListItem\",\"position\":2,\"name\":\"Sobre a RCI Insurance\"}]},{\"@type\":\"WebSite\",\"@id\":\"http:\/\/dev-rci-insurance.iconsandbox.com\/pl\/#website\",\"url\":\"http:\/\/dev-rci-insurance.iconsandbox.com\/pl\/\",\"name\":\"RCI INSURANCE\",\"description\":\"\",\"potentialAction\":[{\"@type\":\"SearchAction\",\"target\":{\"@type\":\"EntryPoint\",\"urlTemplate\":\"http:\/\/dev-rci-insurance.iconsandbox.com\/pl\/?s={search_term_string}\"},\"query-input\":{\"@type\":\"PropertyValueSpecification\",\"valueRequired\":true,\"valueName\":\"search_term_string\"}}],\"inLanguage\":\"pt-PT\"}]}<\/script>\r\n<!-- \/ Yoast SEO plugin. -->","yoast_head_json":{"title":"Sobre a RCI Insurance - RCI INSURANCE","robots":{"index":"index","follow":"follow","max-snippet":"max-snippet:-1","max-image-preview":"max-image-preview:large","max-video-preview":"max-video-preview:-1"},"canonical":"http:\/\/dev-rci-insurance.iconsandbox.com\/pt-pt\/sobre-a-rci-insurance\/","og_locale":"pt_PT","og_type":"article","og_title":"Sobre a RCI Insurance - RCI INSURANCE","og_description":"A RCI Insurance Limited (C45786) e a RCI Life Limited (C45787), referidas como \u201cas Sociedades\u201d, foram constitu\u00eddas em Malta em 10 de dezembro de 2008 como subsidi\u00e1rias da RCI Services Limited (C45692) (constitu\u00edda em 26 de novembro de 2008), uma subsidi\u00e1ria total da Mobilize Financial Services. A principal atividade da RCI Services Limited \u00e9 a&hellip;","og_url":"http:\/\/dev-rci-insurance.iconsandbox.com\/pt-pt\/sobre-a-rci-insurance\/","og_site_name":"RCI INSURANCE","article_modified_time":"2023-11-22T13:00:23+00:00","og_image":[{"width":525,"height":526,"url":"http:\/\/dev-rci-insurance.iconsandbox.com\/wp-content\/uploads\/2017\/12\/intro-image.png","type":"image\/png"}],"twitter_card":"summary_large_image","twitter_misc":{"Tempo estimado de leitura":"1 minuto"},"schema":{"@context":"https:\/\/schema.org","@graph":[{"@type":"WebPage","@id":"http:\/\/dev-rci-insurance.iconsandbox.com\/pt-pt\/sobre-a-rci-insurance\/","url":"http:\/\/dev-rci-insurance.iconsandbox.com\/pt-pt\/sobre-a-rci-insurance\/","name":"Sobre a RCI Insurance - RCI INSURANCE","isPartOf":{"@id":"http:\/\/dev-rci-insurance.iconsandbox.com\/pl\/#website"},"primaryImageOfPage":{"@id":"http:\/\/dev-rci-insurance.iconsandbox.com\/pt-pt\/sobre-a-rci-insurance\/#primaryimage"},"image":{"@id":"http:\/\/dev-rci-insurance.iconsandbox.com\/pt-pt\/sobre-a-rci-insurance\/#primaryimage"},"thumbnailUrl":"http:\/\/dev-rci-insurance.iconsandbox.com\/wp-content\/uploads\/2017\/12\/intro-image.png","datePublished":"2023-04-11T13:02:54+00:00","dateModified":"2023-11-22T13:00:23+00:00","breadcrumb":{"@id":"http:\/\/dev-rci-insurance.iconsandbox.com\/pt-pt\/sobre-a-rci-insurance\/#breadcrumb"},"inLanguage":"pt-PT","potentialAction":[{"@type":"ReadAction","target":["http:\/\/dev-rci-insurance.iconsandbox.com\/pt-pt\/sobre-a-rci-insurance\/"]}]},{"@type":"ImageObject","inLanguage":"pt-PT","@id":"http:\/\/dev-rci-insurance.iconsandbox.com\/pt-pt\/sobre-a-rci-insurance\/#primaryimage","url":"http:\/\/dev-rci-insurance.iconsandbox.com\/wp-content\/uploads\/2017\/12\/intro-image.png","contentUrl":"http:\/\/dev-rci-insurance.iconsandbox.com\/wp-content\/uploads\/2017\/12\/intro-image.png","width":525,"height":526},{"@type":"BreadcrumbList","@id":"http:\/\/dev-rci-insurance.iconsandbox.com\/pt-pt\/sobre-a-rci-insurance\/#breadcrumb","itemListElement":[{"@type":"ListItem","position":1,"name":"Home","item":"http:\/\/dev-rci-insurance.iconsandbox.com\/pt-pt\/"},{"@type":"ListItem","position":2,"name":"Sobre a RCI Insurance"}]},{"@type":"WebSite","@id":"http:\/\/dev-rci-insurance.iconsandbox.com\/pl\/#website","url":"http:\/\/dev-rci-insurance.iconsandbox.com\/pl\/","name":"RCI INSURANCE","description":"","potentialAction":[{"@type":"SearchAction","target":{"@type":"EntryPoint","urlTemplate":"http:\/\/dev-rci-insurance.iconsandbox.com\/pl\/?s={search_term_string}"},"query-input":{"@type":"PropertyValueSpecification","valueRequired":true,"valueName":"search_term_string"}}],"inLanguage":"pt-PT"}]}},"_links":{"self":[{"href":"http:\/\/dev-rci-insurance.iconsandbox.com\/pt-pt\/wp-json\/wp\/v2\/pages\/6616","targetHints":{"allow":["GET"]}}],"collection":[{"href":"http:\/\/dev-rci-insurance.iconsandbox.com\/pt-pt\/wp-json\/wp\/v2\/pages"}],"about":[{"href":"http:\/\/dev-rci-insurance.iconsandbox.com\/pt-pt\/wp-json\/wp\/v2\/types\/page"}],"author":[{"embeddable":true,"href":"http:\/\/dev-rci-insurance.iconsandbox.com\/pt-pt\/wp-json\/wp\/v2\/users\/1"}],"replies":[{"embeddable":true,"href":"http:\/\/dev-rci-insurance.iconsandbox.com\/pt-pt\/wp-json\/wp\/v2\/comments?post=6616"}],"version-history":[{"count":7,"href":"http:\/\/dev-rci-insurance.iconsandbox.com\/pt-pt\/wp-json\/wp\/v2\/pages\/6616\/revisions"}],"predecessor-version":[{"id":8414,"href":"http:\/\/dev-rci-insurance.iconsandbox.com\/pt-pt\/wp-json\/wp\/v2\/pages\/6616\/revisions\/8414"}],"wp:featuredmedia":[{"embeddable":true,"href":"http:\/\/dev-rci-insurance.iconsandbox.com\/pt-pt\/wp-json\/wp\/v2\/media\/6617"}],"wp:attachment":[{"href":"http:\/\/dev-rci-insurance.iconsandbox.com\/pt-pt\/wp-json\/wp\/v2\/media?parent=6616"}],"curies":[{"name":"wp","href":"https:\/\/api.w.org\/{rel}","templated":true}]}}