{"id":8804,"date":"2018-05-18T14:06:24","date_gmt":"2018-05-18T14:06:24","guid":{"rendered":"http:\/\/dev-rci-insurance.iconsandbox.com\/data-processing-information\/"},"modified":"2025-01-23T10:22:21","modified_gmt":"2025-01-23T09:22:21","slug":"informacja-o-ochronie-danych-osobowych-i-przetwarzaniu-danych","status":"publish","type":"page","link":"http:\/\/dev-rci-insurance.iconsandbox.com\/pl\/informacja-o-ochronie-danych-osobowych-i-przetwarzaniu-danych\/","title":{"rendered":"INFORMACJA O OCHRONIE DANYCH OSOBOWYCH I PRZETWARZANIU DANYCH"},"content":{"rendered":"<p><strong>INFORMACJA O OCHRONIE DANYCH OSOBOWYCH I PRZETWARZANIU DANYCH<\/strong><\/p>\n<p><strong>\u00a0<\/strong><\/p>\n<p>UWAGI WST\u0118PNE<\/p>\n<p>W ramach \u015bwiadczonych us\u0142ug RCI Life Limited i RCI Insurance Limited (\u201eUbezpieczyciele\u201d) przetwarzaj\u0105 Dane Osobowe, czyli wszelkie informacje dotycz\u0105ce Ciebie jako Ubezpieczonego, b\u0119d\u0105cego \u201eOsob\u0105, kt\u00f3rej dane dotycz\u0105\u201d. Jak zapewne wiesz, Og\u00f3lne Rozporz\u0105dzenie o Ochronie Danych (RODO) wesz\u0142o w \u017cycie 25 maja 2018 r. i ma bezpo\u015brednie zastosowanie w ka\u017cdym pa\u0144stwie cz\u0142onkowskim UE, a zatem dotyczy r\u00f3wnie\u017c RCI Life Limited i RCI Insurance Limited w zakresie operacji przetwarzania Danych Osobowych.<\/p>\n<ol>\n<li>ADMINISTRATORZY DANYCH, OSOBA, KT\u00d3REJ DANE DOTYCZ\u0104, PODMIOTY PRZETWARZAJ\u0104CE I INNI ODBIORCY<\/li>\n<\/ol>\n<p>RCI Life Limited i RCI Insurance Limited, z siedzib\u0105 pod adresem Level 3, Mercury Tower, The Exchange Financial &amp; Business Centre, Elia Zammit Street, St. Julian&#8217;s, STJ 3155, Malta, s\u0105 \u201eAdministratorami danych\u201d, czyli podmiotami okre\u015blaj\u0105cymi cele i sposoby przetwarzania Twoich Danych Osobowych. RCI Life Limited i RCI Insurance Limited s\u0105 pierwszym punktem kontaktowym w przypadku pyta\u0144 dotycz\u0105cych ochrony danych lub ch\u0119ci skorzystania z praw wynikaj\u0105cych z RODO (dane kontaktowe poni\u017cej). Twoje zapytania zostan\u0105 przez nas rozpatrzone i uzyskasz na nie odpowied\u017a. Aby dowiedzie\u0107 si\u0119 wi\u0119cej o obowi\u0105zkach Ubezpieczycieli i Administrator\u00f3w danych, prosimy o kontakt.<\/p>\n<p>Jako Ubezpieczony, jeste\u015b \u201eOsob\u0105, kt\u00f3rej dane dotycz\u0105\u201d, czyli mo\u017cliw\u0105 do zidentyfikowania osob\u0105 fizyczn\u0105, kt\u00f3rej dotycz\u0105 Dane Osobowe zbierane i przetwarzane przez Administrator\u00f3w danych.<\/p>\n<p>Administratorzy danych, w ramach \u015bwiadczonych us\u0142ug, mog\u0105 wymaga\u0107 przekazania Danych Osobowych Osoby, kt\u00f3rej dane dotycz\u0105, stronom trzecim, okre\u015blanym jako \u201ePodmioty przetwarzaj\u0105ce\u201d, czyli osobom fizycznym, prawnym lub podmiotom, kt\u00f3re przetwarzaj\u0105 Dane Osobowe w imieniu Administrator\u00f3w danych. Podmiotami przetwarzaj\u0105cymi s\u0105 przede wszystkim inne podmioty z grupy RCI Banque (Mobilize Financial Services), odpowiedni zewn\u0119trzni us\u0142ugodawcy, po\u015brednicy i po\u015brednicy pomocniczy.<\/p>\n<p>Ponadto Administratorzy danych wymagaj\u0105 przekazywania Danych Osobowych Osoby, kt\u00f3rej dane dotycz\u0105, innym stronom trzecim, okre\u015blanym jako \u201eOdbiorcy\u201d. \u201eOdbiorcami\u201d s\u0105 wszystkie inne osoby fizyczne lub prawne, kt\u00f3re otrzymuj\u0105 Dane Osobowe Osoby, kt\u00f3rej dane dotycz\u0105, od Administrator\u00f3w danych w ramach \u015bwiadczenia us\u0142ug i wykonywania umowy ubezpieczenia, takie jak partnerzy biznesowi i agenci Administrator\u00f3w danych, reasekuratorzy czy organizacje zawodowe zwi\u0105zane z umow\u0105 ubezpieczenia.<\/p>\n<ol>\n<li>CELE I PODSTAWY PRZETWARZANIA DANYCH OSOBOWYCH<\/li>\n<\/ol>\n<p>Przetwarzamy Twoje dane osobowe zgodnie z RODO oraz innymi odpowiednimi przepisami prawa. Je\u017celi zamierzamy przetwarza\u0107 dane w celu innym ni\u017c ten, dla kt\u00f3rego Twoje dane osobowe zosta\u0142y zebrane zgodnie z niniejszym dokumentem, b\u0119dziemy to robi\u0107 wy\u0142\u0105cznie zgodnie z obowi\u0105zuj\u0105cym prawem o ochronie danych.<\/p>\n<ol>\n<li>Zawarcie umowy ubezpieczenia<\/li>\n<\/ol>\n<p>Przetwarzamy Twoje dane osobowe w celu oceny ryzyka ubezpieczeniowego oraz potwierdzenia ochrony ubezpieczeniowej. Dane oznaczone jako obowi\u0105zkowe w formularzu wniosku s\u0105 wymagane przez prawo lub niezb\u0119dne do potwierdzenia ochrony ubezpieczeniowej. Niepodanie danych mo\u017ce mie\u0107 dla Ciebie niekorzystne skutki prawne lub ekonomiczne, poniewa\u017c bez przetwarzania Twoich danych osobowych nie mo\u017cemy potwierdzi\u0107 ochrony ubezpieczeniowej ani wykonywa\u0107 naszych zobowi\u0105za\u0144 wynikaj\u0105cych z umowy ubezpieczenia.<\/p>\n<p>Przetwarzanie to opiera si\u0119 na art. 6 ust. 1 lit. b) RODO (cele umowne).<\/p>\n<p>W tym celu przetwarzamy nast\u0119puj\u0105ce kategorie danych osobowych: Dane identyfikacyjne, uwierzytelniaj\u0105ce i kontaktowe, np. imi\u0119 i nazwisko, adres i inne dane kontaktowe, data urodzenia, numer identyfikacji podatkowej, inne dane podstawowe oraz dane umowy finansowania (np. szczeg\u00f3\u0142y umowy i dane pojazdu)<\/p>\n<p>Odbiorcy danych: Inne sp\u00f3\u0142ki z grupy RCI Banque (Mobilize Financial Services), dealerzy samochodowi powi\u0105zani z grup\u0105 Renault; dostawcy us\u0142ug informatycznych; producenci oprogramowania.<\/p>\n<ol start=\"2\">\n<li>Realizacja stosunku umownego<\/li>\n<\/ol>\n<p>Przetwarzamy Twoje dane osobowe w zakresie niezb\u0119dnym do realizacji stosunku umownego, w szczeg\u00f3lno\u015bci do wype\u0142nienia naszych zobowi\u0105za\u0144 wynikaj\u0105cych z umowy ubezpieczenia. Przetwarzanie danych jest niezb\u0119dne do zapewnienia obs\u0142ugi klienta, oceny wyst\u0105pienia zdarzenia ubezpieczeniowego, obliczenia wysoko\u015bci \u015bwiadczenia ubezpieczeniowego oraz rozwi\u0105zania umowy.<\/p>\n<p>Przetwarzanie to opiera si\u0119 na art. 6 ust. 1 lit. b) RODO (cele umowne).<\/p>\n<p>W tym celu przetwarzamy nast\u0119puj\u0105ce dane: Dane identyfikacyjne, uwierzytelniaj\u0105ce i kontaktowe (np. imi\u0119 i nazwisko, adres i inne dane kontaktowe), dow\u00f3d osobisty\/paszport, stan cywilny, data urodzenia, numer identyfikacji podatkowej, dane o zatrudnieniu, dane rachunku bankowego, numer ubezpieczenia spo\u0142ecznego, dane o stanie zdrowia, raporty medyczne, raporty policyjne, wyroki skazuj\u0105ce.<\/p>\n<p>Odbiorcy danych: Inne sp\u00f3\u0142ki z grupy RCI Banque (Mobilize Financial Services), likwidatorzy szk\u00f3d \/ Administrator zewn\u0119trzny (TPA) i podwykonawcy TPA, organy regulacyjne, zewn\u0119trzne kancelarie prawne, dostawcy us\u0142ug informatycznych; producenci oprogramowania; dostawcy us\u0142ug p\u0142atniczych.<\/p>\n<ol start=\"3\">\n<li>Statystyki ubezpieczeniowe<\/li>\n<\/ol>\n<p>Przetwarzamy Twoje dane osobowe w celu tworzenia statystyk ubezpieczeniowych. Przetwarzanie danych jest szczeg\u00f3lnie niezb\u0119dne do monitorowania zarz\u0105dzania dzia\u0142alno\u015bci\u0105, ustalania cen oraz optymalizacji naszych produkt\u00f3w.<\/p>\n<p>Przetwarzanie to opiera si\u0119 na art. 6 ust. 1 lit. f) RODO (uzasadniony interes). Realizujemy tym samym nasz uzasadniony interes w monitorowaniu relacji z klientami dla cel\u00f3w zarz\u0105dzania dzia\u0142alno\u015bci\u0105 i ustalania cen oraz optymalizacji naszych produkt\u00f3w.<\/p>\n<p>W tym celu przetwarzamy nast\u0119puj\u0105ce kategorie danych: data urodzenia, dane o szkodach (np. dane o stanie zdrowia, raporty medyczne, raporty policyjne, wyroki skazuj\u0105ce, dane o zatrudnieniu), inne dane podstawowe i dane umowy finansowania (np. szczeg\u00f3\u0142y umowy i dane pojazdu).<\/p>\n<p>Odbiorcy danych: Inne sp\u00f3\u0142ki z grupy RCI Banque (Mobilize Financial Services), organy regulacyjne, dostawcy us\u0142ug informatycznych; producenci oprogramowania.<\/p>\n<ol start=\"4\">\n<li>Przepisy ustawowe<\/li>\n<\/ol>\n<p>Przetwarzamy r\u00f3wnie\u017c Twoje dane osobowe w celu przestrzegania przepis\u00f3w ustawowych. W tym celu mo\u017cemy przekazywa\u0107 Twoje dane osobowe organom publicznym, np. w celu wype\u0142nienia naszych ustawowych obowi\u0105zk\u00f3w sprawozdawczych (tj. organom podatkowym, organom ochrony danych i organom nadzoru finansowego).<\/p>\n<p>Przetwarzanie to opiera si\u0119 na art. 6 ust. 1 lit. c) RODO.<\/p>\n<p>W tym celu przetwarzamy nast\u0119puj\u0105ce kategorie danych: Dane identyfikacyjne, uwierzytelniaj\u0105ce i kontaktowe (np. imi\u0119 i nazwisko, adres i inne dane kontaktowe), data urodzenia, inne dane podstawowe i dane umowy finansowania (np. szczeg\u00f3\u0142y umowy i dane pojazdu), dane wynikaj\u0105ce z realizacji naszych zobowi\u0105za\u0144 umownych (np. dane o wykonaniu umowy i dane o szkodach (w tym dane o stanie zdrowia)).<\/p>\n<p>Odbiorcy danych: Organy regulacyjne.<\/p>\n<ol start=\"5\">\n<li>Zapobieganie i wykrywanie oszustw i przest\u0119pstw<\/li>\n<\/ol>\n<p>Przetwarzamy Twoje dane osobowe w celu zapobiegania i wykrywania przest\u0119pstw i oszustw. Wykorzystujemy analiz\u0119 danych do identyfikacji szczeg\u00f3\u0142\u00f3w, kt\u00f3re mog\u0105 wskazywa\u0107 na oszustwo (np. w zwi\u0105zku z procesem likwidacji szk\u00f3d).<\/p>\n<p>Przetwarzanie to opiera si\u0119 na art. 6 ust. 1 lit. f) RODO, poniewa\u017c realizujemy tym samym nasz uzasadniony interes ochrony naszych aktyw\u00f3w.<\/p>\n<p>W tym celu przetwarzamy nast\u0119puj\u0105ce kategorie danych: Dane identyfikacyjne, uwierzytelniaj\u0105ce i kontaktowe (np. imi\u0119 i nazwisko, adres i inne dane kontaktowe), data urodzenia, informacje dotycz\u0105ce dzia\u0142alno\u015bci zawodowej oraz \u017ar\u00f3d\u0142a maj\u0105tku i pochodzenia \u015brodk\u00f3w.<\/p>\n<p>Odbiorcy danych: Inne sp\u00f3\u0142ki z grupy RCI Banque (Mobilize Financial Services), likwidatorzy szk\u00f3d \/ Administrator zewn\u0119trzny (TPA) i podwykonawcy TPA, organy regulacyjne, zewn\u0119trzne kancelarie prawne, dostawcy us\u0142ug informatycznych; producenci oprogramowania; dostawcy us\u0142ug p\u0142atniczych.<\/p>\n<ol start=\"6\">\n<li>Post\u0119powania prawne i spory\/skargi<\/li>\n<\/ol>\n<p>Przetwarzamy Twoje dane osobowe w celu dochodzenia, wykonywania lub obrony w przypadku post\u0119powa\u0144 prawnych i\/lub innych spor\u00f3w\/skarg (szczeg\u00f3lnie w zakresie niezb\u0119dnym w przypadku post\u0119powa\u0144 s\u0105dowych).<\/p>\n<p>Przetwarzanie to opiera si\u0119 na art. 6 ust. 1 lit. f) RODO, poniewa\u017c realizujemy tym samym nasz uzasadniony interes w ochronie naszych interes\u00f3w w post\u0119powaniach prawnych i\/lub innych sporach\/skargach.<\/p>\n<p>W tym celu przetwarzamy nast\u0119puj\u0105ce kategorie danych: Dane identyfikacyjne, uwierzytelniaj\u0105ce i kontaktowe (np. imi\u0119 i nazwisko, adres i inne dane kontaktowe), dow\u00f3d osobisty\/paszport, stan cywilny, data urodzenia, numer identyfikacji podatkowej, dane o zatrudnieniu, dane rachunku bankowego, numer ubezpieczenia spo\u0142ecznego, dane o stanie zdrowia, raporty medyczne, raporty policyjne, wyroki skazuj\u0105ce.<\/p>\n<p>Odbiorcy danych: Inne sp\u00f3\u0142ki z grupy RCI Banque (Mobilize Financial Services), zewn\u0119trzne kancelarie prawne, organy regulacyjne.<\/p>\n<ol start=\"7\">\n<li>Utrzymanie i wdra\u017canie system\u00f3w i us\u0142ug informatycznych<\/li>\n<\/ol>\n<p>Przetwarzamy Twoje dane osobowe w celu zapewnienia bezpiecze\u0144stwa naszych system\u00f3w i us\u0142ug informatycznych.<\/p>\n<p>Przetwarzanie to opiera si\u0119 na art. 6 ust. 1 lit. f) RODO (uzasadniony interes). Realizujemy tym samym nasz uzasadniony interes w zapewnieniu bezpiecze\u0144stwa, funkcjonalno\u015bci i niezawodno\u015bci system\u00f3w i us\u0142ug informatycznych.<\/p>\n<p>W tym celu przetwarzamy nast\u0119puj\u0105ce kategorie danych: Dane identyfikacyjne, uwierzytelniaj\u0105ce i kontaktowe (np. imi\u0119 i nazwisko, adres i inne dane kontaktowe), inne dane podstawowe i dane umowy finansowania (np. szczeg\u00f3\u0142y umowy i dane pojazdu), dane o szkodach (w tym dane o stanie zdrowia).<\/p>\n<p>Odbiorcy danych: Dostawcy us\u0142ug informatycznych; producenci oprogramowania.<\/p>\n<ul>\n<li>PRZEKAZYWANIE DANYCH<\/li>\n<\/ul>\n<p>Dane Osobowe b\u0119d\u0105 przekazywane wy\u0142\u0105cznie podmiotom w ramach grupy Mobilize Financial Services, jej partnerom biznesowym lub stronom trzecim na terenie Unii Europejskiej oraz, w stosownych przypadkach, agentom Administratora Danych, reasekuratorom lub organom zawodowym zwi\u0105zanym z umow\u0105. Przekazywanie Danych Osobowych b\u0119dzie odbywa\u0107 si\u0119 w celach i na podstawach przetwarzania danych osobowych okre\u015blonych w niniejszym dokumencie oraz z zachowaniem wszystkich obowi\u0105zuj\u0105cych przepis\u00f3w prawa, wymaganych um\u00f3w o zachowaniu poufno\u015bci i ogranicze\u0144 dotycz\u0105cych dalszego przetwarzania takich Danych Osobowych.<\/p>\n<p>Dane Osobowe Osoby, kt\u00f3rej dane dotycz\u0105, b\u0119d\u0105 ujawniane Odbiorcom przez Administrator\u00f3w Danych wy\u0142\u0105cznie wtedy, gdy oka\u017ce si\u0119 to niezb\u0119dne do realizacji umowy ubezpieczenia, gdy wymaga tego prawo, gdy istnieje uzasadniony interes w takim ujawnieniu lub gdy Osoba, kt\u00f3rej dane dotycz\u0105, wyrazi\u0142a na to zgod\u0119. W ka\u017cdym indywidualnym przypadku Administratorzy Danych ujawniaj\u0105 Dane Osoby, kt\u00f3rej dane dotycz\u0105, wy\u0142\u0105cznie w zakresie niezb\u0119dnym dla ka\u017cdego konkretnego celu lub zgodnie z odpowiednimi przepisami prawa, zgodnie z uzasadnionym interesem lub, w przypadku wyra\u017cenia zgody, w zakresie okre\u015blonym przez Osob\u0119, kt\u00f3rej dane dotycz\u0105.<\/p>\n<ol>\n<li>PRZEKAZYWANIE DANYCH POZA EOG<\/li>\n<\/ol>\n<p>Twoje dane s\u0105 przetwarzane na terenie Europejskiego Obszaru Gospodarczego (EOG). Je\u017celi jednak w przysz\u0142o\u015bci Twoje dane osobowe mia\u0142yby by\u0107 przetwarzane przez naszych us\u0142ugodawc\u00f3w znajduj\u0105cych si\u0119 w krajach poza EOG, poinformujemy Ci\u0119 o tym fakcie. W takim przypadku zwr\u00f3cimy szczeg\u00f3ln\u0105 uwag\u0119, aby przekazanie odbywa\u0142o si\u0119 zgodnie z obowi\u0105zuj\u0105cymi przepisami oraz wdro\u017cymy zabezpieczenia zapewniaj\u0105ce poziom ochrony Twojej prywatno\u015bci i praw podstawowych r\u00f3wnowa\u017cny z tym oferowanym przez Uni\u0119 Europejsk\u0105.<\/p>\n<ol>\n<li>ZASADY DOTYCZ\u0104CE DANYCH OSOBOWYCH \/ PRZECHOWYWANIE DANYCH I PRAWA PODMIOT\u00d3W DANYCH<\/li>\n<\/ol>\n<p>Dane osobowe b\u0119d\u0105 przetwarzane w wy\u017cej wymienionych celach w formie papierowej i\/lub elektronicznej z zachowaniem wymaganych kontroli zapewniaj\u0105cych bezpiecze\u0144stwo, ochron\u0119 i poufno\u015b\u0107 tych danych. Nie b\u0119d\u0105 zbierane \u017cadne dane osobowe, kt\u00f3re nie s\u0105 istotne dla celu le\u017c\u0105cego u podstaw gromadzenia danych osobowych okre\u015blonego w niniejszym dokumencie. W przypadku zamiaru zastosowania zautomatyzowanego przetwarzania danych osobowych, w tym profilowania, zostanie to Tobie jasno wyja\u015bnione, wraz ze szczeg\u00f3\u0142owym opisem parametr\u00f3w uwzgl\u0119dnianych w przetwarzaniu oraz wykorzystywanych w tym celu danych.<\/p>\n<p>Dane osobowe nie b\u0119d\u0105 przechowywane przez okres d\u0142u\u017cszy, ni\u017c jest to konieczne i dozwolone przez prawo, bior\u0105c pod uwag\u0119 cele, dla kt\u00f3rych s\u0105 przetwarzane. W zwi\u0105zku z tym Administratorzy danych zapewni\u0105, \u017ce dane osobowe b\u0119d\u0105 przechowywane wy\u0142\u0105cznie w zakresie, w jakim istnieje pow\u00f3d uzasadniaj\u0105cy ich gromadzenie i nie istnieje inny uzasadniony pow\u00f3d ich przechowywania.<\/p>\n<p>Jako Osobie, kt\u00f3rej dane dotycz\u0105, przys\u0142uguj\u0105 Ci wszystkie prawa wymienione w art. 12-23 RODO, w tym:<\/p>\n<ol>\n<li>Prawo do wycofania zgody w dowolnym momencie, bez wp\u0142ywu na zgodno\u015b\u0107 z prawem przetwarzania dokonanego na podstawie zgody przed jej wycofaniem (ma zastosowanie tylko wtedy, gdy przetwarzanie danych opiera si\u0119 na zgodzie),<\/li>\n<li>Prawo do \u017c\u0105dania od Administrator\u00f3w danych dost\u0119pu do dotycz\u0105cych Ci\u0119 danych osobowych,<\/li>\n<\/ol>\n<ul>\n<li>Prawo do \u017c\u0105dania od Administrator\u00f3w danych sprostowania dotycz\u0105cego Twoich danych osobowych,<\/li>\n<\/ul>\n<ol>\n<li>Prawo do \u017c\u0105dania od Administrator\u00f3w danych ograniczenia przetwarzania dotycz\u0105cego Twoich danych osobowych,<\/li>\n<li>Prawo do wniesienia sprzeciwu wobec przetwarzania Twoich danych osobowych przez Administrator\u00f3w danych; je\u017celi przetwarzamy Twoje dane osobowe w celu realizacji naszych prawnie uzasadnionych interes\u00f3w, mo\u017cesz wnie\u015b\u0107 sprzeciw wobec przetwarzania, o ile istniej\u0105 przyczyny wynikaj\u0105ce z Twojej szczeg\u00f3lnej sytuacji,<\/li>\n<li>Prawo do przenoszenia danych; masz prawo otrzyma\u0107 od Administrator\u00f3w danych swoje dane osobowe w ustrukturyzowanym, powszechnie u\u017cywanym formacie nadaj\u0105cym si\u0119 do odczytu maszynowego w celu przes\u0142ania ich innemu administratorowi lub \u017c\u0105dania, aby dane te zosta\u0142y przes\u0142ane bezpo\u015brednio innemu administratorowi przez Administrator\u00f3w danych, o ile jest to technicznie mo\u017cliwe,<\/li>\n<\/ol>\n<ul>\n<li>Prawo do \u017c\u0105dania od Administrator\u00f3w danych usuni\u0119cia dotycz\u0105cych Ci\u0119 danych osobowych w okre\u015blonych przypadkach,<\/li>\n<li>Prawo do wniesienia skargi do organu nadzorczego.<\/li>\n<\/ul>\n<p>&nbsp;<\/p>\n<p>Wykonywanie i realizacja tych praw podlega obowi\u0105zuj\u0105cemu prawu i okre\u015blonym w nim ograniczeniom. Podmioty przetwarzaj\u0105ce s\u0105 zobowi\u0105zane do pomocy Administratorom danych w wype\u0142nianiu obowi\u0105zku odpowiadania na takie \u017c\u0105dania sk\u0142adane przez podmiot danych.<\/p>\n<p>Je\u015bli chcesz skorzysta\u0107 z kt\u00f3regokolwiek z powy\u017cszych praw lub masz jakiekolwiek pytania, prosimy o kierowanie pr\u00f3\u015bb do Inspektora Ochrony Danych Administrator\u00f3w danych.<\/p>\n<ol>\n<li>DANE KONTAKTOWE DPO<\/li>\n<\/ol>\n<p>Inspektor Ochrony Danych RCI Insurance Limited i RCI Life Limited<\/p>\n<p>Level 3, Mercury Tower, The Exchange Financial &amp; Business Centre, Triq Elia Zammit, St Julian\u2019s \u2013 STJ 3155 Malta.<\/p>\n<p>Email: <strong>dataprotectionofficer-malta@rcibanque.com<\/strong><\/p>\n","protected":false},"excerpt":{"rendered":"INFORMACJA O OCHRONIE DANYCH OSOBOWYCH I PRZETWARZANIU DANYCH \u00a0 UWAGI WST\u0118PNE W ramach \u015bwiadczonych us\u0142ug RCI Life Limited i RCI Insurance Limited (\u201eUbezpieczyciele\u201d) przetwarzaj\u0105 Dane Osobowe, czyli wszelkie informacje dotycz\u0105ce Ciebie jako Ubezpieczonego, b\u0119d\u0105cego \u201eOsob\u0105, kt\u00f3rej dane dotycz\u0105\u201d. Jak zapewne wiesz, Og\u00f3lne Rozporz\u0105dzenie o Ochronie Danych (RODO) wesz\u0142o w \u017cycie 25 maja 2018 r. i&hellip;","protected":false},"author":3,"featured_media":0,"parent":0,"menu_order":0,"comment_status":"closed","ping_status":"closed","template":"","meta":{"_acf_changed":false,"footnotes":""},"class_list":["post-8804","page","type-page","status-publish","hentry"],"acf":[],"yoast_head":"<!-- This site is optimized with the Yoast SEO plugin v24.3 - https:\/\/yoast.com\/wordpress\/plugins\/seo\/ -->\r\n<title>INFORMACJA O OCHRONIE DANYCH OSOBOWYCH I PRZETWARZANIU DANYCH - RCI INSURANCE<\/title>\r\n<meta name=\"robots\" content=\"index, follow, max-snippet:-1, max-image-preview:large, max-video-preview:-1\" \/>\r\n<link rel=\"canonical\" href=\"https:\/\/dev-rci-insurance.iconsandbox.com\/pl\/informacja-o-ochronie-danych-osobowych-i-przetwarzaniu-danych\/\" \/>\r\n<meta property=\"og:locale\" content=\"pl_PL\" \/>\r\n<meta property=\"og:type\" content=\"article\" \/>\r\n<meta property=\"og:title\" content=\"INFORMACJA O OCHRONIE DANYCH OSOBOWYCH I PRZETWARZANIU DANYCH - RCI INSURANCE\" \/>\r\n<meta property=\"og:description\" content=\"INFORMACJA O OCHRONIE DANYCH OSOBOWYCH I PRZETWARZANIU DANYCH \u00a0 UWAGI WST\u0118PNE W ramach \u015bwiadczonych us\u0142ug RCI Life Limited i RCI Insurance Limited (\u201eUbezpieczyciele\u201d) przetwarzaj\u0105 Dane Osobowe, czyli wszelkie informacje dotycz\u0105ce Ciebie jako Ubezpieczonego, b\u0119d\u0105cego \u201eOsob\u0105, kt\u00f3rej dane dotycz\u0105\u201d. Jak zapewne wiesz, Og\u00f3lne Rozporz\u0105dzenie o Ochronie Danych (RODO) wesz\u0142o w \u017cycie 25 maja 2018 r. i&hellip;\" \/>\r\n<meta property=\"og:url\" content=\"https:\/\/dev-rci-insurance.iconsandbox.com\/pl\/informacja-o-ochronie-danych-osobowych-i-przetwarzaniu-danych\/\" \/>\r\n<meta property=\"og:site_name\" content=\"RCI INSURANCE\" \/>\r\n<meta property=\"article:modified_time\" content=\"2025-01-23T09:22:21+00:00\" \/>\r\n<meta name=\"twitter:card\" content=\"summary_large_image\" \/>\r\n<meta name=\"twitter:label1\" content=\"Szacowany czas czytania\" \/>\n\t<meta name=\"twitter:data1\" content=\"9 minut\" \/>\r\n<script type=\"application\/ld+json\" class=\"yoast-schema-graph\">{\"@context\":\"https:\/\/schema.org\",\"@graph\":[{\"@type\":\"WebPage\",\"@id\":\"https:\/\/dev-rci-insurance.iconsandbox.com\/pl\/informacja-o-ochronie-danych-osobowych-i-przetwarzaniu-danych\/\",\"url\":\"https:\/\/dev-rci-insurance.iconsandbox.com\/pl\/informacja-o-ochronie-danych-osobowych-i-przetwarzaniu-danych\/\",\"name\":\"INFORMACJA O OCHRONIE DANYCH OSOBOWYCH I PRZETWARZANIU DANYCH - RCI INSURANCE\",\"isPartOf\":{\"@id\":\"http:\/\/dev-rci-insurance.iconsandbox.com\/de\/#website\"},\"datePublished\":\"2018-05-18T14:06:24+00:00\",\"dateModified\":\"2025-01-23T09:22:21+00:00\",\"breadcrumb\":{\"@id\":\"https:\/\/dev-rci-insurance.iconsandbox.com\/pl\/informacja-o-ochronie-danych-osobowych-i-przetwarzaniu-danych\/#breadcrumb\"},\"inLanguage\":\"pl-PL\",\"potentialAction\":[{\"@type\":\"ReadAction\",\"target\":[\"https:\/\/dev-rci-insurance.iconsandbox.com\/pl\/informacja-o-ochronie-danych-osobowych-i-przetwarzaniu-danych\/\"]}]},{\"@type\":\"BreadcrumbList\",\"@id\":\"https:\/\/dev-rci-insurance.iconsandbox.com\/pl\/informacja-o-ochronie-danych-osobowych-i-przetwarzaniu-danych\/#breadcrumb\",\"itemListElement\":[{\"@type\":\"ListItem\",\"position\":1,\"name\":\"Home\",\"item\":\"http:\/\/dev-rci-insurance.iconsandbox.com\/pl\/\"},{\"@type\":\"ListItem\",\"position\":2,\"name\":\"INFORMACJA O OCHRONIE DANYCH OSOBOWYCH I PRZETWARZANIU DANYCH\"}]},{\"@type\":\"WebSite\",\"@id\":\"http:\/\/dev-rci-insurance.iconsandbox.com\/de\/#website\",\"url\":\"http:\/\/dev-rci-insurance.iconsandbox.com\/de\/\",\"name\":\"RCI INSURANCE\",\"description\":\"\",\"potentialAction\":[{\"@type\":\"SearchAction\",\"target\":{\"@type\":\"EntryPoint\",\"urlTemplate\":\"http:\/\/dev-rci-insurance.iconsandbox.com\/de\/?s={search_term_string}\"},\"query-input\":{\"@type\":\"PropertyValueSpecification\",\"valueRequired\":true,\"valueName\":\"search_term_string\"}}],\"inLanguage\":\"pl-PL\"}]}<\/script>\r\n<!-- \/ Yoast SEO plugin. -->","yoast_head_json":{"title":"INFORMACJA O OCHRONIE DANYCH OSOBOWYCH I PRZETWARZANIU DANYCH - RCI INSURANCE","robots":{"index":"index","follow":"follow","max-snippet":"max-snippet:-1","max-image-preview":"max-image-preview:large","max-video-preview":"max-video-preview:-1"},"canonical":"https:\/\/dev-rci-insurance.iconsandbox.com\/pl\/informacja-o-ochronie-danych-osobowych-i-przetwarzaniu-danych\/","og_locale":"pl_PL","og_type":"article","og_title":"INFORMACJA O OCHRONIE DANYCH OSOBOWYCH I PRZETWARZANIU DANYCH - RCI INSURANCE","og_description":"INFORMACJA O OCHRONIE DANYCH OSOBOWYCH I PRZETWARZANIU DANYCH \u00a0 UWAGI WST\u0118PNE W ramach \u015bwiadczonych us\u0142ug RCI Life Limited i RCI Insurance Limited (\u201eUbezpieczyciele\u201d) przetwarzaj\u0105 Dane Osobowe, czyli wszelkie informacje dotycz\u0105ce Ciebie jako Ubezpieczonego, b\u0119d\u0105cego \u201eOsob\u0105, kt\u00f3rej dane dotycz\u0105\u201d. Jak zapewne wiesz, Og\u00f3lne Rozporz\u0105dzenie o Ochronie Danych (RODO) wesz\u0142o w \u017cycie 25 maja 2018 r. i&hellip;","og_url":"https:\/\/dev-rci-insurance.iconsandbox.com\/pl\/informacja-o-ochronie-danych-osobowych-i-przetwarzaniu-danych\/","og_site_name":"RCI INSURANCE","article_modified_time":"2025-01-23T09:22:21+00:00","twitter_card":"summary_large_image","twitter_misc":{"Szacowany czas czytania":"9 minut"},"schema":{"@context":"https:\/\/schema.org","@graph":[{"@type":"WebPage","@id":"https:\/\/dev-rci-insurance.iconsandbox.com\/pl\/informacja-o-ochronie-danych-osobowych-i-przetwarzaniu-danych\/","url":"https:\/\/dev-rci-insurance.iconsandbox.com\/pl\/informacja-o-ochronie-danych-osobowych-i-przetwarzaniu-danych\/","name":"INFORMACJA O OCHRONIE DANYCH OSOBOWYCH I PRZETWARZANIU DANYCH - RCI INSURANCE","isPartOf":{"@id":"http:\/\/dev-rci-insurance.iconsandbox.com\/de\/#website"},"datePublished":"2018-05-18T14:06:24+00:00","dateModified":"2025-01-23T09:22:21+00:00","breadcrumb":{"@id":"https:\/\/dev-rci-insurance.iconsandbox.com\/pl\/informacja-o-ochronie-danych-osobowych-i-przetwarzaniu-danych\/#breadcrumb"},"inLanguage":"pl-PL","potentialAction":[{"@type":"ReadAction","target":["https:\/\/dev-rci-insurance.iconsandbox.com\/pl\/informacja-o-ochronie-danych-osobowych-i-przetwarzaniu-danych\/"]}]},{"@type":"BreadcrumbList","@id":"https:\/\/dev-rci-insurance.iconsandbox.com\/pl\/informacja-o-ochronie-danych-osobowych-i-przetwarzaniu-danych\/#breadcrumb","itemListElement":[{"@type":"ListItem","position":1,"name":"Home","item":"http:\/\/dev-rci-insurance.iconsandbox.com\/pl\/"},{"@type":"ListItem","position":2,"name":"INFORMACJA O OCHRONIE DANYCH OSOBOWYCH I PRZETWARZANIU DANYCH"}]},{"@type":"WebSite","@id":"http:\/\/dev-rci-insurance.iconsandbox.com\/de\/#website","url":"http:\/\/dev-rci-insurance.iconsandbox.com\/de\/","name":"RCI INSURANCE","description":"","potentialAction":[{"@type":"SearchAction","target":{"@type":"EntryPoint","urlTemplate":"http:\/\/dev-rci-insurance.iconsandbox.com\/de\/?s={search_term_string}"},"query-input":{"@type":"PropertyValueSpecification","valueRequired":true,"valueName":"search_term_string"}}],"inLanguage":"pl-PL"}]}},"_links":{"self":[{"href":"http:\/\/dev-rci-insurance.iconsandbox.com\/pl\/wp-json\/wp\/v2\/pages\/8804","targetHints":{"allow":["GET"]}}],"collection":[{"href":"http:\/\/dev-rci-insurance.iconsandbox.com\/pl\/wp-json\/wp\/v2\/pages"}],"about":[{"href":"http:\/\/dev-rci-insurance.iconsandbox.com\/pl\/wp-json\/wp\/v2\/types\/page"}],"author":[{"embeddable":true,"href":"http:\/\/dev-rci-insurance.iconsandbox.com\/pl\/wp-json\/wp\/v2\/users\/3"}],"replies":[{"embeddable":true,"href":"http:\/\/dev-rci-insurance.iconsandbox.com\/pl\/wp-json\/wp\/v2\/comments?post=8804"}],"version-history":[{"count":1,"href":"http:\/\/dev-rci-insurance.iconsandbox.com\/pl\/wp-json\/wp\/v2\/pages\/8804\/revisions"}],"predecessor-version":[{"id":8805,"href":"http:\/\/dev-rci-insurance.iconsandbox.com\/pl\/wp-json\/wp\/v2\/pages\/8804\/revisions\/8805"}],"wp:attachment":[{"href":"http:\/\/dev-rci-insurance.iconsandbox.com\/pl\/wp-json\/wp\/v2\/media?parent=8804"}],"curies":[{"name":"wp","href":"https:\/\/api.w.org\/{rel}","templated":true}]}}