{"id":8793,"date":"2017-12-12T15:46:22","date_gmt":"2017-12-12T15:46:22","guid":{"rendered":"http:\/\/dev-rci-insurance.iconsandbox.com\/terms-internet-usage-policy-2\/"},"modified":"2025-01-23T09:13:04","modified_gmt":"2025-01-23T08:13:04","slug":"zasady-korzystania-z-serwisu-internetowego","status":"publish","type":"page","link":"http:\/\/dev-rci-insurance.iconsandbox.com\/pl\/zasady-korzystania-z-serwisu-internetowego\/","title":{"rendered":"Zasady korzystania z serwisu internetowego"},"content":{"rendered":"<p><strong>Postanowienia og\u00f3lne<\/strong><\/p>\n<p>Niniejsze Warunki korzystania wraz z Polityk\u0105 dotycz\u0105c\u0105 plik\u00f3w cookie oraz Polityk\u0105 prywatno\u015bci serwisu (zwane \u0142\u0105cznie \u201eRegulaminem\u201d) maj\u0105 zastosowanie do korzystania z domeny <a href=\"http:\/\/dev-rci-insurance.iconsandbox.com\/\"><strong>www.rci-insurance.eu<\/strong><\/a> i wszystkich jej subdomen (zwanych dalej \u0142\u0105cznie \u201eSerwisem\u201d lub \u201eniniejszym Serwisem\u201d) nale\u017c\u0105cych do RCI Life Ltd, RCI Insurance Ltd oraz RCI Services Ltd (zwanych dalej \u201eSp\u00f3\u0142kami\u201d, \u201enami\u201d lub \u201emy\u201d). Przed rozpocz\u0119ciem korzystania z Serwisu nale\u017cy uwa\u017cnie zapozna\u0107 si\u0119 z niniejszym Regulaminem.<\/p>\n<p>Korzystanie ze Strony oznacza, \u017ce rozumiesz i akceptujesz niniejsze warunki. Je\u015bli nie zgadzasz si\u0119 z warunkami, prosimy o powstrzymanie si\u0119 od dost\u0119pu do Strony i jej u\u017cywania.<\/p>\n<p>Zalecamy regularne zapoznawanie si\u0119 z tymi warunkami, poniewa\u017c mog\u0105 one by\u0107 okresowo zmieniane wed\u0142ug naszego wy\u0142\u0105cznego uznania i bez powiadomienia.<\/p>\n<p><strong>Dost\u0119p do us\u0142ugi<\/strong><\/p>\n<p>Mimo \u017ce Sp\u00f3\u0142ki podejm\u0105 wszelkie uzasadnione kroki w celu zapewnienia dost\u0119pno\u015bci Strony, mog\u0105 wyst\u0105pi\u0107 okresy jej tymczasowego zawieszenia w przypadku awarii systemu, konserwacji lub z innych przyczyn niezale\u017cnych od Sp\u00f3\u0142ek. Sp\u00f3\u0142ki nie ponosz\u0105 odpowiedzialno\u015bci za takie przerwy lub awarie ani za jakiekolwiek istniej\u0105ce usterki, ani za jakiekolwiek bezpo\u015brednie lub po\u015brednie szkody lub straty, w tym mi\u0119dzy innymi szkody materialne, utrat\u0119 danych lub program\u00f3w czy straty finansowe, kt\u00f3re mog\u0105 z tego wynikn\u0105\u0107.<\/p>\n<p>Sp\u00f3\u0142ki zastrzegaj\u0105 sobie prawo do tymczasowego lub trwa\u0142ego zawieszenia dost\u0119pu lub wycofania Strony. Sp\u00f3\u0142ki zastrzegaj\u0105 sobie r\u00f3wnie\u017c prawo do przegl\u0105du i zmiany zawarto\u015bci Strony oraz usuwania tre\u015bci bez wcze\u015bniejszego powiadomienia.<\/p>\n<p><strong>Ograniczenie odpowiedzialno\u015bci<\/strong><\/p>\n<p>Mimo \u017ce Sp\u00f3\u0142ki podejm\u0105 wszelkie uzasadnione kroki w celu zapewnienia dok\u0142adno\u015bci informacji zawartych na tej Stronie internetowej, nie gwarantuj\u0105 dok\u0142adno\u015bci ani kompletno\u015bci tych informacji, ani nie ponosz\u0105 odpowiedzialno\u015bci za jakiekolwiek b\u0142\u0119dy lub pomini\u0119cia.<\/p>\n<p>Zrzekamy si\u0119, w najszerszym zakresie dozwolonym przez prawo, wszelkich dorozumianych lub wyra\u017anych gwarancji dotycz\u0105cych zadowalaj\u0105cej jako\u015bci i przydatno\u015bci do okre\u015blonego celu. U\u017cytkownik przyjmuje do wiadomo\u015bci, \u017ce ponosi wy\u0142\u0105czn\u0105 odpowiedzialno\u015b\u0107 za spos\u00f3b korzystania ze Strony internetowej oraz wszystkich informacji, kt\u00f3re z niej uzyskuje.<\/p>\n<p>Wszystkie materia\u0142y zawarte na tej Stronie internetowej s\u0142u\u017c\u0105 wy\u0142\u0105cznie do cel\u00f3w informacyjnych i nie maj\u0105 na celu udzielania porad prawnych ani innych profesjonalnych porad, ani nie zobowi\u0105zuj\u0105 Sp\u00f3\u0142ek do jakichkolwiek zobowi\u0105za\u0144. Sp\u00f3\u0142ki nie ponosz\u0105 odpowiedzialno\u015bci za jakiekolwiek bezpo\u015brednie, po\u015brednie lub wynikowe straty lub szkody, kt\u00f3re mog\u0105 wynikn\u0105\u0107 z polegania na informacjach zawartych na tej Stronie internetowej. Zaleca si\u0119 uzyskanie potwierdzenia zawartych tu o\u015bwiadcze\u0144 przed podj\u0119ciem dzia\u0142a\u0144 na ich podstawie.<\/p>\n<p>Sp\u00f3\u0142ki nie ponosz\u0105 odpowiedzialno\u015bci za jakiekolwiek straty lub szkody spowodowane przez z\u0142o\u015bliwe oprogramowanie, wirusy lub inne szkodliwe technologicznie materia\u0142y powsta\u0142e w wyniku korzystania z tej Strony internetowej lub pobierania jakichkolwiek materia\u0142\u00f3w zamieszczonych na niej lub na innych powi\u0105zanych stronach internetowych.<\/p>\n<p><strong>Zasady post\u0119powania u\u017cytkownika<\/strong><\/p>\n<p>Podczas uzyskiwania dost\u0119pu lub korzystania z jakiejkolwiek us\u0142ugi \u015bwiadczonej na tej Stronie internetowej, zabronione jest zamieszczanie lub przesy\u0142anie jakichkolwiek bezprawnych, zawieraj\u0105cych gro\u017aby, obra\u017aliwych, oszczerczych, znies\u0142awiaj\u0105cych, nieprzyzwoitych, pornograficznych, wulgarnych lub w inny spos\u00f3b nieodpowiednich informacji. Dotyczy to mi\u0119dzy innymi wszelkich przekaz\u00f3w stanowi\u0105cych lub zach\u0119caj\u0105cych do zachowa\u0144, kt\u00f3re stanowi\u0142yby przest\u0119pstwo, powodowa\u0142yby odpowiedzialno\u015b\u0107 cywiln\u0105 lub w inny spos\u00f3b narusza\u0142y jakiekolwiek prawo krajowe lub mi\u0119dzynarodowe.<\/p>\n<p><strong>Hiper\u0142\u0105cza<\/strong><\/p>\n<p>Witryna mo\u017ce zawiera\u0107 \u0142\u0105cza do zewn\u0119trznych stron internetowych. Sp\u00f3\u0142ki nie ponosz\u0105 z tego tytu\u0142u \u017cadnej odpowiedzialno\u015bci ani nie sk\u0142adaj\u0105 \u017cadnych o\u015bwiadcze\u0144 dotycz\u0105cych legalno\u015bci, jako\u015bci lub przydatno\u015bci jakichkolwiek tre\u015bci zawartych na tych stronach internetowych. Istnienie hiper\u0142\u0105cza do takiej zewn\u0119trznej strony internetowej nie powinno by\u0107 interpretowane jako oznaczaj\u0105ce w spos\u00f3b wyra\u017any lub dorozumiany, \u017ce Sp\u00f3\u0142ki popieraj\u0105, autoryzuj\u0105 lub sponsoruj\u0105 tak\u0105 stron\u0119 internetow\u0105 lub zawarte na niej tre\u015bci. Je\u015bli zdecydujesz si\u0119 na dost\u0119p do stron internetowych os\u00f3b trzecich po\u0142\u0105czonych z t\u0105 Witryn\u0105, robisz to wy\u0142\u0105cznie na w\u0142asne ryzyko.<\/p>\n<p><strong>Znaki towarowe, prawa autorskie i inne prawa w\u0142asno\u015bci intelektualnej<\/strong><\/p>\n<p>O ile nie okre\u015blono inaczej, wszystkie prawa autorskie, znaki towarowe i patenty, w tym mi\u0119dzy innymi tekst, narz\u0119dzia, zdj\u0119cia i obrazy graficzne na tej Witrynie nale\u017c\u0105 do Sp\u00f3\u0142ek lub Shutterstock, Inc.<\/p>\n<p>W\u0142asno\u015b\u0107 intelektualna w ramach Witryny nale\u017c\u0105ca do os\u00f3b trzecich stanowi w\u0142asno\u015b\u0107 ich odpowiednich w\u0142a\u015bcicieli. \u017badne z postanowie\u0144 zawartych w niniejszym dokumencie nie mo\u017ce by\u0107 interpretowane jako przyznaj\u0105ce jakiekolwiek prawo lub licencj\u0119 do korzystania z praw autorskich, znak\u00f3w towarowych lub patent\u00f3w bez uprzedniej pisemnej zgody.<\/p>\n<p>Z wyj\u0105tkiem cel\u00f3w osobistych i niekomercyjnych zabronione jest powielanie lub przechowywanie jakiejkolwiek cz\u0119\u015bci tej Witryny na jakiejkolwiek innej stronie internetowej lub w\u0142\u0105czanie jej do jakiegokolwiek publicznego lub prywatnego elektronicznego systemu lub us\u0142ugi wyszukiwania bez naszej uprzedniej pisemnej zgody.<\/p>\n<p>Wszelkie prawa, kt\u00f3re nie zosta\u0142y wyra\u017anie przyznane w niniejszych Warunkach, s\u0105 zastrze\u017cone.<\/p>\n<p><strong>Prawo w\u0142a\u015bciwe<\/strong><\/p>\n<p>Niniejsze Warunki, jak r\u00f3wnie\u017c korzystanie z tej Witryny, podlegaj\u0105 prawu malta\u0144skiemu i s\u0105 zgodnie z nim interpretowane. W przypadku powstania sporu zwi\u0105zanego z korzystaniem lub zawarto\u015bci\u0105 tej Witryny b\u0119dzie on rozstrzygany przez s\u0105dy malta\u0144skie, kt\u00f3re maj\u0105 wy\u0142\u0105czn\u0105 jurysdykcj\u0119 w tej sprawie.<\/p>\n","protected":false},"excerpt":{"rendered":"Postanowienia og\u00f3lne Niniejsze Warunki korzystania wraz z Polityk\u0105 dotycz\u0105c\u0105 plik\u00f3w cookie oraz Polityk\u0105 prywatno\u015bci serwisu (zwane \u0142\u0105cznie \u201eRegulaminem\u201d) maj\u0105 zastosowanie do korzystania z domeny www.rci-insurance.eu i wszystkich jej subdomen (zwanych dalej \u0142\u0105cznie \u201eSerwisem\u201d lub \u201eniniejszym Serwisem\u201d) nale\u017c\u0105cych do RCI Life Ltd, RCI Insurance Ltd oraz RCI Services Ltd (zwanych dalej \u201eSp\u00f3\u0142kami\u201d, \u201enami\u201d lub \u201emy\u201d). Przed&hellip;","protected":false},"author":1,"featured_media":0,"parent":0,"menu_order":0,"comment_status":"closed","ping_status":"closed","template":"","meta":{"_acf_changed":false,"footnotes":""},"class_list":["post-8793","page","type-page","status-publish","hentry"],"acf":[],"yoast_head":"<!-- This site is optimized with the Yoast SEO plugin v24.3 - https:\/\/yoast.com\/wordpress\/plugins\/seo\/ -->\r\n<title>Zasady korzystania z serwisu internetowego - RCI INSURANCE<\/title>\r\n<meta name=\"robots\" content=\"index, follow, max-snippet:-1, max-image-preview:large, max-video-preview:-1\" \/>\r\n<link rel=\"canonical\" href=\"https:\/\/dev-rci-insurance.iconsandbox.com\/pl\/zasady-korzystania-z-serwisu-internetowego\/\" \/>\r\n<meta property=\"og:locale\" content=\"pl_PL\" \/>\r\n<meta property=\"og:type\" content=\"article\" \/>\r\n<meta property=\"og:title\" content=\"Zasady korzystania z serwisu internetowego - RCI INSURANCE\" \/>\r\n<meta property=\"og:description\" content=\"Postanowienia og\u00f3lne Niniejsze Warunki korzystania wraz z Polityk\u0105 dotycz\u0105c\u0105 plik\u00f3w cookie oraz Polityk\u0105 prywatno\u015bci serwisu (zwane \u0142\u0105cznie \u201eRegulaminem\u201d) maj\u0105 zastosowanie do korzystania z domeny www.rci-insurance.eu i wszystkich jej subdomen (zwanych dalej \u0142\u0105cznie \u201eSerwisem\u201d lub \u201eniniejszym Serwisem\u201d) nale\u017c\u0105cych do RCI Life Ltd, RCI Insurance Ltd oraz RCI Services Ltd (zwanych dalej \u201eSp\u00f3\u0142kami\u201d, \u201enami\u201d lub \u201emy\u201d). Przed&hellip;\" \/>\r\n<meta property=\"og:url\" content=\"https:\/\/dev-rci-insurance.iconsandbox.com\/pl\/zasady-korzystania-z-serwisu-internetowego\/\" \/>\r\n<meta property=\"og:site_name\" content=\"RCI INSURANCE\" \/>\r\n<meta property=\"article:modified_time\" content=\"2025-01-23T08:13:04+00:00\" \/>\r\n<meta name=\"twitter:card\" content=\"summary_large_image\" \/>\r\n<meta name=\"twitter:label1\" content=\"Szacowany czas czytania\" \/>\n\t<meta name=\"twitter:data1\" content=\"4 minuty\" \/>\r\n<script type=\"application\/ld+json\" class=\"yoast-schema-graph\">{\"@context\":\"https:\/\/schema.org\",\"@graph\":[{\"@type\":\"WebPage\",\"@id\":\"https:\/\/dev-rci-insurance.iconsandbox.com\/pl\/zasady-korzystania-z-serwisu-internetowego\/\",\"url\":\"https:\/\/dev-rci-insurance.iconsandbox.com\/pl\/zasady-korzystania-z-serwisu-internetowego\/\",\"name\":\"Zasady korzystania z serwisu internetowego - RCI INSURANCE\",\"isPartOf\":{\"@id\":\"http:\/\/dev-rci-insurance.iconsandbox.com\/pl\/#website\"},\"datePublished\":\"2017-12-12T15:46:22+00:00\",\"dateModified\":\"2025-01-23T08:13:04+00:00\",\"breadcrumb\":{\"@id\":\"https:\/\/dev-rci-insurance.iconsandbox.com\/pl\/zasady-korzystania-z-serwisu-internetowego\/#breadcrumb\"},\"inLanguage\":\"pl-PL\",\"potentialAction\":[{\"@type\":\"ReadAction\",\"target\":[\"https:\/\/dev-rci-insurance.iconsandbox.com\/pl\/zasady-korzystania-z-serwisu-internetowego\/\"]}]},{\"@type\":\"BreadcrumbList\",\"@id\":\"https:\/\/dev-rci-insurance.iconsandbox.com\/pl\/zasady-korzystania-z-serwisu-internetowego\/#breadcrumb\",\"itemListElement\":[{\"@type\":\"ListItem\",\"position\":1,\"name\":\"Home\",\"item\":\"http:\/\/dev-rci-insurance.iconsandbox.com\/pl\/\"},{\"@type\":\"ListItem\",\"position\":2,\"name\":\"Zasady korzystania z serwisu internetowego\"}]},{\"@type\":\"WebSite\",\"@id\":\"http:\/\/dev-rci-insurance.iconsandbox.com\/pl\/#website\",\"url\":\"http:\/\/dev-rci-insurance.iconsandbox.com\/pl\/\",\"name\":\"RCI INSURANCE\",\"description\":\"\",\"potentialAction\":[{\"@type\":\"SearchAction\",\"target\":{\"@type\":\"EntryPoint\",\"urlTemplate\":\"http:\/\/dev-rci-insurance.iconsandbox.com\/pl\/?s={search_term_string}\"},\"query-input\":{\"@type\":\"PropertyValueSpecification\",\"valueRequired\":true,\"valueName\":\"search_term_string\"}}],\"inLanguage\":\"pl-PL\"}]}<\/script>\r\n<!-- \/ Yoast SEO plugin. -->","yoast_head_json":{"title":"Zasady korzystania z serwisu internetowego - RCI INSURANCE","robots":{"index":"index","follow":"follow","max-snippet":"max-snippet:-1","max-image-preview":"max-image-preview:large","max-video-preview":"max-video-preview:-1"},"canonical":"https:\/\/dev-rci-insurance.iconsandbox.com\/pl\/zasady-korzystania-z-serwisu-internetowego\/","og_locale":"pl_PL","og_type":"article","og_title":"Zasady korzystania z serwisu internetowego - RCI INSURANCE","og_description":"Postanowienia og\u00f3lne Niniejsze Warunki korzystania wraz z Polityk\u0105 dotycz\u0105c\u0105 plik\u00f3w cookie oraz Polityk\u0105 prywatno\u015bci serwisu (zwane \u0142\u0105cznie \u201eRegulaminem\u201d) maj\u0105 zastosowanie do korzystania z domeny www.rci-insurance.eu i wszystkich jej subdomen (zwanych dalej \u0142\u0105cznie \u201eSerwisem\u201d lub \u201eniniejszym Serwisem\u201d) nale\u017c\u0105cych do RCI Life Ltd, RCI Insurance Ltd oraz RCI Services Ltd (zwanych dalej \u201eSp\u00f3\u0142kami\u201d, \u201enami\u201d lub \u201emy\u201d). Przed&hellip;","og_url":"https:\/\/dev-rci-insurance.iconsandbox.com\/pl\/zasady-korzystania-z-serwisu-internetowego\/","og_site_name":"RCI INSURANCE","article_modified_time":"2025-01-23T08:13:04+00:00","twitter_card":"summary_large_image","twitter_misc":{"Szacowany czas czytania":"4 minuty"},"schema":{"@context":"https:\/\/schema.org","@graph":[{"@type":"WebPage","@id":"https:\/\/dev-rci-insurance.iconsandbox.com\/pl\/zasady-korzystania-z-serwisu-internetowego\/","url":"https:\/\/dev-rci-insurance.iconsandbox.com\/pl\/zasady-korzystania-z-serwisu-internetowego\/","name":"Zasady korzystania z serwisu internetowego - RCI INSURANCE","isPartOf":{"@id":"http:\/\/dev-rci-insurance.iconsandbox.com\/pl\/#website"},"datePublished":"2017-12-12T15:46:22+00:00","dateModified":"2025-01-23T08:13:04+00:00","breadcrumb":{"@id":"https:\/\/dev-rci-insurance.iconsandbox.com\/pl\/zasady-korzystania-z-serwisu-internetowego\/#breadcrumb"},"inLanguage":"pl-PL","potentialAction":[{"@type":"ReadAction","target":["https:\/\/dev-rci-insurance.iconsandbox.com\/pl\/zasady-korzystania-z-serwisu-internetowego\/"]}]},{"@type":"BreadcrumbList","@id":"https:\/\/dev-rci-insurance.iconsandbox.com\/pl\/zasady-korzystania-z-serwisu-internetowego\/#breadcrumb","itemListElement":[{"@type":"ListItem","position":1,"name":"Home","item":"http:\/\/dev-rci-insurance.iconsandbox.com\/pl\/"},{"@type":"ListItem","position":2,"name":"Zasady korzystania z serwisu internetowego"}]},{"@type":"WebSite","@id":"http:\/\/dev-rci-insurance.iconsandbox.com\/pl\/#website","url":"http:\/\/dev-rci-insurance.iconsandbox.com\/pl\/","name":"RCI INSURANCE","description":"","potentialAction":[{"@type":"SearchAction","target":{"@type":"EntryPoint","urlTemplate":"http:\/\/dev-rci-insurance.iconsandbox.com\/pl\/?s={search_term_string}"},"query-input":{"@type":"PropertyValueSpecification","valueRequired":true,"valueName":"search_term_string"}}],"inLanguage":"pl-PL"}]}},"_links":{"self":[{"href":"http:\/\/dev-rci-insurance.iconsandbox.com\/pl\/wp-json\/wp\/v2\/pages\/8793","targetHints":{"allow":["GET"]}}],"collection":[{"href":"http:\/\/dev-rci-insurance.iconsandbox.com\/pl\/wp-json\/wp\/v2\/pages"}],"about":[{"href":"http:\/\/dev-rci-insurance.iconsandbox.com\/pl\/wp-json\/wp\/v2\/types\/page"}],"author":[{"embeddable":true,"href":"http:\/\/dev-rci-insurance.iconsandbox.com\/pl\/wp-json\/wp\/v2\/users\/1"}],"replies":[{"embeddable":true,"href":"http:\/\/dev-rci-insurance.iconsandbox.com\/pl\/wp-json\/wp\/v2\/comments?post=8793"}],"version-history":[{"count":1,"href":"http:\/\/dev-rci-insurance.iconsandbox.com\/pl\/wp-json\/wp\/v2\/pages\/8793\/revisions"}],"predecessor-version":[{"id":8794,"href":"http:\/\/dev-rci-insurance.iconsandbox.com\/pl\/wp-json\/wp\/v2\/pages\/8793\/revisions\/8794"}],"wp:attachment":[{"href":"http:\/\/dev-rci-insurance.iconsandbox.com\/pl\/wp-json\/wp\/v2\/media?parent=8793"}],"curies":[{"name":"wp","href":"https:\/\/api.w.org\/{rel}","templated":true}]}}