{"id":8789,"date":"2017-12-19T16:04:24","date_gmt":"2017-12-19T15:04:24","guid":{"rendered":"http:\/\/dev-rci-insurance.iconsandbox.com\/o-rci-insurance\/corporate-values\/"},"modified":"2025-01-21T16:00:15","modified_gmt":"2025-01-21T15:00:15","slug":"wartosci-korporacyjne","status":"publish","type":"page","link":"http:\/\/dev-rci-insurance.iconsandbox.com\/pl\/o-rci-insurance\/wartosci-korporacyjne\/","title":{"rendered":"Warto\u015bci korporacyjne"},"content":{"rendered":"<p><strong>Prawid\u0142owe praktyki \u0142adu korporacyjnego zapewniaj\u0105, \u017ce RCI Life Limited i RCI Insurance Limited (\u201eSp\u00f3\u0142ki\u201d) nieprzerwanie realizuj\u0105 swoje cele biznesowe, zabezpieczaj\u0105c jednocze\u015bnie interesy ubezpieczonych, akcjonariuszy i innych interesariuszy poprzez wspieranie zr\u00f3wnowa\u017conego i d\u0142ugoterminowego rozwoju.<\/strong><\/p>\n<p>Sp\u00f3\u0142ki przyjmuj\u0105 struktur\u0119 zarz\u0105dzania, kt\u00f3ra promuje:<\/p>\n<ul>\n<li>Przejrzysto\u015b\u0107<\/li>\n<li>Jasno okre\u015blone role i obowi\u0105zki<\/li>\n<li>Odpowiedzialno\u015b\u0107<\/li>\n<li>Skuteczny przep\u0142yw informacji<\/li>\n<\/ul>\n<p><strong>Polityki i Procedury<\/strong><\/p>\n<p>Polityki i procedury okre\u015blaj\u0105 role i obowi\u0105zki poszczeg\u00f3lnych funkcji biznesowych oraz organ\u00f3w zarz\u0105dczych w ka\u017cdym kluczowym obszarze operacyjnym. S\u0105 one okresowo weryfikowane w celu zapewnienia aktualno\u015bci i ci\u0105g\u0142ej zgodno\u015bci podstawowych zasad z apetytem na ryzyko i strategi\u0105 biznesow\u0105 Sp\u00f3\u0142ek.<\/p>\n<p><strong>Komitety ds. \u0141adu Korporacyjnego<\/strong><\/p>\n<p>Wyznaczone komitety ds. \u0142adu korporacyjnego wspieraj\u0105 Rad\u0119 Nadzorcz\u0105 w nadzorowaniu kluczowych obszar\u00f3w dzia\u0142alno\u015bci (w szczeg\u00f3lno\u015bci operacji ubezpieczeniowych, zarz\u0105dzania inwestycjami, zarz\u0105dzania ryzykiem, kontroli wewn\u0119trznej i zgodno\u015bci) oraz skupiaj\u0105 odpowiednio dobrany sk\u0142ad dyrektor\u00f3w, os\u00f3b pe\u0142ni\u0105cych kluczowe funkcje i przedstawicieli akcjonariuszy.<\/p>\n<p><strong>Rada Nadzorcza<\/strong><\/p>\n<p>Rada Nadzorcza i Zarz\u0105d uznaj\u0105 znaczenie wdro\u017cenia odpowiednich \u015brodk\u00f3w zapewniaj\u0105cych, \u017ce osoby faktycznie kieruj\u0105ce dzia\u0142alno\u015bci\u0105 lub pe\u0142ni\u0105ce inne kluczowe funkcje posiadaj\u0105 wymagany poziom kompetencji i reputacji do prowadzenia spraw Sp\u00f3\u0142ek w spos\u00f3b prawid\u0142owy i rozwa\u017cny.<\/p>\n<p><strong>Pracownicy i Partnerzy Zewn\u0119trzni<\/strong><\/p>\n<p>Od pracownik\u00f3w oczekuje si\u0119:<\/p>\n<ul>\n<li>Post\u0119powania z najwy\u017csz\u0105 uczciwo\u015bci\u0105 i staranno\u015bci\u0105 w ka\u017cdej sytuacji.<\/li>\n<li>D\u0105\u017cenia do doskona\u0142o\u015bci w wykonywanej pracy.<\/li>\n<li>D\u0105\u017cenia do osi\u0105gania najlepszych mo\u017cliwych rezultat\u00f3w.<\/li>\n<li>Dzia\u0142ania w interesie publicznym.<\/li>\n<\/ul>\n<p>Zasada ta dotyczy r\u00f3wnie\u017c wszystkich partner\u00f3w zewn\u0119trznych poprzez zapewnienie, \u017ce us\u0142ugodawcy spe\u0142niaj\u0105 okre\u015blone standardy \u015bwiadczenia us\u0142ug.<\/p>\n<p><strong>Zgodno\u015b\u0107 z Przepisami<\/strong><\/p>\n<p>Sp\u00f3\u0142ki nie toleruj\u0105 oszustw, korupcji ani \u017cadnych innych niedozwolonych dzia\u0142a\u0144 i zobowi\u0105zuj\u0105 si\u0119 do zapewnienia zgodno\u015bci z odpowiednimi przepisami prawa, regulacjami, kodeksami bran\u017cowymi, standardami etycznymi i zawodowymi, jak r\u00f3wnie\u017c wewn\u0119trznymi politykami.<\/p>\n","protected":false},"excerpt":{"rendered":"Prawid\u0142owe praktyki \u0142adu korporacyjnego zapewniaj\u0105, \u017ce RCI Life Limited i RCI Insurance Limited (\u201eSp\u00f3\u0142ki\u201d) nieprzerwanie realizuj\u0105 swoje cele biznesowe, zabezpieczaj\u0105c jednocze\u015bnie interesy ubezpieczonych, akcjonariuszy i innych interesariuszy poprzez wspieranie zr\u00f3wnowa\u017conego i d\u0142ugoterminowego rozwoju. Sp\u00f3\u0142ki przyjmuj\u0105 struktur\u0119 zarz\u0105dzania, kt\u00f3ra promuje: Przejrzysto\u015b\u0107 Jasno okre\u015blone role i obowi\u0105zki Odpowiedzialno\u015b\u0107 Skuteczny przep\u0142yw informacji Polityki i Procedury Polityki i procedury&hellip;","protected":false},"author":1,"featured_media":0,"parent":8771,"menu_order":0,"comment_status":"closed","ping_status":"closed","template":"","meta":{"_acf_changed":false,"footnotes":""},"class_list":["post-8789","page","type-page","status-publish","hentry"],"acf":[],"yoast_head":"<!-- This site is optimized with the Yoast SEO plugin v24.3 - https:\/\/yoast.com\/wordpress\/plugins\/seo\/ -->\r\n<title>Corporate Values | RCI Insurance<\/title>\r\n<meta name=\"description\" content=\"Sound corporate governance practices ensure that RCI Insurance Limited continues to meet their business objectives. Discover RCI Insurance Corporate Values.\" \/>\r\n<meta name=\"robots\" content=\"index, follow, max-snippet:-1, max-image-preview:large, max-video-preview:-1\" \/>\r\n<link rel=\"canonical\" href=\"http:\/\/dev-rci-insurance.iconsandbox.com\/pl\/o-rci-insurance\/wartosci-korporacyjne\/\" \/>\r\n<meta property=\"og:locale\" content=\"pl_PL\" \/>\r\n<meta property=\"og:type\" content=\"article\" \/>\r\n<meta property=\"og:title\" content=\"Corporate Values | RCI Insurance\" \/>\r\n<meta property=\"og:description\" content=\"Sound corporate governance practices ensure that RCI Insurance Limited continues to meet their business objectives. Discover RCI Insurance Corporate Values.\" \/>\r\n<meta property=\"og:url\" content=\"http:\/\/dev-rci-insurance.iconsandbox.com\/pl\/o-rci-insurance\/wartosci-korporacyjne\/\" \/>\r\n<meta property=\"og:site_name\" content=\"RCI INSURANCE\" \/>\r\n<meta property=\"article:modified_time\" content=\"2025-01-21T15:00:15+00:00\" \/>\r\n<meta name=\"twitter:card\" content=\"summary_large_image\" \/>\r\n<meta name=\"twitter:label1\" content=\"Szacowany czas czytania\" \/>\n\t<meta name=\"twitter:data1\" content=\"2 minuty\" \/>\r\n<script type=\"application\/ld+json\" class=\"yoast-schema-graph\">{\"@context\":\"https:\/\/schema.org\",\"@graph\":[{\"@type\":\"WebPage\",\"@id\":\"http:\/\/dev-rci-insurance.iconsandbox.com\/pl\/o-rci-insurance\/wartosci-korporacyjne\/\",\"url\":\"http:\/\/dev-rci-insurance.iconsandbox.com\/pl\/o-rci-insurance\/wartosci-korporacyjne\/\",\"name\":\"Corporate Values | RCI Insurance\",\"isPartOf\":{\"@id\":\"http:\/\/dev-rci-insurance.iconsandbox.com\/de\/#website\"},\"datePublished\":\"2017-12-19T15:04:24+00:00\",\"dateModified\":\"2025-01-21T15:00:15+00:00\",\"description\":\"Sound corporate governance practices ensure that RCI Insurance Limited continues to meet their business objectives. Discover RCI Insurance Corporate Values.\",\"breadcrumb\":{\"@id\":\"http:\/\/dev-rci-insurance.iconsandbox.com\/pl\/o-rci-insurance\/wartosci-korporacyjne\/#breadcrumb\"},\"inLanguage\":\"pl-PL\",\"potentialAction\":[{\"@type\":\"ReadAction\",\"target\":[\"http:\/\/dev-rci-insurance.iconsandbox.com\/pl\/o-rci-insurance\/wartosci-korporacyjne\/\"]}]},{\"@type\":\"BreadcrumbList\",\"@id\":\"http:\/\/dev-rci-insurance.iconsandbox.com\/pl\/o-rci-insurance\/wartosci-korporacyjne\/#breadcrumb\",\"itemListElement\":[{\"@type\":\"ListItem\",\"position\":1,\"name\":\"Home\",\"item\":\"http:\/\/dev-rci-insurance.iconsandbox.com\/pl\/\"},{\"@type\":\"ListItem\",\"position\":2,\"name\":\"O RCI Insurance\",\"item\":\"https:\/\/dev-rci-insurance.iconsandbox.com\/pl\/o-rci-insurance\/\"},{\"@type\":\"ListItem\",\"position\":3,\"name\":\"Warto\u015bci korporacyjne\"}]},{\"@type\":\"WebSite\",\"@id\":\"http:\/\/dev-rci-insurance.iconsandbox.com\/de\/#website\",\"url\":\"http:\/\/dev-rci-insurance.iconsandbox.com\/de\/\",\"name\":\"RCI INSURANCE\",\"description\":\"\",\"potentialAction\":[{\"@type\":\"SearchAction\",\"target\":{\"@type\":\"EntryPoint\",\"urlTemplate\":\"http:\/\/dev-rci-insurance.iconsandbox.com\/de\/?s={search_term_string}\"},\"query-input\":{\"@type\":\"PropertyValueSpecification\",\"valueRequired\":true,\"valueName\":\"search_term_string\"}}],\"inLanguage\":\"pl-PL\"}]}<\/script>\r\n<!-- \/ Yoast SEO plugin. -->","yoast_head_json":{"title":"Corporate Values | RCI Insurance","description":"Sound corporate governance practices ensure that RCI Insurance Limited continues to meet their business objectives. Discover RCI Insurance Corporate Values.","robots":{"index":"index","follow":"follow","max-snippet":"max-snippet:-1","max-image-preview":"max-image-preview:large","max-video-preview":"max-video-preview:-1"},"canonical":"http:\/\/dev-rci-insurance.iconsandbox.com\/pl\/o-rci-insurance\/wartosci-korporacyjne\/","og_locale":"pl_PL","og_type":"article","og_title":"Corporate Values | RCI Insurance","og_description":"Sound corporate governance practices ensure that RCI Insurance Limited continues to meet their business objectives. Discover RCI Insurance Corporate Values.","og_url":"http:\/\/dev-rci-insurance.iconsandbox.com\/pl\/o-rci-insurance\/wartosci-korporacyjne\/","og_site_name":"RCI INSURANCE","article_modified_time":"2025-01-21T15:00:15+00:00","twitter_card":"summary_large_image","twitter_misc":{"Szacowany czas czytania":"2 minuty"},"schema":{"@context":"https:\/\/schema.org","@graph":[{"@type":"WebPage","@id":"http:\/\/dev-rci-insurance.iconsandbox.com\/pl\/o-rci-insurance\/wartosci-korporacyjne\/","url":"http:\/\/dev-rci-insurance.iconsandbox.com\/pl\/o-rci-insurance\/wartosci-korporacyjne\/","name":"Corporate Values | RCI Insurance","isPartOf":{"@id":"http:\/\/dev-rci-insurance.iconsandbox.com\/de\/#website"},"datePublished":"2017-12-19T15:04:24+00:00","dateModified":"2025-01-21T15:00:15+00:00","description":"Sound corporate governance practices ensure that RCI Insurance Limited continues to meet their business objectives. Discover RCI Insurance Corporate Values.","breadcrumb":{"@id":"http:\/\/dev-rci-insurance.iconsandbox.com\/pl\/o-rci-insurance\/wartosci-korporacyjne\/#breadcrumb"},"inLanguage":"pl-PL","potentialAction":[{"@type":"ReadAction","target":["http:\/\/dev-rci-insurance.iconsandbox.com\/pl\/o-rci-insurance\/wartosci-korporacyjne\/"]}]},{"@type":"BreadcrumbList","@id":"http:\/\/dev-rci-insurance.iconsandbox.com\/pl\/o-rci-insurance\/wartosci-korporacyjne\/#breadcrumb","itemListElement":[{"@type":"ListItem","position":1,"name":"Home","item":"http:\/\/dev-rci-insurance.iconsandbox.com\/pl\/"},{"@type":"ListItem","position":2,"name":"O RCI Insurance","item":"https:\/\/dev-rci-insurance.iconsandbox.com\/pl\/o-rci-insurance\/"},{"@type":"ListItem","position":3,"name":"Warto\u015bci korporacyjne"}]},{"@type":"WebSite","@id":"http:\/\/dev-rci-insurance.iconsandbox.com\/de\/#website","url":"http:\/\/dev-rci-insurance.iconsandbox.com\/de\/","name":"RCI INSURANCE","description":"","potentialAction":[{"@type":"SearchAction","target":{"@type":"EntryPoint","urlTemplate":"http:\/\/dev-rci-insurance.iconsandbox.com\/de\/?s={search_term_string}"},"query-input":{"@type":"PropertyValueSpecification","valueRequired":true,"valueName":"search_term_string"}}],"inLanguage":"pl-PL"}]}},"_links":{"self":[{"href":"http:\/\/dev-rci-insurance.iconsandbox.com\/pl\/wp-json\/wp\/v2\/pages\/8789","targetHints":{"allow":["GET"]}}],"collection":[{"href":"http:\/\/dev-rci-insurance.iconsandbox.com\/pl\/wp-json\/wp\/v2\/pages"}],"about":[{"href":"http:\/\/dev-rci-insurance.iconsandbox.com\/pl\/wp-json\/wp\/v2\/types\/page"}],"author":[{"embeddable":true,"href":"http:\/\/dev-rci-insurance.iconsandbox.com\/pl\/wp-json\/wp\/v2\/users\/1"}],"replies":[{"embeddable":true,"href":"http:\/\/dev-rci-insurance.iconsandbox.com\/pl\/wp-json\/wp\/v2\/comments?post=8789"}],"version-history":[{"count":1,"href":"http:\/\/dev-rci-insurance.iconsandbox.com\/pl\/wp-json\/wp\/v2\/pages\/8789\/revisions"}],"predecessor-version":[{"id":8790,"href":"http:\/\/dev-rci-insurance.iconsandbox.com\/pl\/wp-json\/wp\/v2\/pages\/8789\/revisions\/8790"}],"up":[{"embeddable":true,"href":"http:\/\/dev-rci-insurance.iconsandbox.com\/pl\/wp-json\/wp\/v2\/pages\/8771"}],"wp:attachment":[{"href":"http:\/\/dev-rci-insurance.iconsandbox.com\/pl\/wp-json\/wp\/v2\/media?parent=8789"}],"curies":[{"name":"wp","href":"https:\/\/api.w.org\/{rel}","templated":true}]}}