{"id":8771,"date":"2017-12-07T13:55:46","date_gmt":"2017-12-07T13:55:46","guid":{"rendered":"http:\/\/dev-rci-insurance.iconsandbox.com\/about\/"},"modified":"2025-01-21T15:51:15","modified_gmt":"2025-01-21T14:51:15","slug":"o-rci-insurance","status":"publish","type":"page","link":"http:\/\/dev-rci-insurance.iconsandbox.com\/pl\/o-rci-insurance\/","title":{"rendered":"O RCI Insurance"},"content":{"rendered":"<p><strong>RCI Insurance Limited (C45786) i RCI Life Limited (C45787), dalej zwane \u201eSp\u00f3\u0142kami\u201d, zosta\u0142y zarejestrowane na Malcie 10 grudnia 2008 roku jako sp\u00f3\u0142ki zale\u017cne RCI Services Limited (C45692) (zarejestrowanej 26 listopada 2008 roku), b\u0119d\u0105cej w ca\u0142o\u015bci w\u0142asno\u015bci\u0105 Mobilize Financial Services.<\/strong><\/p>\n<p>G\u0142\u00f3wn\u0105 dzia\u0142alno\u015bci\u0105 RCI Services Limited jest dzia\u0142alno\u015b\u0107 holdingowa, oferuj\u0105ca r\u00f3\u017cne us\u0142ugi administracyjne swoim sp\u00f3\u0142kom zale\u017cnym. Sp\u00f3\u0142ki, kt\u00f3re zapewniaj\u0105 rozwi\u0105zania ubezpieczeniowe klientom biznesu finansowania samochod\u00f3w Mobilize Financial Services, s\u0105 upowa\u017cnione na mocy Ustawy o dzia\u0142alno\u015bci ubezpieczeniowej z 1998 roku do prowadzenia dzia\u0142alno\u015bci d\u0142ugoterminowej i og\u00f3lnej na rynkach europejskich<sup>(1)<\/sup> pod nadzorem Malta\u0144skiego Urz\u0119du Nadzoru Finansowego.<\/p>\n<p>Siedziby sp\u00f3\u0142ek znajduj\u0105 si\u0119 pod nast\u0119puj\u0105cymi adresami:<\/p>\n<p>Level 3, Mercury Tower,<br \/>\nThe Exchange Financial &amp; Business Centre,<br \/>\nTriq Elia Zammit,<br \/>\nSt Julian\u2019s \u2013 STJ 3155<br \/>\nMalta<\/p>\n<p>&nbsp;<\/p>\n<p><sup>(1) <\/sup>Kraje, w kt\u00f3rych RCI Insurance i RCI Life posiadaj\u0105 zezwolenie na prowadzenie dzia\u0142alno\u015bci oraz docelowe rynki klient\u00f3w przedstawiaj\u0105 si\u0119 nast\u0119puj\u0105co:<\/p>\n<ul>\n<li>Austria<\/li>\n<li>Niemcy<\/li>\n<li>Francja<\/li>\n<li>W\u0142ochy<\/li>\n<li>Rumunia (tylko RCI Insurance)<\/li>\n<li>Portugalia<\/li>\n<li>Hiszpania<\/li>\n<\/ul>\n","protected":false},"excerpt":{"rendered":"RCI Insurance Limited (C45786) i RCI Life Limited (C45787), dalej zwane \u201eSp\u00f3\u0142kami\u201d, zosta\u0142y zarejestrowane na Malcie 10 grudnia 2008 roku jako sp\u00f3\u0142ki zale\u017cne RCI Services Limited (C45692) (zarejestrowanej 26 listopada 2008 roku), b\u0119d\u0105cej w ca\u0142o\u015bci w\u0142asno\u015bci\u0105 Mobilize Financial Services. G\u0142\u00f3wn\u0105 dzia\u0142alno\u015bci\u0105 RCI Services Limited jest dzia\u0142alno\u015b\u0107 holdingowa, oferuj\u0105ca r\u00f3\u017cne us\u0142ugi administracyjne swoim sp\u00f3\u0142kom zale\u017cnym. Sp\u00f3\u0142ki,&hellip;","protected":false},"author":1,"featured_media":8623,"parent":0,"menu_order":0,"comment_status":"closed","ping_status":"closed","template":"","meta":{"_acf_changed":false,"footnotes":""},"class_list":["post-8771","page","type-page","status-publish","has-post-thumbnail","hentry"],"acf":[],"yoast_head":"<!-- This site is optimized with the Yoast SEO plugin v24.3 - https:\/\/yoast.com\/wordpress\/plugins\/seo\/ -->\r\n<title>About RCI Insurance<\/title>\r\n<meta name=\"description\" content=\"RCI Insurance provides insurance solutions to customers of RCI Banque SA&#039;s automobile financing business. Discover more about RCI Insurance.\" \/>\r\n<meta name=\"robots\" content=\"index, follow, max-snippet:-1, max-image-preview:large, max-video-preview:-1\" \/>\r\n<link rel=\"canonical\" href=\"http:\/\/dev-rci-insurance.iconsandbox.com\/pl\/o-rci-insurance\/\" \/>\r\n<meta property=\"og:locale\" content=\"pl_PL\" \/>\r\n<meta property=\"og:type\" content=\"article\" \/>\r\n<meta property=\"og:title\" content=\"About RCI Insurance\" \/>\r\n<meta property=\"og:description\" content=\"RCI Insurance provides insurance solutions to customers of RCI Banque SA&#039;s automobile financing business. Discover more about RCI Insurance.\" \/>\r\n<meta property=\"og:url\" content=\"http:\/\/dev-rci-insurance.iconsandbox.com\/pl\/o-rci-insurance\/\" \/>\r\n<meta property=\"og:site_name\" content=\"RCI INSURANCE\" \/>\r\n<meta property=\"article:modified_time\" content=\"2025-01-21T14:51:15+00:00\" \/>\r\n<meta property=\"og:image\" content=\"http:\/\/dev-rci-insurance.iconsandbox.com\/wp-content\/uploads\/2017\/12\/intro-image.png\" \/>\r\n\t<meta property=\"og:image:width\" content=\"525\" \/>\r\n\t<meta property=\"og:image:height\" content=\"526\" \/>\r\n\t<meta property=\"og:image:type\" content=\"image\/png\" \/>\r\n<meta name=\"twitter:card\" content=\"summary_large_image\" \/>\r\n<meta name=\"twitter:label1\" content=\"Szacowany czas czytania\" \/>\n\t<meta name=\"twitter:data1\" content=\"1 minuta\" \/>\r\n<script type=\"application\/ld+json\" class=\"yoast-schema-graph\">{\"@context\":\"https:\/\/schema.org\",\"@graph\":[{\"@type\":\"WebPage\",\"@id\":\"http:\/\/dev-rci-insurance.iconsandbox.com\/pl\/o-rci-insurance\/\",\"url\":\"http:\/\/dev-rci-insurance.iconsandbox.com\/pl\/o-rci-insurance\/\",\"name\":\"About RCI Insurance\",\"isPartOf\":{\"@id\":\"http:\/\/dev-rci-insurance.iconsandbox.com\/pl\/#website\"},\"primaryImageOfPage\":{\"@id\":\"http:\/\/dev-rci-insurance.iconsandbox.com\/pl\/o-rci-insurance\/#primaryimage\"},\"image\":{\"@id\":\"http:\/\/dev-rci-insurance.iconsandbox.com\/pl\/o-rci-insurance\/#primaryimage\"},\"thumbnailUrl\":\"http:\/\/dev-rci-insurance.iconsandbox.com\/wp-content\/uploads\/2017\/12\/intro-image.png\",\"datePublished\":\"2017-12-07T13:55:46+00:00\",\"dateModified\":\"2025-01-21T14:51:15+00:00\",\"description\":\"RCI Insurance provides insurance solutions to customers of RCI Banque SA's automobile financing business. Discover more about RCI Insurance.\",\"breadcrumb\":{\"@id\":\"http:\/\/dev-rci-insurance.iconsandbox.com\/pl\/o-rci-insurance\/#breadcrumb\"},\"inLanguage\":\"pl-PL\",\"potentialAction\":[{\"@type\":\"ReadAction\",\"target\":[\"http:\/\/dev-rci-insurance.iconsandbox.com\/pl\/o-rci-insurance\/\"]}]},{\"@type\":\"ImageObject\",\"inLanguage\":\"pl-PL\",\"@id\":\"http:\/\/dev-rci-insurance.iconsandbox.com\/pl\/o-rci-insurance\/#primaryimage\",\"url\":\"http:\/\/dev-rci-insurance.iconsandbox.com\/wp-content\/uploads\/2017\/12\/intro-image.png\",\"contentUrl\":\"http:\/\/dev-rci-insurance.iconsandbox.com\/wp-content\/uploads\/2017\/12\/intro-image.png\",\"width\":525,\"height\":526},{\"@type\":\"BreadcrumbList\",\"@id\":\"http:\/\/dev-rci-insurance.iconsandbox.com\/pl\/o-rci-insurance\/#breadcrumb\",\"itemListElement\":[{\"@type\":\"ListItem\",\"position\":1,\"name\":\"Home\",\"item\":\"http:\/\/dev-rci-insurance.iconsandbox.com\/pl\/\"},{\"@type\":\"ListItem\",\"position\":2,\"name\":\"O RCI Insurance\"}]},{\"@type\":\"WebSite\",\"@id\":\"http:\/\/dev-rci-insurance.iconsandbox.com\/pl\/#website\",\"url\":\"http:\/\/dev-rci-insurance.iconsandbox.com\/pl\/\",\"name\":\"RCI INSURANCE\",\"description\":\"\",\"potentialAction\":[{\"@type\":\"SearchAction\",\"target\":{\"@type\":\"EntryPoint\",\"urlTemplate\":\"http:\/\/dev-rci-insurance.iconsandbox.com\/pl\/?s={search_term_string}\"},\"query-input\":{\"@type\":\"PropertyValueSpecification\",\"valueRequired\":true,\"valueName\":\"search_term_string\"}}],\"inLanguage\":\"pl-PL\"}]}<\/script>\r\n<!-- \/ Yoast SEO plugin. -->","yoast_head_json":{"title":"About RCI Insurance","description":"RCI Insurance provides insurance solutions to customers of RCI Banque SA's automobile financing business. Discover more about RCI Insurance.","robots":{"index":"index","follow":"follow","max-snippet":"max-snippet:-1","max-image-preview":"max-image-preview:large","max-video-preview":"max-video-preview:-1"},"canonical":"http:\/\/dev-rci-insurance.iconsandbox.com\/pl\/o-rci-insurance\/","og_locale":"pl_PL","og_type":"article","og_title":"About RCI Insurance","og_description":"RCI Insurance provides insurance solutions to customers of RCI Banque SA's automobile financing business. Discover more about RCI Insurance.","og_url":"http:\/\/dev-rci-insurance.iconsandbox.com\/pl\/o-rci-insurance\/","og_site_name":"RCI INSURANCE","article_modified_time":"2025-01-21T14:51:15+00:00","og_image":[{"width":525,"height":526,"url":"http:\/\/dev-rci-insurance.iconsandbox.com\/wp-content\/uploads\/2017\/12\/intro-image.png","type":"image\/png"}],"twitter_card":"summary_large_image","twitter_misc":{"Szacowany czas czytania":"1 minuta"},"schema":{"@context":"https:\/\/schema.org","@graph":[{"@type":"WebPage","@id":"http:\/\/dev-rci-insurance.iconsandbox.com\/pl\/o-rci-insurance\/","url":"http:\/\/dev-rci-insurance.iconsandbox.com\/pl\/o-rci-insurance\/","name":"About RCI Insurance","isPartOf":{"@id":"http:\/\/dev-rci-insurance.iconsandbox.com\/pl\/#website"},"primaryImageOfPage":{"@id":"http:\/\/dev-rci-insurance.iconsandbox.com\/pl\/o-rci-insurance\/#primaryimage"},"image":{"@id":"http:\/\/dev-rci-insurance.iconsandbox.com\/pl\/o-rci-insurance\/#primaryimage"},"thumbnailUrl":"http:\/\/dev-rci-insurance.iconsandbox.com\/wp-content\/uploads\/2017\/12\/intro-image.png","datePublished":"2017-12-07T13:55:46+00:00","dateModified":"2025-01-21T14:51:15+00:00","description":"RCI Insurance provides insurance solutions to customers of RCI Banque SA's automobile financing business. Discover more about RCI Insurance.","breadcrumb":{"@id":"http:\/\/dev-rci-insurance.iconsandbox.com\/pl\/o-rci-insurance\/#breadcrumb"},"inLanguage":"pl-PL","potentialAction":[{"@type":"ReadAction","target":["http:\/\/dev-rci-insurance.iconsandbox.com\/pl\/o-rci-insurance\/"]}]},{"@type":"ImageObject","inLanguage":"pl-PL","@id":"http:\/\/dev-rci-insurance.iconsandbox.com\/pl\/o-rci-insurance\/#primaryimage","url":"http:\/\/dev-rci-insurance.iconsandbox.com\/wp-content\/uploads\/2017\/12\/intro-image.png","contentUrl":"http:\/\/dev-rci-insurance.iconsandbox.com\/wp-content\/uploads\/2017\/12\/intro-image.png","width":525,"height":526},{"@type":"BreadcrumbList","@id":"http:\/\/dev-rci-insurance.iconsandbox.com\/pl\/o-rci-insurance\/#breadcrumb","itemListElement":[{"@type":"ListItem","position":1,"name":"Home","item":"http:\/\/dev-rci-insurance.iconsandbox.com\/pl\/"},{"@type":"ListItem","position":2,"name":"O RCI Insurance"}]},{"@type":"WebSite","@id":"http:\/\/dev-rci-insurance.iconsandbox.com\/pl\/#website","url":"http:\/\/dev-rci-insurance.iconsandbox.com\/pl\/","name":"RCI INSURANCE","description":"","potentialAction":[{"@type":"SearchAction","target":{"@type":"EntryPoint","urlTemplate":"http:\/\/dev-rci-insurance.iconsandbox.com\/pl\/?s={search_term_string}"},"query-input":{"@type":"PropertyValueSpecification","valueRequired":true,"valueName":"search_term_string"}}],"inLanguage":"pl-PL"}]}},"_links":{"self":[{"href":"http:\/\/dev-rci-insurance.iconsandbox.com\/pl\/wp-json\/wp\/v2\/pages\/8771","targetHints":{"allow":["GET"]}}],"collection":[{"href":"http:\/\/dev-rci-insurance.iconsandbox.com\/pl\/wp-json\/wp\/v2\/pages"}],"about":[{"href":"http:\/\/dev-rci-insurance.iconsandbox.com\/pl\/wp-json\/wp\/v2\/types\/page"}],"author":[{"embeddable":true,"href":"http:\/\/dev-rci-insurance.iconsandbox.com\/pl\/wp-json\/wp\/v2\/users\/1"}],"replies":[{"embeddable":true,"href":"http:\/\/dev-rci-insurance.iconsandbox.com\/pl\/wp-json\/wp\/v2\/comments?post=8771"}],"version-history":[{"count":2,"href":"http:\/\/dev-rci-insurance.iconsandbox.com\/pl\/wp-json\/wp\/v2\/pages\/8771\/revisions"}],"predecessor-version":[{"id":8780,"href":"http:\/\/dev-rci-insurance.iconsandbox.com\/pl\/wp-json\/wp\/v2\/pages\/8771\/revisions\/8780"}],"wp:featuredmedia":[{"embeddable":true,"href":"http:\/\/dev-rci-insurance.iconsandbox.com\/pl\/wp-json\/wp\/v2\/media\/8623"}],"wp:attachment":[{"href":"http:\/\/dev-rci-insurance.iconsandbox.com\/pl\/wp-json\/wp\/v2\/media?parent=8771"}],"curies":[{"name":"wp","href":"https:\/\/api.w.org\/{rel}","templated":true}]}}