{"id":8672,"date":"2017-12-14T07:40:33","date_gmt":"2017-12-14T07:40:33","guid":{"rendered":"http:\/\/dev-rci-insurance.iconsandbox.com\/making-a-claim\/"},"modified":"2025-01-21T13:52:54","modified_gmt":"2025-01-21T12:52:54","slug":"skladanie-szkody","status":"publish","type":"page","link":"http:\/\/dev-rci-insurance.iconsandbox.com\/pl\/skladanie-szkody\/","title":{"rendered":"Sk\u0142adanie szkody"},"content":{"rendered":"<p>Aby zg\u0142osi\u0107 szkod\u0119 z polisy ubezpieczeniowej RCI, wykonaj poni\u017csze 3 kroki.<\/p>\n","protected":false},"excerpt":{"rendered":"Aby zg\u0142osi\u0107 szkod\u0119 z polisy ubezpieczeniowej RCI, wykonaj poni\u017csze 3 kroki.","protected":false},"author":1,"featured_media":0,"parent":0,"menu_order":0,"comment_status":"closed","ping_status":"closed","template":"","meta":{"_acf_changed":false,"footnotes":""},"class_list":["post-8672","page","type-page","status-publish","hentry"],"acf":[],"yoast_head":"<!-- This site is optimized with the Yoast SEO plugin v24.3 - https:\/\/yoast.com\/wordpress\/plugins\/seo\/ -->\r\n<title>Making a Claim | RCI Insurance<\/title>\r\n<meta name=\"description\" content=\"Making a claim with RCI Insurance is quick and easy. Simply contact your dedicated claims handling team and follow the instructions given. Make your claim.\" \/>\r\n<meta name=\"robots\" content=\"index, follow, max-snippet:-1, max-image-preview:large, max-video-preview:-1\" \/>\r\n<link rel=\"canonical\" href=\"https:\/\/dev-rci-insurance.iconsandbox.com\/pl\/skladanie-szkody\/\" \/>\r\n<meta property=\"og:locale\" content=\"pl_PL\" \/>\r\n<meta property=\"og:type\" content=\"article\" \/>\r\n<meta property=\"og:title\" content=\"Making a Claim | RCI Insurance\" \/>\r\n<meta property=\"og:description\" content=\"Making a claim with RCI Insurance is quick and easy. Simply contact your dedicated claims handling team and follow the instructions given. Make your claim.\" \/>\r\n<meta property=\"og:url\" content=\"https:\/\/dev-rci-insurance.iconsandbox.com\/pl\/skladanie-szkody\/\" \/>\r\n<meta property=\"og:site_name\" content=\"RCI INSURANCE\" \/>\r\n<meta property=\"article:modified_time\" content=\"2025-01-21T12:52:54+00:00\" \/>\r\n<meta name=\"twitter:card\" content=\"summary_large_image\" \/>\r\n<meta name=\"twitter:label1\" content=\"Szacowany czas czytania\" \/>\n\t<meta name=\"twitter:data1\" content=\"1 minuta\" \/>\r\n<script type=\"application\/ld+json\" class=\"yoast-schema-graph\">{\"@context\":\"https:\/\/schema.org\",\"@graph\":[{\"@type\":\"WebPage\",\"@id\":\"https:\/\/dev-rci-insurance.iconsandbox.com\/pl\/skladanie-szkody\/\",\"url\":\"https:\/\/dev-rci-insurance.iconsandbox.com\/pl\/skladanie-szkody\/\",\"name\":\"Making a Claim | RCI Insurance\",\"isPartOf\":{\"@id\":\"http:\/\/dev-rci-insurance.iconsandbox.com\/de\/#website\"},\"datePublished\":\"2017-12-14T07:40:33+00:00\",\"dateModified\":\"2025-01-21T12:52:54+00:00\",\"description\":\"Making a claim with RCI Insurance is quick and easy. Simply contact your dedicated claims handling team and follow the instructions given. Make your claim.\",\"breadcrumb\":{\"@id\":\"https:\/\/dev-rci-insurance.iconsandbox.com\/pl\/skladanie-szkody\/#breadcrumb\"},\"inLanguage\":\"pl-PL\",\"potentialAction\":[{\"@type\":\"ReadAction\",\"target\":[\"https:\/\/dev-rci-insurance.iconsandbox.com\/pl\/skladanie-szkody\/\"]}]},{\"@type\":\"BreadcrumbList\",\"@id\":\"https:\/\/dev-rci-insurance.iconsandbox.com\/pl\/skladanie-szkody\/#breadcrumb\",\"itemListElement\":[{\"@type\":\"ListItem\",\"position\":1,\"name\":\"Home\",\"item\":\"http:\/\/dev-rci-insurance.iconsandbox.com\/pl\/\"},{\"@type\":\"ListItem\",\"position\":2,\"name\":\"Sk\u0142adanie szkody\"}]},{\"@type\":\"WebSite\",\"@id\":\"http:\/\/dev-rci-insurance.iconsandbox.com\/de\/#website\",\"url\":\"http:\/\/dev-rci-insurance.iconsandbox.com\/de\/\",\"name\":\"RCI INSURANCE\",\"description\":\"\",\"potentialAction\":[{\"@type\":\"SearchAction\",\"target\":{\"@type\":\"EntryPoint\",\"urlTemplate\":\"http:\/\/dev-rci-insurance.iconsandbox.com\/de\/?s={search_term_string}\"},\"query-input\":{\"@type\":\"PropertyValueSpecification\",\"valueRequired\":true,\"valueName\":\"search_term_string\"}}],\"inLanguage\":\"pl-PL\"}]}<\/script>\r\n<!-- \/ Yoast SEO plugin. -->","yoast_head_json":{"title":"Making a Claim | RCI Insurance","description":"Making a claim with RCI Insurance is quick and easy. Simply contact your dedicated claims handling team and follow the instructions given. Make your claim.","robots":{"index":"index","follow":"follow","max-snippet":"max-snippet:-1","max-image-preview":"max-image-preview:large","max-video-preview":"max-video-preview:-1"},"canonical":"https:\/\/dev-rci-insurance.iconsandbox.com\/pl\/skladanie-szkody\/","og_locale":"pl_PL","og_type":"article","og_title":"Making a Claim | RCI Insurance","og_description":"Making a claim with RCI Insurance is quick and easy. Simply contact your dedicated claims handling team and follow the instructions given. Make your claim.","og_url":"https:\/\/dev-rci-insurance.iconsandbox.com\/pl\/skladanie-szkody\/","og_site_name":"RCI INSURANCE","article_modified_time":"2025-01-21T12:52:54+00:00","twitter_card":"summary_large_image","twitter_misc":{"Szacowany czas czytania":"1 minuta"},"schema":{"@context":"https:\/\/schema.org","@graph":[{"@type":"WebPage","@id":"https:\/\/dev-rci-insurance.iconsandbox.com\/pl\/skladanie-szkody\/","url":"https:\/\/dev-rci-insurance.iconsandbox.com\/pl\/skladanie-szkody\/","name":"Making a Claim | RCI Insurance","isPartOf":{"@id":"http:\/\/dev-rci-insurance.iconsandbox.com\/de\/#website"},"datePublished":"2017-12-14T07:40:33+00:00","dateModified":"2025-01-21T12:52:54+00:00","description":"Making a claim with RCI Insurance is quick and easy. Simply contact your dedicated claims handling team and follow the instructions given. Make your claim.","breadcrumb":{"@id":"https:\/\/dev-rci-insurance.iconsandbox.com\/pl\/skladanie-szkody\/#breadcrumb"},"inLanguage":"pl-PL","potentialAction":[{"@type":"ReadAction","target":["https:\/\/dev-rci-insurance.iconsandbox.com\/pl\/skladanie-szkody\/"]}]},{"@type":"BreadcrumbList","@id":"https:\/\/dev-rci-insurance.iconsandbox.com\/pl\/skladanie-szkody\/#breadcrumb","itemListElement":[{"@type":"ListItem","position":1,"name":"Home","item":"http:\/\/dev-rci-insurance.iconsandbox.com\/pl\/"},{"@type":"ListItem","position":2,"name":"Sk\u0142adanie szkody"}]},{"@type":"WebSite","@id":"http:\/\/dev-rci-insurance.iconsandbox.com\/de\/#website","url":"http:\/\/dev-rci-insurance.iconsandbox.com\/de\/","name":"RCI INSURANCE","description":"","potentialAction":[{"@type":"SearchAction","target":{"@type":"EntryPoint","urlTemplate":"http:\/\/dev-rci-insurance.iconsandbox.com\/de\/?s={search_term_string}"},"query-input":{"@type":"PropertyValueSpecification","valueRequired":true,"valueName":"search_term_string"}}],"inLanguage":"pl-PL"}]}},"_links":{"self":[{"href":"http:\/\/dev-rci-insurance.iconsandbox.com\/pl\/wp-json\/wp\/v2\/pages\/8672","targetHints":{"allow":["GET"]}}],"collection":[{"href":"http:\/\/dev-rci-insurance.iconsandbox.com\/pl\/wp-json\/wp\/v2\/pages"}],"about":[{"href":"http:\/\/dev-rci-insurance.iconsandbox.com\/pl\/wp-json\/wp\/v2\/types\/page"}],"author":[{"embeddable":true,"href":"http:\/\/dev-rci-insurance.iconsandbox.com\/pl\/wp-json\/wp\/v2\/users\/1"}],"replies":[{"embeddable":true,"href":"http:\/\/dev-rci-insurance.iconsandbox.com\/pl\/wp-json\/wp\/v2\/comments?post=8672"}],"version-history":[{"count":7,"href":"http:\/\/dev-rci-insurance.iconsandbox.com\/pl\/wp-json\/wp\/v2\/pages\/8672\/revisions"}],"predecessor-version":[{"id":8697,"href":"http:\/\/dev-rci-insurance.iconsandbox.com\/pl\/wp-json\/wp\/v2\/pages\/8672\/revisions\/8697"}],"wp:attachment":[{"href":"http:\/\/dev-rci-insurance.iconsandbox.com\/pl\/wp-json\/wp\/v2\/media?parent=8672"}],"curies":[{"name":"wp","href":"https:\/\/api.w.org\/{rel}","templated":true}]}}