{"id":8622,"date":"2025-01-21T11:44:57","date_gmt":"2025-01-21T10:44:57","guid":{"rendered":"http:\/\/dev-rci-insurance.iconsandbox.com\/?page_id=8622"},"modified":"2025-01-21T12:00:17","modified_gmt":"2025-01-21T11:00:17","slug":"home","status":"publish","type":"page","link":"http:\/\/dev-rci-insurance.iconsandbox.com\/pl\/","title":{"rendered":"Home"},"content":{"rendered":"<h2>O RCI Insurance<\/h2>\n<p><strong>Ubezpieczenia dostosowane do Twoich potrzeb<\/strong><br \/>\n<strong>RCI Insurance Ltd i RCI Life Ltd maj\u0105 na celu zapewnienie rozwi\u0105za\u0144 ubezpieczeniowych klientom biznesu finansowania samochod\u00f3w Mobilize Financial Services i s\u0105 autoryzowane przez Malta\u0144ski Urz\u0105d Nadzoru Finansowego.<\/strong><\/p>\n<p>RCI Life Limited (C45787) i RCI Insurance Limited (C45786) (\u201eSp\u00f3\u0142ki\u201d) zosta\u0142y zarejestrowane na Malcie 10 grudnia 2008 roku jako sp\u00f3\u0142ki zale\u017cne RCI Services Limited (C45692) (zarejestrowanej 26 listopada 2008 roku), b\u0119d\u0105cej w ca\u0142o\u015bci w\u0142asno\u015bci\u0105 Mobilize Financial Services. G\u0142\u00f3wn\u0105 dzia\u0142alno\u015bci\u0105 RCI Services Limited jest dzia\u0142alno\u015b\u0107 holdingowa, oferuj\u0105ca r\u00f3\u017cne us\u0142ugi administracyjne swoim sp\u00f3\u0142kom zale\u017cnym. Sp\u00f3\u0142ki, kt\u00f3re zapewniaj\u0105 rozwi\u0105zania ubezpieczeniowe klientom biznesu finansowania samochod\u00f3w Mobilize Financial Services, s\u0105 upowa\u017cnione na mocy Ustawy o dzia\u0142alno\u015bci ubezpieczeniowej z 1998 roku do prowadzenia dzia\u0142alno\u015bci d\u0142ugoterminowej i og\u00f3lnej na rynkach europejskich pod nadzorem Malta\u0144skiego Urz\u0119du Nadzoru Finansowego.<\/p>\n","protected":false},"excerpt":{"rendered":"O RCI Insurance Ubezpieczenia dostosowane do Twoich potrzeb RCI Insurance Ltd i RCI Life Ltd maj\u0105 na celu zapewnienie rozwi\u0105za\u0144 ubezpieczeniowych klientom biznesu finansowania samochod\u00f3w Mobilize Financial Services i s\u0105 autoryzowane przez Malta\u0144ski Urz\u0105d Nadzoru Finansowego. RCI Life Limited (C45787) i RCI Insurance Limited (C45786) (\u201eSp\u00f3\u0142ki\u201d) zosta\u0142y zarejestrowane na Malcie 10 grudnia 2008 roku jako&hellip;","protected":false},"author":1,"featured_media":8629,"parent":0,"menu_order":0,"comment_status":"closed","ping_status":"open","template":"page-home.php","meta":{"_acf_changed":false,"footnotes":""},"class_list":["post-8622","page","type-page","status-publish","has-post-thumbnail","hentry"],"acf":[],"yoast_head":"<!-- This site is optimized with the Yoast SEO plugin v24.3 - https:\/\/yoast.com\/wordpress\/plugins\/seo\/ -->\r\n<title>Home - RCI INSURANCE<\/title>\r\n<meta name=\"robots\" content=\"index, follow, max-snippet:-1, max-image-preview:large, max-video-preview:-1\" \/>\r\n<link rel=\"canonical\" href=\"http:\/\/dev-rci-insurance.iconsandbox.com\/pl\/\" \/>\r\n<meta property=\"og:locale\" content=\"pl_PL\" \/>\r\n<meta property=\"og:type\" content=\"article\" \/>\r\n<meta property=\"og:title\" content=\"Home - RCI INSURANCE\" \/>\r\n<meta property=\"og:description\" content=\"O RCI Insurance Ubezpieczenia dostosowane do Twoich potrzeb RCI Insurance Ltd i RCI Life Ltd maj\u0105 na celu zapewnienie rozwi\u0105za\u0144 ubezpieczeniowych klientom biznesu finansowania samochod\u00f3w Mobilize Financial Services i s\u0105 autoryzowane przez Malta\u0144ski Urz\u0105d Nadzoru Finansowego. RCI Life Limited (C45787) i RCI Insurance Limited (C45786) (\u201eSp\u00f3\u0142ki\u201d) zosta\u0142y zarejestrowane na Malcie 10 grudnia 2008 roku jako&hellip;\" \/>\r\n<meta property=\"og:url\" content=\"http:\/\/dev-rci-insurance.iconsandbox.com\/pl\/\" \/>\r\n<meta property=\"og:site_name\" content=\"RCI INSURANCE\" \/>\r\n<meta property=\"article:modified_time\" content=\"2025-01-21T11:00:17+00:00\" \/>\r\n<meta property=\"og:image\" content=\"http:\/\/dev-rci-insurance.iconsandbox.com\/wp-content\/uploads\/2023\/03\/default-banner.png\" \/>\r\n\t<meta property=\"og:image:width\" content=\"1440\" \/>\r\n\t<meta property=\"og:image:height\" content=\"621\" \/>\r\n\t<meta property=\"og:image:type\" content=\"image\/png\" \/>\r\n<meta name=\"twitter:card\" content=\"summary_large_image\" \/>\r\n<meta name=\"twitter:label1\" content=\"Szacowany czas czytania\" \/>\n\t<meta name=\"twitter:data1\" content=\"1 minuta\" \/>\r\n<script type=\"application\/ld+json\" class=\"yoast-schema-graph\">{\"@context\":\"https:\/\/schema.org\",\"@graph\":[{\"@type\":\"WebPage\",\"@id\":\"http:\/\/dev-rci-insurance.iconsandbox.com\/pl\/\",\"url\":\"http:\/\/dev-rci-insurance.iconsandbox.com\/pl\/\",\"name\":\"Home - RCI INSURANCE\",\"isPartOf\":{\"@id\":\"http:\/\/dev-rci-insurance.iconsandbox.com\/pl\/#website\"},\"primaryImageOfPage\":{\"@id\":\"http:\/\/dev-rci-insurance.iconsandbox.com\/pl\/#primaryimage\"},\"image\":{\"@id\":\"http:\/\/dev-rci-insurance.iconsandbox.com\/pl\/#primaryimage\"},\"thumbnailUrl\":\"http:\/\/dev-rci-insurance.iconsandbox.com\/wp-content\/uploads\/2023\/03\/default-banner.png\",\"datePublished\":\"2025-01-21T10:44:57+00:00\",\"dateModified\":\"2025-01-21T11:00:17+00:00\",\"breadcrumb\":{\"@id\":\"http:\/\/dev-rci-insurance.iconsandbox.com\/pl\/#breadcrumb\"},\"inLanguage\":\"pl-PL\",\"potentialAction\":[{\"@type\":\"ReadAction\",\"target\":[\"http:\/\/dev-rci-insurance.iconsandbox.com\/pl\/\"]}]},{\"@type\":\"ImageObject\",\"inLanguage\":\"pl-PL\",\"@id\":\"http:\/\/dev-rci-insurance.iconsandbox.com\/pl\/#primaryimage\",\"url\":\"http:\/\/dev-rci-insurance.iconsandbox.com\/wp-content\/uploads\/2023\/03\/default-banner.png\",\"contentUrl\":\"http:\/\/dev-rci-insurance.iconsandbox.com\/wp-content\/uploads\/2023\/03\/default-banner.png\",\"width\":1440,\"height\":621},{\"@type\":\"BreadcrumbList\",\"@id\":\"http:\/\/dev-rci-insurance.iconsandbox.com\/pl\/#breadcrumb\",\"itemListElement\":[{\"@type\":\"ListItem\",\"position\":1,\"name\":\"Home\",\"item\":\"http:\/\/dev-rci-insurance.iconsandbox.com\/pl\/\"},{\"@type\":\"ListItem\",\"position\":2,\"name\":\"Home\"}]},{\"@type\":\"WebSite\",\"@id\":\"http:\/\/dev-rci-insurance.iconsandbox.com\/pl\/#website\",\"url\":\"http:\/\/dev-rci-insurance.iconsandbox.com\/pl\/\",\"name\":\"RCI INSURANCE\",\"description\":\"\",\"potentialAction\":[{\"@type\":\"SearchAction\",\"target\":{\"@type\":\"EntryPoint\",\"urlTemplate\":\"http:\/\/dev-rci-insurance.iconsandbox.com\/pl\/?s={search_term_string}\"},\"query-input\":{\"@type\":\"PropertyValueSpecification\",\"valueRequired\":true,\"valueName\":\"search_term_string\"}}],\"inLanguage\":\"pl-PL\"}]}<\/script>\r\n<!-- \/ Yoast SEO plugin. -->","yoast_head_json":{"title":"Home - RCI INSURANCE","robots":{"index":"index","follow":"follow","max-snippet":"max-snippet:-1","max-image-preview":"max-image-preview:large","max-video-preview":"max-video-preview:-1"},"canonical":"http:\/\/dev-rci-insurance.iconsandbox.com\/pl\/","og_locale":"pl_PL","og_type":"article","og_title":"Home - RCI INSURANCE","og_description":"O RCI Insurance Ubezpieczenia dostosowane do Twoich potrzeb RCI Insurance Ltd i RCI Life Ltd maj\u0105 na celu zapewnienie rozwi\u0105za\u0144 ubezpieczeniowych klientom biznesu finansowania samochod\u00f3w Mobilize Financial Services i s\u0105 autoryzowane przez Malta\u0144ski Urz\u0105d Nadzoru Finansowego. RCI Life Limited (C45787) i RCI Insurance Limited (C45786) (\u201eSp\u00f3\u0142ki\u201d) zosta\u0142y zarejestrowane na Malcie 10 grudnia 2008 roku jako&hellip;","og_url":"http:\/\/dev-rci-insurance.iconsandbox.com\/pl\/","og_site_name":"RCI INSURANCE","article_modified_time":"2025-01-21T11:00:17+00:00","og_image":[{"width":1440,"height":621,"url":"http:\/\/dev-rci-insurance.iconsandbox.com\/wp-content\/uploads\/2023\/03\/default-banner.png","type":"image\/png"}],"twitter_card":"summary_large_image","twitter_misc":{"Szacowany czas czytania":"1 minuta"},"schema":{"@context":"https:\/\/schema.org","@graph":[{"@type":"WebPage","@id":"http:\/\/dev-rci-insurance.iconsandbox.com\/pl\/","url":"http:\/\/dev-rci-insurance.iconsandbox.com\/pl\/","name":"Home - RCI INSURANCE","isPartOf":{"@id":"http:\/\/dev-rci-insurance.iconsandbox.com\/pl\/#website"},"primaryImageOfPage":{"@id":"http:\/\/dev-rci-insurance.iconsandbox.com\/pl\/#primaryimage"},"image":{"@id":"http:\/\/dev-rci-insurance.iconsandbox.com\/pl\/#primaryimage"},"thumbnailUrl":"http:\/\/dev-rci-insurance.iconsandbox.com\/wp-content\/uploads\/2023\/03\/default-banner.png","datePublished":"2025-01-21T10:44:57+00:00","dateModified":"2025-01-21T11:00:17+00:00","breadcrumb":{"@id":"http:\/\/dev-rci-insurance.iconsandbox.com\/pl\/#breadcrumb"},"inLanguage":"pl-PL","potentialAction":[{"@type":"ReadAction","target":["http:\/\/dev-rci-insurance.iconsandbox.com\/pl\/"]}]},{"@type":"ImageObject","inLanguage":"pl-PL","@id":"http:\/\/dev-rci-insurance.iconsandbox.com\/pl\/#primaryimage","url":"http:\/\/dev-rci-insurance.iconsandbox.com\/wp-content\/uploads\/2023\/03\/default-banner.png","contentUrl":"http:\/\/dev-rci-insurance.iconsandbox.com\/wp-content\/uploads\/2023\/03\/default-banner.png","width":1440,"height":621},{"@type":"BreadcrumbList","@id":"http:\/\/dev-rci-insurance.iconsandbox.com\/pl\/#breadcrumb","itemListElement":[{"@type":"ListItem","position":1,"name":"Home","item":"http:\/\/dev-rci-insurance.iconsandbox.com\/pl\/"},{"@type":"ListItem","position":2,"name":"Home"}]},{"@type":"WebSite","@id":"http:\/\/dev-rci-insurance.iconsandbox.com\/pl\/#website","url":"http:\/\/dev-rci-insurance.iconsandbox.com\/pl\/","name":"RCI INSURANCE","description":"","potentialAction":[{"@type":"SearchAction","target":{"@type":"EntryPoint","urlTemplate":"http:\/\/dev-rci-insurance.iconsandbox.com\/pl\/?s={search_term_string}"},"query-input":{"@type":"PropertyValueSpecification","valueRequired":true,"valueName":"search_term_string"}}],"inLanguage":"pl-PL"}]}},"_links":{"self":[{"href":"http:\/\/dev-rci-insurance.iconsandbox.com\/pl\/wp-json\/wp\/v2\/pages\/8622","targetHints":{"allow":["GET"]}}],"collection":[{"href":"http:\/\/dev-rci-insurance.iconsandbox.com\/pl\/wp-json\/wp\/v2\/pages"}],"about":[{"href":"http:\/\/dev-rci-insurance.iconsandbox.com\/pl\/wp-json\/wp\/v2\/types\/page"}],"author":[{"embeddable":true,"href":"http:\/\/dev-rci-insurance.iconsandbox.com\/pl\/wp-json\/wp\/v2\/users\/1"}],"replies":[{"embeddable":true,"href":"http:\/\/dev-rci-insurance.iconsandbox.com\/pl\/wp-json\/wp\/v2\/comments?post=8622"}],"version-history":[{"count":6,"href":"http:\/\/dev-rci-insurance.iconsandbox.com\/pl\/wp-json\/wp\/v2\/pages\/8622\/revisions"}],"predecessor-version":[{"id":8652,"href":"http:\/\/dev-rci-insurance.iconsandbox.com\/pl\/wp-json\/wp\/v2\/pages\/8622\/revisions\/8652"}],"wp:featuredmedia":[{"embeddable":true,"href":"http:\/\/dev-rci-insurance.iconsandbox.com\/pl\/wp-json\/wp\/v2\/media\/8629"}],"wp:attachment":[{"href":"http:\/\/dev-rci-insurance.iconsandbox.com\/pl\/wp-json\/wp\/v2\/media?parent=8622"}],"curies":[{"name":"wp","href":"https:\/\/api.w.org\/{rel}","templated":true}]}}