{"id":6741,"date":"2023-04-12T13:13:02","date_gmt":"2023-04-12T11:13:02","guid":{"rendered":"http:\/\/dev-rci-insurance.iconsandbox.com\/?page_id=6741"},"modified":"2023-06-15T09:53:09","modified_gmt":"2023-06-15T07:53:09","slug":"home","status":"publish","type":"page","link":"http:\/\/dev-rci-insurance.iconsandbox.com\/it\/","title":{"rendered":"HOME"},"content":{"rendered":"<p>RCI Insurance Limited (C45786) e RCI Life Limited (C45787), indicate come \u201cle societ\u00e0\u201d, sono state costituite a Malta il 10 dicembre 2008 come societ\u00e0 controllate di RCI Services Limited (C45692) (costituitasi il 26 novembre 2008), una sussidiaria interamente posseduta da Mobilize Financial Services. RCI Services Limited \u00e8 una societ\u00e0 holding che offre diversi servizi amministrativi alle proprie controllate. Le Societ\u00e0, che forniscono soluzioni assicurative ai clienti della societ\u00e0 di finanziamento ai servizi automobilistici Mobilize Financial Services, sono autorizzate in conformit\u00e0 con la legge sulle assicurazioni (Insurance Business Act) del 1998 a condurre attivit\u00e0 di impresa generale e a lungo termine sui mercati europei secondo quando regolamentato dall\u2019autorit\u00e0 maltese per i servizi finanziari (Malta Financial Services Authority).<\/p>\n","protected":false},"excerpt":{"rendered":"RCI Insurance Limited (C45786) e RCI Life Limited (C45787), indicate come \u201cle societ\u00e0\u201d, sono state costituite a Malta il 10 dicembre 2008 come societ\u00e0 controllate di RCI Services Limited (C45692) (costituitasi il 26 novembre 2008), una sussidiaria interamente posseduta da Mobilize Financial Services. RCI Services Limited \u00e8 una societ\u00e0 holding che offre diversi servizi amministrativi&hellip;","protected":false},"author":1,"featured_media":6385,"parent":0,"menu_order":0,"comment_status":"closed","ping_status":"open","template":"page-home.php","meta":{"_acf_changed":false,"footnotes":""},"class_list":["post-6741","page","type-page","status-publish","has-post-thumbnail","hentry"],"acf":[],"yoast_head":"<!-- This site is optimized with the Yoast SEO plugin v24.3 - https:\/\/yoast.com\/wordpress\/plugins\/seo\/ -->\r\n<title>HOME - RCI INSURANCE<\/title>\r\n<meta name=\"robots\" content=\"index, follow, max-snippet:-1, max-image-preview:large, max-video-preview:-1\" \/>\r\n<link rel=\"canonical\" href=\"http:\/\/dev-rci-insurance.iconsandbox.com\/it\/\" \/>\r\n<meta property=\"og:locale\" content=\"it_IT\" \/>\r\n<meta property=\"og:type\" content=\"article\" \/>\r\n<meta property=\"og:title\" content=\"HOME - RCI INSURANCE\" \/>\r\n<meta property=\"og:description\" content=\"RCI Insurance Limited (C45786) e RCI Life Limited (C45787), indicate come \u201cle societ\u00e0\u201d, sono state costituite a Malta il 10 dicembre 2008 come societ\u00e0 controllate di RCI Services Limited (C45692) (costituitasi il 26 novembre 2008), una sussidiaria interamente posseduta da Mobilize Financial Services. RCI Services Limited \u00e8 una societ\u00e0 holding che offre diversi servizi amministrativi&hellip;\" \/>\r\n<meta property=\"og:url\" content=\"http:\/\/dev-rci-insurance.iconsandbox.com\/it\/\" \/>\r\n<meta property=\"og:site_name\" content=\"RCI INSURANCE\" \/>\r\n<meta property=\"article:modified_time\" content=\"2023-06-15T07:53:09+00:00\" \/>\r\n<meta property=\"og:image\" content=\"http:\/\/dev-rci-insurance.iconsandbox.com\/wp-content\/uploads\/2023\/03\/default-banner.png\" \/>\r\n\t<meta property=\"og:image:width\" content=\"1440\" \/>\r\n\t<meta property=\"og:image:height\" content=\"621\" \/>\r\n\t<meta property=\"og:image:type\" content=\"image\/png\" \/>\r\n<meta name=\"twitter:card\" content=\"summary_large_image\" \/>\r\n<meta name=\"twitter:label1\" content=\"Tempo di lettura stimato\" \/>\n\t<meta name=\"twitter:data1\" content=\"1 minuto\" \/>\r\n<script type=\"application\/ld+json\" class=\"yoast-schema-graph\">{\"@context\":\"https:\/\/schema.org\",\"@graph\":[{\"@type\":\"WebPage\",\"@id\":\"http:\/\/dev-rci-insurance.iconsandbox.com\/it\/\",\"url\":\"http:\/\/dev-rci-insurance.iconsandbox.com\/it\/\",\"name\":\"HOME - RCI INSURANCE\",\"isPartOf\":{\"@id\":\"http:\/\/dev-rci-insurance.iconsandbox.com\/de\/#website\"},\"primaryImageOfPage\":{\"@id\":\"http:\/\/dev-rci-insurance.iconsandbox.com\/it\/#primaryimage\"},\"image\":{\"@id\":\"http:\/\/dev-rci-insurance.iconsandbox.com\/it\/#primaryimage\"},\"thumbnailUrl\":\"http:\/\/dev-rci-insurance.iconsandbox.com\/wp-content\/uploads\/2023\/03\/default-banner.png\",\"datePublished\":\"2023-04-12T11:13:02+00:00\",\"dateModified\":\"2023-06-15T07:53:09+00:00\",\"breadcrumb\":{\"@id\":\"http:\/\/dev-rci-insurance.iconsandbox.com\/it\/#breadcrumb\"},\"inLanguage\":\"it-IT\",\"potentialAction\":[{\"@type\":\"ReadAction\",\"target\":[\"http:\/\/dev-rci-insurance.iconsandbox.com\/it\/\"]}]},{\"@type\":\"ImageObject\",\"inLanguage\":\"it-IT\",\"@id\":\"http:\/\/dev-rci-insurance.iconsandbox.com\/it\/#primaryimage\",\"url\":\"http:\/\/dev-rci-insurance.iconsandbox.com\/wp-content\/uploads\/2023\/03\/default-banner.png\",\"contentUrl\":\"http:\/\/dev-rci-insurance.iconsandbox.com\/wp-content\/uploads\/2023\/03\/default-banner.png\",\"width\":1440,\"height\":621,\"caption\":\"default-banner\"},{\"@type\":\"BreadcrumbList\",\"@id\":\"http:\/\/dev-rci-insurance.iconsandbox.com\/it\/#breadcrumb\",\"itemListElement\":[{\"@type\":\"ListItem\",\"position\":1,\"name\":\"Home\",\"item\":\"http:\/\/dev-rci-insurance.iconsandbox.com\/it\/\"},{\"@type\":\"ListItem\",\"position\":2,\"name\":\"HOME\"}]},{\"@type\":\"WebSite\",\"@id\":\"http:\/\/dev-rci-insurance.iconsandbox.com\/de\/#website\",\"url\":\"http:\/\/dev-rci-insurance.iconsandbox.com\/de\/\",\"name\":\"RCI INSURANCE\",\"description\":\"\",\"potentialAction\":[{\"@type\":\"SearchAction\",\"target\":{\"@type\":\"EntryPoint\",\"urlTemplate\":\"http:\/\/dev-rci-insurance.iconsandbox.com\/de\/?s={search_term_string}\"},\"query-input\":{\"@type\":\"PropertyValueSpecification\",\"valueRequired\":true,\"valueName\":\"search_term_string\"}}],\"inLanguage\":\"it-IT\"}]}<\/script>\r\n<!-- \/ Yoast SEO plugin. -->","yoast_head_json":{"title":"HOME - RCI INSURANCE","robots":{"index":"index","follow":"follow","max-snippet":"max-snippet:-1","max-image-preview":"max-image-preview:large","max-video-preview":"max-video-preview:-1"},"canonical":"http:\/\/dev-rci-insurance.iconsandbox.com\/it\/","og_locale":"it_IT","og_type":"article","og_title":"HOME - RCI INSURANCE","og_description":"RCI Insurance Limited (C45786) e RCI Life Limited (C45787), indicate come \u201cle societ\u00e0\u201d, sono state costituite a Malta il 10 dicembre 2008 come societ\u00e0 controllate di RCI Services Limited (C45692) (costituitasi il 26 novembre 2008), una sussidiaria interamente posseduta da Mobilize Financial Services. RCI Services Limited \u00e8 una societ\u00e0 holding che offre diversi servizi amministrativi&hellip;","og_url":"http:\/\/dev-rci-insurance.iconsandbox.com\/it\/","og_site_name":"RCI INSURANCE","article_modified_time":"2023-06-15T07:53:09+00:00","og_image":[{"width":1440,"height":621,"url":"http:\/\/dev-rci-insurance.iconsandbox.com\/wp-content\/uploads\/2023\/03\/default-banner.png","type":"image\/png"}],"twitter_card":"summary_large_image","twitter_misc":{"Tempo di lettura stimato":"1 minuto"},"schema":{"@context":"https:\/\/schema.org","@graph":[{"@type":"WebPage","@id":"http:\/\/dev-rci-insurance.iconsandbox.com\/it\/","url":"http:\/\/dev-rci-insurance.iconsandbox.com\/it\/","name":"HOME - RCI INSURANCE","isPartOf":{"@id":"http:\/\/dev-rci-insurance.iconsandbox.com\/de\/#website"},"primaryImageOfPage":{"@id":"http:\/\/dev-rci-insurance.iconsandbox.com\/it\/#primaryimage"},"image":{"@id":"http:\/\/dev-rci-insurance.iconsandbox.com\/it\/#primaryimage"},"thumbnailUrl":"http:\/\/dev-rci-insurance.iconsandbox.com\/wp-content\/uploads\/2023\/03\/default-banner.png","datePublished":"2023-04-12T11:13:02+00:00","dateModified":"2023-06-15T07:53:09+00:00","breadcrumb":{"@id":"http:\/\/dev-rci-insurance.iconsandbox.com\/it\/#breadcrumb"},"inLanguage":"it-IT","potentialAction":[{"@type":"ReadAction","target":["http:\/\/dev-rci-insurance.iconsandbox.com\/it\/"]}]},{"@type":"ImageObject","inLanguage":"it-IT","@id":"http:\/\/dev-rci-insurance.iconsandbox.com\/it\/#primaryimage","url":"http:\/\/dev-rci-insurance.iconsandbox.com\/wp-content\/uploads\/2023\/03\/default-banner.png","contentUrl":"http:\/\/dev-rci-insurance.iconsandbox.com\/wp-content\/uploads\/2023\/03\/default-banner.png","width":1440,"height":621,"caption":"default-banner"},{"@type":"BreadcrumbList","@id":"http:\/\/dev-rci-insurance.iconsandbox.com\/it\/#breadcrumb","itemListElement":[{"@type":"ListItem","position":1,"name":"Home","item":"http:\/\/dev-rci-insurance.iconsandbox.com\/it\/"},{"@type":"ListItem","position":2,"name":"HOME"}]},{"@type":"WebSite","@id":"http:\/\/dev-rci-insurance.iconsandbox.com\/de\/#website","url":"http:\/\/dev-rci-insurance.iconsandbox.com\/de\/","name":"RCI INSURANCE","description":"","potentialAction":[{"@type":"SearchAction","target":{"@type":"EntryPoint","urlTemplate":"http:\/\/dev-rci-insurance.iconsandbox.com\/de\/?s={search_term_string}"},"query-input":{"@type":"PropertyValueSpecification","valueRequired":true,"valueName":"search_term_string"}}],"inLanguage":"it-IT"}]}},"_links":{"self":[{"href":"http:\/\/dev-rci-insurance.iconsandbox.com\/it\/wp-json\/wp\/v2\/pages\/6741","targetHints":{"allow":["GET"]}}],"collection":[{"href":"http:\/\/dev-rci-insurance.iconsandbox.com\/it\/wp-json\/wp\/v2\/pages"}],"about":[{"href":"http:\/\/dev-rci-insurance.iconsandbox.com\/it\/wp-json\/wp\/v2\/types\/page"}],"author":[{"embeddable":true,"href":"http:\/\/dev-rci-insurance.iconsandbox.com\/it\/wp-json\/wp\/v2\/users\/1"}],"replies":[{"embeddable":true,"href":"http:\/\/dev-rci-insurance.iconsandbox.com\/it\/wp-json\/wp\/v2\/comments?post=6741"}],"version-history":[{"count":5,"href":"http:\/\/dev-rci-insurance.iconsandbox.com\/it\/wp-json\/wp\/v2\/pages\/6741\/revisions"}],"predecessor-version":[{"id":8238,"href":"http:\/\/dev-rci-insurance.iconsandbox.com\/it\/wp-json\/wp\/v2\/pages\/6741\/revisions\/8238"}],"wp:featuredmedia":[{"embeddable":true,"href":"http:\/\/dev-rci-insurance.iconsandbox.com\/it\/wp-json\/wp\/v2\/media\/6385"}],"wp:attachment":[{"href":"http:\/\/dev-rci-insurance.iconsandbox.com\/it\/wp-json\/wp\/v2\/media?parent=6741"}],"curies":[{"name":"wp","href":"https:\/\/api.w.org\/{rel}","templated":true}]}}