{"id":514,"date":"2017-12-20T10:09:49","date_gmt":"2017-12-20T10:09:49","guid":{"rendered":"http:\/\/rci.stg.iconsandbox.com\/?page_id=514"},"modified":"2023-06-13T13:28:16","modified_gmt":"2023-06-13T11:28:16","slug":"informazioni-sulla-privacy","status":"publish","type":"page","link":"http:\/\/dev-rci-insurance.iconsandbox.com\/it\/informazioni-sulla-privacy\/","title":{"rendered":"Informazioni sulla Privacy"},"content":{"rendered":"<p>La presente informativa sulla privacy riguarda l&#8217;utilizzo di questo Sito Web di propriet\u00e0 di RCI Life Ltd, RCI Insurance Ltd e RCI Services Ltd (di seguito denominate congiuntamente &#8220;le Societ\u00e0&#8221;, &#8220;noi&#8221; o &#8220;ci&#8221;).<\/p>\n<p>Questa informativa sulla privacy si applica esclusivamente alla protezione dei dati personali raccolti mediante l&#8217;uso del dominio delle Societ\u00e0, <a href=\"http:\/\/dev-rci-insurance.iconsandbox.com\/it\/\"><strong>www.rci-insurance.eu<\/strong><\/a>, e qualsiasi dei suoi domini secondari (di seguito denominati congiuntamente &#8220;il Sito Web&#8221; o &#8220;il presente Sito Web&#8221;). Continuando a utilizzare il presente Sito Web, l&#8217;Utente acconsente espressamente al trattamento dei propri dati personali come indicato nel presente documento. La presente informatica sulla privacy costituisce la base sulla quale le Societ\u00e0 trattano i dati raccolti mediante il proprio sito web.<\/p>\n<p>Il Sito Web potrebbe contenere collegamenti ipertestuali a siti web esterni a noi e che potrebbero appartenere ad altri soggetti all&#8217;interno del Mobilize Financial Services o a soggetti terzi. Le Societ\u00e0 non saranno ritenute responsabili per l&#8217;uso dei dati personali divulgati mediante questi siti web e consigliano agli utenti di leggere tutti i termini e le condizioni, comprese le informative applicabili sull&#8217;uso dei dati personali.<\/p>\n<p>Qualsiasi dato personale fornito dall&#8217;Utente mediante questo Sito Web sar\u00e0 elaborato e utilizzato in conformit\u00e0 alla Legge sulla Protezione dei Dati Personali (capitolo 440 delle Leggi di Malta) e a qualsiasi altra legislazione che possa disciplinare il trattamento dei dati personali e la riservatezza.<\/p>\n<p>Le Societ\u00e0 possono raccogliere i dati personali dell&#8217;Utente come nome, informazioni di contatto incluso l&#8217;indirizzo e-mail e le informazioni demografiche come il paese di residenza o di origine. I dati personali raccolti saranno limitati alle informazioni che l&#8217;Utente potrebbe divulgare a noi attraverso una richiesta via e-mail all&#8217;indirizzo e-mail fornito sul presente Sito Web. Questo indirizzo e-mail non deve essere utilizzato in connessione con l&#8217;esecuzione di contratti relativi al nostro core business assicurativo. Qualsiasi informazione che ci viene inviata a tale riguardo verr\u00e0 elaborata in conformit\u00e0 alle disposizioni sulla protezione dei dati incluse nei termini e nelle condizioni del contratto di assicurazione dell&#8217;Utente.<\/p>\n<p>Si prega di notare che mediante l&#8217;invio di tali dati personali l&#8217;Utente acconsente al trattamento di tali dati in conformit\u00e0 con la seguente informativa:<\/p>\n<ul style=\"font-family: 'RCIHr', Helvetica, Arial, sans-serif;\">\n<li>Non utilizzeremo le informazioni personali divulgate attraverso il Sito Web per scopi diversi dal fornire risposte a qualsiasi domanda pervenuta o dal soddisfare qualsiasi richiesta effettuata direttamente attraverso il Sito Web. Potremmo inoltre elaborare i dati personali dell&#8217;Utente per migliorare il contenuto e le funzionalit\u00e0 del presente Sito Web, per comprendere meglio i nostri clienti e mercati e migliorare i nostri prodotti e servizi.<\/li>\n<li>Potremmo condividere i dati personali dell&#8217;Utente con altre societ\u00e0 all&#8217;interno di Mobilize Financial Services o altri soggetti terzi di paesi dell&#8217;UE e di paesi extra UE, soggetti a limitazioni su ulteriori trattamenti e garanzie richiesti in termini di legge. Inoltre, potrebbero esistere dei casi in cui potremmo elaborare tali dati personali al fine di rispettare i nostri obblighi legali e per la corretta amministrazione della giustizia.<\/li>\n<li>Sebbene non sia garantito alcun metodo di trasmissione dei dati contro l&#8217;intercettazione illegale di terzi o altri usi impropri, adotteremo tutte le misure necessarie per salvaguardare tali dati. \u00a0Tuttavia, non possiamo accettare alcuna responsabilit\u00e0 per eventuali accessi non autorizzati o perdita di dati personali al di fuori del nostro controllo.<\/li>\n<li>L&#8217;Utente ha il diritto di richiedere una copia di qualsiasi dato personale che lo riguardi che \u00e8 custodito da parte delle Societ\u00e0. L&#8217;Utente pu\u00f2 inoltre richiedere correzioni dei propri dati personali qualora ci\u00f2 fosse necessario. Ricevuta un&#8217;eventuale richiesta, ci impegneremo a soddisfarla entro un termine ragionevole e senza indebito ritardo. Qualsiasi richiesta di questo tipo deve essere presentata per iscritto al seguente indirizzo:<\/li>\n<\/ul>\n<p style=\"text-align: center;\">Level 3, Mercury Tower,<br \/>\nThe Exchange Financial &amp; Business Centre,<br \/>\nTriq Elia Zammit,<br \/>\nSt Julian\u2019s \u2013 STJ 3155<br \/>\nMalta<\/p>\n<p>Al fine di continuare a fornire all&#8217;Utente il miglior servizio e di adempiere ai nostri obblighi legislativi e regolamentari, le Societ\u00e0 possono modificare questa informativa di volta in volta. Si consiglia pertanto di esaminare regolarmente la presente informativa per prendere atto delle modifiche che saranno vincolanti per l&#8217;Utente.<\/p>\n<p>&nbsp;<\/p>\n","protected":false},"excerpt":{"rendered":"La presente informativa sulla privacy riguarda l&#8217;utilizzo di questo Sito Web di propriet\u00e0 di RCI Life Ltd, RCI Insurance Ltd e RCI Services Ltd (di seguito denominate congiuntamente &#8220;le Societ\u00e0&#8221;, &#8220;noi&#8221; o &#8220;ci&#8221;). Questa informativa sulla privacy si applica esclusivamente alla protezione dei dati personali raccolti mediante l&#8217;uso del dominio delle Societ\u00e0, www.rci-insurance.eu, e qualsiasi&hellip;","protected":false},"author":1,"featured_media":0,"parent":0,"menu_order":0,"comment_status":"closed","ping_status":"closed","template":"","meta":{"_acf_changed":false,"footnotes":""},"class_list":["post-514","page","type-page","status-publish","hentry"],"acf":[],"yoast_head":"<!-- This site is optimized with the Yoast SEO plugin v24.3 - https:\/\/yoast.com\/wordpress\/plugins\/seo\/ -->\r\n<title>Informazioni sulla Privacy - RCI INSURANCE<\/title>\r\n<meta name=\"robots\" content=\"index, follow, max-snippet:-1, max-image-preview:large, max-video-preview:-1\" \/>\r\n<link rel=\"canonical\" href=\"http:\/\/dev-rci-insurance.iconsandbox.com\/it\/informazioni-sulla-privacy\/\" \/>\r\n<meta property=\"og:locale\" content=\"it_IT\" \/>\r\n<meta property=\"og:type\" content=\"article\" \/>\r\n<meta property=\"og:title\" content=\"Informazioni sulla Privacy - RCI INSURANCE\" \/>\r\n<meta property=\"og:description\" content=\"La presente informativa sulla privacy riguarda l&#8217;utilizzo di questo Sito Web di propriet\u00e0 di RCI Life Ltd, RCI Insurance Ltd e RCI Services Ltd (di seguito denominate congiuntamente &#8220;le Societ\u00e0&#8221;, &#8220;noi&#8221; o &#8220;ci&#8221;). Questa informativa sulla privacy si applica esclusivamente alla protezione dei dati personali raccolti mediante l&#8217;uso del dominio delle Societ\u00e0, www.rci-insurance.eu, e qualsiasi&hellip;\" \/>\r\n<meta property=\"og:url\" content=\"http:\/\/dev-rci-insurance.iconsandbox.com\/it\/informazioni-sulla-privacy\/\" \/>\r\n<meta property=\"og:site_name\" content=\"RCI INSURANCE\" \/>\r\n<meta property=\"article:modified_time\" content=\"2023-06-13T11:28:16+00:00\" \/>\r\n<meta name=\"twitter:card\" content=\"summary_large_image\" \/>\r\n<meta name=\"twitter:label1\" content=\"Tempo di lettura stimato\" \/>\n\t<meta name=\"twitter:data1\" content=\"3 minuti\" \/>\r\n<script type=\"application\/ld+json\" class=\"yoast-schema-graph\">{\"@context\":\"https:\/\/schema.org\",\"@graph\":[{\"@type\":\"WebPage\",\"@id\":\"http:\/\/dev-rci-insurance.iconsandbox.com\/it\/informazioni-sulla-privacy\/\",\"url\":\"http:\/\/dev-rci-insurance.iconsandbox.com\/it\/informazioni-sulla-privacy\/\",\"name\":\"Informazioni sulla Privacy - RCI INSURANCE\",\"isPartOf\":{\"@id\":\"http:\/\/dev-rci-insurance.iconsandbox.com\/#website\"},\"datePublished\":\"2017-12-20T10:09:49+00:00\",\"dateModified\":\"2023-06-13T11:28:16+00:00\",\"breadcrumb\":{\"@id\":\"http:\/\/dev-rci-insurance.iconsandbox.com\/it\/informazioni-sulla-privacy\/#breadcrumb\"},\"inLanguage\":\"it-IT\",\"potentialAction\":[{\"@type\":\"ReadAction\",\"target\":[\"http:\/\/dev-rci-insurance.iconsandbox.com\/it\/informazioni-sulla-privacy\/\"]}]},{\"@type\":\"BreadcrumbList\",\"@id\":\"http:\/\/dev-rci-insurance.iconsandbox.com\/it\/informazioni-sulla-privacy\/#breadcrumb\",\"itemListElement\":[{\"@type\":\"ListItem\",\"position\":1,\"name\":\"Home\",\"item\":\"http:\/\/dev-rci-insurance.iconsandbox.com\/it\/\"},{\"@type\":\"ListItem\",\"position\":2,\"name\":\"Informazioni sulla Privacy\"}]},{\"@type\":\"WebSite\",\"@id\":\"http:\/\/dev-rci-insurance.iconsandbox.com\/#website\",\"url\":\"http:\/\/dev-rci-insurance.iconsandbox.com\/\",\"name\":\"RCI INSURANCE\",\"description\":\"\",\"potentialAction\":[{\"@type\":\"SearchAction\",\"target\":{\"@type\":\"EntryPoint\",\"urlTemplate\":\"http:\/\/dev-rci-insurance.iconsandbox.com\/?s={search_term_string}\"},\"query-input\":{\"@type\":\"PropertyValueSpecification\",\"valueRequired\":true,\"valueName\":\"search_term_string\"}}],\"inLanguage\":\"it-IT\"}]}<\/script>\r\n<!-- \/ Yoast SEO plugin. -->","yoast_head_json":{"title":"Informazioni sulla Privacy - RCI INSURANCE","robots":{"index":"index","follow":"follow","max-snippet":"max-snippet:-1","max-image-preview":"max-image-preview:large","max-video-preview":"max-video-preview:-1"},"canonical":"http:\/\/dev-rci-insurance.iconsandbox.com\/it\/informazioni-sulla-privacy\/","og_locale":"it_IT","og_type":"article","og_title":"Informazioni sulla Privacy - RCI INSURANCE","og_description":"La presente informativa sulla privacy riguarda l&#8217;utilizzo di questo Sito Web di propriet\u00e0 di RCI Life Ltd, RCI Insurance Ltd e RCI Services Ltd (di seguito denominate congiuntamente &#8220;le Societ\u00e0&#8221;, &#8220;noi&#8221; o &#8220;ci&#8221;). Questa informativa sulla privacy si applica esclusivamente alla protezione dei dati personali raccolti mediante l&#8217;uso del dominio delle Societ\u00e0, www.rci-insurance.eu, e qualsiasi&hellip;","og_url":"http:\/\/dev-rci-insurance.iconsandbox.com\/it\/informazioni-sulla-privacy\/","og_site_name":"RCI INSURANCE","article_modified_time":"2023-06-13T11:28:16+00:00","twitter_card":"summary_large_image","twitter_misc":{"Tempo di lettura stimato":"3 minuti"},"schema":{"@context":"https:\/\/schema.org","@graph":[{"@type":"WebPage","@id":"http:\/\/dev-rci-insurance.iconsandbox.com\/it\/informazioni-sulla-privacy\/","url":"http:\/\/dev-rci-insurance.iconsandbox.com\/it\/informazioni-sulla-privacy\/","name":"Informazioni sulla Privacy - RCI INSURANCE","isPartOf":{"@id":"http:\/\/dev-rci-insurance.iconsandbox.com\/#website"},"datePublished":"2017-12-20T10:09:49+00:00","dateModified":"2023-06-13T11:28:16+00:00","breadcrumb":{"@id":"http:\/\/dev-rci-insurance.iconsandbox.com\/it\/informazioni-sulla-privacy\/#breadcrumb"},"inLanguage":"it-IT","potentialAction":[{"@type":"ReadAction","target":["http:\/\/dev-rci-insurance.iconsandbox.com\/it\/informazioni-sulla-privacy\/"]}]},{"@type":"BreadcrumbList","@id":"http:\/\/dev-rci-insurance.iconsandbox.com\/it\/informazioni-sulla-privacy\/#breadcrumb","itemListElement":[{"@type":"ListItem","position":1,"name":"Home","item":"http:\/\/dev-rci-insurance.iconsandbox.com\/it\/"},{"@type":"ListItem","position":2,"name":"Informazioni sulla Privacy"}]},{"@type":"WebSite","@id":"http:\/\/dev-rci-insurance.iconsandbox.com\/#website","url":"http:\/\/dev-rci-insurance.iconsandbox.com\/","name":"RCI INSURANCE","description":"","potentialAction":[{"@type":"SearchAction","target":{"@type":"EntryPoint","urlTemplate":"http:\/\/dev-rci-insurance.iconsandbox.com\/?s={search_term_string}"},"query-input":{"@type":"PropertyValueSpecification","valueRequired":true,"valueName":"search_term_string"}}],"inLanguage":"it-IT"}]}},"_links":{"self":[{"href":"http:\/\/dev-rci-insurance.iconsandbox.com\/it\/wp-json\/wp\/v2\/pages\/514","targetHints":{"allow":["GET"]}}],"collection":[{"href":"http:\/\/dev-rci-insurance.iconsandbox.com\/it\/wp-json\/wp\/v2\/pages"}],"about":[{"href":"http:\/\/dev-rci-insurance.iconsandbox.com\/it\/wp-json\/wp\/v2\/types\/page"}],"author":[{"embeddable":true,"href":"http:\/\/dev-rci-insurance.iconsandbox.com\/it\/wp-json\/wp\/v2\/users\/1"}],"replies":[{"embeddable":true,"href":"http:\/\/dev-rci-insurance.iconsandbox.com\/it\/wp-json\/wp\/v2\/comments?post=514"}],"version-history":[{"count":8,"href":"http:\/\/dev-rci-insurance.iconsandbox.com\/it\/wp-json\/wp\/v2\/pages\/514\/revisions"}],"predecessor-version":[{"id":8180,"href":"http:\/\/dev-rci-insurance.iconsandbox.com\/it\/wp-json\/wp\/v2\/pages\/514\/revisions\/8180"}],"wp:attachment":[{"href":"http:\/\/dev-rci-insurance.iconsandbox.com\/it\/wp-json\/wp\/v2\/media?parent=514"}],"curies":[{"name":"wp","href":"https:\/\/api.w.org\/{rel}","templated":true}]}}