{"id":508,"date":"2017-12-20T10:03:37","date_gmt":"2017-12-20T10:03:37","guid":{"rendered":"http:\/\/rci.stg.iconsandbox.com\/?page_id=508"},"modified":"2018-03-20T10:58:58","modified_gmt":"2018-03-20T10:58:58","slug":"termini-di-utilizzo-del-servizio-di-internet","status":"publish","type":"page","link":"http:\/\/dev-rci-insurance.iconsandbox.com\/it\/legale\/termini-di-utilizzo-del-servizio-di-internet\/","title":{"rendered":"Termini di Utilizzo del Servizio di Internet"},"content":{"rendered":"<p><strong>Generali<\/strong><\/p>\n<p>I presenti Termini e Condizioni d&#8217;Uso, insieme alla politica sull&#8217;uso dei cookie e all&#8217;Informativa sulla privacy (congiuntamente denominati &#8220;Termini e Condizioni&#8221;) del Sito Web si applicano all&#8217;uso del dominio, in particolare <a href=\"http:\/\/dev-rci-insurance.iconsandbox.com\/\"><strong>www.rci-insurance.eu<\/strong><\/a> e tutti i domini secondari (di seguito denominati congiuntamente &#8220;Sito Web&#8221; o &#8220;il presente Sito Web&#8221;) di RCI Life Ltd, RCI Insurance Ltd e RCI Services Ltd (di seguito denominate &#8220;le Societ\u00e0&#8221;, &#8220;noi&#8221; o &#8220;ci&#8221;). \u00c8 necessario leggere attentamente i presenti Termini e Condizioni prima di utilizzare il presente Sito Web.<\/p>\n<p>L&#8217;uso del Sito Web indica che hai compreso e accettato i presenti termini e condizioni. Se non accetti i termini e le condizioni, sei pregato di non accedere o utilizzare il presente Sito Web.<\/p>\n<p>Ti consigliamo di esaminare i presenti termini e condizioni regolarmente, in quanto potrebbero essere modificati di volta in volta a nostra esclusiva discrezione e senza preavviso.<\/p>\n<p><strong>Accesso al Servizio<\/strong><\/p>\n<p>Sebbene le Societ\u00e0 adottino tutte le misure ragionevoli per garantire la disponibilit\u00e0 e l&#8217;accessibilit\u00e0 del Sito Web in qualsiasi momento, potrebbero esserci casi in cui queste vengano temporaneamente sospese in caso di guasto del sistema, manutenzione o per altri motivi al di fuori del controllo delle Societ\u00e0. Le Societ\u00e0 non saranno ritenute responsabili per tali interruzioni o guasti o per eventuali difetti che possono esistere, o per qualsiasi danno diretto o indiretto o perdita che includono, in via esemplificativa, danni materiali o perdita di dati o programmi o perdite finanziarie che potrebbero derivarne.<\/p>\n<p>Le Societ\u00e0 si riservano il diritto di sospendere l&#8217;accesso o di chiudere il Sito Web temporaneamente o permanentemente. Le Societ\u00e0 si riservano inoltre il diritto di esaminare e modificare il contenuto del Sito Web e di rimuoverne il contenuto senza alcun preavviso.<\/p>\n<p><strong>Limitazione di Responsabilit\u00e0<\/strong><\/p>\n<p>Sebbene le Societ\u00e0 adottino tutte le misure ragionevoli per garantire l&#8217;accuratezza delle informazioni contenute in questo Sito Web, non garantiscono l&#8217;accuratezza o la completezza di tali informazioni, n\u00e9 sono responsabili di eventuali errori o omissioni.<\/p>\n<p>Decliniamo nella misura massima consentita dalla legge tutte le garanzie implicite o espresse di qualit\u00e0 soddisfacente e idoneit\u00e0 per uno scopo particolare. L&#8217;Utente riconosce di essere il solo responsabile per l&#8217;utilizzo del \u200b\u200bSito Web e di tutte le informazioni ad esso relative.<\/p>\n<p>Tutto il materiale contenuto nel presente Sito Web \u00e8 fornito solo a scopo informativo generale e non \u00e8 inteso a fornire consulenza legale o di altro tipo, n\u00e9 obbliga le Societ\u00e0 a nessun obbligo di sorta. Le Societ\u00e0 non si assumono alcuna responsabilit\u00e0 per perdite o danni diretti, indiretti o consequenziali che potrebbero derivare dalla fiducia sulle informazioni contenute nel presente Sito Web. Si consiglia di chiedere conferma delle dichiarazioni formulate nel presente documento prima di agire di conseguenza.<\/p>\n<p>Le Societ\u00e0 non saranno responsabili di eventuali perdite o danni causati da malware, virus o altro materiale tecnologicamente dannoso derivante dall&#8217;utilizzo di questo Sito Web o dal download di qualsiasi materiale pubblicato su di esso o da qualsiasi altro Sito Web ad esso collegato.<\/p>\n<p><strong>Condotta dell&#8217;Utente<\/strong><\/p>\n<p>Durante l&#8217;accesso o l&#8217;utilizzo di qualsiasi servizio fornito su questo Sito Web, l&#8217;Utente non pu\u00f2 pubblicare o trasmettere alcuna informazione illegale, minacciosa, abusiva, calunniosa, diffamatoria, oscena, pornografica, profana o altrimenti discutibile di alcun tipo. Si include inclusa, senza limitazioni, qualsiasi trasmissione che costituisca o incoraggi una condotta che possa costituire un reato penale, dare luogo a responsabilit\u00e0 civile o violare in altro modo qualsiasi legge nazionale o internazionale.<\/p>\n<p><strong>Collegamenti Ipertestuali<\/strong><\/p>\n<p>Il Sito Web pu\u00f2 contenere collegamenti ad altri siti web esterni. Le Societ\u00e0 non si assumono quindi alcuna responsabilit\u00e0 n\u00e9 rilasciano alcuna dichiarazione in merito alla legalit\u00e0, alla qualit\u00e0 o all&#8217;adeguatezza di qualsiasi contenuto incluso in questi siti web. L&#8217;esistenza di un collegamento ipertestuale a un sito web esterno di questo tipo non deve essere interpretata come un&#8217;implicazione, di tipo esplicita o implicita, secondo cui le Societ\u00e0 approvano, autorizzano o sponsorizzano tale sito Web o il contenuto ivi incluso. Nel caso in cui l&#8217;Utente decida di accedere a uno qualsiasi dei siti web di terzi collegati al presente Sito Web, lo fa a proprio rischio e pericolo.<\/p>\n<p><strong>Marchi Registrati, Diritti d&#8217;Autore e altri Diritti di Propriet\u00e0 Intellettuale<\/strong><\/p>\n<p>Salva diversa indicazione, tutti i diritti d&#8217;autore, marchi registrati e brevetti, inclusi senza limitazioni, testi, strumenti, fotografie e immagini grafiche disponibili sul presente Sito Web appartengono alle Societ\u00e0 o a Shutterstock, Inc.<\/p>\n<p>All&#8217;interno del Sito Web i diritti d&#8217;autore di terze parti sono di propriet\u00e0 dei rispettivi proprietari. Quanto contenuto nel presente documento non deve essere interpretato come concessione di alcun diritto o licenza di utilizzo di nessun diritto d&#8217;autore, marchio registrato o brevetto senza previa autorizzazione scritta.<\/p>\n<p>Fatta eccezione per scopi personali e non commerciali, \u00e8 vietato riprodurre o archiviare qualsiasi parte di questo Sito Web in qualsiasi altro sito web o includerlo in qualsiasi sistema o servizio di recupero elettronico pubblico o privato senza la nostra previa autorizzazione scritta.<\/p>\n<p>Qualsiasi diritto non espressamente concesso nei presenti Termini e Condizioni \u00e8 riservato.<\/p>\n<p><strong>Legge Applicabile<\/strong><\/p>\n<p>I presenti Termini e Condizioni cos\u00ec come l&#8217;uso del presente Sito Web sono regolati e interpretati in conformit\u00e0 alla legge maltese. In caso di controversia connessa con l&#8217;uso o il contenuto del presente Sito Web, questa sar\u00e0 risolta attraverso la giurisdizione esclusiva dei tribunali maltesi.<\/p>\n<p>&nbsp;<\/p>\n<p style=\"font-weight: 400;\">\n","protected":false},"excerpt":{"rendered":"Generali I presenti Termini e Condizioni d&#8217;Uso, insieme alla politica sull&#8217;uso dei cookie e all&#8217;Informativa sulla privacy (congiuntamente denominati &#8220;Termini e Condizioni&#8221;) del Sito Web si applicano all&#8217;uso del dominio, in particolare www.rci-insurance.eu e tutti i domini secondari (di seguito denominati congiuntamente &#8220;Sito Web&#8221; o &#8220;il presente Sito Web&#8221;) di RCI Life Ltd, RCI Insurance&hellip;","protected":false},"author":1,"featured_media":0,"parent":506,"menu_order":0,"comment_status":"closed","ping_status":"closed","template":"","meta":{"_acf_changed":false,"footnotes":""},"class_list":["post-508","page","type-page","status-publish","hentry"],"acf":[],"yoast_head":"<!-- This site is optimized with the Yoast SEO plugin v24.3 - https:\/\/yoast.com\/wordpress\/plugins\/seo\/ -->\r\n<title>Termini di Utilizzo del Servizio di Internet - RCI INSURANCE<\/title>\r\n<meta name=\"robots\" content=\"index, follow, max-snippet:-1, max-image-preview:large, max-video-preview:-1\" \/>\r\n<link rel=\"canonical\" href=\"http:\/\/dev-rci-insurance.iconsandbox.com\/it\/legale\/termini-di-utilizzo-del-servizio-di-internet\/\" \/>\r\n<meta property=\"og:locale\" content=\"it_IT\" \/>\r\n<meta property=\"og:type\" content=\"article\" \/>\r\n<meta property=\"og:title\" content=\"Termini di Utilizzo del Servizio di Internet - RCI INSURANCE\" \/>\r\n<meta property=\"og:description\" content=\"Generali I presenti Termini e Condizioni d&#8217;Uso, insieme alla politica sull&#8217;uso dei cookie e all&#8217;Informativa sulla privacy (congiuntamente denominati &#8220;Termini e Condizioni&#8221;) del Sito Web si applicano all&#8217;uso del dominio, in particolare www.rci-insurance.eu e tutti i domini secondari (di seguito denominati congiuntamente &#8220;Sito Web&#8221; o &#8220;il presente Sito Web&#8221;) di RCI Life Ltd, RCI Insurance&hellip;\" \/>\r\n<meta property=\"og:url\" content=\"http:\/\/dev-rci-insurance.iconsandbox.com\/it\/legale\/termini-di-utilizzo-del-servizio-di-internet\/\" \/>\r\n<meta property=\"og:site_name\" content=\"RCI INSURANCE\" \/>\r\n<meta property=\"article:modified_time\" content=\"2018-03-20T10:58:58+00:00\" \/>\r\n<meta name=\"twitter:card\" content=\"summary_large_image\" \/>\r\n<meta name=\"twitter:label1\" content=\"Tempo di lettura stimato\" \/>\n\t<meta name=\"twitter:data1\" content=\"4 minuti\" \/>\r\n<script type=\"application\/ld+json\" class=\"yoast-schema-graph\">{\"@context\":\"https:\/\/schema.org\",\"@graph\":[{\"@type\":\"WebPage\",\"@id\":\"http:\/\/dev-rci-insurance.iconsandbox.com\/it\/legale\/termini-di-utilizzo-del-servizio-di-internet\/\",\"url\":\"http:\/\/dev-rci-insurance.iconsandbox.com\/it\/legale\/termini-di-utilizzo-del-servizio-di-internet\/\",\"name\":\"Termini di Utilizzo del Servizio di Internet - RCI INSURANCE\",\"isPartOf\":{\"@id\":\"http:\/\/dev-rci-insurance.iconsandbox.com\/pl\/#website\"},\"datePublished\":\"2017-12-20T10:03:37+00:00\",\"dateModified\":\"2018-03-20T10:58:58+00:00\",\"breadcrumb\":{\"@id\":\"http:\/\/dev-rci-insurance.iconsandbox.com\/it\/legale\/termini-di-utilizzo-del-servizio-di-internet\/#breadcrumb\"},\"inLanguage\":\"it-IT\",\"potentialAction\":[{\"@type\":\"ReadAction\",\"target\":[\"http:\/\/dev-rci-insurance.iconsandbox.com\/it\/legale\/termini-di-utilizzo-del-servizio-di-internet\/\"]}]},{\"@type\":\"BreadcrumbList\",\"@id\":\"http:\/\/dev-rci-insurance.iconsandbox.com\/it\/legale\/termini-di-utilizzo-del-servizio-di-internet\/#breadcrumb\",\"itemListElement\":[{\"@type\":\"ListItem\",\"position\":1,\"name\":\"Home\",\"item\":\"http:\/\/dev-rci-insurance.iconsandbox.com\/it\/\"},{\"@type\":\"ListItem\",\"position\":2,\"name\":\"LEGALE\",\"item\":\"http:\/\/dev-rci-insurance.iconsandbox.com\/it\/legale\/\"},{\"@type\":\"ListItem\",\"position\":3,\"name\":\"Termini di Utilizzo del Servizio di Internet\"}]},{\"@type\":\"WebSite\",\"@id\":\"http:\/\/dev-rci-insurance.iconsandbox.com\/pl\/#website\",\"url\":\"http:\/\/dev-rci-insurance.iconsandbox.com\/pl\/\",\"name\":\"RCI INSURANCE\",\"description\":\"\",\"potentialAction\":[{\"@type\":\"SearchAction\",\"target\":{\"@type\":\"EntryPoint\",\"urlTemplate\":\"http:\/\/dev-rci-insurance.iconsandbox.com\/pl\/?s={search_term_string}\"},\"query-input\":{\"@type\":\"PropertyValueSpecification\",\"valueRequired\":true,\"valueName\":\"search_term_string\"}}],\"inLanguage\":\"it-IT\"}]}<\/script>\r\n<!-- \/ Yoast SEO plugin. -->","yoast_head_json":{"title":"Termini di Utilizzo del Servizio di Internet - RCI INSURANCE","robots":{"index":"index","follow":"follow","max-snippet":"max-snippet:-1","max-image-preview":"max-image-preview:large","max-video-preview":"max-video-preview:-1"},"canonical":"http:\/\/dev-rci-insurance.iconsandbox.com\/it\/legale\/termini-di-utilizzo-del-servizio-di-internet\/","og_locale":"it_IT","og_type":"article","og_title":"Termini di Utilizzo del Servizio di Internet - RCI INSURANCE","og_description":"Generali I presenti Termini e Condizioni d&#8217;Uso, insieme alla politica sull&#8217;uso dei cookie e all&#8217;Informativa sulla privacy (congiuntamente denominati &#8220;Termini e Condizioni&#8221;) del Sito Web si applicano all&#8217;uso del dominio, in particolare www.rci-insurance.eu e tutti i domini secondari (di seguito denominati congiuntamente &#8220;Sito Web&#8221; o &#8220;il presente Sito Web&#8221;) di RCI Life Ltd, RCI Insurance&hellip;","og_url":"http:\/\/dev-rci-insurance.iconsandbox.com\/it\/legale\/termini-di-utilizzo-del-servizio-di-internet\/","og_site_name":"RCI INSURANCE","article_modified_time":"2018-03-20T10:58:58+00:00","twitter_card":"summary_large_image","twitter_misc":{"Tempo di lettura stimato":"4 minuti"},"schema":{"@context":"https:\/\/schema.org","@graph":[{"@type":"WebPage","@id":"http:\/\/dev-rci-insurance.iconsandbox.com\/it\/legale\/termini-di-utilizzo-del-servizio-di-internet\/","url":"http:\/\/dev-rci-insurance.iconsandbox.com\/it\/legale\/termini-di-utilizzo-del-servizio-di-internet\/","name":"Termini di Utilizzo del Servizio di Internet - RCI INSURANCE","isPartOf":{"@id":"http:\/\/dev-rci-insurance.iconsandbox.com\/pl\/#website"},"datePublished":"2017-12-20T10:03:37+00:00","dateModified":"2018-03-20T10:58:58+00:00","breadcrumb":{"@id":"http:\/\/dev-rci-insurance.iconsandbox.com\/it\/legale\/termini-di-utilizzo-del-servizio-di-internet\/#breadcrumb"},"inLanguage":"it-IT","potentialAction":[{"@type":"ReadAction","target":["http:\/\/dev-rci-insurance.iconsandbox.com\/it\/legale\/termini-di-utilizzo-del-servizio-di-internet\/"]}]},{"@type":"BreadcrumbList","@id":"http:\/\/dev-rci-insurance.iconsandbox.com\/it\/legale\/termini-di-utilizzo-del-servizio-di-internet\/#breadcrumb","itemListElement":[{"@type":"ListItem","position":1,"name":"Home","item":"http:\/\/dev-rci-insurance.iconsandbox.com\/it\/"},{"@type":"ListItem","position":2,"name":"LEGALE","item":"http:\/\/dev-rci-insurance.iconsandbox.com\/it\/legale\/"},{"@type":"ListItem","position":3,"name":"Termini di Utilizzo del Servizio di Internet"}]},{"@type":"WebSite","@id":"http:\/\/dev-rci-insurance.iconsandbox.com\/pl\/#website","url":"http:\/\/dev-rci-insurance.iconsandbox.com\/pl\/","name":"RCI INSURANCE","description":"","potentialAction":[{"@type":"SearchAction","target":{"@type":"EntryPoint","urlTemplate":"http:\/\/dev-rci-insurance.iconsandbox.com\/pl\/?s={search_term_string}"},"query-input":{"@type":"PropertyValueSpecification","valueRequired":true,"valueName":"search_term_string"}}],"inLanguage":"it-IT"}]}},"_links":{"self":[{"href":"http:\/\/dev-rci-insurance.iconsandbox.com\/it\/wp-json\/wp\/v2\/pages\/508","targetHints":{"allow":["GET"]}}],"collection":[{"href":"http:\/\/dev-rci-insurance.iconsandbox.com\/it\/wp-json\/wp\/v2\/pages"}],"about":[{"href":"http:\/\/dev-rci-insurance.iconsandbox.com\/it\/wp-json\/wp\/v2\/types\/page"}],"author":[{"embeddable":true,"href":"http:\/\/dev-rci-insurance.iconsandbox.com\/it\/wp-json\/wp\/v2\/users\/1"}],"replies":[{"embeddable":true,"href":"http:\/\/dev-rci-insurance.iconsandbox.com\/it\/wp-json\/wp\/v2\/comments?post=508"}],"version-history":[{"count":2,"href":"http:\/\/dev-rci-insurance.iconsandbox.com\/it\/wp-json\/wp\/v2\/pages\/508\/revisions"}],"predecessor-version":[{"id":877,"href":"http:\/\/dev-rci-insurance.iconsandbox.com\/it\/wp-json\/wp\/v2\/pages\/508\/revisions\/877"}],"up":[{"embeddable":true,"href":"http:\/\/dev-rci-insurance.iconsandbox.com\/it\/wp-json\/wp\/v2\/pages\/506"}],"wp:attachment":[{"href":"http:\/\/dev-rci-insurance.iconsandbox.com\/it\/wp-json\/wp\/v2\/media?parent=508"}],"curies":[{"name":"wp","href":"https:\/\/api.w.org\/{rel}","templated":true}]}}