{"id":455,"date":"2017-12-19T16:04:24","date_gmt":"2017-12-19T16:04:24","guid":{"rendered":"http:\/\/rci.stg.iconsandbox.com\/chi-siamo\/corporate-values\/"},"modified":"2017-12-20T08:53:01","modified_gmt":"2017-12-20T08:53:01","slug":"corporate-values","status":"publish","type":"page","link":"http:\/\/dev-rci-insurance.iconsandbox.com\/it\/chi-siamo\/corporate-values\/","title":{"rendered":"VALORI AZIENDALI"},"content":{"rendered":"<p>Le solide pratiche di gestione aziendale messe in atto da RCI Life Limited e da RCI Insurance Limited (\u201cle Societ\u00e0\u201d) garantiscono la continuit\u00e0 nel raggiungimento degli obiettivi e il rispetto degli interessi degli assicurati, degli azionisti e delle altri parti interessate, stimolando una crescita a lungo termine.<\/p>\n<p>Le Societ\u00e0 hanno adottato una struttura di gestione che promuove:<\/p>\n<ul>\n<li>Onest\u00e1 e trasparenza<\/li>\n<li>Chiara definizione di ruoli e responsabilit\u00e0<\/li>\n<li>Impegno<\/li>\n<li>Comunicazione efficace<\/li>\n<\/ul>\n<p><strong>Norme e procedure<\/strong><\/p>\n<p>Le norme e le procedure definiscono i ruoli e le responsabilit\u00e0 delle diverse funzioni aziendali e degli organismi di gestione all\u2019interno di ciascuna area operativa principale. Norme e Procedure vengono riviste periodicamente per garantire un continuo e coerente allineamento dei principi fondamentali sopra elencati con la propensione al rischio e le scelte commerciali delle Societ\u00e0.<\/p>\n<p><strong>Comitato Amministrativo<\/strong><\/p>\n<p>Comitati amministrativi dedicati supportano il Consiglio di amministrazione nella conduzione delle settori aziendali critici (in particolare operazioni assicurative, gestione degli investimenti, gestione dei rischi, internal control e conformit\u00e1 alle norme). Tali comitati sono composti da una combinazione di amministratori, responsabili di particoli funzioni chave e rappresentanti degli azionisti.<\/p>\n<p><strong>Consiglio di amministrazione<\/strong><\/p>\n<p>Il Consiglio di amministrazione e la Direzione riconoscono l\u2019importanza della messa in atto di adeguate misure volte a garantire l\u2019adeguatezza, la capacit\u00e1 e l\u2019efficienza delle entit\u00e1 che gestiscono efficacemente l\u2019azienda o che ricoprono ruoli chiave.<\/p>\n<p><strong>Personale e partner esterni<\/strong><\/p>\n<p>Al personale \u00e8 richiesto di:<\/p>\n<ul>\n<li>Mantenere una condotta di integrit\u00e0 e diligenza assolute in ogni momento.<\/li>\n<li>Puntare sempre all\u2019eccellenza nel lavoro che si svolge.<\/li>\n<li>Impegnarsi per raggiungere sempre i risultati migliori.<\/li>\n<li>Promuovere il pubblico interesse.<\/li>\n<\/ul>\n<p>Tale principio \u00e8 esteso anche ai partner esterni assicurando cos\u00ec che i fornitori di servizi siano conformi agli standard prescritti.<\/p>\n<p><strong>\u00a0<\/strong><\/p>\n<p><strong>Conformit\u00e0 alle normative<\/strong><\/p>\n<p>La Societ\u00e0 non nutre alcun interesse verso frodi, corruzione o altre attivit\u00e0 non autorizzate e si impegna nel garantire la conformit\u00e0 con le leggi pertinenti in vigore, con i codici di condotta del settore, con gli standard di qualit\u00e0 etica e professionale cos\u00ec come con le politiche interne.<\/p>\n","protected":false},"excerpt":{"rendered":"Le solide pratiche di gestione aziendale messe in atto da RCI Life Limited e da RCI Insurance Limited (\u201cle Societ\u00e0\u201d) garantiscono la continuit\u00e0 nel raggiungimento degli obiettivi e il rispetto degli interessi degli assicurati, degli azionisti e delle altri parti interessate, stimolando una crescita a lungo termine. Le Societ\u00e0 hanno adottato una struttura di gestione&hellip;","protected":false},"author":1,"featured_media":0,"parent":445,"menu_order":0,"comment_status":"closed","ping_status":"closed","template":"","meta":{"_acf_changed":false,"footnotes":""},"class_list":["post-455","page","type-page","status-publish","hentry"],"acf":[],"yoast_head":"<!-- This site is optimized with the Yoast SEO plugin v24.3 - https:\/\/yoast.com\/wordpress\/plugins\/seo\/ -->\r\n<title>Valori aziendali | RCI Insurance<\/title>\r\n<meta name=\"description\" content=\"Le buone pratiche di gestione societaria messe in atto da RCI Insurance Limited garantiscono che l\u2019azienda sia in grado di soddisfare con continuit\u00e0 i propri obiettivi. Per saperne di pi\u00f9 sui valori aziendali di RCI Insurance.\" \/>\r\n<meta name=\"robots\" content=\"index, follow, max-snippet:-1, max-image-preview:large, max-video-preview:-1\" \/>\r\n<link rel=\"canonical\" href=\"http:\/\/dev-rci-insurance.iconsandbox.com\/it\/chi-siamo\/corporate-values\/\" \/>\r\n<meta property=\"og:locale\" content=\"it_IT\" \/>\r\n<meta property=\"og:type\" content=\"article\" \/>\r\n<meta property=\"og:title\" content=\"Valori aziendali | RCI Insurance\" \/>\r\n<meta property=\"og:description\" content=\"Le buone pratiche di gestione societaria messe in atto da RCI Insurance Limited garantiscono che l\u2019azienda sia in grado di soddisfare con continuit\u00e0 i propri obiettivi. Per saperne di pi\u00f9 sui valori aziendali di RCI Insurance.\" \/>\r\n<meta property=\"og:url\" content=\"http:\/\/dev-rci-insurance.iconsandbox.com\/it\/chi-siamo\/corporate-values\/\" \/>\r\n<meta property=\"og:site_name\" content=\"RCI INSURANCE\" \/>\r\n<meta property=\"article:modified_time\" content=\"2017-12-20T08:53:01+00:00\" \/>\r\n<meta name=\"twitter:card\" content=\"summary_large_image\" \/>\r\n<meta name=\"twitter:label1\" content=\"Tempo di lettura stimato\" \/>\n\t<meta name=\"twitter:data1\" content=\"2 minuti\" \/>\r\n<script type=\"application\/ld+json\" class=\"yoast-schema-graph\">{\"@context\":\"https:\/\/schema.org\",\"@graph\":[{\"@type\":\"WebPage\",\"@id\":\"http:\/\/dev-rci-insurance.iconsandbox.com\/it\/chi-siamo\/corporate-values\/\",\"url\":\"http:\/\/dev-rci-insurance.iconsandbox.com\/it\/chi-siamo\/corporate-values\/\",\"name\":\"Valori aziendali | RCI Insurance\",\"isPartOf\":{\"@id\":\"http:\/\/dev-rci-insurance.iconsandbox.com\/#website\"},\"datePublished\":\"2017-12-19T16:04:24+00:00\",\"dateModified\":\"2017-12-20T08:53:01+00:00\",\"description\":\"Le buone pratiche di gestione societaria messe in atto da RCI Insurance Limited garantiscono che l\u2019azienda sia in grado di soddisfare con continuit\u00e0 i propri obiettivi. Per saperne di pi\u00f9 sui valori aziendali di RCI Insurance.\",\"breadcrumb\":{\"@id\":\"http:\/\/dev-rci-insurance.iconsandbox.com\/it\/chi-siamo\/corporate-values\/#breadcrumb\"},\"inLanguage\":\"it-IT\",\"potentialAction\":[{\"@type\":\"ReadAction\",\"target\":[\"http:\/\/dev-rci-insurance.iconsandbox.com\/it\/chi-siamo\/corporate-values\/\"]}]},{\"@type\":\"BreadcrumbList\",\"@id\":\"http:\/\/dev-rci-insurance.iconsandbox.com\/it\/chi-siamo\/corporate-values\/#breadcrumb\",\"itemListElement\":[{\"@type\":\"ListItem\",\"position\":1,\"name\":\"Home\",\"item\":\"http:\/\/dev-rci-insurance.iconsandbox.com\/it\/\"},{\"@type\":\"ListItem\",\"position\":2,\"name\":\"Chi siamo\",\"item\":\"http:\/\/dev-rci-insurance.iconsandbox.com\/it\/chi-siamo\/\"},{\"@type\":\"ListItem\",\"position\":3,\"name\":\"VALORI AZIENDALI\"}]},{\"@type\":\"WebSite\",\"@id\":\"http:\/\/dev-rci-insurance.iconsandbox.com\/#website\",\"url\":\"http:\/\/dev-rci-insurance.iconsandbox.com\/\",\"name\":\"RCI INSURANCE\",\"description\":\"\",\"potentialAction\":[{\"@type\":\"SearchAction\",\"target\":{\"@type\":\"EntryPoint\",\"urlTemplate\":\"http:\/\/dev-rci-insurance.iconsandbox.com\/?s={search_term_string}\"},\"query-input\":{\"@type\":\"PropertyValueSpecification\",\"valueRequired\":true,\"valueName\":\"search_term_string\"}}],\"inLanguage\":\"it-IT\"}]}<\/script>\r\n<!-- \/ Yoast SEO plugin. -->","yoast_head_json":{"title":"Valori aziendali | RCI Insurance","description":"Le buone pratiche di gestione societaria messe in atto da RCI Insurance Limited garantiscono che l\u2019azienda sia in grado di soddisfare con continuit\u00e0 i propri obiettivi. Per saperne di pi\u00f9 sui valori aziendali di RCI Insurance.","robots":{"index":"index","follow":"follow","max-snippet":"max-snippet:-1","max-image-preview":"max-image-preview:large","max-video-preview":"max-video-preview:-1"},"canonical":"http:\/\/dev-rci-insurance.iconsandbox.com\/it\/chi-siamo\/corporate-values\/","og_locale":"it_IT","og_type":"article","og_title":"Valori aziendali | RCI Insurance","og_description":"Le buone pratiche di gestione societaria messe in atto da RCI Insurance Limited garantiscono che l\u2019azienda sia in grado di soddisfare con continuit\u00e0 i propri obiettivi. Per saperne di pi\u00f9 sui valori aziendali di RCI Insurance.","og_url":"http:\/\/dev-rci-insurance.iconsandbox.com\/it\/chi-siamo\/corporate-values\/","og_site_name":"RCI INSURANCE","article_modified_time":"2017-12-20T08:53:01+00:00","twitter_card":"summary_large_image","twitter_misc":{"Tempo di lettura stimato":"2 minuti"},"schema":{"@context":"https:\/\/schema.org","@graph":[{"@type":"WebPage","@id":"http:\/\/dev-rci-insurance.iconsandbox.com\/it\/chi-siamo\/corporate-values\/","url":"http:\/\/dev-rci-insurance.iconsandbox.com\/it\/chi-siamo\/corporate-values\/","name":"Valori aziendali | RCI Insurance","isPartOf":{"@id":"http:\/\/dev-rci-insurance.iconsandbox.com\/#website"},"datePublished":"2017-12-19T16:04:24+00:00","dateModified":"2017-12-20T08:53:01+00:00","description":"Le buone pratiche di gestione societaria messe in atto da RCI Insurance Limited garantiscono che l\u2019azienda sia in grado di soddisfare con continuit\u00e0 i propri obiettivi. Per saperne di pi\u00f9 sui valori aziendali di RCI Insurance.","breadcrumb":{"@id":"http:\/\/dev-rci-insurance.iconsandbox.com\/it\/chi-siamo\/corporate-values\/#breadcrumb"},"inLanguage":"it-IT","potentialAction":[{"@type":"ReadAction","target":["http:\/\/dev-rci-insurance.iconsandbox.com\/it\/chi-siamo\/corporate-values\/"]}]},{"@type":"BreadcrumbList","@id":"http:\/\/dev-rci-insurance.iconsandbox.com\/it\/chi-siamo\/corporate-values\/#breadcrumb","itemListElement":[{"@type":"ListItem","position":1,"name":"Home","item":"http:\/\/dev-rci-insurance.iconsandbox.com\/it\/"},{"@type":"ListItem","position":2,"name":"Chi siamo","item":"http:\/\/dev-rci-insurance.iconsandbox.com\/it\/chi-siamo\/"},{"@type":"ListItem","position":3,"name":"VALORI AZIENDALI"}]},{"@type":"WebSite","@id":"http:\/\/dev-rci-insurance.iconsandbox.com\/#website","url":"http:\/\/dev-rci-insurance.iconsandbox.com\/","name":"RCI INSURANCE","description":"","potentialAction":[{"@type":"SearchAction","target":{"@type":"EntryPoint","urlTemplate":"http:\/\/dev-rci-insurance.iconsandbox.com\/?s={search_term_string}"},"query-input":{"@type":"PropertyValueSpecification","valueRequired":true,"valueName":"search_term_string"}}],"inLanguage":"it-IT"}]}},"_links":{"self":[{"href":"http:\/\/dev-rci-insurance.iconsandbox.com\/it\/wp-json\/wp\/v2\/pages\/455","targetHints":{"allow":["GET"]}}],"collection":[{"href":"http:\/\/dev-rci-insurance.iconsandbox.com\/it\/wp-json\/wp\/v2\/pages"}],"about":[{"href":"http:\/\/dev-rci-insurance.iconsandbox.com\/it\/wp-json\/wp\/v2\/types\/page"}],"author":[{"embeddable":true,"href":"http:\/\/dev-rci-insurance.iconsandbox.com\/it\/wp-json\/wp\/v2\/users\/1"}],"replies":[{"embeddable":true,"href":"http:\/\/dev-rci-insurance.iconsandbox.com\/it\/wp-json\/wp\/v2\/comments?post=455"}],"version-history":[{"count":2,"href":"http:\/\/dev-rci-insurance.iconsandbox.com\/it\/wp-json\/wp\/v2\/pages\/455\/revisions"}],"predecessor-version":[{"id":458,"href":"http:\/\/dev-rci-insurance.iconsandbox.com\/it\/wp-json\/wp\/v2\/pages\/455\/revisions\/458"}],"up":[{"embeddable":true,"href":"http:\/\/dev-rci-insurance.iconsandbox.com\/it\/wp-json\/wp\/v2\/pages\/445"}],"wp:attachment":[{"href":"http:\/\/dev-rci-insurance.iconsandbox.com\/it\/wp-json\/wp\/v2\/media?parent=455"}],"curies":[{"name":"wp","href":"https:\/\/api.w.org\/{rel}","templated":true}]}}