{"id":7933,"date":"2023-05-10T08:18:00","date_gmt":"2023-05-10T06:18:00","guid":{"rendered":"http:\/\/dev-rci-insurance.iconsandbox.com\/?page_id=7933"},"modified":"2023-05-10T08:20:37","modified_gmt":"2023-05-10T06:20:37","slug":"7933-2","status":"publish","type":"page","link":"http:\/\/dev-rci-insurance.iconsandbox.com\/fr\/7933-2\/","title":{"rendered":"Politique relative \u00e0\u00a0l\u2019utilisation\u00a0d\u2019Internet"},"content":{"rendered":"<p><strong>G\u00e9n\u00e9ral <\/strong><\/p>\n<p>Les pr\u00e9sentes conditions g\u00e9n\u00e9rales d\u2019utilisation, ainsi que la politique sur l\u2019utilisation des cookies et la politique de confidentialit\u00e9 du site Web (conjointement appel\u00e9es les \u00ab\u2009conditions g\u00e9n\u00e9rales\u2009\u00bb) s\u2019appliquent \u00e0 l\u2019utilisation du domaine, \u00e0 savoir www.rci-assurance.eu et \u00e0 tous les sous-domaines (ci-apr\u00e8s d\u00e9nomm\u00e9s conjointement \u00ab\u2009le site Web\u2009\u00bb ou \u00ab\u2009ce site Web\u2009\u00bb) de RCI Life Ltd, RCI Insurance Ltd et RCI Services Ltd (ci-apr\u00e8s d\u00e9nomm\u00e9s \u00ab\u2009les Soci\u00e9t\u00e9s\u2009\u00bb ou \u00ab\u2009nous\u2009\u00bb). Veillez \u00e0 lire attentivement les pr\u00e9sentes conditions g\u00e9n\u00e9rales avant d\u2019utiliser ce site Web.<\/p>\n<p>L\u2019utilisation du site Internet indique que vous avez compris et accept\u00e9 les pr\u00e9sentes conditions g\u00e9n\u00e9rales. Si vous n\u2019acceptez pas les conditions g\u00e9n\u00e9rales, veuillez vous abstenir d\u2019acc\u00e9der \u00e0 ce site Web ou de l\u2019utiliser.<\/p>\n<p>Nous vous conseillons de prendre r\u00e9guli\u00e8rement connaissance des conditions g\u00e9n\u00e9rales, car elles peuvent \u00eatre modifi\u00e9es de temps \u00e0 autre, \u00e0 notre enti\u00e8re discr\u00e9tion et sans aucune notification.<\/p>\n<p><strong>Acc\u00e8s au service<\/strong><\/p>\n<p>Bien que les Soci\u00e9t\u00e9s doivent prendre toutes les mesures raisonnables pour assurer la disponibilit\u00e9 et l\u2019accessibilit\u00e9 du site Web en tout temps, ce dernier peut \u00eatre temporairement suspendu en cas de d\u00e9faillance du syst\u00e8me, de maintenance ou pour d\u2019autres raisons ind\u00e9pendantes de la volont\u00e9 des Soci\u00e9t\u00e9s. Les Soci\u00e9t\u00e9s ne seront pas tenues responsables de telles interruptions ou d\u00e9faillances ou de tout d\u00e9faut qui pourrait survenir, ni de tout dommage ou perte directe ou indirecte, y compris, mais sans s\u2019y limiter, les dommages mat\u00e9riels ou la perte de donn\u00e9es et de programmes, ou encore les pertes financi\u00e8res qui pourraient en d\u00e9couler.<\/p>\n<p>Les Soci\u00e9t\u00e9s se r\u00e9servent le droit de suspendre l\u2019acc\u00e8s au site ou de le retirer temporairement ou d\u00e9finitivement. Les Soci\u00e9t\u00e9s se r\u00e9servent \u00e9galement le droit d\u2019examiner, de modifier ou de supprimer le contenu du site Web sans pr\u00e9avis.<\/p>\n<p><strong>Limitation de la responsabilit\u00e9<\/strong><\/p>\n<p>Bien que les Soci\u00e9t\u00e9s prennent toutes les dispositions raisonnables n\u00e9cessaires pour assurer la pr\u00e9cision de l\u2019information pr\u00e9sente sur ce site Web, elles ne garantissent cependant pas la pr\u00e9cision ou l\u2019exhaustivit\u00e9 de cette information, et ne sont pas responsables de toute erreur ou omission.<\/p>\n<p>Nous d\u00e9clinons, dans toute la mesure permise par la loi, toute garantie implicite ou explicite de qualit\u00e9 satisfaisante et de conformit\u00e9 \u00e0 un usage particulier. Vous reconnaissez que vous \u00eates seul responsable de la mani\u00e8re dont vous utilisez le site Web et de toutes les informations issues de ce dernier.<\/p>\n<p>Tout le contenu de ce site Web est fourni exclusivement \u00e0 titre d\u2019information g\u00e9n\u00e9rale. Il ne constitue pas des conseils juridiques ou d\u2019autres conseils professionnels, et n\u2019engage aucunement les Soci\u00e9t\u00e9s \u00e0 une quelconque obligation. Les Soci\u00e9t\u00e9s ne sont pas responsables de toute perte ou dommage, direct ou indirect, qui pourrait d\u00e9couler du recours \u00e0 l\u2019information contenue sur ce site Web. Il vous est conseill\u00e9 de demander confirmation des d\u00e9clarations faites dans le pr\u00e9sent document avant d\u2019y donner suite.<\/p>\n<p>Les Soci\u00e9t\u00e9s ne sont pas responsables de toute perte ou dommage caus\u00e9 par tout logiciel malveillant, virus ou autre mat\u00e9riel technologique nuisible d\u00e9coulant de votre utilisation de ce site Web, ou du t\u00e9l\u00e9chargement de tout mat\u00e9riel publi\u00e9 sur ce site ou d\u2019autres sites en lien avec celui-ci.<\/p>\n<p><strong>Comportement des utilisateurs<\/strong><\/p>\n<p>Lorsque vous acc\u00e9dez ou utilisez un service fourni sur ce site Web, vous ne pouvez pas publier ou transmettre du contenu ill\u00e9gal, mena\u00e7ant, abusif, diffamatoire, obsc\u00e8ne, pornographique, profane ou autrement condamnable de quelque fa\u00e7on que ce soit. Cela comprend, sans s\u2019y limiter, toute publication qui pourrait constituer ou encourager un comportement qui repr\u00e9senterait une infraction p\u00e9nale, engagerait la responsabilit\u00e9 civile ou violerait le droit national ou international de quelque mani\u00e8re que ce soit.<\/p>\n<p><strong>Liens hypertexte<\/strong><\/p>\n<p>Le site Web peut contenir des liens vers des sites Web externes. Les Soci\u00e9t\u00e9s n\u2019assument aucune responsabilit\u00e9 et ne font aucune repr\u00e9sentation quant \u00e0 la l\u00e9galit\u00e9, la qualit\u00e9 ou la conformit\u00e9 du contenu de ces sites Web. L\u2019existence d\u2019un lien hypertexte vers un tel site externe ne doit pas \u00eatre interpr\u00e9t\u00e9e comme impliquant, explicitement ou implicitement, que les Soci\u00e9t\u00e9s approuvent, autorisent ou encore sponsorisent ce site ou son contenu. Si vous d\u00e9cidez d\u2019acc\u00e9der \u00e0 l\u2019un des sites Web tiers li\u00e9s au pr\u00e9sent site Web, vous le faites enti\u00e8rement \u00e0 vos propres risques et p\u00e9rils.<\/p>\n<p><strong>Marque de commerce, droits d\u2019auteur et autres droits de propri\u00e9t\u00e9 intellectuelle<\/strong><\/p>\n<p>Sauf indication contraire, tous les droits d\u2019auteurs, les marques de commerce et les brevets comprenant, sans s\u2019y limiter, du texte, des photographies, ou des images graphiques de ce site Web, est la propri\u00e9t\u00e9 des Soci\u00e9t\u00e9s ou de Shutterstock, Inc.<\/p>\n<p>Les droits de propri\u00e9t\u00e9 intellectuelle relatifs au contenu de ce site Web appartenant aux parties tierces sont la propri\u00e9t\u00e9 de leur propri\u00e9taire respectif. Rien dans le pr\u00e9sent document ne doit \u00eatre interpr\u00e9t\u00e9 comme l\u2019octroi de certains droits ou de licence d\u2019utilisation de droits d\u2019auteur, de marques de commerce, ou de brevet, sans aucune autorisation pr\u00e9alable \u00e9crite.<\/p>\n<p>Sauf \u00e0 des fins personnelles et non commerciales, il vous est interdit de reproduire ou d\u2019enregistrer tout contenu de ce site Web dans un quelconque autre site Web, ou de l\u2019inclure dans tout syst\u00e8me ou service de recherche \u00e9lectronique public ou priv\u00e9 sans notre autorisation pr\u00e9alable \u00e9crite.<\/p>\n<p>Tous droits non accord\u00e9s express\u00e9ment dans ces conditions g\u00e9n\u00e9rales sont r\u00e9serv\u00e9s.<\/p>\n<p><strong>Loi applicable<\/strong><\/p>\n<p>Ces conditions g\u00e9n\u00e9rales ainsi que l\u2019utilisation de ce site Web sont r\u00e9gis et interpr\u00e9t\u00e9s conform\u00e9ment aux lois maltaises. En cas de diff\u00e9rend li\u00e9 \u00e0 l\u2019utilisation ou au contenu de ce site Web, il sera r\u00e9solu par la juridiction exclusive des tribunaux maltais.<\/p>\n<p>&nbsp;<\/p>\n","protected":false},"excerpt":{"rendered":"G\u00e9n\u00e9ral Les pr\u00e9sentes conditions g\u00e9n\u00e9rales d\u2019utilisation, ainsi que la politique sur l\u2019utilisation des cookies et la politique de confidentialit\u00e9 du site Web (conjointement appel\u00e9es les \u00ab\u2009conditions g\u00e9n\u00e9rales\u2009\u00bb) s\u2019appliquent \u00e0 l\u2019utilisation du domaine, \u00e0 savoir www.rci-assurance.eu et \u00e0 tous les sous-domaines (ci-apr\u00e8s d\u00e9nomm\u00e9s conjointement \u00ab\u2009le site Web\u2009\u00bb ou \u00ab\u2009ce site Web\u2009\u00bb) de RCI Life Ltd, RCI\u2026","protected":false},"author":1,"featured_media":0,"parent":0,"menu_order":0,"comment_status":"closed","ping_status":"closed","template":"","meta":{"_acf_changed":false,"footnotes":""},"class_list":["post-7933","page","type-page","status-publish","hentry"],"acf":[],"yoast_head":"<!-- This site is optimized with the Yoast SEO plugin v24.3 - https:\/\/yoast.com\/wordpress\/plugins\/seo\/ -->\r\n<title>Politique relative \u00e0\u00a0l\u2019utilisation\u00a0d\u2019Internet - RCI INSURANCE<\/title>\r\n<meta name=\"robots\" content=\"index, follow, max-snippet:-1, max-image-preview:large, max-video-preview:-1\" \/>\r\n<link rel=\"canonical\" href=\"http:\/\/dev-rci-insurance.iconsandbox.com\/fr\/7933-2\/\" \/>\r\n<meta property=\"og:locale\" content=\"fr_FR\" \/>\r\n<meta property=\"og:type\" content=\"article\" \/>\r\n<meta property=\"og:title\" content=\"Politique relative \u00e0\u00a0l\u2019utilisation\u00a0d\u2019Internet - RCI INSURANCE\" \/>\r\n<meta property=\"og:description\" content=\"G\u00e9n\u00e9ral Les pr\u00e9sentes conditions g\u00e9n\u00e9rales d\u2019utilisation, ainsi que la politique sur l\u2019utilisation des cookies et la politique de confidentialit\u00e9 du site Web (conjointement appel\u00e9es les \u00ab\u2009conditions g\u00e9n\u00e9rales\u2009\u00bb) s\u2019appliquent \u00e0 l\u2019utilisation du domaine, \u00e0 savoir www.rci-assurance.eu et \u00e0 tous les sous-domaines (ci-apr\u00e8s d\u00e9nomm\u00e9s conjointement \u00ab\u2009le site Web\u2009\u00bb ou \u00ab\u2009ce site Web\u2009\u00bb) de RCI Life Ltd, RCI\u2026\" \/>\r\n<meta property=\"og:url\" content=\"http:\/\/dev-rci-insurance.iconsandbox.com\/fr\/7933-2\/\" \/>\r\n<meta property=\"og:site_name\" content=\"RCI INSURANCE\" \/>\r\n<meta property=\"article:modified_time\" content=\"2023-05-10T06:20:37+00:00\" \/>\r\n<meta name=\"twitter:card\" content=\"summary_large_image\" \/>\r\n<meta name=\"twitter:label1\" content=\"Dur\u00e9e de lecture estim\u00e9e\" \/>\n\t<meta name=\"twitter:data1\" content=\"4 minutes\" \/>\r\n<script type=\"application\/ld+json\" class=\"yoast-schema-graph\">{\"@context\":\"https:\/\/schema.org\",\"@graph\":[{\"@type\":\"WebPage\",\"@id\":\"http:\/\/dev-rci-insurance.iconsandbox.com\/fr\/7933-2\/\",\"url\":\"http:\/\/dev-rci-insurance.iconsandbox.com\/fr\/7933-2\/\",\"name\":\"Politique relative \u00e0\u00a0l\u2019utilisation\u00a0d\u2019Internet - RCI INSURANCE\",\"isPartOf\":{\"@id\":\"http:\/\/dev-rci-insurance.iconsandbox.com\/de\/#website\"},\"datePublished\":\"2023-05-10T06:18:00+00:00\",\"dateModified\":\"2023-05-10T06:20:37+00:00\",\"breadcrumb\":{\"@id\":\"http:\/\/dev-rci-insurance.iconsandbox.com\/fr\/7933-2\/#breadcrumb\"},\"inLanguage\":\"fr-FR\",\"potentialAction\":[{\"@type\":\"ReadAction\",\"target\":[\"http:\/\/dev-rci-insurance.iconsandbox.com\/fr\/7933-2\/\"]}]},{\"@type\":\"BreadcrumbList\",\"@id\":\"http:\/\/dev-rci-insurance.iconsandbox.com\/fr\/7933-2\/#breadcrumb\",\"itemListElement\":[{\"@type\":\"ListItem\",\"position\":1,\"name\":\"Home\",\"item\":\"https:\/\/dev-rci-insurance.iconsandbox.com\/fr\/\"},{\"@type\":\"ListItem\",\"position\":2,\"name\":\"Politique relative \u00e0\u00a0l\u2019utilisation\u00a0d\u2019Internet\"}]},{\"@type\":\"WebSite\",\"@id\":\"http:\/\/dev-rci-insurance.iconsandbox.com\/de\/#website\",\"url\":\"http:\/\/dev-rci-insurance.iconsandbox.com\/de\/\",\"name\":\"RCI INSURANCE\",\"description\":\"\",\"potentialAction\":[{\"@type\":\"SearchAction\",\"target\":{\"@type\":\"EntryPoint\",\"urlTemplate\":\"http:\/\/dev-rci-insurance.iconsandbox.com\/de\/?s={search_term_string}\"},\"query-input\":{\"@type\":\"PropertyValueSpecification\",\"valueRequired\":true,\"valueName\":\"search_term_string\"}}],\"inLanguage\":\"fr-FR\"}]}<\/script>\r\n<!-- \/ Yoast SEO plugin. -->","yoast_head_json":{"title":"Politique relative \u00e0\u00a0l\u2019utilisation\u00a0d\u2019Internet - RCI INSURANCE","robots":{"index":"index","follow":"follow","max-snippet":"max-snippet:-1","max-image-preview":"max-image-preview:large","max-video-preview":"max-video-preview:-1"},"canonical":"http:\/\/dev-rci-insurance.iconsandbox.com\/fr\/7933-2\/","og_locale":"fr_FR","og_type":"article","og_title":"Politique relative \u00e0\u00a0l\u2019utilisation\u00a0d\u2019Internet - RCI INSURANCE","og_description":"G\u00e9n\u00e9ral Les pr\u00e9sentes conditions g\u00e9n\u00e9rales d\u2019utilisation, ainsi que la politique sur l\u2019utilisation des cookies et la politique de confidentialit\u00e9 du site Web (conjointement appel\u00e9es les \u00ab\u2009conditions g\u00e9n\u00e9rales\u2009\u00bb) s\u2019appliquent \u00e0 l\u2019utilisation du domaine, \u00e0 savoir www.rci-assurance.eu et \u00e0 tous les sous-domaines (ci-apr\u00e8s d\u00e9nomm\u00e9s conjointement \u00ab\u2009le site Web\u2009\u00bb ou \u00ab\u2009ce site Web\u2009\u00bb) de RCI Life Ltd, RCI\u2026","og_url":"http:\/\/dev-rci-insurance.iconsandbox.com\/fr\/7933-2\/","og_site_name":"RCI INSURANCE","article_modified_time":"2023-05-10T06:20:37+00:00","twitter_card":"summary_large_image","twitter_misc":{"Dur\u00e9e de lecture estim\u00e9e":"4 minutes"},"schema":{"@context":"https:\/\/schema.org","@graph":[{"@type":"WebPage","@id":"http:\/\/dev-rci-insurance.iconsandbox.com\/fr\/7933-2\/","url":"http:\/\/dev-rci-insurance.iconsandbox.com\/fr\/7933-2\/","name":"Politique relative \u00e0\u00a0l\u2019utilisation\u00a0d\u2019Internet - RCI INSURANCE","isPartOf":{"@id":"http:\/\/dev-rci-insurance.iconsandbox.com\/de\/#website"},"datePublished":"2023-05-10T06:18:00+00:00","dateModified":"2023-05-10T06:20:37+00:00","breadcrumb":{"@id":"http:\/\/dev-rci-insurance.iconsandbox.com\/fr\/7933-2\/#breadcrumb"},"inLanguage":"fr-FR","potentialAction":[{"@type":"ReadAction","target":["http:\/\/dev-rci-insurance.iconsandbox.com\/fr\/7933-2\/"]}]},{"@type":"BreadcrumbList","@id":"http:\/\/dev-rci-insurance.iconsandbox.com\/fr\/7933-2\/#breadcrumb","itemListElement":[{"@type":"ListItem","position":1,"name":"Home","item":"https:\/\/dev-rci-insurance.iconsandbox.com\/fr\/"},{"@type":"ListItem","position":2,"name":"Politique relative \u00e0\u00a0l\u2019utilisation\u00a0d\u2019Internet"}]},{"@type":"WebSite","@id":"http:\/\/dev-rci-insurance.iconsandbox.com\/de\/#website","url":"http:\/\/dev-rci-insurance.iconsandbox.com\/de\/","name":"RCI INSURANCE","description":"","potentialAction":[{"@type":"SearchAction","target":{"@type":"EntryPoint","urlTemplate":"http:\/\/dev-rci-insurance.iconsandbox.com\/de\/?s={search_term_string}"},"query-input":{"@type":"PropertyValueSpecification","valueRequired":true,"valueName":"search_term_string"}}],"inLanguage":"fr-FR"}]}},"_links":{"self":[{"href":"http:\/\/dev-rci-insurance.iconsandbox.com\/fr\/wp-json\/wp\/v2\/pages\/7933","targetHints":{"allow":["GET"]}}],"collection":[{"href":"http:\/\/dev-rci-insurance.iconsandbox.com\/fr\/wp-json\/wp\/v2\/pages"}],"about":[{"href":"http:\/\/dev-rci-insurance.iconsandbox.com\/fr\/wp-json\/wp\/v2\/types\/page"}],"author":[{"embeddable":true,"href":"http:\/\/dev-rci-insurance.iconsandbox.com\/fr\/wp-json\/wp\/v2\/users\/1"}],"replies":[{"embeddable":true,"href":"http:\/\/dev-rci-insurance.iconsandbox.com\/fr\/wp-json\/wp\/v2\/comments?post=7933"}],"version-history":[{"count":2,"href":"http:\/\/dev-rci-insurance.iconsandbox.com\/fr\/wp-json\/wp\/v2\/pages\/7933\/revisions"}],"predecessor-version":[{"id":7942,"href":"http:\/\/dev-rci-insurance.iconsandbox.com\/fr\/wp-json\/wp\/v2\/pages\/7933\/revisions\/7942"}],"wp:attachment":[{"href":"http:\/\/dev-rci-insurance.iconsandbox.com\/fr\/wp-json\/wp\/v2\/media?parent=7933"}],"curies":[{"name":"wp","href":"https:\/\/api.w.org\/{rel}","templated":true}]}}