{"id":7080,"date":"2023-04-20T12:24:44","date_gmt":"2023-04-20T10:24:44","guid":{"rendered":"http:\/\/dev-rci-insurance.iconsandbox.com\/?page_id=7080"},"modified":"2023-04-20T12:24:44","modified_gmt":"2023-04-20T10:24:44","slug":"nos-valeurs","status":"publish","type":"page","link":"http:\/\/dev-rci-insurance.iconsandbox.com\/fr\/propos-de-rci-insurance\/nos-valeurs\/","title":{"rendered":"Nos Valeurs"},"content":{"rendered":"<p>Les pratiques de gouvernance saines de RCI Life Limited et de RCI Insurance Limited (\u00ab\u2009les Soci\u00e9t\u00e9s\u2009\u00bb) sont la garantie que les groupes continueront d\u2019atteindre leurs objectifs commerciaux, tout en garantissant les int\u00e9r\u00eats des assur\u00e9s, des actionnaires et des autres acteurs concern\u00e9s au travers d\u2019une croissance durable et \u00e0 long terme.<\/p>\n<p>Les Soci\u00e9t\u00e9s ont adopt\u00e9 une structure de gouvernance qui favorise\u00a0:<\/p>\n<ul>\n<li>la transparence\u00a0;<\/li>\n<li>des responsabilit\u00e9s et des r\u00f4les clairement d\u00e9finis\u00a0;<\/li>\n<li>l\u2019obligation redditionnelle\u00a0;<\/li>\n<li>des flux d\u2019information efficaces.<\/li>\n<\/ul>\n<p><strong>Politiques et proc\u00e9dures<\/strong><\/p>\n<p>Les politiques et proc\u00e9dures d\u00e9finissent les r\u00f4les et les responsabilit\u00e9s des diverses fonctions commerciales et des organes de gestions au sein des secteurs clefs de nos activit\u00e9s. Elles sont r\u00e9guli\u00e8rement r\u00e9examin\u00e9es afin d\u2019assurer la pertinence continue et l\u2019harmonisation des principes de base avec l\u2019app\u00e9tence au risque et la strat\u00e9gie commerciale des Soci\u00e9t\u00e9s.<\/p>\n<p><strong>Comit\u00e9s de gouvernance<\/strong><\/p>\n<p>Des comit\u00e9s de gouvernance d\u00e9vou\u00e9s sont d\u00e9sign\u00e9s pour assister le conseil d\u2019administration dans la gestion de domaines essentiels (notamment les op\u00e9rations d\u2019assurance, la gestion de placements, la gestion du risque, le contr\u00f4le interne et la conformit\u00e9). Ils sont id\u00e9alement compos\u00e9s par des directeurs, des titulaires de postes clefs et des repr\u00e9sentants des actionnaires.<\/p>\n<p><strong>Le conseil d\u2019administration<\/strong><\/p>\n<p>Le conseil d\u2019administration reconna\u00eet l\u2019importance d\u2019instaurer des mesures appropri\u00e9es pour garantir que les personnes qui g\u00e8rent effectivement la soci\u00e9t\u00e9 ou effectuent d\u2019autres fonctions-clefs poss\u00e8dent les capacit\u00e9s requises pour conduire les affaires des Soci\u00e9t\u00e9s de fa\u00e7on saine et prudente.<\/p>\n<p><strong>Personnel et partenaires externes<\/strong><\/p>\n<p>Les membres du personnel se doivent de\u00a0:<\/p>\n<ul>\n<li>toujours agir avec la plus grande int\u00e9grit\u00e9 et une extr\u00eame diligence\u00a0;<\/li>\n<li>viser l\u2019excellence dans leur travail\u00a0;<\/li>\n<li>viser les meilleurs r\u00e9sultats possible\u00a0;<\/li>\n<li>promouvoir l\u2019int\u00e9r\u00eat g\u00e9n\u00e9ral.<\/li>\n<\/ul>\n<p>Ces principes s\u2019\u00e9tendent \u00e0 tous nos partenaires externes dans la mesure o\u00f9 tous les prestataires de service doivent se conformer aux normes de service \u00e9tablies.<\/p>\n<p><strong>Conformit\u00e9 aux r\u00e9glementations<\/strong><\/p>\n<p>Les Soci\u00e9t\u00e9s n\u2019ont aucun int\u00e9r\u00eat pour la fraude, la corruption ou toute autre activit\u00e9 ill\u00e9gale et s\u2019efforcent de garantir la conformit\u00e9 avec les l\u00e9gislations, les r\u00e9glementations, les codes industriels et les normes \u00e9thiques et professionnelles applicables, ainsi que les politiques internes.<\/p>\n","protected":false},"excerpt":{"rendered":"Les pratiques de gouvernance saines de RCI Life Limited et de RCI Insurance Limited (\u00ab\u2009les Soci\u00e9t\u00e9s\u2009\u00bb) sont la garantie que les groupes continueront d\u2019atteindre leurs objectifs commerciaux, tout en garantissant les int\u00e9r\u00eats des assur\u00e9s, des actionnaires et des autres acteurs concern\u00e9s au travers d\u2019une croissance durable et \u00e0 long terme. Les Soci\u00e9t\u00e9s ont adopt\u00e9 une\u2026","protected":false},"author":1,"featured_media":0,"parent":179,"menu_order":0,"comment_status":"closed","ping_status":"closed","template":"","meta":{"_acf_changed":false,"footnotes":""},"class_list":["post-7080","page","type-page","status-publish","hentry"],"acf":[],"yoast_head":"<!-- This site is optimized with the Yoast SEO plugin v24.3 - https:\/\/yoast.com\/wordpress\/plugins\/seo\/ -->\r\n<title>Nos Valeurs - RCI INSURANCE<\/title>\r\n<meta name=\"robots\" content=\"index, follow, max-snippet:-1, max-image-preview:large, max-video-preview:-1\" \/>\r\n<link rel=\"canonical\" href=\"http:\/\/dev-rci-insurance.iconsandbox.com\/fr\/propos-de-rci-insurance\/nos-valeurs\/\" \/>\r\n<meta property=\"og:locale\" content=\"fr_FR\" \/>\r\n<meta property=\"og:type\" content=\"article\" \/>\r\n<meta property=\"og:title\" content=\"Nos Valeurs - RCI INSURANCE\" \/>\r\n<meta property=\"og:description\" content=\"Les pratiques de gouvernance saines de RCI Life Limited et de RCI Insurance Limited (\u00ab\u2009les Soci\u00e9t\u00e9s\u2009\u00bb) sont la garantie que les groupes continueront d\u2019atteindre leurs objectifs commerciaux, tout en garantissant les int\u00e9r\u00eats des assur\u00e9s, des actionnaires et des autres acteurs concern\u00e9s au travers d\u2019une croissance durable et \u00e0 long terme. Les Soci\u00e9t\u00e9s ont adopt\u00e9 une\u2026\" \/>\r\n<meta property=\"og:url\" content=\"http:\/\/dev-rci-insurance.iconsandbox.com\/fr\/propos-de-rci-insurance\/nos-valeurs\/\" \/>\r\n<meta property=\"og:site_name\" content=\"RCI INSURANCE\" \/>\r\n<meta name=\"twitter:card\" content=\"summary_large_image\" \/>\r\n<meta name=\"twitter:label1\" content=\"Dur\u00e9e de lecture estim\u00e9e\" \/>\n\t<meta name=\"twitter:data1\" content=\"2 minutes\" \/>\r\n<script type=\"application\/ld+json\" class=\"yoast-schema-graph\">{\"@context\":\"https:\/\/schema.org\",\"@graph\":[{\"@type\":\"WebPage\",\"@id\":\"http:\/\/dev-rci-insurance.iconsandbox.com\/fr\/propos-de-rci-insurance\/nos-valeurs\/\",\"url\":\"http:\/\/dev-rci-insurance.iconsandbox.com\/fr\/propos-de-rci-insurance\/nos-valeurs\/\",\"name\":\"Nos Valeurs - RCI INSURANCE\",\"isPartOf\":{\"@id\":\"http:\/\/dev-rci-insurance.iconsandbox.com\/pl\/#website\"},\"datePublished\":\"2023-04-20T10:24:44+00:00\",\"dateModified\":\"2023-04-20T10:24:44+00:00\",\"breadcrumb\":{\"@id\":\"http:\/\/dev-rci-insurance.iconsandbox.com\/fr\/propos-de-rci-insurance\/nos-valeurs\/#breadcrumb\"},\"inLanguage\":\"fr-FR\",\"potentialAction\":[{\"@type\":\"ReadAction\",\"target\":[\"http:\/\/dev-rci-insurance.iconsandbox.com\/fr\/propos-de-rci-insurance\/nos-valeurs\/\"]}]},{\"@type\":\"BreadcrumbList\",\"@id\":\"http:\/\/dev-rci-insurance.iconsandbox.com\/fr\/propos-de-rci-insurance\/nos-valeurs\/#breadcrumb\",\"itemListElement\":[{\"@type\":\"ListItem\",\"position\":1,\"name\":\"Home\",\"item\":\"https:\/\/dev-rci-insurance.iconsandbox.com\/fr\/\"},{\"@type\":\"ListItem\",\"position\":2,\"name\":\"\u00c0 propos de RCI Insurance\",\"item\":\"http:\/\/dev-rci-insurance.iconsandbox.com\/fr\/propos-de-rci-insurance\/\"},{\"@type\":\"ListItem\",\"position\":3,\"name\":\"Nos Valeurs\"}]},{\"@type\":\"WebSite\",\"@id\":\"http:\/\/dev-rci-insurance.iconsandbox.com\/pl\/#website\",\"url\":\"http:\/\/dev-rci-insurance.iconsandbox.com\/pl\/\",\"name\":\"RCI INSURANCE\",\"description\":\"\",\"potentialAction\":[{\"@type\":\"SearchAction\",\"target\":{\"@type\":\"EntryPoint\",\"urlTemplate\":\"http:\/\/dev-rci-insurance.iconsandbox.com\/pl\/?s={search_term_string}\"},\"query-input\":{\"@type\":\"PropertyValueSpecification\",\"valueRequired\":true,\"valueName\":\"search_term_string\"}}],\"inLanguage\":\"fr-FR\"}]}<\/script>\r\n<!-- \/ Yoast SEO plugin. -->","yoast_head_json":{"title":"Nos Valeurs - RCI INSURANCE","robots":{"index":"index","follow":"follow","max-snippet":"max-snippet:-1","max-image-preview":"max-image-preview:large","max-video-preview":"max-video-preview:-1"},"canonical":"http:\/\/dev-rci-insurance.iconsandbox.com\/fr\/propos-de-rci-insurance\/nos-valeurs\/","og_locale":"fr_FR","og_type":"article","og_title":"Nos Valeurs - RCI INSURANCE","og_description":"Les pratiques de gouvernance saines de RCI Life Limited et de RCI Insurance Limited (\u00ab\u2009les Soci\u00e9t\u00e9s\u2009\u00bb) sont la garantie que les groupes continueront d\u2019atteindre leurs objectifs commerciaux, tout en garantissant les int\u00e9r\u00eats des assur\u00e9s, des actionnaires et des autres acteurs concern\u00e9s au travers d\u2019une croissance durable et \u00e0 long terme. Les Soci\u00e9t\u00e9s ont adopt\u00e9 une\u2026","og_url":"http:\/\/dev-rci-insurance.iconsandbox.com\/fr\/propos-de-rci-insurance\/nos-valeurs\/","og_site_name":"RCI INSURANCE","twitter_card":"summary_large_image","twitter_misc":{"Dur\u00e9e de lecture estim\u00e9e":"2 minutes"},"schema":{"@context":"https:\/\/schema.org","@graph":[{"@type":"WebPage","@id":"http:\/\/dev-rci-insurance.iconsandbox.com\/fr\/propos-de-rci-insurance\/nos-valeurs\/","url":"http:\/\/dev-rci-insurance.iconsandbox.com\/fr\/propos-de-rci-insurance\/nos-valeurs\/","name":"Nos Valeurs - RCI INSURANCE","isPartOf":{"@id":"http:\/\/dev-rci-insurance.iconsandbox.com\/pl\/#website"},"datePublished":"2023-04-20T10:24:44+00:00","dateModified":"2023-04-20T10:24:44+00:00","breadcrumb":{"@id":"http:\/\/dev-rci-insurance.iconsandbox.com\/fr\/propos-de-rci-insurance\/nos-valeurs\/#breadcrumb"},"inLanguage":"fr-FR","potentialAction":[{"@type":"ReadAction","target":["http:\/\/dev-rci-insurance.iconsandbox.com\/fr\/propos-de-rci-insurance\/nos-valeurs\/"]}]},{"@type":"BreadcrumbList","@id":"http:\/\/dev-rci-insurance.iconsandbox.com\/fr\/propos-de-rci-insurance\/nos-valeurs\/#breadcrumb","itemListElement":[{"@type":"ListItem","position":1,"name":"Home","item":"https:\/\/dev-rci-insurance.iconsandbox.com\/fr\/"},{"@type":"ListItem","position":2,"name":"\u00c0 propos de RCI Insurance","item":"http:\/\/dev-rci-insurance.iconsandbox.com\/fr\/propos-de-rci-insurance\/"},{"@type":"ListItem","position":3,"name":"Nos Valeurs"}]},{"@type":"WebSite","@id":"http:\/\/dev-rci-insurance.iconsandbox.com\/pl\/#website","url":"http:\/\/dev-rci-insurance.iconsandbox.com\/pl\/","name":"RCI INSURANCE","description":"","potentialAction":[{"@type":"SearchAction","target":{"@type":"EntryPoint","urlTemplate":"http:\/\/dev-rci-insurance.iconsandbox.com\/pl\/?s={search_term_string}"},"query-input":{"@type":"PropertyValueSpecification","valueRequired":true,"valueName":"search_term_string"}}],"inLanguage":"fr-FR"}]}},"_links":{"self":[{"href":"http:\/\/dev-rci-insurance.iconsandbox.com\/fr\/wp-json\/wp\/v2\/pages\/7080","targetHints":{"allow":["GET"]}}],"collection":[{"href":"http:\/\/dev-rci-insurance.iconsandbox.com\/fr\/wp-json\/wp\/v2\/pages"}],"about":[{"href":"http:\/\/dev-rci-insurance.iconsandbox.com\/fr\/wp-json\/wp\/v2\/types\/page"}],"author":[{"embeddable":true,"href":"http:\/\/dev-rci-insurance.iconsandbox.com\/fr\/wp-json\/wp\/v2\/users\/1"}],"replies":[{"embeddable":true,"href":"http:\/\/dev-rci-insurance.iconsandbox.com\/fr\/wp-json\/wp\/v2\/comments?post=7080"}],"version-history":[{"count":1,"href":"http:\/\/dev-rci-insurance.iconsandbox.com\/fr\/wp-json\/wp\/v2\/pages\/7080\/revisions"}],"predecessor-version":[{"id":7081,"href":"http:\/\/dev-rci-insurance.iconsandbox.com\/fr\/wp-json\/wp\/v2\/pages\/7080\/revisions\/7081"}],"up":[{"embeddable":true,"href":"http:\/\/dev-rci-insurance.iconsandbox.com\/fr\/wp-json\/wp\/v2\/pages\/179"}],"wp:attachment":[{"href":"http:\/\/dev-rci-insurance.iconsandbox.com\/fr\/wp-json\/wp\/v2\/media?parent=7080"}],"curies":[{"name":"wp","href":"https:\/\/api.w.org\/{rel}","templated":true}]}}