{"id":6481,"date":"2017-12-12T07:52:37","date_gmt":"2017-12-12T07:52:37","guid":{"rendered":"http:\/\/dev-rci-insurance.iconsandbox.com\/propos-de-rci-insurance\/audited-financial-statements\/"},"modified":"2024-10-15T13:58:29","modified_gmt":"2024-10-15T11:58:29","slug":"audited-financial-statements","status":"publish","type":"page","link":"http:\/\/dev-rci-insurance.iconsandbox.com\/fr\/propos-de-rci-insurance\/audited-financial-statements\/","title":{"rendered":"\u00c9tats financiers audit\u00e9s"},"content":{"rendered":"<p>\u00c9tats financiers audit\u00e9s<\/p>\n","protected":false},"excerpt":{"rendered":"\u00c9tats financiers audit\u00e9s","protected":false},"author":1,"featured_media":0,"parent":179,"menu_order":0,"comment_status":"closed","ping_status":"closed","template":"page-downloads.php","meta":{"_acf_changed":false,"footnotes":""},"class_list":["post-6481","page","type-page","status-publish","hentry"],"acf":[],"yoast_head":"<!-- This site is optimized with the Yoast SEO plugin v24.3 - https:\/\/yoast.com\/wordpress\/plugins\/seo\/ -->\r\n<title>\u00c9tats financiers audit\u00e9s - RCI INSURANCE<\/title>\r\n<meta name=\"robots\" content=\"index, follow, max-snippet:-1, max-image-preview:large, max-video-preview:-1\" \/>\r\n<link rel=\"canonical\" href=\"http:\/\/dev-rci-insurance.iconsandbox.com\/fr\/propos-de-rci-insurance\/audited-financial-statements\/\" \/>\r\n<meta property=\"og:locale\" content=\"fr_FR\" \/>\r\n<meta property=\"og:type\" content=\"article\" \/>\r\n<meta property=\"og:title\" content=\"\u00c9tats financiers audit\u00e9s - RCI INSURANCE\" \/>\r\n<meta property=\"og:description\" content=\"\u00c9tats financiers audit\u00e9s\" \/>\r\n<meta property=\"og:url\" content=\"http:\/\/dev-rci-insurance.iconsandbox.com\/fr\/propos-de-rci-insurance\/audited-financial-statements\/\" \/>\r\n<meta property=\"og:site_name\" content=\"RCI INSURANCE\" \/>\r\n<meta property=\"article:modified_time\" content=\"2024-10-15T11:58:29+00:00\" \/>\r\n<meta name=\"twitter:card\" content=\"summary_large_image\" \/>\r\n<meta name=\"twitter:label1\" content=\"Dur\u00e9e de lecture estim\u00e9e\" \/>\n\t<meta name=\"twitter:data1\" content=\"1 minute\" \/>\r\n<script type=\"application\/ld+json\" class=\"yoast-schema-graph\">{\"@context\":\"https:\/\/schema.org\",\"@graph\":[{\"@type\":\"WebPage\",\"@id\":\"http:\/\/dev-rci-insurance.iconsandbox.com\/fr\/propos-de-rci-insurance\/audited-financial-statements\/\",\"url\":\"http:\/\/dev-rci-insurance.iconsandbox.com\/fr\/propos-de-rci-insurance\/audited-financial-statements\/\",\"name\":\"\u00c9tats financiers audit\u00e9s - RCI INSURANCE\",\"isPartOf\":{\"@id\":\"http:\/\/dev-rci-insurance.iconsandbox.com\/#website\"},\"datePublished\":\"2017-12-12T07:52:37+00:00\",\"dateModified\":\"2024-10-15T11:58:29+00:00\",\"breadcrumb\":{\"@id\":\"http:\/\/dev-rci-insurance.iconsandbox.com\/fr\/propos-de-rci-insurance\/audited-financial-statements\/#breadcrumb\"},\"inLanguage\":\"fr-FR\",\"potentialAction\":[{\"@type\":\"ReadAction\",\"target\":[\"http:\/\/dev-rci-insurance.iconsandbox.com\/fr\/propos-de-rci-insurance\/audited-financial-statements\/\"]}]},{\"@type\":\"BreadcrumbList\",\"@id\":\"http:\/\/dev-rci-insurance.iconsandbox.com\/fr\/propos-de-rci-insurance\/audited-financial-statements\/#breadcrumb\",\"itemListElement\":[{\"@type\":\"ListItem\",\"position\":1,\"name\":\"Home\",\"item\":\"http:\/\/dev-rci-insurance.iconsandbox.com\/fr\/\"},{\"@type\":\"ListItem\",\"position\":2,\"name\":\"\u00c0 propos de RCI Insurance\",\"item\":\"http:\/\/dev-rci-insurance.iconsandbox.com\/fr\/propos-de-rci-insurance\/\"},{\"@type\":\"ListItem\",\"position\":3,\"name\":\"\u00c9tats financiers audit\u00e9s\"}]},{\"@type\":\"WebSite\",\"@id\":\"http:\/\/dev-rci-insurance.iconsandbox.com\/#website\",\"url\":\"http:\/\/dev-rci-insurance.iconsandbox.com\/\",\"name\":\"RCI INSURANCE\",\"description\":\"\",\"potentialAction\":[{\"@type\":\"SearchAction\",\"target\":{\"@type\":\"EntryPoint\",\"urlTemplate\":\"http:\/\/dev-rci-insurance.iconsandbox.com\/?s={search_term_string}\"},\"query-input\":{\"@type\":\"PropertyValueSpecification\",\"valueRequired\":true,\"valueName\":\"search_term_string\"}}],\"inLanguage\":\"fr-FR\"}]}<\/script>\r\n<!-- \/ Yoast SEO plugin. -->","yoast_head_json":{"title":"\u00c9tats financiers audit\u00e9s - RCI INSURANCE","robots":{"index":"index","follow":"follow","max-snippet":"max-snippet:-1","max-image-preview":"max-image-preview:large","max-video-preview":"max-video-preview:-1"},"canonical":"http:\/\/dev-rci-insurance.iconsandbox.com\/fr\/propos-de-rci-insurance\/audited-financial-statements\/","og_locale":"fr_FR","og_type":"article","og_title":"\u00c9tats financiers audit\u00e9s - RCI INSURANCE","og_description":"\u00c9tats financiers audit\u00e9s","og_url":"http:\/\/dev-rci-insurance.iconsandbox.com\/fr\/propos-de-rci-insurance\/audited-financial-statements\/","og_site_name":"RCI INSURANCE","article_modified_time":"2024-10-15T11:58:29+00:00","twitter_card":"summary_large_image","twitter_misc":{"Dur\u00e9e de lecture estim\u00e9e":"1 minute"},"schema":{"@context":"https:\/\/schema.org","@graph":[{"@type":"WebPage","@id":"http:\/\/dev-rci-insurance.iconsandbox.com\/fr\/propos-de-rci-insurance\/audited-financial-statements\/","url":"http:\/\/dev-rci-insurance.iconsandbox.com\/fr\/propos-de-rci-insurance\/audited-financial-statements\/","name":"\u00c9tats financiers audit\u00e9s - RCI INSURANCE","isPartOf":{"@id":"http:\/\/dev-rci-insurance.iconsandbox.com\/#website"},"datePublished":"2017-12-12T07:52:37+00:00","dateModified":"2024-10-15T11:58:29+00:00","breadcrumb":{"@id":"http:\/\/dev-rci-insurance.iconsandbox.com\/fr\/propos-de-rci-insurance\/audited-financial-statements\/#breadcrumb"},"inLanguage":"fr-FR","potentialAction":[{"@type":"ReadAction","target":["http:\/\/dev-rci-insurance.iconsandbox.com\/fr\/propos-de-rci-insurance\/audited-financial-statements\/"]}]},{"@type":"BreadcrumbList","@id":"http:\/\/dev-rci-insurance.iconsandbox.com\/fr\/propos-de-rci-insurance\/audited-financial-statements\/#breadcrumb","itemListElement":[{"@type":"ListItem","position":1,"name":"Home","item":"http:\/\/dev-rci-insurance.iconsandbox.com\/fr\/"},{"@type":"ListItem","position":2,"name":"\u00c0 propos de RCI Insurance","item":"http:\/\/dev-rci-insurance.iconsandbox.com\/fr\/propos-de-rci-insurance\/"},{"@type":"ListItem","position":3,"name":"\u00c9tats financiers audit\u00e9s"}]},{"@type":"WebSite","@id":"http:\/\/dev-rci-insurance.iconsandbox.com\/#website","url":"http:\/\/dev-rci-insurance.iconsandbox.com\/","name":"RCI INSURANCE","description":"","potentialAction":[{"@type":"SearchAction","target":{"@type":"EntryPoint","urlTemplate":"http:\/\/dev-rci-insurance.iconsandbox.com\/?s={search_term_string}"},"query-input":{"@type":"PropertyValueSpecification","valueRequired":true,"valueName":"search_term_string"}}],"inLanguage":"fr-FR"}]}},"_links":{"self":[{"href":"http:\/\/dev-rci-insurance.iconsandbox.com\/fr\/wp-json\/wp\/v2\/pages\/6481","targetHints":{"allow":["GET"]}}],"collection":[{"href":"http:\/\/dev-rci-insurance.iconsandbox.com\/fr\/wp-json\/wp\/v2\/pages"}],"about":[{"href":"http:\/\/dev-rci-insurance.iconsandbox.com\/fr\/wp-json\/wp\/v2\/types\/page"}],"author":[{"embeddable":true,"href":"http:\/\/dev-rci-insurance.iconsandbox.com\/fr\/wp-json\/wp\/v2\/users\/1"}],"replies":[{"embeddable":true,"href":"http:\/\/dev-rci-insurance.iconsandbox.com\/fr\/wp-json\/wp\/v2\/comments?post=6481"}],"version-history":[{"count":14,"href":"http:\/\/dev-rci-insurance.iconsandbox.com\/fr\/wp-json\/wp\/v2\/pages\/6481\/revisions"}],"predecessor-version":[{"id":8565,"href":"http:\/\/dev-rci-insurance.iconsandbox.com\/fr\/wp-json\/wp\/v2\/pages\/6481\/revisions\/8565"}],"up":[{"embeddable":true,"href":"http:\/\/dev-rci-insurance.iconsandbox.com\/fr\/wp-json\/wp\/v2\/pages\/179"}],"wp:attachment":[{"href":"http:\/\/dev-rci-insurance.iconsandbox.com\/fr\/wp-json\/wp\/v2\/media?parent=6481"}],"curies":[{"name":"wp","href":"https:\/\/api.w.org\/{rel}","templated":true}]}}