{"id":538,"date":"2017-12-07T08:14:13","date_gmt":"2017-12-07T08:14:13","guid":{"rendered":"http:\/\/dev-rci-insurance.iconsandbox.com\/home\/"},"modified":"2023-06-15T09:50:25","modified_gmt":"2023-06-15T07:50:25","slug":"accueil","status":"publish","type":"page","link":"http:\/\/dev-rci-insurance.iconsandbox.com\/fr\/","title":{"rendered":"ACCUEIL"},"content":{"rendered":"<p>RCI Insurance Limited (C45786) et RCI Life Limited (C45787), ci-apr\u00e8s d\u00e9nomm\u00e9es \u00ab\u2009les Soci\u00e9t\u00e9s\u2009\u00bb, ont \u00e9t\u00e9 constitu\u00e9es \u00e0 Malte le 10 d\u00e9cembre 2008 en filiale de RCI Services Limited (C45692), elle-m\u00eame constitu\u00e9e le 26 novembre 2008 en filiale en propri\u00e9t\u00e9 exclusive de Mobilize Financial Services. L\u2019activit\u00e9 principale de RCI Services Limited r\u00e9side dans la d\u00e9tention de filiales, auxquelles elle offre divers services administratifs. Les Soci\u00e9t\u00e9s proposent des assurances aux clients de la Mobilize Financial Services actifs dans le secteur du financement auto et, conform\u00e9ment \u00e0 la Loi de 1998 sur les soci\u00e9t\u00e9s d\u2019assurance, sont autoris\u00e9es \u00e0 mener des activit\u00e9s commerciales g\u00e9n\u00e9rales et \u00e0 long terme sur le march\u00e9 europ\u00e9en. Elles sont soumises \u00e0 l\u2019autorit\u00e9 maltaise des services financiers (MFSA).<\/p>\n","protected":false},"excerpt":{"rendered":"RCI Insurance Limited (C45786) et RCI Life Limited (C45787), ci-apr\u00e8s d\u00e9nomm\u00e9es \u00ab\u2009les Soci\u00e9t\u00e9s\u2009\u00bb, ont \u00e9t\u00e9 constitu\u00e9es \u00e0 Malte le 10 d\u00e9cembre 2008 en filiale de RCI Services Limited (C45692), elle-m\u00eame constitu\u00e9e le 26 novembre 2008 en filiale en propri\u00e9t\u00e9 exclusive de Mobilize Financial Services. L\u2019activit\u00e9 principale de RCI Services Limited r\u00e9side dans la d\u00e9tention de\u2026","protected":false},"author":1,"featured_media":6383,"parent":0,"menu_order":0,"comment_status":"closed","ping_status":"open","template":"page-home.php","meta":{"_acf_changed":false,"footnotes":""},"class_list":["post-538","page","type-page","status-publish","has-post-thumbnail","hentry"],"acf":[],"yoast_head":"<!-- This site is optimized with the Yoast SEO plugin v24.3 - https:\/\/yoast.com\/wordpress\/plugins\/seo\/ -->\r\n<title>ACCUEIL<\/title>\r\n<meta name=\"robots\" content=\"index, follow, max-snippet:-1, max-image-preview:large, max-video-preview:-1\" \/>\r\n<link rel=\"canonical\" href=\"http:\/\/dev-rci-insurance.iconsandbox.com\/fr\/\" \/>\r\n<meta property=\"og:locale\" content=\"fr_FR\" \/>\r\n<meta property=\"og:type\" content=\"article\" \/>\r\n<meta property=\"og:title\" content=\"ACCUEIL\" \/>\r\n<meta property=\"og:description\" content=\"RCI Insurance Limited (C45786) et RCI Life Limited (C45787), ci-apr\u00e8s d\u00e9nomm\u00e9es \u00ab\u2009les Soci\u00e9t\u00e9s\u2009\u00bb, ont \u00e9t\u00e9 constitu\u00e9es \u00e0 Malte le 10 d\u00e9cembre 2008 en filiale de RCI Services Limited (C45692), elle-m\u00eame constitu\u00e9e le 26 novembre 2008 en filiale en propri\u00e9t\u00e9 exclusive de Mobilize Financial Services. L\u2019activit\u00e9 principale de RCI Services Limited r\u00e9side dans la d\u00e9tention de\u2026\" \/>\r\n<meta property=\"og:url\" content=\"http:\/\/dev-rci-insurance.iconsandbox.com\/fr\/\" \/>\r\n<meta property=\"og:site_name\" content=\"RCI INSURANCE\" \/>\r\n<meta property=\"article:modified_time\" content=\"2023-06-15T07:50:25+00:00\" \/>\r\n<meta property=\"og:image\" content=\"http:\/\/dev-rci-insurance.iconsandbox.com\/wp-content\/uploads\/2023\/03\/default-banner.png\" \/>\r\n\t<meta property=\"og:image:width\" content=\"1440\" \/>\r\n\t<meta property=\"og:image:height\" content=\"621\" \/>\r\n\t<meta property=\"og:image:type\" content=\"image\/png\" \/>\r\n<meta name=\"twitter:card\" content=\"summary_large_image\" \/>\r\n<meta name=\"twitter:label1\" content=\"Dur\u00e9e de lecture estim\u00e9e\" \/>\n\t<meta name=\"twitter:data1\" content=\"1 minute\" \/>\r\n<script type=\"application\/ld+json\" class=\"yoast-schema-graph\">{\"@context\":\"https:\/\/schema.org\",\"@graph\":[{\"@type\":\"WebPage\",\"@id\":\"http:\/\/dev-rci-insurance.iconsandbox.com\/fr\/\",\"url\":\"http:\/\/dev-rci-insurance.iconsandbox.com\/fr\/\",\"name\":\"ACCUEIL\",\"isPartOf\":{\"@id\":\"http:\/\/dev-rci-insurance.iconsandbox.com\/#website\"},\"primaryImageOfPage\":{\"@id\":\"http:\/\/dev-rci-insurance.iconsandbox.com\/fr\/#primaryimage\"},\"image\":{\"@id\":\"http:\/\/dev-rci-insurance.iconsandbox.com\/fr\/#primaryimage\"},\"thumbnailUrl\":\"http:\/\/dev-rci-insurance.iconsandbox.com\/wp-content\/uploads\/2023\/03\/default-banner.png\",\"datePublished\":\"2017-12-07T08:14:13+00:00\",\"dateModified\":\"2023-06-15T07:50:25+00:00\",\"breadcrumb\":{\"@id\":\"http:\/\/dev-rci-insurance.iconsandbox.com\/fr\/#breadcrumb\"},\"inLanguage\":\"fr-FR\",\"potentialAction\":[{\"@type\":\"ReadAction\",\"target\":[\"http:\/\/dev-rci-insurance.iconsandbox.com\/fr\/\"]}]},{\"@type\":\"ImageObject\",\"inLanguage\":\"fr-FR\",\"@id\":\"http:\/\/dev-rci-insurance.iconsandbox.com\/fr\/#primaryimage\",\"url\":\"http:\/\/dev-rci-insurance.iconsandbox.com\/wp-content\/uploads\/2023\/03\/default-banner.png\",\"contentUrl\":\"http:\/\/dev-rci-insurance.iconsandbox.com\/wp-content\/uploads\/2023\/03\/default-banner.png\",\"width\":1440,\"height\":621,\"caption\":\"default-banner\"},{\"@type\":\"BreadcrumbList\",\"@id\":\"http:\/\/dev-rci-insurance.iconsandbox.com\/fr\/#breadcrumb\",\"itemListElement\":[{\"@type\":\"ListItem\",\"position\":1,\"name\":\"Home\",\"item\":\"http:\/\/dev-rci-insurance.iconsandbox.com\/fr\/\"},{\"@type\":\"ListItem\",\"position\":2,\"name\":\"ACCUEIL\"}]},{\"@type\":\"WebSite\",\"@id\":\"http:\/\/dev-rci-insurance.iconsandbox.com\/#website\",\"url\":\"http:\/\/dev-rci-insurance.iconsandbox.com\/\",\"name\":\"RCI INSURANCE\",\"description\":\"\",\"potentialAction\":[{\"@type\":\"SearchAction\",\"target\":{\"@type\":\"EntryPoint\",\"urlTemplate\":\"http:\/\/dev-rci-insurance.iconsandbox.com\/?s={search_term_string}\"},\"query-input\":{\"@type\":\"PropertyValueSpecification\",\"valueRequired\":true,\"valueName\":\"search_term_string\"}}],\"inLanguage\":\"fr-FR\"}]}<\/script>\r\n<!-- \/ Yoast SEO plugin. -->","yoast_head_json":{"title":"ACCUEIL","robots":{"index":"index","follow":"follow","max-snippet":"max-snippet:-1","max-image-preview":"max-image-preview:large","max-video-preview":"max-video-preview:-1"},"canonical":"http:\/\/dev-rci-insurance.iconsandbox.com\/fr\/","og_locale":"fr_FR","og_type":"article","og_title":"ACCUEIL","og_description":"RCI Insurance Limited (C45786) et RCI Life Limited (C45787), ci-apr\u00e8s d\u00e9nomm\u00e9es \u00ab\u2009les Soci\u00e9t\u00e9s\u2009\u00bb, ont \u00e9t\u00e9 constitu\u00e9es \u00e0 Malte le 10 d\u00e9cembre 2008 en filiale de RCI Services Limited (C45692), elle-m\u00eame constitu\u00e9e le 26 novembre 2008 en filiale en propri\u00e9t\u00e9 exclusive de Mobilize Financial Services. L\u2019activit\u00e9 principale de RCI Services Limited r\u00e9side dans la d\u00e9tention de\u2026","og_url":"http:\/\/dev-rci-insurance.iconsandbox.com\/fr\/","og_site_name":"RCI INSURANCE","article_modified_time":"2023-06-15T07:50:25+00:00","og_image":[{"width":1440,"height":621,"url":"http:\/\/dev-rci-insurance.iconsandbox.com\/wp-content\/uploads\/2023\/03\/default-banner.png","type":"image\/png"}],"twitter_card":"summary_large_image","twitter_misc":{"Dur\u00e9e de lecture estim\u00e9e":"1 minute"},"schema":{"@context":"https:\/\/schema.org","@graph":[{"@type":"WebPage","@id":"http:\/\/dev-rci-insurance.iconsandbox.com\/fr\/","url":"http:\/\/dev-rci-insurance.iconsandbox.com\/fr\/","name":"ACCUEIL","isPartOf":{"@id":"http:\/\/dev-rci-insurance.iconsandbox.com\/#website"},"primaryImageOfPage":{"@id":"http:\/\/dev-rci-insurance.iconsandbox.com\/fr\/#primaryimage"},"image":{"@id":"http:\/\/dev-rci-insurance.iconsandbox.com\/fr\/#primaryimage"},"thumbnailUrl":"http:\/\/dev-rci-insurance.iconsandbox.com\/wp-content\/uploads\/2023\/03\/default-banner.png","datePublished":"2017-12-07T08:14:13+00:00","dateModified":"2023-06-15T07:50:25+00:00","breadcrumb":{"@id":"http:\/\/dev-rci-insurance.iconsandbox.com\/fr\/#breadcrumb"},"inLanguage":"fr-FR","potentialAction":[{"@type":"ReadAction","target":["http:\/\/dev-rci-insurance.iconsandbox.com\/fr\/"]}]},{"@type":"ImageObject","inLanguage":"fr-FR","@id":"http:\/\/dev-rci-insurance.iconsandbox.com\/fr\/#primaryimage","url":"http:\/\/dev-rci-insurance.iconsandbox.com\/wp-content\/uploads\/2023\/03\/default-banner.png","contentUrl":"http:\/\/dev-rci-insurance.iconsandbox.com\/wp-content\/uploads\/2023\/03\/default-banner.png","width":1440,"height":621,"caption":"default-banner"},{"@type":"BreadcrumbList","@id":"http:\/\/dev-rci-insurance.iconsandbox.com\/fr\/#breadcrumb","itemListElement":[{"@type":"ListItem","position":1,"name":"Home","item":"http:\/\/dev-rci-insurance.iconsandbox.com\/fr\/"},{"@type":"ListItem","position":2,"name":"ACCUEIL"}]},{"@type":"WebSite","@id":"http:\/\/dev-rci-insurance.iconsandbox.com\/#website","url":"http:\/\/dev-rci-insurance.iconsandbox.com\/","name":"RCI INSURANCE","description":"","potentialAction":[{"@type":"SearchAction","target":{"@type":"EntryPoint","urlTemplate":"http:\/\/dev-rci-insurance.iconsandbox.com\/?s={search_term_string}"},"query-input":{"@type":"PropertyValueSpecification","valueRequired":true,"valueName":"search_term_string"}}],"inLanguage":"fr-FR"}]}},"_links":{"self":[{"href":"http:\/\/dev-rci-insurance.iconsandbox.com\/fr\/wp-json\/wp\/v2\/pages\/538","targetHints":{"allow":["GET"]}}],"collection":[{"href":"http:\/\/dev-rci-insurance.iconsandbox.com\/fr\/wp-json\/wp\/v2\/pages"}],"about":[{"href":"http:\/\/dev-rci-insurance.iconsandbox.com\/fr\/wp-json\/wp\/v2\/types\/page"}],"author":[{"embeddable":true,"href":"http:\/\/dev-rci-insurance.iconsandbox.com\/fr\/wp-json\/wp\/v2\/users\/1"}],"replies":[{"embeddable":true,"href":"http:\/\/dev-rci-insurance.iconsandbox.com\/fr\/wp-json\/wp\/v2\/comments?post=538"}],"version-history":[{"count":11,"href":"http:\/\/dev-rci-insurance.iconsandbox.com\/fr\/wp-json\/wp\/v2\/pages\/538\/revisions"}],"predecessor-version":[{"id":8237,"href":"http:\/\/dev-rci-insurance.iconsandbox.com\/fr\/wp-json\/wp\/v2\/pages\/538\/revisions\/8237"}],"wp:featuredmedia":[{"embeddable":true,"href":"http:\/\/dev-rci-insurance.iconsandbox.com\/fr\/wp-json\/wp\/v2\/media\/6383"}],"wp:attachment":[{"href":"http:\/\/dev-rci-insurance.iconsandbox.com\/fr\/wp-json\/wp\/v2\/media?parent=538"}],"curies":[{"name":"wp","href":"https:\/\/api.w.org\/{rel}","templated":true}]}}