{"id":494,"date":"2017-12-20T09:55:17","date_gmt":"2017-12-20T09:55:17","guid":{"rendered":"http:\/\/rci.stg.iconsandbox.com\/?page_id=494"},"modified":"2023-04-24T09:08:46","modified_gmt":"2023-04-24T07:08:46","slug":"declaration-de-confidentialite-du-site-web","status":"publish","type":"page","link":"http:\/\/dev-rci-insurance.iconsandbox.com\/fr\/declaration-de-confidentialite-du-site-web\/","title":{"rendered":"Informations sur la confidentialit\u00e9 du site Web"},"content":{"rendered":"<p>Cette politique de confidentialit\u00e9 concerne l\u2019utilisation de ce site Web, qui est la propri\u00e9t\u00e9 de RCI Life Ltd, RCI Insurance Ltd et RCI Services Ltd (ci-apr\u00e8s conjointement d\u00e9nomm\u00e9es \u00ab\u2009les Soci\u00e9t\u00e9s\u2009\u00bb, ou \u00ab\u2009nous\u2009\u00bb).<\/p>\n<p>Cette politique de confidentialit\u00e9 s\u2019applique uniquement \u00e0 la protection des donn\u00e9es personnelles recueillies par le biais de l\u2019utilisation du domaine des Soci\u00e9t\u00e9s, www.rci-insurance.eu, et de ses sous-domaines (ci-apr\u00e8s conjointement d\u00e9nomm\u00e9s \u00ab\u2009le site Web\u2009\u00bb ou \u00ab\u2009ce site Web\u2009\u00bb). En utilisant ce site Web, vous consentez explicitement au traitement de vos donn\u00e9es personnelles tel qu\u2019indiqu\u00e9 dans ce document. Cette politique de confidentialit\u00e9 constitue la base sur laquelle les Soci\u00e9t\u00e9s traiteront les donn\u00e9es collect\u00e9es via leur site Web.<\/p>\n<p>Le site Web peut contenir des liens hypertexte vers des sites Web externes aux Soci\u00e9t\u00e9s, qui peuvent appartenir \u00e0 d\u2019autres entit\u00e9s au sein de Mobilize Financial Services, ou \u00e0 des tiers. Les Soci\u00e9t\u00e9s ne sont pas tenues responsables de l\u2019utilisation des donn\u00e9es personnelles divulgu\u00e9es par ces sites Web, et conseillent \u00e0 leurs utilisateurs de lire les conditions g\u00e9n\u00e9rales qui peuvent s\u2019appliquer, notamment la politique d\u2019utilisation des donn\u00e9es personnelles.<\/p>\n<p>Les donn\u00e9es personnelles que vous fournissez, par le biais de ce site Web, seront trait\u00e9es et utilis\u00e9es conform\u00e9ment aux dispositions des lois relatives au cadre G\u00e9n\u00e9ral de Protection des Donn\u00e9es pr\u00e9vu par r\u00e8glement (R\u00e8glement (EU 2016\/679) et de l\u2019Acte de Protection des Donn\u00e9es (Chapitre 440 des lois de Malta).<\/p>\n<p>Les Soci\u00e9t\u00e9s peuvent recueillir des donn\u00e9es personnelles telles que votre nom, vos coordonn\u00e9es personnelles et votre adresse e-mail, ainsi que des informations d\u00e9mographiques telles que votre pays de r\u00e9sidence ou d\u2019origine. Les donn\u00e9es personnelles collect\u00e9es se limitent aux informations que vous pouvez nous communiquer par le biais d\u2019une requ\u00eate \u00e9lectronique \u00e0 l\u2019adresse e-mail pr\u00e9sente sur ce site Web. Cette adresse \u00e9lectronique ne doit pas \u00eatre utilis\u00e9e dans le cadre de l\u2019ex\u00e9cution des contrats relatifs \u00e0 notre activit\u00e9 d\u2019assurance principale. Toute information qui nous est soumise \u00e0 ce sujet sera trait\u00e9e conform\u00e9ment aux dispositions relatives \u00e0 la protection des donn\u00e9es incluses dans les conditions g\u00e9n\u00e9rales de votre contrat d\u2019assurance.<\/p>\n<p>Veuillez noter qu\u2019en soumettant toute information personnelle, vous consentez au traitement de cette information selon la politique suivante\u00a0:<\/p>\n<ul style=\"font-family: 'RCIHr', Helvetica, Arial, sans-serif;\">\n<li>Nous n\u2019utiliserons pas les renseignements personnels divulgu\u00e9s par le biais du site Web \u00e0 d\u2019autres fins que pour r\u00e9pondre \u00e0 toute demande de renseignements ou r\u00e9pondre \u00e0 toute demande que vous faites directement via le site Web. Nous pouvons \u00e9galement traiter vos donn\u00e9es personnelles afin d\u2019am\u00e9liorer le contenu et la fonctionnalit\u00e9 de ce site Web, afin de mieux comprendre nos clients et nos march\u00e9s et d\u2019am\u00e9liorer nos biens et services.<\/li>\n<li>Nous pouvons partager vos donn\u00e9es personnelles avec d\u2019autres soci\u00e9t\u00e9s au sein de Mobilize Financial Services ou avec d\u2019autres tiers, au sein de l\u2019UE ou non, assujettis aux limitations impos\u00e9es par la loi en mati\u00e8re de traitement ult\u00e9rieur et de sauvegardes. En outre, dans certains cas, nous pouvons traiter ces donn\u00e9es personnelles afin de nous conformer \u00e0 nos obligations l\u00e9gales et pour la bonne administration de la justice.<\/li>\n<li>Bien qu\u2019aucun moyen de transmission de donn\u00e9es ne soit garanti contre l\u2019interception ill\u00e9gale d\u2019un tiers, ou contre d\u2019autres abus, nous prendrons toutes les mesures n\u00e9cessaires pour prot\u00e9ger ces donn\u00e9es. Cependant, nous ne pouvons pas \u00eatre tenus responsables de tout acc\u00e8s non autoris\u00e9 ou de toute perte de donn\u00e9es personnelles \u00e9chappant \u00e0 notre contr\u00f4le.<\/li>\n<li>Vous avez le droit d\u2019exiger une copie de vos donn\u00e9es personnelles que poss\u00e8dent les Soci\u00e9t\u00e9s. Vous pouvez \u00e9galement exiger la correction de vos donn\u00e9es personnelles si n\u00e9cessaire. Sur r\u00e9ception d\u2019une telle demande, nous nous efforcerons d\u2019y r\u00e9pondre dans un d\u00e9lai raisonnable et sans retard injustifi\u00e9. Si vous avez des suggestions, des questions en mati\u00e8re de confidentialit\u00e9, ou bien, concernant nos Conditions g\u00e9n\u00e9rales, veuillez contacter notre agent, en charge de la protection des donn\u00e9es (DPD) \u00a0au sein de RCI Insurance, par courriel \u00e0 <a href=\"mailto:dataprotectionofficer-malta@recibanque.com\">dataprotectionofficer-malta@rcibanque.com<\/a> ou par courrier postal en \u00e9crivant au Correspondant de la Protection des Donn\u00e9es :<\/li>\n<\/ul>\n<p style=\"text-align: center;\">The Data Protection Correspondent<br \/>\nRCI Insurance Ltd<em><br \/>\n<\/em>Level 3,\u00a0The Exchange Financial &amp; Business Centre,<br \/>\nTriq Elia Zammit,<br \/>\nSt Julian\u2019s \u2013 STJ 3155<br \/>\nMalta<\/p>\n<p>Vous pouvez \u00e9galement contacter notre responsable de la protection des donn\u00e9es (GDPO), au sein de Mobilize Financial Services &amp; Services, par courriel, \u00e0 l&#8217;adresse suivante <a href=\"mailto:dataprotectionofficer@rcibanque.com\">dataprotectionofficer@rcibanque.com<\/a>.<\/p>\n<p>Afin de continuer \u00e0 vous fournir le meilleur service possible, et de nous conformer \u00e0 nos obligations l\u00e9gislatives et r\u00e9glementaires, les Soci\u00e9t\u00e9s peuvent modifier cette politique de temps \u00e0 autre. Nous vous conseillons donc de revoir r\u00e9guli\u00e8rement cette politique et de prendre connaissance des modifications qui vous lieront.<\/p>\n<p>&nbsp;<\/p>\n","protected":false},"excerpt":{"rendered":"Cette politique de confidentialit\u00e9 concerne l\u2019utilisation de ce site Web, qui est la propri\u00e9t\u00e9 de RCI Life Ltd, RCI Insurance Ltd et RCI Services Ltd (ci-apr\u00e8s conjointement d\u00e9nomm\u00e9es \u00ab\u2009les Soci\u00e9t\u00e9s\u2009\u00bb, ou \u00ab\u2009nous\u2009\u00bb). Cette politique de confidentialit\u00e9 s\u2019applique uniquement \u00e0 la protection des donn\u00e9es personnelles recueillies par le biais de l\u2019utilisation du domaine des Soci\u00e9t\u00e9s, www.rci-insurance.eu,\u2026","protected":false},"author":1,"featured_media":0,"parent":0,"menu_order":0,"comment_status":"closed","ping_status":"closed","template":"","meta":{"_acf_changed":false,"footnotes":""},"class_list":["post-494","page","type-page","status-publish","hentry"],"acf":[],"yoast_head":"<!-- This site is optimized with the Yoast SEO plugin v24.3 - https:\/\/yoast.com\/wordpress\/plugins\/seo\/ -->\r\n<title>Informations sur la confidentialit\u00e9 du site Web - RCI INSURANCE<\/title>\r\n<meta name=\"robots\" content=\"index, follow, max-snippet:-1, max-image-preview:large, max-video-preview:-1\" \/>\r\n<link rel=\"canonical\" href=\"http:\/\/dev-rci-insurance.iconsandbox.com\/fr\/declaration-de-confidentialite-du-site-web\/\" \/>\r\n<meta property=\"og:locale\" content=\"fr_FR\" \/>\r\n<meta property=\"og:type\" content=\"article\" \/>\r\n<meta property=\"og:title\" content=\"Informations sur la confidentialit\u00e9 du site Web - RCI INSURANCE\" \/>\r\n<meta property=\"og:description\" content=\"Cette politique de confidentialit\u00e9 concerne l\u2019utilisation de ce site Web, qui est la propri\u00e9t\u00e9 de RCI Life Ltd, RCI Insurance Ltd et RCI Services Ltd (ci-apr\u00e8s conjointement d\u00e9nomm\u00e9es \u00ab\u2009les Soci\u00e9t\u00e9s\u2009\u00bb, ou \u00ab\u2009nous\u2009\u00bb). Cette politique de confidentialit\u00e9 s\u2019applique uniquement \u00e0 la protection des donn\u00e9es personnelles recueillies par le biais de l\u2019utilisation du domaine des Soci\u00e9t\u00e9s, www.rci-insurance.eu,\u2026\" \/>\r\n<meta property=\"og:url\" content=\"http:\/\/dev-rci-insurance.iconsandbox.com\/fr\/declaration-de-confidentialite-du-site-web\/\" \/>\r\n<meta property=\"og:site_name\" content=\"RCI INSURANCE\" \/>\r\n<meta property=\"article:modified_time\" content=\"2023-04-24T07:08:46+00:00\" \/>\r\n<meta name=\"twitter:card\" content=\"summary_large_image\" \/>\r\n<meta name=\"twitter:label1\" content=\"Dur\u00e9e de lecture estim\u00e9e\" \/>\n\t<meta name=\"twitter:data1\" content=\"4 minutes\" \/>\r\n<script type=\"application\/ld+json\" class=\"yoast-schema-graph\">{\"@context\":\"https:\/\/schema.org\",\"@graph\":[{\"@type\":\"WebPage\",\"@id\":\"http:\/\/dev-rci-insurance.iconsandbox.com\/fr\/declaration-de-confidentialite-du-site-web\/\",\"url\":\"http:\/\/dev-rci-insurance.iconsandbox.com\/fr\/declaration-de-confidentialite-du-site-web\/\",\"name\":\"Informations sur la confidentialit\u00e9 du site Web - RCI INSURANCE\",\"isPartOf\":{\"@id\":\"http:\/\/dev-rci-insurance.iconsandbox.com\/pl\/#website\"},\"datePublished\":\"2017-12-20T09:55:17+00:00\",\"dateModified\":\"2023-04-24T07:08:46+00:00\",\"breadcrumb\":{\"@id\":\"http:\/\/dev-rci-insurance.iconsandbox.com\/fr\/declaration-de-confidentialite-du-site-web\/#breadcrumb\"},\"inLanguage\":\"fr-FR\",\"potentialAction\":[{\"@type\":\"ReadAction\",\"target\":[\"http:\/\/dev-rci-insurance.iconsandbox.com\/fr\/declaration-de-confidentialite-du-site-web\/\"]}]},{\"@type\":\"BreadcrumbList\",\"@id\":\"http:\/\/dev-rci-insurance.iconsandbox.com\/fr\/declaration-de-confidentialite-du-site-web\/#breadcrumb\",\"itemListElement\":[{\"@type\":\"ListItem\",\"position\":1,\"name\":\"Home\",\"item\":\"https:\/\/dev-rci-insurance.iconsandbox.com\/fr\/\"},{\"@type\":\"ListItem\",\"position\":2,\"name\":\"Informations sur la confidentialit\u00e9 du site Web\"}]},{\"@type\":\"WebSite\",\"@id\":\"http:\/\/dev-rci-insurance.iconsandbox.com\/pl\/#website\",\"url\":\"http:\/\/dev-rci-insurance.iconsandbox.com\/pl\/\",\"name\":\"RCI INSURANCE\",\"description\":\"\",\"potentialAction\":[{\"@type\":\"SearchAction\",\"target\":{\"@type\":\"EntryPoint\",\"urlTemplate\":\"http:\/\/dev-rci-insurance.iconsandbox.com\/pl\/?s={search_term_string}\"},\"query-input\":{\"@type\":\"PropertyValueSpecification\",\"valueRequired\":true,\"valueName\":\"search_term_string\"}}],\"inLanguage\":\"fr-FR\"}]}<\/script>\r\n<!-- \/ Yoast SEO plugin. -->","yoast_head_json":{"title":"Informations sur la confidentialit\u00e9 du site Web - RCI INSURANCE","robots":{"index":"index","follow":"follow","max-snippet":"max-snippet:-1","max-image-preview":"max-image-preview:large","max-video-preview":"max-video-preview:-1"},"canonical":"http:\/\/dev-rci-insurance.iconsandbox.com\/fr\/declaration-de-confidentialite-du-site-web\/","og_locale":"fr_FR","og_type":"article","og_title":"Informations sur la confidentialit\u00e9 du site Web - RCI INSURANCE","og_description":"Cette politique de confidentialit\u00e9 concerne l\u2019utilisation de ce site Web, qui est la propri\u00e9t\u00e9 de RCI Life Ltd, RCI Insurance Ltd et RCI Services Ltd (ci-apr\u00e8s conjointement d\u00e9nomm\u00e9es \u00ab\u2009les Soci\u00e9t\u00e9s\u2009\u00bb, ou \u00ab\u2009nous\u2009\u00bb). Cette politique de confidentialit\u00e9 s\u2019applique uniquement \u00e0 la protection des donn\u00e9es personnelles recueillies par le biais de l\u2019utilisation du domaine des Soci\u00e9t\u00e9s, www.rci-insurance.eu,\u2026","og_url":"http:\/\/dev-rci-insurance.iconsandbox.com\/fr\/declaration-de-confidentialite-du-site-web\/","og_site_name":"RCI INSURANCE","article_modified_time":"2023-04-24T07:08:46+00:00","twitter_card":"summary_large_image","twitter_misc":{"Dur\u00e9e de lecture estim\u00e9e":"4 minutes"},"schema":{"@context":"https:\/\/schema.org","@graph":[{"@type":"WebPage","@id":"http:\/\/dev-rci-insurance.iconsandbox.com\/fr\/declaration-de-confidentialite-du-site-web\/","url":"http:\/\/dev-rci-insurance.iconsandbox.com\/fr\/declaration-de-confidentialite-du-site-web\/","name":"Informations sur la confidentialit\u00e9 du site Web - RCI INSURANCE","isPartOf":{"@id":"http:\/\/dev-rci-insurance.iconsandbox.com\/pl\/#website"},"datePublished":"2017-12-20T09:55:17+00:00","dateModified":"2023-04-24T07:08:46+00:00","breadcrumb":{"@id":"http:\/\/dev-rci-insurance.iconsandbox.com\/fr\/declaration-de-confidentialite-du-site-web\/#breadcrumb"},"inLanguage":"fr-FR","potentialAction":[{"@type":"ReadAction","target":["http:\/\/dev-rci-insurance.iconsandbox.com\/fr\/declaration-de-confidentialite-du-site-web\/"]}]},{"@type":"BreadcrumbList","@id":"http:\/\/dev-rci-insurance.iconsandbox.com\/fr\/declaration-de-confidentialite-du-site-web\/#breadcrumb","itemListElement":[{"@type":"ListItem","position":1,"name":"Home","item":"https:\/\/dev-rci-insurance.iconsandbox.com\/fr\/"},{"@type":"ListItem","position":2,"name":"Informations sur la confidentialit\u00e9 du site Web"}]},{"@type":"WebSite","@id":"http:\/\/dev-rci-insurance.iconsandbox.com\/pl\/#website","url":"http:\/\/dev-rci-insurance.iconsandbox.com\/pl\/","name":"RCI INSURANCE","description":"","potentialAction":[{"@type":"SearchAction","target":{"@type":"EntryPoint","urlTemplate":"http:\/\/dev-rci-insurance.iconsandbox.com\/pl\/?s={search_term_string}"},"query-input":{"@type":"PropertyValueSpecification","valueRequired":true,"valueName":"search_term_string"}}],"inLanguage":"fr-FR"}]}},"_links":{"self":[{"href":"http:\/\/dev-rci-insurance.iconsandbox.com\/fr\/wp-json\/wp\/v2\/pages\/494","targetHints":{"allow":["GET"]}}],"collection":[{"href":"http:\/\/dev-rci-insurance.iconsandbox.com\/fr\/wp-json\/wp\/v2\/pages"}],"about":[{"href":"http:\/\/dev-rci-insurance.iconsandbox.com\/fr\/wp-json\/wp\/v2\/types\/page"}],"author":[{"embeddable":true,"href":"http:\/\/dev-rci-insurance.iconsandbox.com\/fr\/wp-json\/wp\/v2\/users\/1"}],"replies":[{"embeddable":true,"href":"http:\/\/dev-rci-insurance.iconsandbox.com\/fr\/wp-json\/wp\/v2\/comments?post=494"}],"version-history":[{"count":13,"href":"http:\/\/dev-rci-insurance.iconsandbox.com\/fr\/wp-json\/wp\/v2\/pages\/494\/revisions"}],"predecessor-version":[{"id":7139,"href":"http:\/\/dev-rci-insurance.iconsandbox.com\/fr\/wp-json\/wp\/v2\/pages\/494\/revisions\/7139"}],"wp:attachment":[{"href":"http:\/\/dev-rci-insurance.iconsandbox.com\/fr\/wp-json\/wp\/v2\/media?parent=494"}],"curies":[{"name":"wp","href":"https:\/\/api.w.org\/{rel}","templated":true}]}}