{"id":242,"date":"2017-12-19T15:48:01","date_gmt":"2017-12-19T15:48:01","guid":{"rendered":"http:\/\/rci.stg.iconsandbox.com\/?page_id=242"},"modified":"2024-03-11T15:59:56","modified_gmt":"2024-03-11T14:59:56","slug":"reclamations","status":"publish","type":"page","link":"http:\/\/dev-rci-insurance.iconsandbox.com\/fr\/reclamations\/","title":{"rendered":"R\u00e9clamations"},"content":{"rendered":"<p><strong>Adresser une r\u00e9clamation.<\/strong> <strong>Notre promesse:<\/strong> notre objectif est de fournir la meilleure exp\u00e9rience client qui soit et nous esp\u00e9rons que vous n\u2019aurez jamais \u00e0 porter une r\u00e9clamation, cependant, une insatisfaction peut survenir.<\/p>\n","protected":false},"excerpt":{"rendered":"Adresser une r\u00e9clamation. Notre promesse: notre objectif est de fournir la meilleure exp\u00e9rience client qui soit et nous esp\u00e9rons que vous n\u2019aurez jamais \u00e0 porter une r\u00e9clamation, cependant, une insatisfaction peut survenir.","protected":false},"author":1,"featured_media":0,"parent":0,"menu_order":0,"comment_status":"closed","ping_status":"closed","template":"","meta":{"_acf_changed":false,"footnotes":""},"class_list":["post-242","page","type-page","status-publish","hentry"],"acf":[],"yoast_head":"<!-- This site is optimized with the Yoast SEO plugin v24.3 - https:\/\/yoast.com\/wordpress\/plugins\/seo\/ -->\r\n<title>R\u00e9clamations | RCI Insurance<\/title>\r\n<meta name=\"description\" content=\"Notre objectif est de vous fournir le meilleur service client, mais il pourrait arriver que vous souhaitiez engager une r\u00e9clamation. Notre proc\u00e9dure de r\u00e9clamation ais\u00e9e vous permet d\u2019adresser une demande de mani\u00e8re simple.\" \/>\r\n<meta name=\"robots\" content=\"index, follow, max-snippet:-1, max-image-preview:large, max-video-preview:-1\" \/>\r\n<link rel=\"canonical\" href=\"https:\/\/dev-rci-insurance.iconsandbox.com\/fr\/reclamations\/\" \/>\r\n<meta property=\"og:locale\" content=\"fr_FR\" \/>\r\n<meta property=\"og:type\" content=\"article\" \/>\r\n<meta property=\"og:title\" content=\"R\u00e9clamations | RCI Insurance\" \/>\r\n<meta property=\"og:description\" content=\"Notre objectif est de vous fournir le meilleur service client, mais il pourrait arriver que vous souhaitiez engager une r\u00e9clamation. Notre proc\u00e9dure de r\u00e9clamation ais\u00e9e vous permet d\u2019adresser une demande de mani\u00e8re simple.\" \/>\r\n<meta property=\"og:url\" content=\"https:\/\/dev-rci-insurance.iconsandbox.com\/fr\/reclamations\/\" \/>\r\n<meta property=\"og:site_name\" content=\"RCI INSURANCE\" \/>\r\n<meta property=\"article:modified_time\" content=\"2024-03-11T14:59:56+00:00\" \/>\r\n<meta name=\"twitter:card\" content=\"summary_large_image\" \/>\r\n<meta name=\"twitter:label1\" content=\"Dur\u00e9e de lecture estim\u00e9e\" \/>\n\t<meta name=\"twitter:data1\" content=\"1 minute\" \/>\r\n<script type=\"application\/ld+json\" class=\"yoast-schema-graph\">{\"@context\":\"https:\/\/schema.org\",\"@graph\":[{\"@type\":\"WebPage\",\"@id\":\"https:\/\/dev-rci-insurance.iconsandbox.com\/fr\/reclamations\/\",\"url\":\"https:\/\/dev-rci-insurance.iconsandbox.com\/fr\/reclamations\/\",\"name\":\"R\u00e9clamations | RCI Insurance\",\"isPartOf\":{\"@id\":\"http:\/\/dev-rci-insurance.iconsandbox.com\/de\/#website\"},\"datePublished\":\"2017-12-19T15:48:01+00:00\",\"dateModified\":\"2024-03-11T14:59:56+00:00\",\"description\":\"Notre objectif est de vous fournir le meilleur service client, mais il pourrait arriver que vous souhaitiez engager une r\u00e9clamation. Notre proc\u00e9dure de r\u00e9clamation ais\u00e9e vous permet d\u2019adresser une demande de mani\u00e8re simple.\",\"breadcrumb\":{\"@id\":\"https:\/\/dev-rci-insurance.iconsandbox.com\/fr\/reclamations\/#breadcrumb\"},\"inLanguage\":\"fr-FR\",\"potentialAction\":[{\"@type\":\"ReadAction\",\"target\":[\"https:\/\/dev-rci-insurance.iconsandbox.com\/fr\/reclamations\/\"]}]},{\"@type\":\"BreadcrumbList\",\"@id\":\"https:\/\/dev-rci-insurance.iconsandbox.com\/fr\/reclamations\/#breadcrumb\",\"itemListElement\":[{\"@type\":\"ListItem\",\"position\":1,\"name\":\"Home\",\"item\":\"https:\/\/dev-rci-insurance.iconsandbox.com\/fr\/\"},{\"@type\":\"ListItem\",\"position\":2,\"name\":\"R\u00e9clamations\"}]},{\"@type\":\"WebSite\",\"@id\":\"http:\/\/dev-rci-insurance.iconsandbox.com\/de\/#website\",\"url\":\"http:\/\/dev-rci-insurance.iconsandbox.com\/de\/\",\"name\":\"RCI INSURANCE\",\"description\":\"\",\"potentialAction\":[{\"@type\":\"SearchAction\",\"target\":{\"@type\":\"EntryPoint\",\"urlTemplate\":\"http:\/\/dev-rci-insurance.iconsandbox.com\/de\/?s={search_term_string}\"},\"query-input\":{\"@type\":\"PropertyValueSpecification\",\"valueRequired\":true,\"valueName\":\"search_term_string\"}}],\"inLanguage\":\"fr-FR\"}]}<\/script>\r\n<!-- \/ Yoast SEO plugin. -->","yoast_head_json":{"title":"R\u00e9clamations | RCI Insurance","description":"Notre objectif est de vous fournir le meilleur service client, mais il pourrait arriver que vous souhaitiez engager une r\u00e9clamation. Notre proc\u00e9dure de r\u00e9clamation ais\u00e9e vous permet d\u2019adresser une demande de mani\u00e8re simple.","robots":{"index":"index","follow":"follow","max-snippet":"max-snippet:-1","max-image-preview":"max-image-preview:large","max-video-preview":"max-video-preview:-1"},"canonical":"https:\/\/dev-rci-insurance.iconsandbox.com\/fr\/reclamations\/","og_locale":"fr_FR","og_type":"article","og_title":"R\u00e9clamations | RCI Insurance","og_description":"Notre objectif est de vous fournir le meilleur service client, mais il pourrait arriver que vous souhaitiez engager une r\u00e9clamation. Notre proc\u00e9dure de r\u00e9clamation ais\u00e9e vous permet d\u2019adresser une demande de mani\u00e8re simple.","og_url":"https:\/\/dev-rci-insurance.iconsandbox.com\/fr\/reclamations\/","og_site_name":"RCI INSURANCE","article_modified_time":"2024-03-11T14:59:56+00:00","twitter_card":"summary_large_image","twitter_misc":{"Dur\u00e9e de lecture estim\u00e9e":"1 minute"},"schema":{"@context":"https:\/\/schema.org","@graph":[{"@type":"WebPage","@id":"https:\/\/dev-rci-insurance.iconsandbox.com\/fr\/reclamations\/","url":"https:\/\/dev-rci-insurance.iconsandbox.com\/fr\/reclamations\/","name":"R\u00e9clamations | RCI Insurance","isPartOf":{"@id":"http:\/\/dev-rci-insurance.iconsandbox.com\/de\/#website"},"datePublished":"2017-12-19T15:48:01+00:00","dateModified":"2024-03-11T14:59:56+00:00","description":"Notre objectif est de vous fournir le meilleur service client, mais il pourrait arriver que vous souhaitiez engager une r\u00e9clamation. Notre proc\u00e9dure de r\u00e9clamation ais\u00e9e vous permet d\u2019adresser une demande de mani\u00e8re simple.","breadcrumb":{"@id":"https:\/\/dev-rci-insurance.iconsandbox.com\/fr\/reclamations\/#breadcrumb"},"inLanguage":"fr-FR","potentialAction":[{"@type":"ReadAction","target":["https:\/\/dev-rci-insurance.iconsandbox.com\/fr\/reclamations\/"]}]},{"@type":"BreadcrumbList","@id":"https:\/\/dev-rci-insurance.iconsandbox.com\/fr\/reclamations\/#breadcrumb","itemListElement":[{"@type":"ListItem","position":1,"name":"Home","item":"https:\/\/dev-rci-insurance.iconsandbox.com\/fr\/"},{"@type":"ListItem","position":2,"name":"R\u00e9clamations"}]},{"@type":"WebSite","@id":"http:\/\/dev-rci-insurance.iconsandbox.com\/de\/#website","url":"http:\/\/dev-rci-insurance.iconsandbox.com\/de\/","name":"RCI INSURANCE","description":"","potentialAction":[{"@type":"SearchAction","target":{"@type":"EntryPoint","urlTemplate":"http:\/\/dev-rci-insurance.iconsandbox.com\/de\/?s={search_term_string}"},"query-input":{"@type":"PropertyValueSpecification","valueRequired":true,"valueName":"search_term_string"}}],"inLanguage":"fr-FR"}]}},"_links":{"self":[{"href":"http:\/\/dev-rci-insurance.iconsandbox.com\/fr\/wp-json\/wp\/v2\/pages\/242","targetHints":{"allow":["GET"]}}],"collection":[{"href":"http:\/\/dev-rci-insurance.iconsandbox.com\/fr\/wp-json\/wp\/v2\/pages"}],"about":[{"href":"http:\/\/dev-rci-insurance.iconsandbox.com\/fr\/wp-json\/wp\/v2\/types\/page"}],"author":[{"embeddable":true,"href":"http:\/\/dev-rci-insurance.iconsandbox.com\/fr\/wp-json\/wp\/v2\/users\/1"}],"replies":[{"embeddable":true,"href":"http:\/\/dev-rci-insurance.iconsandbox.com\/fr\/wp-json\/wp\/v2\/comments?post=242"}],"version-history":[{"count":50,"href":"http:\/\/dev-rci-insurance.iconsandbox.com\/fr\/wp-json\/wp\/v2\/pages\/242\/revisions"}],"predecessor-version":[{"id":8516,"href":"http:\/\/dev-rci-insurance.iconsandbox.com\/fr\/wp-json\/wp\/v2\/pages\/242\/revisions\/8516"}],"wp:attachment":[{"href":"http:\/\/dev-rci-insurance.iconsandbox.com\/fr\/wp-json\/wp\/v2\/media?parent=242"}],"curies":[{"name":"wp","href":"https:\/\/api.w.org\/{rel}","templated":true}]}}