{"id":179,"date":"2017-12-19T15:27:01","date_gmt":"2017-12-19T15:27:01","guid":{"rendered":"http:\/\/rci.stg.iconsandbox.com\/?page_id=179"},"modified":"2023-11-22T13:58:05","modified_gmt":"2023-11-22T12:58:05","slug":"propos-de-rci-insurance","status":"publish","type":"page","link":"http:\/\/dev-rci-insurance.iconsandbox.com\/fr\/propos-de-rci-insurance\/","title":{"rendered":"\u00c0 propos de RCI Insurance"},"content":{"rendered":"<p>RCI Insurance Limited (C45786) et RCI Life Limited (C45787), ci-apr\u00e8s d\u00e9nomm\u00e9es \u00ab\u2009les Soci\u00e9t\u00e9s\u2009\u00bb, ont \u00e9t\u00e9 constitu\u00e9es \u00e0 Malte le 10 d\u00e9cembre 2008 en filiale de RCI Services Limited (C45692), elle-m\u00eame constitu\u00e9e le 26 novembre 2008 en filiale en propri\u00e9t\u00e9 exclusive de Mobilize Financial Services.<\/p>\n<p>L\u2019activit\u00e9 principale de RCI Services Limited r\u00e9side dans la d\u00e9tention de filiales, auxquelles elle offre divers services administratifs. Les Soci\u00e9t\u00e9s proposent des assurances aux clients de la Mobilize Financial Services actifs dans le secteur du financement auto et, conform\u00e9ment \u00e0 la Loi de 1998 sur les soci\u00e9t\u00e9s d\u2019assurance, sont autoris\u00e9es \u00e0 mener des activit\u00e9s commerciales g\u00e9n\u00e9rales et \u00e0 long terme sur le march\u00e9 europ\u00e9en(1). Elles sont soumises \u00e0 l\u2019autorit\u00e9 maltaise des services financiers (MFSA).<\/p>\n<p>Le si\u00e8ge des Soci\u00e9t\u00e9s est situ\u00e9 \u00e0 l\u2019adresse suivante\u00a0:<\/p>\n<p>Level 3, Mercury Tower,<br \/>\nThe Exchange Financial &amp; Business Centre,<br \/>\nTriq Elia Zammit,<br \/>\nSt Julian\u2019s &#8211; STJ 3155<br \/>\nMalta<\/p>\n<p>(1) Pays o\u00f9 RCI Insurance et RCI Life sont autoris\u00e9es \u00e0 op\u00e9rer et les march\u00e9s clients cibl\u00e9s sont les suivants :<\/p>\n<p>Autriche<br \/>\nAllemagne<br \/>\nFrance<br \/>\nItalie<br \/>\nRoumanie (RCI Insurance seulement)<br \/>\nPortugal<br \/>\nEspagne<\/p>\n<p>&nbsp;<\/p>\n","protected":false},"excerpt":{"rendered":"RCI Insurance Limited (C45786) et RCI Life Limited (C45787), ci-apr\u00e8s d\u00e9nomm\u00e9es \u00ab\u2009les Soci\u00e9t\u00e9s\u2009\u00bb, ont \u00e9t\u00e9 constitu\u00e9es \u00e0 Malte le 10 d\u00e9cembre 2008 en filiale de RCI Services Limited (C45692), elle-m\u00eame constitu\u00e9e le 26 novembre 2008 en filiale en propri\u00e9t\u00e9 exclusive de Mobilize Financial Services. L\u2019activit\u00e9 principale de RCI Services Limited r\u00e9side dans la d\u00e9tention de\u2026","protected":false},"author":1,"featured_media":6390,"parent":0,"menu_order":0,"comment_status":"closed","ping_status":"closed","template":"","meta":{"_acf_changed":false,"footnotes":""},"class_list":["post-179","page","type-page","status-publish","has-post-thumbnail","hentry"],"acf":[],"yoast_head":"<!-- This site is optimized with the Yoast SEO plugin v24.3 - https:\/\/yoast.com\/wordpress\/plugins\/seo\/ -->\r\n<title>\u00c0 propos | RCI Insurance<\/title>\r\n<meta name=\"description\" content=\"RCI Insurance propose des assurances aux clients de la RCI Bank SA actifs dans le secteur du financement auto. D\u00e9couvrez RCI Insurance\" \/>\r\n<meta name=\"robots\" content=\"index, follow, max-snippet:-1, max-image-preview:large, max-video-preview:-1\" \/>\r\n<link rel=\"canonical\" href=\"http:\/\/dev-rci-insurance.iconsandbox.com\/fr\/propos-de-rci-insurance\/\" \/>\r\n<meta property=\"og:locale\" content=\"fr_FR\" \/>\r\n<meta property=\"og:type\" content=\"article\" \/>\r\n<meta property=\"og:title\" content=\"\u00c0 propos | RCI Insurance\" \/>\r\n<meta property=\"og:description\" content=\"RCI Insurance propose des assurances aux clients de la RCI Bank SA actifs dans le secteur du financement auto. D\u00e9couvrez RCI Insurance\" \/>\r\n<meta property=\"og:url\" content=\"http:\/\/dev-rci-insurance.iconsandbox.com\/fr\/propos-de-rci-insurance\/\" \/>\r\n<meta property=\"og:site_name\" content=\"RCI INSURANCE\" \/>\r\n<meta property=\"article:modified_time\" content=\"2023-11-22T12:58:05+00:00\" \/>\r\n<meta property=\"og:image\" content=\"http:\/\/dev-rci-insurance.iconsandbox.com\/wp-content\/uploads\/2017\/12\/intro-image.png\" \/>\r\n\t<meta property=\"og:image:width\" content=\"525\" \/>\r\n\t<meta property=\"og:image:height\" content=\"526\" \/>\r\n\t<meta property=\"og:image:type\" content=\"image\/png\" \/>\r\n<meta name=\"twitter:card\" content=\"summary_large_image\" \/>\r\n<meta name=\"twitter:label1\" content=\"Dur\u00e9e de lecture estim\u00e9e\" \/>\n\t<meta name=\"twitter:data1\" content=\"1 minute\" \/>\r\n<script type=\"application\/ld+json\" class=\"yoast-schema-graph\">{\"@context\":\"https:\/\/schema.org\",\"@graph\":[{\"@type\":\"WebPage\",\"@id\":\"http:\/\/dev-rci-insurance.iconsandbox.com\/fr\/propos-de-rci-insurance\/\",\"url\":\"http:\/\/dev-rci-insurance.iconsandbox.com\/fr\/propos-de-rci-insurance\/\",\"name\":\"\u00c0 propos | RCI Insurance\",\"isPartOf\":{\"@id\":\"http:\/\/dev-rci-insurance.iconsandbox.com\/#website\"},\"primaryImageOfPage\":{\"@id\":\"http:\/\/dev-rci-insurance.iconsandbox.com\/fr\/propos-de-rci-insurance\/#primaryimage\"},\"image\":{\"@id\":\"http:\/\/dev-rci-insurance.iconsandbox.com\/fr\/propos-de-rci-insurance\/#primaryimage\"},\"thumbnailUrl\":\"http:\/\/dev-rci-insurance.iconsandbox.com\/wp-content\/uploads\/2017\/12\/intro-image.png\",\"datePublished\":\"2017-12-19T15:27:01+00:00\",\"dateModified\":\"2023-11-22T12:58:05+00:00\",\"description\":\"RCI Insurance propose des assurances aux clients de la RCI Bank SA actifs dans le secteur du financement auto. D\u00e9couvrez RCI Insurance\",\"breadcrumb\":{\"@id\":\"http:\/\/dev-rci-insurance.iconsandbox.com\/fr\/propos-de-rci-insurance\/#breadcrumb\"},\"inLanguage\":\"fr-FR\",\"potentialAction\":[{\"@type\":\"ReadAction\",\"target\":[\"http:\/\/dev-rci-insurance.iconsandbox.com\/fr\/propos-de-rci-insurance\/\"]}]},{\"@type\":\"ImageObject\",\"inLanguage\":\"fr-FR\",\"@id\":\"http:\/\/dev-rci-insurance.iconsandbox.com\/fr\/propos-de-rci-insurance\/#primaryimage\",\"url\":\"http:\/\/dev-rci-insurance.iconsandbox.com\/wp-content\/uploads\/2017\/12\/intro-image.png\",\"contentUrl\":\"http:\/\/dev-rci-insurance.iconsandbox.com\/wp-content\/uploads\/2017\/12\/intro-image.png\",\"width\":525,\"height\":526},{\"@type\":\"BreadcrumbList\",\"@id\":\"http:\/\/dev-rci-insurance.iconsandbox.com\/fr\/propos-de-rci-insurance\/#breadcrumb\",\"itemListElement\":[{\"@type\":\"ListItem\",\"position\":1,\"name\":\"Home\",\"item\":\"http:\/\/dev-rci-insurance.iconsandbox.com\/fr\/\"},{\"@type\":\"ListItem\",\"position\":2,\"name\":\"\u00c0 propos de RCI Insurance\"}]},{\"@type\":\"WebSite\",\"@id\":\"http:\/\/dev-rci-insurance.iconsandbox.com\/#website\",\"url\":\"http:\/\/dev-rci-insurance.iconsandbox.com\/\",\"name\":\"RCI INSURANCE\",\"description\":\"\",\"potentialAction\":[{\"@type\":\"SearchAction\",\"target\":{\"@type\":\"EntryPoint\",\"urlTemplate\":\"http:\/\/dev-rci-insurance.iconsandbox.com\/?s={search_term_string}\"},\"query-input\":{\"@type\":\"PropertyValueSpecification\",\"valueRequired\":true,\"valueName\":\"search_term_string\"}}],\"inLanguage\":\"fr-FR\"}]}<\/script>\r\n<!-- \/ Yoast SEO plugin. -->","yoast_head_json":{"title":"\u00c0 propos | RCI Insurance","description":"RCI Insurance propose des assurances aux clients de la RCI Bank SA actifs dans le secteur du financement auto. D\u00e9couvrez RCI Insurance","robots":{"index":"index","follow":"follow","max-snippet":"max-snippet:-1","max-image-preview":"max-image-preview:large","max-video-preview":"max-video-preview:-1"},"canonical":"http:\/\/dev-rci-insurance.iconsandbox.com\/fr\/propos-de-rci-insurance\/","og_locale":"fr_FR","og_type":"article","og_title":"\u00c0 propos | RCI Insurance","og_description":"RCI Insurance propose des assurances aux clients de la RCI Bank SA actifs dans le secteur du financement auto. D\u00e9couvrez RCI Insurance","og_url":"http:\/\/dev-rci-insurance.iconsandbox.com\/fr\/propos-de-rci-insurance\/","og_site_name":"RCI INSURANCE","article_modified_time":"2023-11-22T12:58:05+00:00","og_image":[{"width":525,"height":526,"url":"http:\/\/dev-rci-insurance.iconsandbox.com\/wp-content\/uploads\/2017\/12\/intro-image.png","type":"image\/png"}],"twitter_card":"summary_large_image","twitter_misc":{"Dur\u00e9e de lecture estim\u00e9e":"1 minute"},"schema":{"@context":"https:\/\/schema.org","@graph":[{"@type":"WebPage","@id":"http:\/\/dev-rci-insurance.iconsandbox.com\/fr\/propos-de-rci-insurance\/","url":"http:\/\/dev-rci-insurance.iconsandbox.com\/fr\/propos-de-rci-insurance\/","name":"\u00c0 propos | RCI Insurance","isPartOf":{"@id":"http:\/\/dev-rci-insurance.iconsandbox.com\/#website"},"primaryImageOfPage":{"@id":"http:\/\/dev-rci-insurance.iconsandbox.com\/fr\/propos-de-rci-insurance\/#primaryimage"},"image":{"@id":"http:\/\/dev-rci-insurance.iconsandbox.com\/fr\/propos-de-rci-insurance\/#primaryimage"},"thumbnailUrl":"http:\/\/dev-rci-insurance.iconsandbox.com\/wp-content\/uploads\/2017\/12\/intro-image.png","datePublished":"2017-12-19T15:27:01+00:00","dateModified":"2023-11-22T12:58:05+00:00","description":"RCI Insurance propose des assurances aux clients de la RCI Bank SA actifs dans le secteur du financement auto. D\u00e9couvrez RCI Insurance","breadcrumb":{"@id":"http:\/\/dev-rci-insurance.iconsandbox.com\/fr\/propos-de-rci-insurance\/#breadcrumb"},"inLanguage":"fr-FR","potentialAction":[{"@type":"ReadAction","target":["http:\/\/dev-rci-insurance.iconsandbox.com\/fr\/propos-de-rci-insurance\/"]}]},{"@type":"ImageObject","inLanguage":"fr-FR","@id":"http:\/\/dev-rci-insurance.iconsandbox.com\/fr\/propos-de-rci-insurance\/#primaryimage","url":"http:\/\/dev-rci-insurance.iconsandbox.com\/wp-content\/uploads\/2017\/12\/intro-image.png","contentUrl":"http:\/\/dev-rci-insurance.iconsandbox.com\/wp-content\/uploads\/2017\/12\/intro-image.png","width":525,"height":526},{"@type":"BreadcrumbList","@id":"http:\/\/dev-rci-insurance.iconsandbox.com\/fr\/propos-de-rci-insurance\/#breadcrumb","itemListElement":[{"@type":"ListItem","position":1,"name":"Home","item":"http:\/\/dev-rci-insurance.iconsandbox.com\/fr\/"},{"@type":"ListItem","position":2,"name":"\u00c0 propos de RCI Insurance"}]},{"@type":"WebSite","@id":"http:\/\/dev-rci-insurance.iconsandbox.com\/#website","url":"http:\/\/dev-rci-insurance.iconsandbox.com\/","name":"RCI INSURANCE","description":"","potentialAction":[{"@type":"SearchAction","target":{"@type":"EntryPoint","urlTemplate":"http:\/\/dev-rci-insurance.iconsandbox.com\/?s={search_term_string}"},"query-input":{"@type":"PropertyValueSpecification","valueRequired":true,"valueName":"search_term_string"}}],"inLanguage":"fr-FR"}]}},"_links":{"self":[{"href":"http:\/\/dev-rci-insurance.iconsandbox.com\/fr\/wp-json\/wp\/v2\/pages\/179","targetHints":{"allow":["GET"]}}],"collection":[{"href":"http:\/\/dev-rci-insurance.iconsandbox.com\/fr\/wp-json\/wp\/v2\/pages"}],"about":[{"href":"http:\/\/dev-rci-insurance.iconsandbox.com\/fr\/wp-json\/wp\/v2\/types\/page"}],"author":[{"embeddable":true,"href":"http:\/\/dev-rci-insurance.iconsandbox.com\/fr\/wp-json\/wp\/v2\/users\/1"}],"replies":[{"embeddable":true,"href":"http:\/\/dev-rci-insurance.iconsandbox.com\/fr\/wp-json\/wp\/v2\/comments?post=179"}],"version-history":[{"count":5,"href":"http:\/\/dev-rci-insurance.iconsandbox.com\/fr\/wp-json\/wp\/v2\/pages\/179\/revisions"}],"predecessor-version":[{"id":8412,"href":"http:\/\/dev-rci-insurance.iconsandbox.com\/fr\/wp-json\/wp\/v2\/pages\/179\/revisions\/8412"}],"wp:featuredmedia":[{"embeddable":true,"href":"http:\/\/dev-rci-insurance.iconsandbox.com\/fr\/wp-json\/wp\/v2\/media\/6390"}],"wp:attachment":[{"href":"http:\/\/dev-rci-insurance.iconsandbox.com\/fr\/wp-json\/wp\/v2\/media?parent=179"}],"curies":[{"name":"wp","href":"https:\/\/api.w.org\/{rel}","templated":true}]}}