{"id":7946,"date":"2023-05-10T08:22:13","date_gmt":"2023-05-10T06:22:13","guid":{"rendered":"http:\/\/dev-rci-insurance.iconsandbox.com\/?page_id=7946"},"modified":"2023-06-13T13:44:31","modified_gmt":"2023-06-13T11:44:31","slug":"politica-de-terminos-de-uso-de-internet","status":"publish","type":"page","link":"http:\/\/dev-rci-insurance.iconsandbox.com\/es\/politica-de-terminos-de-uso-de-internet\/","title":{"rendered":"Pol\u00edtica de T\u00e9rminos de Uso de Internet"},"content":{"rendered":"<p><strong>General<\/strong><\/p>\n<p>Los presentes t\u00e9rminos y condiciones de uso, junto con la Pol\u00edtica de Uso de cookies y la Pol\u00edtica de Privacidad de la p\u00e1gina web (denominados conjuntamente los \u201ct\u00e9rminos y condiciones\u201d) rigen el uso del dominio <a href=\"http:\/\/dev-rci-insurance.iconsandbox.com\/es\/\"><strong>www.rci-insurance.eu<\/strong><\/a>\u00a0y todos sus subdominios (denominados en adelante y de forma conjunta \u201cla p\u00e1gina web\u201d o \u201cesta p\u00e1gina web\u201d) de RCI Life Ltd, RCI Insurance Ltd y RCI Services Ltd (denominadas en adelante \u201clas empresas\u201d o \u201cnosotros\u201d). Debe leer los presentes t\u00e9rminos y condiciones con atenci\u00f3n antes de hacer uso de esta p\u00e1gina web.<\/p>\n<p>El uso de la p\u00e1gina web indica que ha comprendido y que acepta los presentes t\u00e9rminos y condiciones. Si no estuviera de acuerdo con los t\u00e9rminos y condiciones, por favor, abst\u00e9ngase de acceder a o de hacer uso de esta p\u00e1gina web.<\/p>\n<p>Se le recomienda que revise los presentes t\u00e9rminos y condiciones regularmente ya que podr\u00edan sufrir modificaciones en cualquier momento y a nuestra entera discreci\u00f3n sin aviso previo.<\/p>\n<p><strong>Acceso al servicio<\/strong><\/p>\n<p>Si bien las empresas tomar\u00e1n todas las medidas razonables para garantizar la disponibilidad y acceso a su p\u00e1gina web en todo momento, podr\u00edan darse circunstancias en las que esta pueda ser suspendida con car\u00e1cter temporal en caso de fallo en el sistema, mantenimiento o por cualesquiera otras razones que escapen al control de las empresas. Las empresas no se har\u00e1n responsables de tales interrupciones o fallos o de cualesquiera defectos que puedan existir. Tampoco de cualquier perjuicio o p\u00e9rdida directos o indirectos incluyendo, entre otros: \u00a0da\u00f1os materiales o p\u00e9rdidas de informaci\u00f3n y programas o p\u00e9rdidas econ\u00f3micas que puedan ocasionarse.<\/p>\n<p>Las empresas se reservan el derecho a suspender el acceso o a retirar la p\u00e1gina web, ya sea de forma temporal o permanente. Las empresas tambi\u00e9n se reservan el derecho a revisar y modificar el contenido de la p\u00e1gina web y a retirar contenidos sin aviso previo.<\/p>\n<p><strong>Limitaci\u00f3n de responsabilidad<\/strong><\/p>\n<p>Si bien las empresas tomar\u00e1n todas las medidas razonables para garantizar la precisi\u00f3n de la informaci\u00f3n disponible en esta p\u00e1gina web, esto no garantiza la precisi\u00f3n o car\u00e1cter exhaustivo de dicha informaci\u00f3n como tampoco se hace responsable de cualquier error u omisi\u00f3n.<\/p>\n<p>Nos eximimos, en la m\u00e1xima medida permitida por la ley, de toda garant\u00eda impl\u00edcita o expl\u00edcita relacionada con la calidad o idoneidad de la misma para fines concretos. Usted reconoce ser el \u00fanico responsable del uso al que dedique la p\u00e1gina web y de toda la informaci\u00f3n que obtenga de ella.<\/p>\n<p>Todos los materiales contenidos en esta p\u00e1gina web son exclusivamente a t\u00edtulo informativo general y no se pretende facilitar asesoramiento legal o profesional al igual que no compromete a las Empresas a obligaci\u00f3n alguna. Las empresas no se hacen responsables de ning\u00fan perjuicio o p\u00e9rdida, directo o indirecto, que pueda resultar del uso de la informaci\u00f3n contenida en esta p\u00e1gina web. Se recomienda que pida confirmaci\u00f3n de lo que en esta se expone antes de actuar de acuerdo con dicha informaci\u00f3n.<\/p>\n<p>&nbsp;<\/p>\n<p>Las empresas no se har\u00e1n responsables de ning\u00fan perjuicio o p\u00e9rdida causados por ning\u00fan malware, virus u otros elementos tecnol\u00f3gicos da\u00f1inos que puedan derivarse del uso de esta p\u00e1gina web o mediante la descarga de cualesquiera materiales publicados en ella o en cualquier p\u00e1gina web enlazada a ella.<\/p>\n<p><strong>Conducta del usuario<\/strong><\/p>\n<p>Cuando acceda o haga uso de cualquiera de los servicios prestados por esta p\u00e1gina web, no podr\u00e1 publicar ni enviar informaci\u00f3n de naturaleza il\u00edcita, intimidatoria, abusiva, vejatoria, difamatoria, obscena, pornogr\u00e1fica, profana o en cualquier modo objetable de ning\u00fan tipo. Lo anterior incluye, sin limitaci\u00f3n alguna, cualquier transmisi\u00f3n que incite a, o constituya, conductas que supongan un acto delictivo, que den lugar a responsabilidades civiles o que contravengan de cualquier otro modo cualquier ley nacional o internacional.<\/p>\n<p><strong>Enlaces<\/strong><\/p>\n<p>La p\u00e1gina web podr\u00e1 contener enlaces a p\u00e1ginas web externas. Las empresas no se hacen responsables ni se manifiestan en modo alguno respecto de la legalidad, calidad o pertinencia de cualesquiera contenidos de dichas p\u00e1ginas web. La existencia de un enlace a tales p\u00e1ginas externas no debe ser interpretada, ni expl\u00edcita ni impl\u00edcitamente, como aprobaci\u00f3n, autorizaci\u00f3n o patrocinio de dichas p\u00e1ginas o del contenido en ellas publicado, por parte de las empresas. Si usted decide acceder a cualesquiera p\u00e1ginas de terceros con enlace en esta p\u00e1gina web, lo hace \u00edntegramente por su cuenta y riesgo.<\/p>\n<p><strong>Marcas registradas, copyright y otros derechos relativos a la Propiedad Intelectual<\/strong><\/p>\n<p>Salvo que se indique lo contrario, todos los copyrights, marcas y patentes incluyendo, sin limitaci\u00f3n alguna, textos, herramientas, fotograf\u00edas e im\u00e1genes gr\u00e1ficas de esta p\u00e1gina web son propiedad de las empresas o de Shutterstock, Inc.<\/p>\n<p>La propiedad intelectual contenida en la p\u00e1gina web y perteneciente a terceros es propiedad de sus respectivos titulares. Ninguno de los contenidos deber\u00e1 ser interpretado como concesi\u00f3n de derecho o licencia alguna para uso de cualquier copyright, marca o patente sin autorizaci\u00f3n previa y por escrito.<\/p>\n<p>Salvo para fines personales y no comerciales, usted no dispone de autorizaci\u00f3n para reproducir o almacenar parte alguna de esta p\u00e1gina web en cualquier otra p\u00e1gina web, ni de incluirla en ning\u00fan sistema de recuperaci\u00f3n p\u00fablico o privado sin nuestro consentimiento previo y por escrito.<\/p>\n<p>Queda reservado todo derecho no otorgado de forma expresa en los presentes t\u00e9rminos y condiciones.<\/p>\n<p><strong>Legislaci\u00f3n aplicable<\/strong><\/p>\n<p>Los presentes t\u00e9rminos y condiciones, as\u00ed como el uso de esta p\u00e1gina web, se rigen y deber\u00e1n ser interpretados de acuerdo a las leyes maltesas. En caso de litigio relacionado con el uso o contenido de esta p\u00e1gina web, este deber\u00e1 ser dirimido mediante la exclusiva jurisdicci\u00f3n de los tribunales malteses.<\/p>\n<p>&nbsp;<\/p>\n","protected":false},"excerpt":{"rendered":"General Los presentes t\u00e9rminos y condiciones de uso, junto con la Pol\u00edtica de Uso de cookies y la Pol\u00edtica de Privacidad de la p\u00e1gina web (denominados conjuntamente los \u201ct\u00e9rminos y condiciones\u201d) rigen el uso del dominio www.rci-insurance.eu\u00a0y todos sus subdominios (denominados en adelante y de forma conjunta \u201cla p\u00e1gina web\u201d o \u201cesta p\u00e1gina web\u201d) de&hellip;","protected":false},"author":1,"featured_media":0,"parent":0,"menu_order":0,"comment_status":"closed","ping_status":"closed","template":"","meta":{"_acf_changed":false,"footnotes":""},"class_list":["post-7946","page","type-page","status-publish","hentry"],"acf":[],"yoast_head":"<!-- This site is optimized with the Yoast SEO plugin v24.3 - https:\/\/yoast.com\/wordpress\/plugins\/seo\/ -->\r\n<title>Pol\u00edtica de T\u00e9rminos de Uso de Internet - RCI INSURANCE<\/title>\r\n<meta name=\"robots\" content=\"index, follow, max-snippet:-1, max-image-preview:large, max-video-preview:-1\" \/>\r\n<link rel=\"canonical\" href=\"http:\/\/dev-rci-insurance.iconsandbox.com\/es\/politica-de-terminos-de-uso-de-internet\/\" \/>\r\n<meta property=\"og:locale\" content=\"es_ES\" \/>\r\n<meta property=\"og:type\" content=\"article\" \/>\r\n<meta property=\"og:title\" content=\"Pol\u00edtica de T\u00e9rminos de Uso de Internet - RCI INSURANCE\" \/>\r\n<meta property=\"og:description\" content=\"General Los presentes t\u00e9rminos y condiciones de uso, junto con la Pol\u00edtica de Uso de cookies y la Pol\u00edtica de Privacidad de la p\u00e1gina web (denominados conjuntamente los \u201ct\u00e9rminos y condiciones\u201d) rigen el uso del dominio www.rci-insurance.eu\u00a0y todos sus subdominios (denominados en adelante y de forma conjunta \u201cla p\u00e1gina web\u201d o \u201cesta p\u00e1gina web\u201d) de&hellip;\" \/>\r\n<meta property=\"og:url\" content=\"http:\/\/dev-rci-insurance.iconsandbox.com\/es\/politica-de-terminos-de-uso-de-internet\/\" \/>\r\n<meta property=\"og:site_name\" content=\"RCI INSURANCE\" \/>\r\n<meta property=\"article:modified_time\" content=\"2023-06-13T11:44:31+00:00\" \/>\r\n<meta name=\"twitter:card\" content=\"summary_large_image\" \/>\r\n<meta name=\"twitter:label1\" content=\"Tiempo de lectura\" \/>\n\t<meta name=\"twitter:data1\" content=\"5 minutos\" \/>\r\n<script type=\"application\/ld+json\" class=\"yoast-schema-graph\">{\"@context\":\"https:\/\/schema.org\",\"@graph\":[{\"@type\":\"WebPage\",\"@id\":\"http:\/\/dev-rci-insurance.iconsandbox.com\/es\/politica-de-terminos-de-uso-de-internet\/\",\"url\":\"http:\/\/dev-rci-insurance.iconsandbox.com\/es\/politica-de-terminos-de-uso-de-internet\/\",\"name\":\"Pol\u00edtica de T\u00e9rminos de Uso de Internet - RCI INSURANCE\",\"isPartOf\":{\"@id\":\"http:\/\/dev-rci-insurance.iconsandbox.com\/pl\/#website\"},\"datePublished\":\"2023-05-10T06:22:13+00:00\",\"dateModified\":\"2023-06-13T11:44:31+00:00\",\"breadcrumb\":{\"@id\":\"http:\/\/dev-rci-insurance.iconsandbox.com\/es\/politica-de-terminos-de-uso-de-internet\/#breadcrumb\"},\"inLanguage\":\"es\",\"potentialAction\":[{\"@type\":\"ReadAction\",\"target\":[\"http:\/\/dev-rci-insurance.iconsandbox.com\/es\/politica-de-terminos-de-uso-de-internet\/\"]}]},{\"@type\":\"BreadcrumbList\",\"@id\":\"http:\/\/dev-rci-insurance.iconsandbox.com\/es\/politica-de-terminos-de-uso-de-internet\/#breadcrumb\",\"itemListElement\":[{\"@type\":\"ListItem\",\"position\":1,\"name\":\"Home\",\"item\":\"http:\/\/dev-rci-insurance.iconsandbox.com\/es\/\"},{\"@type\":\"ListItem\",\"position\":2,\"name\":\"Pol\u00edtica de T\u00e9rminos de Uso de Internet\"}]},{\"@type\":\"WebSite\",\"@id\":\"http:\/\/dev-rci-insurance.iconsandbox.com\/pl\/#website\",\"url\":\"http:\/\/dev-rci-insurance.iconsandbox.com\/pl\/\",\"name\":\"RCI INSURANCE\",\"description\":\"\",\"potentialAction\":[{\"@type\":\"SearchAction\",\"target\":{\"@type\":\"EntryPoint\",\"urlTemplate\":\"http:\/\/dev-rci-insurance.iconsandbox.com\/pl\/?s={search_term_string}\"},\"query-input\":{\"@type\":\"PropertyValueSpecification\",\"valueRequired\":true,\"valueName\":\"search_term_string\"}}],\"inLanguage\":\"es\"}]}<\/script>\r\n<!-- \/ Yoast SEO plugin. -->","yoast_head_json":{"title":"Pol\u00edtica de T\u00e9rminos de Uso de Internet - RCI INSURANCE","robots":{"index":"index","follow":"follow","max-snippet":"max-snippet:-1","max-image-preview":"max-image-preview:large","max-video-preview":"max-video-preview:-1"},"canonical":"http:\/\/dev-rci-insurance.iconsandbox.com\/es\/politica-de-terminos-de-uso-de-internet\/","og_locale":"es_ES","og_type":"article","og_title":"Pol\u00edtica de T\u00e9rminos de Uso de Internet - RCI INSURANCE","og_description":"General Los presentes t\u00e9rminos y condiciones de uso, junto con la Pol\u00edtica de Uso de cookies y la Pol\u00edtica de Privacidad de la p\u00e1gina web (denominados conjuntamente los \u201ct\u00e9rminos y condiciones\u201d) rigen el uso del dominio www.rci-insurance.eu\u00a0y todos sus subdominios (denominados en adelante y de forma conjunta \u201cla p\u00e1gina web\u201d o \u201cesta p\u00e1gina web\u201d) de&hellip;","og_url":"http:\/\/dev-rci-insurance.iconsandbox.com\/es\/politica-de-terminos-de-uso-de-internet\/","og_site_name":"RCI INSURANCE","article_modified_time":"2023-06-13T11:44:31+00:00","twitter_card":"summary_large_image","twitter_misc":{"Tiempo de lectura":"5 minutos"},"schema":{"@context":"https:\/\/schema.org","@graph":[{"@type":"WebPage","@id":"http:\/\/dev-rci-insurance.iconsandbox.com\/es\/politica-de-terminos-de-uso-de-internet\/","url":"http:\/\/dev-rci-insurance.iconsandbox.com\/es\/politica-de-terminos-de-uso-de-internet\/","name":"Pol\u00edtica de T\u00e9rminos de Uso de Internet - RCI INSURANCE","isPartOf":{"@id":"http:\/\/dev-rci-insurance.iconsandbox.com\/pl\/#website"},"datePublished":"2023-05-10T06:22:13+00:00","dateModified":"2023-06-13T11:44:31+00:00","breadcrumb":{"@id":"http:\/\/dev-rci-insurance.iconsandbox.com\/es\/politica-de-terminos-de-uso-de-internet\/#breadcrumb"},"inLanguage":"es","potentialAction":[{"@type":"ReadAction","target":["http:\/\/dev-rci-insurance.iconsandbox.com\/es\/politica-de-terminos-de-uso-de-internet\/"]}]},{"@type":"BreadcrumbList","@id":"http:\/\/dev-rci-insurance.iconsandbox.com\/es\/politica-de-terminos-de-uso-de-internet\/#breadcrumb","itemListElement":[{"@type":"ListItem","position":1,"name":"Home","item":"http:\/\/dev-rci-insurance.iconsandbox.com\/es\/"},{"@type":"ListItem","position":2,"name":"Pol\u00edtica de T\u00e9rminos de Uso de Internet"}]},{"@type":"WebSite","@id":"http:\/\/dev-rci-insurance.iconsandbox.com\/pl\/#website","url":"http:\/\/dev-rci-insurance.iconsandbox.com\/pl\/","name":"RCI INSURANCE","description":"","potentialAction":[{"@type":"SearchAction","target":{"@type":"EntryPoint","urlTemplate":"http:\/\/dev-rci-insurance.iconsandbox.com\/pl\/?s={search_term_string}"},"query-input":{"@type":"PropertyValueSpecification","valueRequired":true,"valueName":"search_term_string"}}],"inLanguage":"es"}]}},"_links":{"self":[{"href":"http:\/\/dev-rci-insurance.iconsandbox.com\/es\/wp-json\/wp\/v2\/pages\/7946","targetHints":{"allow":["GET"]}}],"collection":[{"href":"http:\/\/dev-rci-insurance.iconsandbox.com\/es\/wp-json\/wp\/v2\/pages"}],"about":[{"href":"http:\/\/dev-rci-insurance.iconsandbox.com\/es\/wp-json\/wp\/v2\/types\/page"}],"author":[{"embeddable":true,"href":"http:\/\/dev-rci-insurance.iconsandbox.com\/es\/wp-json\/wp\/v2\/users\/1"}],"replies":[{"embeddable":true,"href":"http:\/\/dev-rci-insurance.iconsandbox.com\/es\/wp-json\/wp\/v2\/comments?post=7946"}],"version-history":[{"count":2,"href":"http:\/\/dev-rci-insurance.iconsandbox.com\/es\/wp-json\/wp\/v2\/pages\/7946\/revisions"}],"predecessor-version":[{"id":8190,"href":"http:\/\/dev-rci-insurance.iconsandbox.com\/es\/wp-json\/wp\/v2\/pages\/7946\/revisions\/8190"}],"wp:attachment":[{"href":"http:\/\/dev-rci-insurance.iconsandbox.com\/es\/wp-json\/wp\/v2\/media?parent=7946"}],"curies":[{"name":"wp","href":"https:\/\/api.w.org\/{rel}","templated":true}]}}