{"id":543,"date":"2017-12-07T08:14:13","date_gmt":"2017-12-07T08:14:13","guid":{"rendered":"http:\/\/dev-rci-insurance.iconsandbox.com\/home\/"},"modified":"2023-06-02T13:40:14","modified_gmt":"2023-06-02T11:40:14","slug":"pagina-principal","status":"publish","type":"page","link":"http:\/\/dev-rci-insurance.iconsandbox.com\/es\/","title":{"rendered":"P\u00c1GINA PRINCIPAL"},"content":{"rendered":"<h2>Seguro para atender sus necesidades<\/h2>\n<p class=\"intro-text\"><strong>RCI Limited y RCI Insurance Limited brindan soluciones de seguros a los clientes de financiaci\u00f3n automotriz de Mobilize Financial Services y est\u00e1n autorizadas por la Autoridad de Servicios Financieros de Malta.<\/strong><\/p>\n<p>RCI Insurance Limited (C45786) y RCI Life Limited (C45787), en adelante \u201clas Empresas\u201d, se crearon en Malta el 10 de diciembre de 2008 como subsidiarias de\u00a0 RCI Services Limited (C45692) (creada el 26 de noviembre de 2008), empresa subsidiaria y perteneciente \u00fanicamente a Mobilize Financial Services. RCI Services Limited funciona como un holding, ofreciendo diferentes servicios administrativos a sus subsidiarias. Las Empresas, que ofrecen servicios de seguro a los clientes de empresas de financiaci\u00f3n automovil\u00edstica de Mobilize Financial Services, est\u00e1n amparadas en el Acta de 1998 de la Actividad Aseguradora para desarrollar negocios generales y de largo plazo en Mercados Europeos conforme a la regulaci\u00f3n de la Autoridad de Servicios Financieros de Malta.<\/p>\n","protected":false},"excerpt":{"rendered":"Seguro para atender sus necesidades RCI Limited y RCI Insurance Limited brindan soluciones de seguros a los clientes de financiaci\u00f3n automotriz de Mobilize Financial Services y est\u00e1n autorizadas por la Autoridad de Servicios Financieros de Malta. RCI Insurance Limited (C45786) y RCI Life Limited (C45787), en adelante \u201clas Empresas\u201d, se crearon en Malta el 10&hellip;","protected":false},"author":1,"featured_media":6387,"parent":0,"menu_order":0,"comment_status":"closed","ping_status":"open","template":"page-home.php","meta":{"_acf_changed":false,"footnotes":""},"class_list":["post-543","page","type-page","status-publish","has-post-thumbnail","hentry"],"acf":[],"yoast_head":"<!-- This site is optimized with the Yoast SEO plugin v24.3 - https:\/\/yoast.com\/wordpress\/plugins\/seo\/ -->\r\n<title>P\u00c1GINA PRINCIPAL<\/title>\r\n<meta name=\"robots\" content=\"index, follow, max-snippet:-1, max-image-preview:large, max-video-preview:-1\" \/>\r\n<link rel=\"canonical\" href=\"http:\/\/dev-rci-insurance.iconsandbox.com\/es\/\" \/>\r\n<meta property=\"og:locale\" content=\"es_ES\" \/>\r\n<meta property=\"og:type\" content=\"article\" \/>\r\n<meta property=\"og:title\" content=\"P\u00c1GINA PRINCIPAL\" \/>\r\n<meta property=\"og:description\" content=\"Seguro para atender sus necesidades RCI Limited y RCI Insurance Limited brindan soluciones de seguros a los clientes de financiaci\u00f3n automotriz de Mobilize Financial Services y est\u00e1n autorizadas por la Autoridad de Servicios Financieros de Malta. RCI Insurance Limited (C45786) y RCI Life Limited (C45787), en adelante \u201clas Empresas\u201d, se crearon en Malta el 10&hellip;\" \/>\r\n<meta property=\"og:url\" content=\"http:\/\/dev-rci-insurance.iconsandbox.com\/es\/\" \/>\r\n<meta property=\"og:site_name\" content=\"RCI INSURANCE\" \/>\r\n<meta property=\"article:modified_time\" content=\"2023-06-02T11:40:14+00:00\" \/>\r\n<meta property=\"og:image\" content=\"http:\/\/dev-rci-insurance.iconsandbox.com\/wp-content\/uploads\/2023\/03\/default-banner.png\" \/>\r\n\t<meta property=\"og:image:width\" content=\"1440\" \/>\r\n\t<meta property=\"og:image:height\" content=\"621\" \/>\r\n\t<meta property=\"og:image:type\" content=\"image\/png\" \/>\r\n<meta name=\"twitter:card\" content=\"summary_large_image\" \/>\r\n<meta name=\"twitter:label1\" content=\"Tiempo de lectura\" \/>\n\t<meta name=\"twitter:data1\" content=\"1 minuto\" \/>\r\n<script type=\"application\/ld+json\" class=\"yoast-schema-graph\">{\"@context\":\"https:\/\/schema.org\",\"@graph\":[{\"@type\":\"WebPage\",\"@id\":\"http:\/\/dev-rci-insurance.iconsandbox.com\/es\/\",\"url\":\"http:\/\/dev-rci-insurance.iconsandbox.com\/es\/\",\"name\":\"P\u00c1GINA PRINCIPAL\",\"isPartOf\":{\"@id\":\"http:\/\/dev-rci-insurance.iconsandbox.com\/de\/#website\"},\"primaryImageOfPage\":{\"@id\":\"http:\/\/dev-rci-insurance.iconsandbox.com\/es\/#primaryimage\"},\"image\":{\"@id\":\"http:\/\/dev-rci-insurance.iconsandbox.com\/es\/#primaryimage\"},\"thumbnailUrl\":\"http:\/\/dev-rci-insurance.iconsandbox.com\/wp-content\/uploads\/2023\/03\/default-banner.png\",\"datePublished\":\"2017-12-07T08:14:13+00:00\",\"dateModified\":\"2023-06-02T11:40:14+00:00\",\"breadcrumb\":{\"@id\":\"http:\/\/dev-rci-insurance.iconsandbox.com\/es\/#breadcrumb\"},\"inLanguage\":\"es\",\"potentialAction\":[{\"@type\":\"ReadAction\",\"target\":[\"http:\/\/dev-rci-insurance.iconsandbox.com\/es\/\"]}]},{\"@type\":\"ImageObject\",\"inLanguage\":\"es\",\"@id\":\"http:\/\/dev-rci-insurance.iconsandbox.com\/es\/#primaryimage\",\"url\":\"http:\/\/dev-rci-insurance.iconsandbox.com\/wp-content\/uploads\/2023\/03\/default-banner.png\",\"contentUrl\":\"http:\/\/dev-rci-insurance.iconsandbox.com\/wp-content\/uploads\/2023\/03\/default-banner.png\",\"width\":1440,\"height\":621,\"caption\":\"default-banner\"},{\"@type\":\"BreadcrumbList\",\"@id\":\"http:\/\/dev-rci-insurance.iconsandbox.com\/es\/#breadcrumb\",\"itemListElement\":[{\"@type\":\"ListItem\",\"position\":1,\"name\":\"Home\",\"item\":\"http:\/\/dev-rci-insurance.iconsandbox.com\/es\/\"},{\"@type\":\"ListItem\",\"position\":2,\"name\":\"P\u00c1GINA PRINCIPAL\"}]},{\"@type\":\"WebSite\",\"@id\":\"http:\/\/dev-rci-insurance.iconsandbox.com\/de\/#website\",\"url\":\"http:\/\/dev-rci-insurance.iconsandbox.com\/de\/\",\"name\":\"RCI INSURANCE\",\"description\":\"\",\"potentialAction\":[{\"@type\":\"SearchAction\",\"target\":{\"@type\":\"EntryPoint\",\"urlTemplate\":\"http:\/\/dev-rci-insurance.iconsandbox.com\/de\/?s={search_term_string}\"},\"query-input\":{\"@type\":\"PropertyValueSpecification\",\"valueRequired\":true,\"valueName\":\"search_term_string\"}}],\"inLanguage\":\"es\"}]}<\/script>\r\n<!-- \/ Yoast SEO plugin. -->","yoast_head_json":{"title":"P\u00c1GINA PRINCIPAL","robots":{"index":"index","follow":"follow","max-snippet":"max-snippet:-1","max-image-preview":"max-image-preview:large","max-video-preview":"max-video-preview:-1"},"canonical":"http:\/\/dev-rci-insurance.iconsandbox.com\/es\/","og_locale":"es_ES","og_type":"article","og_title":"P\u00c1GINA PRINCIPAL","og_description":"Seguro para atender sus necesidades RCI Limited y RCI Insurance Limited brindan soluciones de seguros a los clientes de financiaci\u00f3n automotriz de Mobilize Financial Services y est\u00e1n autorizadas por la Autoridad de Servicios Financieros de Malta. RCI Insurance Limited (C45786) y RCI Life Limited (C45787), en adelante \u201clas Empresas\u201d, se crearon en Malta el 10&hellip;","og_url":"http:\/\/dev-rci-insurance.iconsandbox.com\/es\/","og_site_name":"RCI INSURANCE","article_modified_time":"2023-06-02T11:40:14+00:00","og_image":[{"width":1440,"height":621,"url":"http:\/\/dev-rci-insurance.iconsandbox.com\/wp-content\/uploads\/2023\/03\/default-banner.png","type":"image\/png"}],"twitter_card":"summary_large_image","twitter_misc":{"Tiempo de lectura":"1 minuto"},"schema":{"@context":"https:\/\/schema.org","@graph":[{"@type":"WebPage","@id":"http:\/\/dev-rci-insurance.iconsandbox.com\/es\/","url":"http:\/\/dev-rci-insurance.iconsandbox.com\/es\/","name":"P\u00c1GINA PRINCIPAL","isPartOf":{"@id":"http:\/\/dev-rci-insurance.iconsandbox.com\/de\/#website"},"primaryImageOfPage":{"@id":"http:\/\/dev-rci-insurance.iconsandbox.com\/es\/#primaryimage"},"image":{"@id":"http:\/\/dev-rci-insurance.iconsandbox.com\/es\/#primaryimage"},"thumbnailUrl":"http:\/\/dev-rci-insurance.iconsandbox.com\/wp-content\/uploads\/2023\/03\/default-banner.png","datePublished":"2017-12-07T08:14:13+00:00","dateModified":"2023-06-02T11:40:14+00:00","breadcrumb":{"@id":"http:\/\/dev-rci-insurance.iconsandbox.com\/es\/#breadcrumb"},"inLanguage":"es","potentialAction":[{"@type":"ReadAction","target":["http:\/\/dev-rci-insurance.iconsandbox.com\/es\/"]}]},{"@type":"ImageObject","inLanguage":"es","@id":"http:\/\/dev-rci-insurance.iconsandbox.com\/es\/#primaryimage","url":"http:\/\/dev-rci-insurance.iconsandbox.com\/wp-content\/uploads\/2023\/03\/default-banner.png","contentUrl":"http:\/\/dev-rci-insurance.iconsandbox.com\/wp-content\/uploads\/2023\/03\/default-banner.png","width":1440,"height":621,"caption":"default-banner"},{"@type":"BreadcrumbList","@id":"http:\/\/dev-rci-insurance.iconsandbox.com\/es\/#breadcrumb","itemListElement":[{"@type":"ListItem","position":1,"name":"Home","item":"http:\/\/dev-rci-insurance.iconsandbox.com\/es\/"},{"@type":"ListItem","position":2,"name":"P\u00c1GINA PRINCIPAL"}]},{"@type":"WebSite","@id":"http:\/\/dev-rci-insurance.iconsandbox.com\/de\/#website","url":"http:\/\/dev-rci-insurance.iconsandbox.com\/de\/","name":"RCI INSURANCE","description":"","potentialAction":[{"@type":"SearchAction","target":{"@type":"EntryPoint","urlTemplate":"http:\/\/dev-rci-insurance.iconsandbox.com\/de\/?s={search_term_string}"},"query-input":{"@type":"PropertyValueSpecification","valueRequired":true,"valueName":"search_term_string"}}],"inLanguage":"es"}]}},"_links":{"self":[{"href":"http:\/\/dev-rci-insurance.iconsandbox.com\/es\/wp-json\/wp\/v2\/pages\/543","targetHints":{"allow":["GET"]}}],"collection":[{"href":"http:\/\/dev-rci-insurance.iconsandbox.com\/es\/wp-json\/wp\/v2\/pages"}],"about":[{"href":"http:\/\/dev-rci-insurance.iconsandbox.com\/es\/wp-json\/wp\/v2\/types\/page"}],"author":[{"embeddable":true,"href":"http:\/\/dev-rci-insurance.iconsandbox.com\/es\/wp-json\/wp\/v2\/users\/1"}],"replies":[{"embeddable":true,"href":"http:\/\/dev-rci-insurance.iconsandbox.com\/es\/wp-json\/wp\/v2\/comments?post=543"}],"version-history":[{"count":10,"href":"http:\/\/dev-rci-insurance.iconsandbox.com\/es\/wp-json\/wp\/v2\/pages\/543\/revisions"}],"predecessor-version":[{"id":8124,"href":"http:\/\/dev-rci-insurance.iconsandbox.com\/es\/wp-json\/wp\/v2\/pages\/543\/revisions\/8124"}],"wp:featuredmedia":[{"embeddable":true,"href":"http:\/\/dev-rci-insurance.iconsandbox.com\/es\/wp-json\/wp\/v2\/media\/6387"}],"wp:attachment":[{"href":"http:\/\/dev-rci-insurance.iconsandbox.com\/es\/wp-json\/wp\/v2\/media?parent=543"}],"curies":[{"name":"wp","href":"https:\/\/api.w.org\/{rel}","templated":true}]}}