{"id":534,"date":"2017-12-20T10:23:36","date_gmt":"2017-12-20T10:23:36","guid":{"rendered":"http:\/\/dev-rci-insurance.iconsandbox.com\/?page_id=534"},"modified":"2023-06-13T13:26:37","modified_gmt":"2023-06-13T11:26:37","slug":"informacion-sobre-privacidad-de-la-web","status":"publish","type":"page","link":"http:\/\/dev-rci-insurance.iconsandbox.com\/es\/informacion-sobre-privacidad-de-la-web\/","title":{"rendered":"Informaci\u00f3n de Privacidad de la P\u00e1gina Web"},"content":{"rendered":"<p>La presente pol\u00edtica de privacidad se refiere al uso esta p\u00e1gina web, propiedad de RCI Life Ltd, RCI Insurance Ltd y RCI Services Ltd (denominadas en adelante y de forma conjunta \u201clas empresas\u201d o \u201cnosotros\u201d).<\/p>\n<p>La presente pol\u00edtica de privacidad ser\u00e1 de aplicaci\u00f3n, exclusivamente, en relaci\u00f3n a la protecci\u00f3n de datos personales obtenidos mediante el uso del dominio de las empresas: <a href=\"http:\/\/dev-rci-insurance.iconsandbox.com\/es\/\"><strong>www.rci-insurance.eu<\/strong><\/a>, y de cualquiera de sus subdominios (denominados en adelante y de forma conjunta \u201cla p\u00e1gina web\u201d o \u201cesta p\u00e1gina web\u201d). Al hacer uso de esta p\u00e1gina web usted presta de forma expresa su consentimiento al tratamiento de sus datos personales tal y como aqu\u00ed se expone. Esta pol\u00edtica de privacidad sienta las bases seg\u00fan las cuales las empresas proceder\u00e1n al tratamiento de datos obtenidos a trav\u00e9s de su p\u00e1gina web.<\/p>\n<p>La p\u00e1gina web podr\u00e1 contener enlaces a p\u00e1ginas web que son ajenas a nosotros y que pueden pertenecer a otras entidades del Mobilize Financial Services o a terceros. Las Empresas no se har\u00e1n responsables del uso de datos personales informados mediante dichas p\u00e1ginas web y recomiendan a los usuarios que lean cualesquiera t\u00e9rminos y condiciones, incluidas las pol\u00edticas relativa al uso de datos personales, seg\u00fan corresponda.<\/p>\n<p>Todo dato personal que comunique mediante esta p\u00e1gina web ser\u00e1 tratado y utilizado seg\u00fan lo dispuesto en la legislaci\u00f3n aplicable, en particular el Reglamento general de protecci\u00f3n de datos (Reglamento (UE) 2016\/679) y la Ley de protecci\u00f3n de datos (Cap\u00edtulo 440 de las Leyes de Malta).<\/p>\n<p>Las empresas podr\u00e1n recopilar informaci\u00f3n personal como su nombre, informaci\u00f3n de contacto, incluida su direcci\u00f3n de correo electr\u00f3nico e informaci\u00f3n demogr\u00e1fica como pa\u00eds de residencia u origen. Los datos personales recopilados estar\u00e1n limitados a aquella informaci\u00f3n que pueda proporcionarnos por medio de correo electr\u00f3nico de consulta enviado a la direcci\u00f3n de correo electr\u00f3nico facilitada en esta p\u00e1gina web. Dicha direcci\u00f3n de correo electr\u00f3nico no deber\u00eda ser utilizada en relaci\u00f3n a la ejecuci\u00f3n de contratos relativos a nuestras actividades principales de seguros. Toda informaci\u00f3n de esta naturaleza que nos proporcione ser\u00e1 tratada de acuerdo a las disposiciones de protecci\u00f3n de datos incluidas en los t\u00e9rminos y condiciones de su contrato de seguro.<\/p>\n<p>Tenga presente que, al facilitar sus datos personales, presta su consentimiento al tratamiento de dichos datos de acuerdo con la siguiente pol\u00edtica:<\/p>\n<ul style=\"font-family: 'RCIHr', Helvetica, Arial, sans-serif;\">\n<li>No usaremos la informaci\u00f3n personal proporcionada a trav\u00e9s de la p\u00e1gina web para otros fines que no sean dar respuesta a cualquier consulta o atender cualquier petici\u00f3n que nos haga directamente a trav\u00e9s de la p\u00e1gina web. Tambi\u00e9n podremos tratar sus datos personales para mejorar el contenido y la funcionalidad de esta p\u00e1gina web para mejor conocimiento de nuestros clientes y mercados, as\u00ed como para mejorar nuestros productos y servicios.<\/li>\n<li>Podremos compartir sus datos personales con otras empresas del Mobilize Financial Services o con terceros dentro y fuera de la UE, de conformidad con las limitaciones sobre ulterior tratamiento y garant\u00edas que exija la ley. Asimismo, puede que se den ocasiones en las que tratemos dichos datos personales con el fin de cumplir con nuestras obligaciones legales y para la correcta administraci\u00f3n de justicia.<\/li>\n<li>Si bien ning\u00fan m\u00e9todo de transmisi\u00f3n de datos est\u00e1 garantizado de cara a su intercepci\u00f3n y uso il\u00edcito por parte de terceros, tomaremos todas las medidas necesarias para proteger dichos datos. No obstante, no podemos hacernos responsables de ning\u00fan acceso no autorizado o de las p\u00e9rdidas de datos personales que escapen a nuestro control.<\/li>\n<li>Tiene derecho a solicitar una copia de cualquier dato personal que las Empresas guarden sobre usted. Tambi\u00e9n podr\u00e1 solicitar que corrijamos sus datos personales si as\u00ed lo requiriese. A la recepci\u00f3n de dicha solicitud haremos lo posible por atenderla dentro de un per\u00edodo razonable y sin dilaciones injustificadas.\u00a0Si tiene alguna sugerencia o pregunta sobre privacidad que pueda tener o sobre nuestros T\u00e9rminos y condiciones, comun\u00edquese con nuestro Oficial de Protecci\u00f3n de Datos de Seguros RCI (DPO) por correo electr\u00f3nico a <a href=\"mailto:dataprotectionofficer-malta@recibanque.com\">dataprotectionofficer-malta@rcibanque.com<\/a> o por correo postal escribiendo a el Corresponsal de protecci\u00f3n de datos:<\/li>\n<\/ul>\n<p style=\"text-align: center;\">The Data Protection Correspondent<br \/>\nRCI Insurance Ltd<br \/>\nLevel 3, The Exchange Financial &amp; Business Centre<br \/>\nTriq Elia Zammit<br \/>\nSt. Julian\u2019s STJ 3155<br \/>\nMalta<\/p>\n<p>Como alternativa, puede ponerse en contacto con nuestro Oficial de protecci\u00f3n de datos de Mobilize Financial Services &amp; Services Group (GDPO) por correo electr\u00f3nico a <a href=\"mailto:dataprotectionofficer@rcibanque.com\">dataprotectionofficer@rcibanque.com<\/a>.<\/p>\n<p>Con el objeto de seguir prest\u00e1ndole el mejor servicio y de cumplir con nuestras obligaciones legislativas y reguladoras, las empresas podr\u00e1n modificar la presente pol\u00edtica de tanto en tanto. Por consiguiente, se le recomienda que revise la presente pol\u00edtica de manera regular para tomar nota de cualquier cambio que pueda ser vinculante para usted.<\/p>\n","protected":false},"excerpt":{"rendered":"La presente pol\u00edtica de privacidad se refiere al uso esta p\u00e1gina web, propiedad de RCI Life Ltd, RCI Insurance Ltd y RCI Services Ltd (denominadas en adelante y de forma conjunta \u201clas empresas\u201d o \u201cnosotros\u201d). La presente pol\u00edtica de privacidad ser\u00e1 de aplicaci\u00f3n, exclusivamente, en relaci\u00f3n a la protecci\u00f3n de datos personales obtenidos mediante el&hellip;","protected":false},"author":1,"featured_media":0,"parent":0,"menu_order":0,"comment_status":"closed","ping_status":"closed","template":"","meta":{"_acf_changed":false,"footnotes":""},"class_list":["post-534","page","type-page","status-publish","hentry"],"acf":[],"yoast_head":"<!-- This site is optimized with the Yoast SEO plugin v24.3 - https:\/\/yoast.com\/wordpress\/plugins\/seo\/ -->\r\n<title>Informaci\u00f3n de Privacidad de la P\u00e1gina Web - RCI INSURANCE<\/title>\r\n<meta name=\"robots\" content=\"index, follow, max-snippet:-1, max-image-preview:large, max-video-preview:-1\" \/>\r\n<link rel=\"canonical\" href=\"http:\/\/dev-rci-insurance.iconsandbox.com\/es\/informacion-sobre-privacidad-de-la-web\/\" \/>\r\n<meta property=\"og:locale\" content=\"es_ES\" \/>\r\n<meta property=\"og:type\" content=\"article\" \/>\r\n<meta property=\"og:title\" content=\"Informaci\u00f3n de Privacidad de la P\u00e1gina Web - RCI INSURANCE\" \/>\r\n<meta property=\"og:description\" content=\"La presente pol\u00edtica de privacidad se refiere al uso esta p\u00e1gina web, propiedad de RCI Life Ltd, RCI Insurance Ltd y RCI Services Ltd (denominadas en adelante y de forma conjunta \u201clas empresas\u201d o \u201cnosotros\u201d). La presente pol\u00edtica de privacidad ser\u00e1 de aplicaci\u00f3n, exclusivamente, en relaci\u00f3n a la protecci\u00f3n de datos personales obtenidos mediante el&hellip;\" \/>\r\n<meta property=\"og:url\" content=\"http:\/\/dev-rci-insurance.iconsandbox.com\/es\/informacion-sobre-privacidad-de-la-web\/\" \/>\r\n<meta property=\"og:site_name\" content=\"RCI INSURANCE\" \/>\r\n<meta property=\"article:modified_time\" content=\"2023-06-13T11:26:37+00:00\" \/>\r\n<meta name=\"twitter:card\" content=\"summary_large_image\" \/>\r\n<meta name=\"twitter:label1\" content=\"Tiempo de lectura\" \/>\n\t<meta name=\"twitter:data1\" content=\"4 minutos\" \/>\r\n<script type=\"application\/ld+json\" class=\"yoast-schema-graph\">{\"@context\":\"https:\/\/schema.org\",\"@graph\":[{\"@type\":\"WebPage\",\"@id\":\"http:\/\/dev-rci-insurance.iconsandbox.com\/es\/informacion-sobre-privacidad-de-la-web\/\",\"url\":\"http:\/\/dev-rci-insurance.iconsandbox.com\/es\/informacion-sobre-privacidad-de-la-web\/\",\"name\":\"Informaci\u00f3n de Privacidad de la P\u00e1gina Web - RCI INSURANCE\",\"isPartOf\":{\"@id\":\"http:\/\/dev-rci-insurance.iconsandbox.com\/#website\"},\"datePublished\":\"2017-12-20T10:23:36+00:00\",\"dateModified\":\"2023-06-13T11:26:37+00:00\",\"breadcrumb\":{\"@id\":\"http:\/\/dev-rci-insurance.iconsandbox.com\/es\/informacion-sobre-privacidad-de-la-web\/#breadcrumb\"},\"inLanguage\":\"es\",\"potentialAction\":[{\"@type\":\"ReadAction\",\"target\":[\"http:\/\/dev-rci-insurance.iconsandbox.com\/es\/informacion-sobre-privacidad-de-la-web\/\"]}]},{\"@type\":\"BreadcrumbList\",\"@id\":\"http:\/\/dev-rci-insurance.iconsandbox.com\/es\/informacion-sobre-privacidad-de-la-web\/#breadcrumb\",\"itemListElement\":[{\"@type\":\"ListItem\",\"position\":1,\"name\":\"Home\",\"item\":\"http:\/\/dev-rci-insurance.iconsandbox.com\/es\/\"},{\"@type\":\"ListItem\",\"position\":2,\"name\":\"Informaci\u00f3n de Privacidad de la P\u00e1gina Web\"}]},{\"@type\":\"WebSite\",\"@id\":\"http:\/\/dev-rci-insurance.iconsandbox.com\/#website\",\"url\":\"http:\/\/dev-rci-insurance.iconsandbox.com\/\",\"name\":\"RCI INSURANCE\",\"description\":\"\",\"potentialAction\":[{\"@type\":\"SearchAction\",\"target\":{\"@type\":\"EntryPoint\",\"urlTemplate\":\"http:\/\/dev-rci-insurance.iconsandbox.com\/?s={search_term_string}\"},\"query-input\":{\"@type\":\"PropertyValueSpecification\",\"valueRequired\":true,\"valueName\":\"search_term_string\"}}],\"inLanguage\":\"es\"}]}<\/script>\r\n<!-- \/ Yoast SEO plugin. -->","yoast_head_json":{"title":"Informaci\u00f3n de Privacidad de la P\u00e1gina Web - RCI INSURANCE","robots":{"index":"index","follow":"follow","max-snippet":"max-snippet:-1","max-image-preview":"max-image-preview:large","max-video-preview":"max-video-preview:-1"},"canonical":"http:\/\/dev-rci-insurance.iconsandbox.com\/es\/informacion-sobre-privacidad-de-la-web\/","og_locale":"es_ES","og_type":"article","og_title":"Informaci\u00f3n de Privacidad de la P\u00e1gina Web - RCI INSURANCE","og_description":"La presente pol\u00edtica de privacidad se refiere al uso esta p\u00e1gina web, propiedad de RCI Life Ltd, RCI Insurance Ltd y RCI Services Ltd (denominadas en adelante y de forma conjunta \u201clas empresas\u201d o \u201cnosotros\u201d). La presente pol\u00edtica de privacidad ser\u00e1 de aplicaci\u00f3n, exclusivamente, en relaci\u00f3n a la protecci\u00f3n de datos personales obtenidos mediante el&hellip;","og_url":"http:\/\/dev-rci-insurance.iconsandbox.com\/es\/informacion-sobre-privacidad-de-la-web\/","og_site_name":"RCI INSURANCE","article_modified_time":"2023-06-13T11:26:37+00:00","twitter_card":"summary_large_image","twitter_misc":{"Tiempo de lectura":"4 minutos"},"schema":{"@context":"https:\/\/schema.org","@graph":[{"@type":"WebPage","@id":"http:\/\/dev-rci-insurance.iconsandbox.com\/es\/informacion-sobre-privacidad-de-la-web\/","url":"http:\/\/dev-rci-insurance.iconsandbox.com\/es\/informacion-sobre-privacidad-de-la-web\/","name":"Informaci\u00f3n de Privacidad de la P\u00e1gina Web - RCI INSURANCE","isPartOf":{"@id":"http:\/\/dev-rci-insurance.iconsandbox.com\/#website"},"datePublished":"2017-12-20T10:23:36+00:00","dateModified":"2023-06-13T11:26:37+00:00","breadcrumb":{"@id":"http:\/\/dev-rci-insurance.iconsandbox.com\/es\/informacion-sobre-privacidad-de-la-web\/#breadcrumb"},"inLanguage":"es","potentialAction":[{"@type":"ReadAction","target":["http:\/\/dev-rci-insurance.iconsandbox.com\/es\/informacion-sobre-privacidad-de-la-web\/"]}]},{"@type":"BreadcrumbList","@id":"http:\/\/dev-rci-insurance.iconsandbox.com\/es\/informacion-sobre-privacidad-de-la-web\/#breadcrumb","itemListElement":[{"@type":"ListItem","position":1,"name":"Home","item":"http:\/\/dev-rci-insurance.iconsandbox.com\/es\/"},{"@type":"ListItem","position":2,"name":"Informaci\u00f3n de Privacidad de la P\u00e1gina Web"}]},{"@type":"WebSite","@id":"http:\/\/dev-rci-insurance.iconsandbox.com\/#website","url":"http:\/\/dev-rci-insurance.iconsandbox.com\/","name":"RCI INSURANCE","description":"","potentialAction":[{"@type":"SearchAction","target":{"@type":"EntryPoint","urlTemplate":"http:\/\/dev-rci-insurance.iconsandbox.com\/?s={search_term_string}"},"query-input":{"@type":"PropertyValueSpecification","valueRequired":true,"valueName":"search_term_string"}}],"inLanguage":"es"}]}},"_links":{"self":[{"href":"http:\/\/dev-rci-insurance.iconsandbox.com\/es\/wp-json\/wp\/v2\/pages\/534","targetHints":{"allow":["GET"]}}],"collection":[{"href":"http:\/\/dev-rci-insurance.iconsandbox.com\/es\/wp-json\/wp\/v2\/pages"}],"about":[{"href":"http:\/\/dev-rci-insurance.iconsandbox.com\/es\/wp-json\/wp\/v2\/types\/page"}],"author":[{"embeddable":true,"href":"http:\/\/dev-rci-insurance.iconsandbox.com\/es\/wp-json\/wp\/v2\/users\/1"}],"replies":[{"embeddable":true,"href":"http:\/\/dev-rci-insurance.iconsandbox.com\/es\/wp-json\/wp\/v2\/comments?post=534"}],"version-history":[{"count":17,"href":"http:\/\/dev-rci-insurance.iconsandbox.com\/es\/wp-json\/wp\/v2\/pages\/534\/revisions"}],"predecessor-version":[{"id":8177,"href":"http:\/\/dev-rci-insurance.iconsandbox.com\/es\/wp-json\/wp\/v2\/pages\/534\/revisions\/8177"}],"wp:attachment":[{"href":"http:\/\/dev-rci-insurance.iconsandbox.com\/es\/wp-json\/wp\/v2\/media?parent=534"}],"curies":[{"name":"wp","href":"https:\/\/api.w.org\/{rel}","templated":true}]}}