{"id":520,"date":"2017-12-20T10:19:56","date_gmt":"2017-12-20T10:19:56","guid":{"rendered":"http:\/\/rci.stg.iconsandbox.com\/?page_id=520"},"modified":"2023-06-13T13:55:24","modified_gmt":"2023-06-13T11:55:24","slug":"uso-de-cookies","status":"publish","type":"page","link":"http:\/\/dev-rci-insurance.iconsandbox.com\/es\/uso-de-cookies\/","title":{"rendered":"Uso de Cookies"},"content":{"rendered":"<p>Nuestras p\u00e1ginas web y aplicaciones utilizan tecnolog\u00edas como cookies para brindarle una experiencia de alta calidad, fluida y personalizada. La informaci\u00f3n de esta Pol\u00edtica complementa la Informaci\u00f3n sobre protecci\u00f3n de datos personales de la\u00a0<a href=\"http:\/\/dev-rci-insurance.iconsandbox.com\/es\/politica-de-terminos-de-uso-de-internet\/\">Pol\u00edtica de privacidad<\/a><\/p>\n<p>La protecci\u00f3n de sus datos en l\u00ednea es una prioridad para Mobilize Financial Services. Puede cambiar sus elecciones con respecto a las cookies en cualquier momento, utilizando nuestra herramienta de administraci\u00f3n de cookies.<\/p>\n<p>\u00bfQui\u00e9nes somos?<\/p>\n<p>RCI Malta y Mobilize Financial Services son controladores de datos independientes de los datos recopilados por las cookies y otros rastreadores le\u00eddos o colocados en su dispositivo (en adelante, &#8220;nosotros&#8221;, &#8220;nuestro&#8221;).<\/p>\n<p>Para saber m\u00e1s, le invitamos a leer la Informaci\u00f3n sobre protecci\u00f3n de datos personales de la\u00a0<a href=\"http:\/\/dev-rci-insurance.iconsandbox.com\/es\/politica-de-terminos-de-uso-de-internet\/\">Pol\u00edtica de privacidad<\/a><\/p>\n<p>&nbsp;<\/p>\n<div class=\"lightweight-accordion\"><details><summary class=\"lightweight-accordion-title\"><span><strong>\u00bfQU\u00c9 SON LAS COOKIES?<\/strong><\/span><\/summary><div class=\"lightweight-accordion-body\"><p>Una cookie es un peque\u00f1o archivo de ordenador, un rastreador, que se deposita y lee al visitar una p\u00e1gina web, usar una aplicaci\u00f3n m\u00f3vil, leer un correo electr\u00f3nico, instalar o usar software, independientemente del tipo de terminal utilizado (computadora, tel\u00e9fono inteligente, lector digital, consola de videojuegos conectada a Internet, etc.).<\/p>\n<p>Al consultar una p\u00e1gina web, las cookies pueden enviar informaci\u00f3n al navegador del usuario y permitir que el navegador env\u00ede informaci\u00f3n a la p\u00e1gina web original (por ejemplo, una identificaci\u00f3n de sesi\u00f3n o selecci\u00f3n de idioma).<\/p>\n<p>Las cookies no nos permiten identificarle directamente, \u00fanicamente recopilar informaci\u00f3n espec\u00edfica sobre su dispositivo, navegador, interacciones con la p\u00e1gina web o la aplicaci\u00f3n que est\u00e9 utilizando y, en algunos casos, su posici\u00f3n geogr\u00e1fica.<\/p>\n<p>Las tecnolog\u00edas utilizadas pueden vincular varios de los dispositivos que puede haber utilizado para determinar, con la suficiente probabilidad, que estos dispositivos le pertenecen.<\/p>\n<\/div><\/details><\/div>\n<div class=\"lightweight-accordion\"><details><summary class=\"lightweight-accordion-title\"><span><strong>\u00bfPARA QU\u00c9 SE UTILIZAN LAS COOKIES EN ESTA P\u00c1GINA WEB?<\/strong><\/span><\/summary><div class=\"lightweight-accordion-body\"><p>Esta p\u00e1gina web utiliza distintos tipos de cookies.<\/p>\n<p><strong>Cookies t\u00e9cnicas<\/strong><\/p>\n<p>Estas cookies est\u00e1n destinadas a habilitar o facilitar la comunicaci\u00f3n electr\u00f3nica (detecci\u00f3n de errores de conexi\u00f3n, identificaci\u00f3n de puntos de conexi\u00f3n, seguridad de la p\u00e1gina web, etc.) o para proporcionar servicios de comunicaci\u00f3n en l\u00ednea que usted pueda solicitar espec\u00edficamente (preferencias de visualizaci\u00f3n de pantalla, almacenamiento de informaci\u00f3n introducida en los formularios, carrito de compras (si corresponde), acceso a su cuenta de usuario, chat o chatbot en nuestra p\u00e1gina web, etc.).<\/p>\n<p>Estas cookies son necesarias para el correcto funcionamiento de nuestra p\u00e1gina web.<\/p>\n<p>No puede oponerse al uso de estas cookies y no se requiere su consentimiento, ya que los servicios de nuestra p\u00e1gina web dependen de estas cookies.<\/p>\n<p><strong>Cookies sociales<\/strong><\/p>\n<p>Las cookies sociales son empleadas por nosotros con fines publicitarios y anal\u00edticos, especialmente para mostrarle nuestros anuncios cuando se conecte a redes sociales (Facebook, Twitter, LinkedIn, TikTok, etc.) y para ayudarnos a comprender las interacciones y compromisos de los usuarios con nuestros anuncios en estas redes sociales.<\/p>\n<p>Estas cookies tambi\u00e9n est\u00e1n destinadas a hacer que la p\u00e1gina web sea m\u00e1s f\u00e1cil de usar e interactiva, permiti\u00e9ndole interactuar con estas redes sociales e incrustando contenidos de estas redes sociales en nuestra p\u00e1gina (como v\u00eddeos de YouTube).<\/p>\n<p>Estas cookies pueden tratar datos como la cantidad de contenidos compartidos a trav\u00e9s de las redes sociales, el hecho de que tenga una cuenta en una red social, el seguimiento de su navegaci\u00f3n en p\u00e1ginas web o estas redes sociales, etc. Estas funciones se basan en aplicaciones de terceros integradas en nuestra p\u00e1gina web. Es probable que la red social que proporciona dicho bot\u00f3n de aplicaci\u00f3n le identifique a trav\u00e9s de este bot\u00f3n, incluso si no lo utiliz\u00f3 al visitar nuestra p\u00e1gina web. Este tipo de bot\u00f3n de aplicaci\u00f3n puede permitir que la red social en cuesti\u00f3n rastree su navegaci\u00f3n en nuestra p\u00e1gina web, por el mero hecho de que su cuenta en la red social en cuesti\u00f3n estuviera activada en su dispositivo (sesi\u00f3n iniciada) al mismo tiempo que navegaba por nuestra p\u00e1gina web.<\/p>\n<p>Le recomendamos que consulte las pol\u00edticas de privacidad correspondientes de estas redes sociales para conocer las formas en que estas redes sociales utilizan la informaci\u00f3n que pueden recopilar, a trav\u00e9s de estos botones de aplicaci\u00f3n, o con fines publicitarios. Estas pol\u00edticas de privacidad deben permitirle expresar sus preferencias en estas redes sociales, en concreto configurando sus cuentas de usuario para cada una de estas redes.<\/p>\n<p>El uso y almacenamiento de estas cookies est\u00e1 sujeto a su consentimiento.<\/p>\n<p>Cookies de contenido y publicidad personalizadas<\/p>\n<p>Estas cookies est\u00e1n destinadas a mejorar la relevancia de los anuncios y el contenido en esta p\u00e1gina web y en medios de terceros. Siempre que le enviamos mensajes promocionales o mostramos dichos mensajes, nuestro objetivo es enviarle los anuncios y ofertas m\u00e1s relevantes posibles, adaptados a sus necesidades o que puedan ser de inter\u00e9s para usted.<\/p>\n<p>Estas cookies pueden procesar datos relacionados con sus preferencias personales, sus intereses en nuestros productos y\/o servicios y sus h\u00e1bitos de consumo.<\/p>\n<p>Por lo tanto, este procesamiento automatizado de datos contribuye a una mejor experiencia en l\u00ednea:<br \/>\n&#8211; mostr\u00e1ndole ofertas de su inter\u00e9s en el momento adecuado,<br \/>\n&#8211; descartando ofertas que probablemente no le interesen,<br \/>\n&#8211; o, incluso, limitando el n\u00famero de veces que se le muestra el mismo anuncio.<\/p>\n<p>Por ejemplo, estas operaciones de procesamiento pueden llevarnos a enviarle informaci\u00f3n relacionada con el segmento de autom\u00f3vil que es m\u00e1s probable que sea de su agrado (un SUV en lugar de un autom\u00f3vil urbano, o viceversa).<\/p>\n<p>Los datos procesados en este contexto pueden haber sido recopilados de diferentes fuentes y pueden estar interconectados: datos de nuestros archivos de clientes, datos de navegaci\u00f3n, datos de terceros, datos sobre el uso de su veh\u00edculo, etc. El uso de estas herramientas se define como elaboraci\u00f3n de perfiles por parte de las autoridades reguladoras.<\/p>\n<p>El uso y almacenamiento de estas cookies est\u00e1 sujeto a su consentimiento.<\/p>\n<p><strong>Cookies de an\u00e1lisis<\/strong><\/p>\n<p>Estas cookies est\u00e1n destinadas a analizar el tr\u00e1fico de la p\u00e1gina web y mejorar su experiencia de navegaci\u00f3n.<\/p>\n<p>Estas cookies pueden procesar datos relacionados con las p\u00e1ginas visitadas, el tiempo dedicado a las p\u00e1ginas visitadas, el navegador utilizado para visitar estas p\u00e1ginas, etc.<\/p>\n<p>Los datos recopilados por estas cookies tambi\u00e9n se pueden utilizar para crear algoritmos y perfiles para analizar sus posibles intereses y preferencias para nuestros productos y servicios. Podemos combinar estos datos con otro tipo de informaci\u00f3n, como informaci\u00f3n de nuestra base de datos de clientes (para obtener m\u00e1s informaci\u00f3n sobre la elaboraci\u00f3n de perfiles y c\u00f3mo oponerse a dicha elaboraci\u00f3n de perfiles, consulte nuestra Informaci\u00f3n sobre protecci\u00f3n de datos personales de la\u00a0<a href=\"http:\/\/dev-rci-insurance.iconsandbox.com\/es\/politica-de-terminos-de-uso-de-internet\/\">Pol\u00edtica de privacidad<\/a><\/p>\n<p>El uso y almacenamiento de estas cookies est\u00e1 sujeto a su consentimiento, generalmente. Bajo ciertas condiciones, estas cookies se pueden colocar\/leer sin su consentimiento, por ejemplo, si el prop\u00f3sito de las cookies es \u00fanicamente analizar el contenido que ha visitado.<\/p>\n<\/div><\/details><\/div>\n<div class=\"lightweight-accordion\"><details><summary class=\"lightweight-accordion-title\"><span><strong>\u00bfQU\u00c9 TIPO DE COOKIES SE EMPLEAN EN ESTA P\u00c1GINA WEB?<\/strong><\/span><\/summary><div class=\"lightweight-accordion-body\"><p>La tabla adjunta contiene el listado de todas las cookies almacenadas y\/o utilizadas por esta p\u00e1gina web y sus principales caracter\u00edsticas. Siempre que sea posible, estas cookies se alojan en servidores ubicados en el Espacio Econ\u00f3mico Europeo (EEE). Sin embargo, como algunos de nuestros proveedores de servicios se encuentran en pa\u00edses fuera del EEE, sus datos personales se procesan en estos pa\u00edses, que pueden tener regulaciones sobre datos personales distintas a las de la Uni\u00f3n Europea. En tal caso, (i) ponemos especial atenci\u00f3n en garantizar que esta transferencia se lleve a cabo de acuerdo con la normativa aplicable y (ii) ponemos en marcha salvaguardias que garantizan un nivel adecuado de protecci\u00f3n de sus datos (en particular, mediante el uso de Cl\u00e1usulas contractuales est\u00e1ndar de la Comisi\u00f3n Europea).<\/p>\n<p>Nuestra p\u00e1gina web puede contener cookies de terceros (agencias de comunicaci\u00f3n, servicios de an\u00e1lisis, etc.) que les permiten, durante la vida \u00fatil de las cookies, recopilar informaci\u00f3n de navegaci\u00f3n relacionada con nuestra p\u00e1gina web. El almacenamiento y uso de estas cookies por parte de terceros est\u00e1 sujeto a las pol\u00edticas de privacidad de dichos terceros. Le informamos del prop\u00f3sito de las cookies de terceros en nuestra p\u00e1gina web, as\u00ed como de los medios a su disposici\u00f3n para tomar decisiones sobre estas cookies.<\/p>\n<p><strong>Socio propietario de la cookie<\/strong>: Mobilize Financial Services<\/p>\n<p><strong>Prop\u00f3sito de las cookies<\/strong>:<\/p>\n<ul>\n<li>T\u00e9cnico<\/li>\n<li>Social<\/li>\n<li>Publicidad\/contenido personalizado<\/li>\n<li>An\u00e1lisis<\/li>\n<\/ul>\n<\/div><\/details><\/div>\n<div class=\"lightweight-accordion\"><details><summary class=\"lightweight-accordion-title\"><span><strong>\u00bfC\u00d3MO SE OBTIENE SU CONSENTIMIENTO?<\/strong><\/span><\/summary><div class=\"lightweight-accordion-body\"><p>Cuando visita nuestra p\u00e1gina web por primera vez, se le solicita que acepte, rechace o haga ciertas elecciones sobre el uso de cookies, mostrando un banner de informaci\u00f3n dedicado para ello.<\/p>\n<p>Puede retirar su consentimiento en cualquier momento o cambiar sus opciones (por ejemplo, aceptando solo ciertos tipos de cookies) con nuestra herramienta dedicada.<\/p>\n<p>Tenga en cuenta que, de acuerdo con la normativa, las cookies que son necesarias para el funcionamiento de la p\u00e1gina web no est\u00e1n sujetas a su consentimiento y, por lo tanto, no pueden desactivarse en nuestra herramienta de gesti\u00f3n de cookies. Puede evitar su uso cambiando la configuraci\u00f3n de su navegador (siguiendo la secci\u00f3n &#8220;c\u00f3mo rechazar las cookies&#8221; a continuaci\u00f3n), pero la calidad de su experiencia en la p\u00e1gina web puede verse afectada.<\/p>\n<\/div><\/details><\/div>\n<div class=\"lightweight-accordion\"><details><summary class=\"lightweight-accordion-title\"><span><strong>\u00bfCU\u00c1NTO TIEMPO SE ALMACENA SU CONSENTIMIENTO?<\/strong><\/span><\/summary><div class=\"lightweight-accordion-body\"><p>Cuando acepta o rechaza todas o parte de las cookies en nuestra p\u00e1gina web, su elecci\u00f3n se guarda y almacena (y mantendremos un registro de sus preferencias) durante un per\u00edodo de 6 meses como m\u00e1ximo. Esto significa que cuando consulte nuestra p\u00e1gina web m\u00e1s tarde, durante este per\u00edodo, no solicitaremos ninguna acci\u00f3n por su parte con respecto a las cookies, ya que tendremos un registro de sus preferencias almacenadas.<\/p>\n<p>Una vez finalizado este per\u00edodo, le pediremos nuevamente que d\u00e9 su consentimiento o rechace o tome ciertas decisiones sobre el uso de cookies.<\/p>\n<\/div><\/details><\/div>\n<div class=\"lightweight-accordion\"><details><summary class=\"lightweight-accordion-title\"><span><strong>\u00bfC\u00d3MO GESTIONAR LAS COOKIES?<\/strong><\/span><\/summary><div class=\"lightweight-accordion-body\"><p>\u00bfC\u00f3mo rechazar las cookies?<\/p>\n<p>Si no desea que las cookies se almacenen o lean en su dispositivo, se almacenar\u00e1 una cookie de rechazo en su equipo para permitirnos registrar el hecho de que se ha opuesto al uso de cookies. Si elimina este rechazo de cookies, ya no podremos reconocer que ha rechazado el uso y almacenamiento de cookies (lo que significa que deber\u00e1 volver a establecer sus preferencias la pr\u00f3xima vez que visite nuestra p\u00e1gina web)<\/p>\n<p>Tiene varias opciones para administrar las cookies, incluido bloquear su uso y\/o eliminarlas.<\/p>\n<p><strong>Herramienta de administraci\u00f3n de cookies<\/strong><br \/>\nSe proporciona una herramienta de cookies que le permite administrar sus preferencias de cookies para permitirle administrar las cookies almacenadas y\/o utilizadas en esta p\u00e1gina web. En cualquier momento, haciendo clic en este enlace a continuaci\u00f3n, puede acceder al configurador y cambiar sus preferencias, seg\u00fan el tipo de cookie en cuesti\u00f3n.<\/p>\n<\/div><\/details><\/div>\n<div class=\"lightweight-accordion\"><details><summary class=\"lightweight-accordion-title\"><span><strong>\u00bfGESTIONAR LAS COOKIES?<\/strong><\/span><\/summary><div class=\"lightweight-accordion-body\"><p><strong>Configuraci\u00f3n del navegador<\/strong><br \/>\nTambi\u00e9n puede administrar las cookies a trav\u00e9s de su navegador.<\/p>\n<p>La mayor\u00eda de los navegadores est\u00e1n configurados de forma predeterminada para aceptar cookies, pero si lo desea, puede optar por aceptar todas las cookies, rechazarlas sistem\u00e1ticamente o elegir qu\u00e9 cookies acepta seg\u00fan su procedencia. Tambi\u00e9n puede eliminar peri\u00f3dicamente las cookies de su dispositivo utilizando su navegador.<\/p>\n<p>Sin embargo, no olvide configurar todos los navegadores en sus diversos dispositivos (tabletas, tel\u00e9fonos inteligentes, ordenadores, etc.).<\/p>\n<p>Cada navegador tiene una configuraci\u00f3n diferente para administrar las cookies y sus opciones. Esto se describe en el men\u00fa de ayuda de su navegador, que le indicar\u00e1 c\u00f3mo cambiar sus preferencias de cookies. Por ejemplo:<br \/>\n\u2022 para Internet Explorer\u2122:\u00a0<a href=\"http:\/\/windows.microsoft.com\/fr-FR\/windows-vista\/Block-or-allow-cookies\">http:\/\/windows.microsoft.com\/fr-FR\/windows-vista\/Block-or-allow-cookies<\/a>\u00a0;<br \/>\n\u2022 para Safari\u2122:\u00a0<a href=\"https:\/\/support.apple.com\/fr-fr\/safari\">https:\/\/support.apple.com\/fr-fr\/safari<\/a>\u00a0;<br \/>\n\u2022 para Chrome\u2122:\u00a0<a href=\"http:\/\/support.google.com\/chrome\/bin\/answer.py?hl=fr&amp;hlrm=en&amp;answer=95647\">http:\/\/support.google.com\/chrome\/bin\/answer.py?hl=fr&amp;hlrm=en&amp;answer=95647<\/a>\u00a0;<br \/>\n\u2022 para Firefox\u2122:\u00a0<a href=\"http:\/\/support.mozilla.org\/fr\/kb\/Activer%20et%20d%C3%A9sactiver%20les%20cookies\">http:\/\/support.mozilla.org\/fr\/kb\/Activer%20et%20d%C3%A9sactiver%20les%20cookies<\/a>\u00a0;<br \/>\n\u2022 para Opera\u2122:\u00a0<a href=\"http:\/\/help.opera.com\/Windows\/10.20\/fr\/cookies.html\">http:\/\/help.opera.com\/Windows\/10.20\/fr\/cookies.html<\/a><\/p>\n<p>&nbsp;<\/p>\n<p><strong>M\u00f3dulos de los emisores para realizar objeciones<\/strong><br \/>\nPuede optar por desactivar algunas cookies de terceros yendo directamente a la p\u00e1gina del emisor de la cookie. De esta forma:<\/p>\n<p>&#8211; para deshabilitar las cookies de Google Analytics, vaya a la p\u00e1gina:\u00a0<a href=\"https:\/\/tools.google.com\/dlpage\/gaoptout?hl=en\">https:\/\/tools.google.com\/dlpage\/gaoptout?hl=en<\/a><\/p>\n<\/div><\/details><\/div>\n<div class=\"lightweight-accordion\"><details><summary class=\"lightweight-accordion-title\"><span><strong>\u00bfC\u00d3MO PUEDE EJERCER SUS DERECHOS?<\/strong><\/span><\/summary><div class=\"lightweight-accordion-body\"><p>De acuerdo con la legislaci\u00f3n de protecci\u00f3n de datos personales aplicable, usted tiene derecho a acceder, rectificar, oponerse, restringir y eliminar sus datos personales. Para ejercer sus otros derechos, consulte nuestra informaci\u00f3n sobre la protecci\u00f3n de sus datos personales pulsando en el siguiente enlace:\u00a0<a href=\"http:\/\/dev-rci-insurance.iconsandbox.com\/es\/politica-de-terminos-de-uso-de-internet\/\">Pol\u00edtica de privacidad<\/a><\/p>\n<\/div><\/details><\/div>\n<div class=\"lightweight-accordion\"><details><summary class=\"lightweight-accordion-title\"><span><strong>MODIFICACIONES<\/strong><\/span><\/summary><div class=\"lightweight-accordion-body\"><p>Podemos cambiar esta pol\u00edtica cuando lo estimemos oportuno. Le informaremos y\/o buscaremos su consentimiento cuando sea necesario u obligatorio. Por lo tanto, le recomendamos que consulte esta pol\u00edtica cada vez que visite nuestra p\u00e1gina web para revisar la \u00faltima versi\u00f3n.<\/p>\n<p>Versi\u00f3n 1: 27\/05\/2021<\/p>\n<\/div><\/details><\/div>\n","protected":false},"excerpt":{"rendered":"Nuestras p\u00e1ginas web y aplicaciones utilizan tecnolog\u00edas como cookies para brindarle una experiencia de alta calidad, fluida y personalizada. La informaci\u00f3n de esta Pol\u00edtica complementa la Informaci\u00f3n sobre protecci\u00f3n de datos personales de la\u00a0Pol\u00edtica de privacidad La protecci\u00f3n de sus datos en l\u00ednea es una prioridad para Mobilize Financial Services. Puede cambiar sus elecciones con&hellip;","protected":false},"author":1,"featured_media":0,"parent":0,"menu_order":0,"comment_status":"closed","ping_status":"closed","template":"","meta":{"_acf_changed":false,"footnotes":""},"class_list":["post-520","page","type-page","status-publish","hentry"],"acf":[],"yoast_head":"<!-- This site is optimized with the Yoast SEO plugin v24.3 - https:\/\/yoast.com\/wordpress\/plugins\/seo\/ -->\r\n<title>Uso de Cookies - RCI INSURANCE<\/title>\r\n<meta name=\"robots\" content=\"index, follow, max-snippet:-1, max-image-preview:large, max-video-preview:-1\" \/>\r\n<link rel=\"canonical\" href=\"http:\/\/dev-rci-insurance.iconsandbox.com\/es\/uso-de-cookies\/\" \/>\r\n<meta property=\"og:locale\" content=\"es_ES\" \/>\r\n<meta property=\"og:type\" content=\"article\" \/>\r\n<meta property=\"og:title\" content=\"Uso de Cookies - RCI INSURANCE\" \/>\r\n<meta property=\"og:description\" content=\"Nuestras p\u00e1ginas web y aplicaciones utilizan tecnolog\u00edas como cookies para brindarle una experiencia de alta calidad, fluida y personalizada. La informaci\u00f3n de esta Pol\u00edtica complementa la Informaci\u00f3n sobre protecci\u00f3n de datos personales de la\u00a0Pol\u00edtica de privacidad La protecci\u00f3n de sus datos en l\u00ednea es una prioridad para Mobilize Financial Services. Puede cambiar sus elecciones con&hellip;\" \/>\r\n<meta property=\"og:url\" content=\"http:\/\/dev-rci-insurance.iconsandbox.com\/es\/uso-de-cookies\/\" \/>\r\n<meta property=\"og:site_name\" content=\"RCI INSURANCE\" \/>\r\n<meta property=\"article:modified_time\" content=\"2023-06-13T11:55:24+00:00\" \/>\r\n<meta name=\"twitter:card\" content=\"summary_large_image\" \/>\r\n<meta name=\"twitter:label1\" content=\"Tiempo de lectura\" \/>\n\t<meta name=\"twitter:data1\" content=\"9 minutos\" \/>\r\n<script type=\"application\/ld+json\" class=\"yoast-schema-graph\">{\"@context\":\"https:\/\/schema.org\",\"@graph\":[{\"@type\":\"WebPage\",\"@id\":\"http:\/\/dev-rci-insurance.iconsandbox.com\/es\/uso-de-cookies\/\",\"url\":\"http:\/\/dev-rci-insurance.iconsandbox.com\/es\/uso-de-cookies\/\",\"name\":\"Uso de Cookies - RCI INSURANCE\",\"isPartOf\":{\"@id\":\"http:\/\/dev-rci-insurance.iconsandbox.com\/pl\/#website\"},\"datePublished\":\"2017-12-20T10:19:56+00:00\",\"dateModified\":\"2023-06-13T11:55:24+00:00\",\"breadcrumb\":{\"@id\":\"http:\/\/dev-rci-insurance.iconsandbox.com\/es\/uso-de-cookies\/#breadcrumb\"},\"inLanguage\":\"es\",\"potentialAction\":[{\"@type\":\"ReadAction\",\"target\":[\"http:\/\/dev-rci-insurance.iconsandbox.com\/es\/uso-de-cookies\/\"]}]},{\"@type\":\"BreadcrumbList\",\"@id\":\"http:\/\/dev-rci-insurance.iconsandbox.com\/es\/uso-de-cookies\/#breadcrumb\",\"itemListElement\":[{\"@type\":\"ListItem\",\"position\":1,\"name\":\"Home\",\"item\":\"http:\/\/dev-rci-insurance.iconsandbox.com\/es\/\"},{\"@type\":\"ListItem\",\"position\":2,\"name\":\"Uso de Cookies\"}]},{\"@type\":\"WebSite\",\"@id\":\"http:\/\/dev-rci-insurance.iconsandbox.com\/pl\/#website\",\"url\":\"http:\/\/dev-rci-insurance.iconsandbox.com\/pl\/\",\"name\":\"RCI INSURANCE\",\"description\":\"\",\"potentialAction\":[{\"@type\":\"SearchAction\",\"target\":{\"@type\":\"EntryPoint\",\"urlTemplate\":\"http:\/\/dev-rci-insurance.iconsandbox.com\/pl\/?s={search_term_string}\"},\"query-input\":{\"@type\":\"PropertyValueSpecification\",\"valueRequired\":true,\"valueName\":\"search_term_string\"}}],\"inLanguage\":\"es\"}]}<\/script>\r\n<!-- \/ Yoast SEO plugin. -->","yoast_head_json":{"title":"Uso de Cookies - RCI INSURANCE","robots":{"index":"index","follow":"follow","max-snippet":"max-snippet:-1","max-image-preview":"max-image-preview:large","max-video-preview":"max-video-preview:-1"},"canonical":"http:\/\/dev-rci-insurance.iconsandbox.com\/es\/uso-de-cookies\/","og_locale":"es_ES","og_type":"article","og_title":"Uso de Cookies - RCI INSURANCE","og_description":"Nuestras p\u00e1ginas web y aplicaciones utilizan tecnolog\u00edas como cookies para brindarle una experiencia de alta calidad, fluida y personalizada. La informaci\u00f3n de esta Pol\u00edtica complementa la Informaci\u00f3n sobre protecci\u00f3n de datos personales de la\u00a0Pol\u00edtica de privacidad La protecci\u00f3n de sus datos en l\u00ednea es una prioridad para Mobilize Financial Services. Puede cambiar sus elecciones con&hellip;","og_url":"http:\/\/dev-rci-insurance.iconsandbox.com\/es\/uso-de-cookies\/","og_site_name":"RCI INSURANCE","article_modified_time":"2023-06-13T11:55:24+00:00","twitter_card":"summary_large_image","twitter_misc":{"Tiempo de lectura":"9 minutos"},"schema":{"@context":"https:\/\/schema.org","@graph":[{"@type":"WebPage","@id":"http:\/\/dev-rci-insurance.iconsandbox.com\/es\/uso-de-cookies\/","url":"http:\/\/dev-rci-insurance.iconsandbox.com\/es\/uso-de-cookies\/","name":"Uso de Cookies - RCI INSURANCE","isPartOf":{"@id":"http:\/\/dev-rci-insurance.iconsandbox.com\/pl\/#website"},"datePublished":"2017-12-20T10:19:56+00:00","dateModified":"2023-06-13T11:55:24+00:00","breadcrumb":{"@id":"http:\/\/dev-rci-insurance.iconsandbox.com\/es\/uso-de-cookies\/#breadcrumb"},"inLanguage":"es","potentialAction":[{"@type":"ReadAction","target":["http:\/\/dev-rci-insurance.iconsandbox.com\/es\/uso-de-cookies\/"]}]},{"@type":"BreadcrumbList","@id":"http:\/\/dev-rci-insurance.iconsandbox.com\/es\/uso-de-cookies\/#breadcrumb","itemListElement":[{"@type":"ListItem","position":1,"name":"Home","item":"http:\/\/dev-rci-insurance.iconsandbox.com\/es\/"},{"@type":"ListItem","position":2,"name":"Uso de Cookies"}]},{"@type":"WebSite","@id":"http:\/\/dev-rci-insurance.iconsandbox.com\/pl\/#website","url":"http:\/\/dev-rci-insurance.iconsandbox.com\/pl\/","name":"RCI INSURANCE","description":"","potentialAction":[{"@type":"SearchAction","target":{"@type":"EntryPoint","urlTemplate":"http:\/\/dev-rci-insurance.iconsandbox.com\/pl\/?s={search_term_string}"},"query-input":{"@type":"PropertyValueSpecification","valueRequired":true,"valueName":"search_term_string"}}],"inLanguage":"es"}]}},"_links":{"self":[{"href":"http:\/\/dev-rci-insurance.iconsandbox.com\/es\/wp-json\/wp\/v2\/pages\/520","targetHints":{"allow":["GET"]}}],"collection":[{"href":"http:\/\/dev-rci-insurance.iconsandbox.com\/es\/wp-json\/wp\/v2\/pages"}],"about":[{"href":"http:\/\/dev-rci-insurance.iconsandbox.com\/es\/wp-json\/wp\/v2\/types\/page"}],"author":[{"embeddable":true,"href":"http:\/\/dev-rci-insurance.iconsandbox.com\/es\/wp-json\/wp\/v2\/users\/1"}],"replies":[{"embeddable":true,"href":"http:\/\/dev-rci-insurance.iconsandbox.com\/es\/wp-json\/wp\/v2\/comments?post=520"}],"version-history":[{"count":12,"href":"http:\/\/dev-rci-insurance.iconsandbox.com\/es\/wp-json\/wp\/v2\/pages\/520\/revisions"}],"predecessor-version":[{"id":8199,"href":"http:\/\/dev-rci-insurance.iconsandbox.com\/es\/wp-json\/wp\/v2\/pages\/520\/revisions\/8199"}],"wp:attachment":[{"href":"http:\/\/dev-rci-insurance.iconsandbox.com\/es\/wp-json\/wp\/v2\/media?parent=520"}],"curies":[{"name":"wp","href":"https:\/\/api.w.org\/{rel}","templated":true}]}}