{"id":446,"date":"2017-12-07T13:55:46","date_gmt":"2017-12-07T13:55:46","guid":{"rendered":"http:\/\/rci.stg.iconsandbox.com\/about\/"},"modified":"2023-11-22T14:02:07","modified_gmt":"2023-11-22T13:02:07","slug":"sobre-rci-insurance","status":"publish","type":"page","link":"http:\/\/dev-rci-insurance.iconsandbox.com\/es\/sobre-rci-insurance\/","title":{"rendered":"Sobre RCI Insurance"},"content":{"rendered":"<p>RCI Insurance Limited (C45786) y RCI Life Limited (C45787), en adelante \u201clas Empresas\u201d, se crearon en Malta el 10 de diciembre de 2008 como subsidiarias de\u00a0 RCI Services Limited (C45692) (creada el 26 de noviembre de 2008), empresa subsidiaria y perteneciente \u00fanicamente a Mobilize Financial Services.<\/p>\n<p>RCI Services Limited funciona como un holding, ofreciendo diferentes servicios administrativos a sus subsidiarias. Las Empresas, que ofrecen servicios de seguro a los clientes de empresas de financiaci\u00f3n automovil\u00edstica de Mobilize Financial Services, est\u00e1n amparadas en el Acta de 1998 de la Actividad Aseguradora para desarrollar negocios generales y de largo plazo en Mercados Europeos(1) conforme a la regulaci\u00f3n de la Autoridad de Servicios Financieros de Malta.<\/p>\n<p>Las oficinas de las Empresas se encuentran en:<\/p>\n<p>Level 3, Mercury Tower,<br \/>\nThe Exchange Financial &amp; Business Centre,<br \/>\nTriq Elia Zammit,<br \/>\nSt Julian&#8217;s &#8211; STJ 3155<br \/>\nMalta<\/p>\n<p>(1) Pa\u00edses donde RCI Insurance y RCI Life est\u00e1n autorizadas para operar y los mercados objetivo de clientes son los siguientes:<\/p>\n<p>Austria<br \/>\nAlemania<br \/>\nFrancia<br \/>\nItalia<br \/>\nRuman\u00eda (solo RCI Insurance)<br \/>\nPortugal<br \/>\nEspa\u00f1a<\/p>\n","protected":false},"excerpt":{"rendered":"RCI Insurance Limited (C45786) y RCI Life Limited (C45787), en adelante \u201clas Empresas\u201d, se crearon en Malta el 10 de diciembre de 2008 como subsidiarias de\u00a0 RCI Services Limited (C45692) (creada el 26 de noviembre de 2008), empresa subsidiaria y perteneciente \u00fanicamente a Mobilize Financial Services. RCI Services Limited funciona como un holding, ofreciendo diferentes&hellip;","protected":false},"author":1,"featured_media":6393,"parent":0,"menu_order":0,"comment_status":"closed","ping_status":"closed","template":"","meta":{"_acf_changed":false,"footnotes":""},"class_list":["post-446","page","type-page","status-publish","has-post-thumbnail","hentry"],"acf":[],"yoast_head":"<!-- This site is optimized with the Yoast SEO plugin v24.3 - https:\/\/yoast.com\/wordpress\/plugins\/seo\/ -->\r\n<title>Sobre RCI Insurance<\/title>\r\n<meta name=\"description\" content=\"RCI Insurance ofrece soluciones en el \u00e1rea de seguros a clientes del servicio de financiaci\u00f3n del autom\u00f3vil de RCI Banque SA. Descubra m\u00e1s sobre RCI Insurance\" \/>\r\n<meta name=\"robots\" content=\"index, follow, max-snippet:-1, max-image-preview:large, max-video-preview:-1\" \/>\r\n<link rel=\"canonical\" href=\"http:\/\/dev-rci-insurance.iconsandbox.com\/es\/sobre-rci-insurance\/\" \/>\r\n<meta property=\"og:locale\" content=\"es_ES\" \/>\r\n<meta property=\"og:type\" content=\"article\" \/>\r\n<meta property=\"og:title\" content=\"Sobre RCI Insurance\" \/>\r\n<meta property=\"og:description\" content=\"RCI Insurance ofrece soluciones en el \u00e1rea de seguros a clientes del servicio de financiaci\u00f3n del autom\u00f3vil de RCI Banque SA. Descubra m\u00e1s sobre RCI Insurance\" \/>\r\n<meta property=\"og:url\" content=\"http:\/\/dev-rci-insurance.iconsandbox.com\/es\/sobre-rci-insurance\/\" \/>\r\n<meta property=\"og:site_name\" content=\"RCI INSURANCE\" \/>\r\n<meta property=\"article:modified_time\" content=\"2023-11-22T13:02:07+00:00\" \/>\r\n<meta property=\"og:image\" content=\"http:\/\/dev-rci-insurance.iconsandbox.com\/wp-content\/uploads\/2017\/12\/intro-image.png\" \/>\r\n\t<meta property=\"og:image:width\" content=\"525\" \/>\r\n\t<meta property=\"og:image:height\" content=\"526\" \/>\r\n\t<meta property=\"og:image:type\" content=\"image\/png\" \/>\r\n<meta name=\"twitter:card\" content=\"summary_large_image\" \/>\r\n<meta name=\"twitter:label1\" content=\"Tiempo de lectura\" \/>\n\t<meta name=\"twitter:data1\" content=\"1 minuto\" \/>\r\n<script type=\"application\/ld+json\" class=\"yoast-schema-graph\">{\"@context\":\"https:\/\/schema.org\",\"@graph\":[{\"@type\":\"WebPage\",\"@id\":\"http:\/\/dev-rci-insurance.iconsandbox.com\/es\/sobre-rci-insurance\/\",\"url\":\"http:\/\/dev-rci-insurance.iconsandbox.com\/es\/sobre-rci-insurance\/\",\"name\":\"Sobre RCI Insurance\",\"isPartOf\":{\"@id\":\"http:\/\/dev-rci-insurance.iconsandbox.com\/pl\/#website\"},\"primaryImageOfPage\":{\"@id\":\"http:\/\/dev-rci-insurance.iconsandbox.com\/es\/sobre-rci-insurance\/#primaryimage\"},\"image\":{\"@id\":\"http:\/\/dev-rci-insurance.iconsandbox.com\/es\/sobre-rci-insurance\/#primaryimage\"},\"thumbnailUrl\":\"http:\/\/dev-rci-insurance.iconsandbox.com\/wp-content\/uploads\/2017\/12\/intro-image.png\",\"datePublished\":\"2017-12-07T13:55:46+00:00\",\"dateModified\":\"2023-11-22T13:02:07+00:00\",\"description\":\"RCI Insurance ofrece soluciones en el \u00e1rea de seguros a clientes del servicio de financiaci\u00f3n del autom\u00f3vil de RCI Banque SA. Descubra m\u00e1s sobre RCI Insurance\",\"breadcrumb\":{\"@id\":\"http:\/\/dev-rci-insurance.iconsandbox.com\/es\/sobre-rci-insurance\/#breadcrumb\"},\"inLanguage\":\"es\",\"potentialAction\":[{\"@type\":\"ReadAction\",\"target\":[\"http:\/\/dev-rci-insurance.iconsandbox.com\/es\/sobre-rci-insurance\/\"]}]},{\"@type\":\"ImageObject\",\"inLanguage\":\"es\",\"@id\":\"http:\/\/dev-rci-insurance.iconsandbox.com\/es\/sobre-rci-insurance\/#primaryimage\",\"url\":\"http:\/\/dev-rci-insurance.iconsandbox.com\/wp-content\/uploads\/2017\/12\/intro-image.png\",\"contentUrl\":\"http:\/\/dev-rci-insurance.iconsandbox.com\/wp-content\/uploads\/2017\/12\/intro-image.png\",\"width\":525,\"height\":526},{\"@type\":\"BreadcrumbList\",\"@id\":\"http:\/\/dev-rci-insurance.iconsandbox.com\/es\/sobre-rci-insurance\/#breadcrumb\",\"itemListElement\":[{\"@type\":\"ListItem\",\"position\":1,\"name\":\"Home\",\"item\":\"http:\/\/dev-rci-insurance.iconsandbox.com\/es\/\"},{\"@type\":\"ListItem\",\"position\":2,\"name\":\"Sobre RCI Insurance\"}]},{\"@type\":\"WebSite\",\"@id\":\"http:\/\/dev-rci-insurance.iconsandbox.com\/pl\/#website\",\"url\":\"http:\/\/dev-rci-insurance.iconsandbox.com\/pl\/\",\"name\":\"RCI INSURANCE\",\"description\":\"\",\"potentialAction\":[{\"@type\":\"SearchAction\",\"target\":{\"@type\":\"EntryPoint\",\"urlTemplate\":\"http:\/\/dev-rci-insurance.iconsandbox.com\/pl\/?s={search_term_string}\"},\"query-input\":{\"@type\":\"PropertyValueSpecification\",\"valueRequired\":true,\"valueName\":\"search_term_string\"}}],\"inLanguage\":\"es\"}]}<\/script>\r\n<!-- \/ Yoast SEO plugin. -->","yoast_head_json":{"title":"Sobre RCI Insurance","description":"RCI Insurance ofrece soluciones en el \u00e1rea de seguros a clientes del servicio de financiaci\u00f3n del autom\u00f3vil de RCI Banque SA. Descubra m\u00e1s sobre RCI Insurance","robots":{"index":"index","follow":"follow","max-snippet":"max-snippet:-1","max-image-preview":"max-image-preview:large","max-video-preview":"max-video-preview:-1"},"canonical":"http:\/\/dev-rci-insurance.iconsandbox.com\/es\/sobre-rci-insurance\/","og_locale":"es_ES","og_type":"article","og_title":"Sobre RCI Insurance","og_description":"RCI Insurance ofrece soluciones en el \u00e1rea de seguros a clientes del servicio de financiaci\u00f3n del autom\u00f3vil de RCI Banque SA. Descubra m\u00e1s sobre RCI Insurance","og_url":"http:\/\/dev-rci-insurance.iconsandbox.com\/es\/sobre-rci-insurance\/","og_site_name":"RCI INSURANCE","article_modified_time":"2023-11-22T13:02:07+00:00","og_image":[{"width":525,"height":526,"url":"http:\/\/dev-rci-insurance.iconsandbox.com\/wp-content\/uploads\/2017\/12\/intro-image.png","type":"image\/png"}],"twitter_card":"summary_large_image","twitter_misc":{"Tiempo de lectura":"1 minuto"},"schema":{"@context":"https:\/\/schema.org","@graph":[{"@type":"WebPage","@id":"http:\/\/dev-rci-insurance.iconsandbox.com\/es\/sobre-rci-insurance\/","url":"http:\/\/dev-rci-insurance.iconsandbox.com\/es\/sobre-rci-insurance\/","name":"Sobre RCI Insurance","isPartOf":{"@id":"http:\/\/dev-rci-insurance.iconsandbox.com\/pl\/#website"},"primaryImageOfPage":{"@id":"http:\/\/dev-rci-insurance.iconsandbox.com\/es\/sobre-rci-insurance\/#primaryimage"},"image":{"@id":"http:\/\/dev-rci-insurance.iconsandbox.com\/es\/sobre-rci-insurance\/#primaryimage"},"thumbnailUrl":"http:\/\/dev-rci-insurance.iconsandbox.com\/wp-content\/uploads\/2017\/12\/intro-image.png","datePublished":"2017-12-07T13:55:46+00:00","dateModified":"2023-11-22T13:02:07+00:00","description":"RCI Insurance ofrece soluciones en el \u00e1rea de seguros a clientes del servicio de financiaci\u00f3n del autom\u00f3vil de RCI Banque SA. Descubra m\u00e1s sobre RCI Insurance","breadcrumb":{"@id":"http:\/\/dev-rci-insurance.iconsandbox.com\/es\/sobre-rci-insurance\/#breadcrumb"},"inLanguage":"es","potentialAction":[{"@type":"ReadAction","target":["http:\/\/dev-rci-insurance.iconsandbox.com\/es\/sobre-rci-insurance\/"]}]},{"@type":"ImageObject","inLanguage":"es","@id":"http:\/\/dev-rci-insurance.iconsandbox.com\/es\/sobre-rci-insurance\/#primaryimage","url":"http:\/\/dev-rci-insurance.iconsandbox.com\/wp-content\/uploads\/2017\/12\/intro-image.png","contentUrl":"http:\/\/dev-rci-insurance.iconsandbox.com\/wp-content\/uploads\/2017\/12\/intro-image.png","width":525,"height":526},{"@type":"BreadcrumbList","@id":"http:\/\/dev-rci-insurance.iconsandbox.com\/es\/sobre-rci-insurance\/#breadcrumb","itemListElement":[{"@type":"ListItem","position":1,"name":"Home","item":"http:\/\/dev-rci-insurance.iconsandbox.com\/es\/"},{"@type":"ListItem","position":2,"name":"Sobre RCI Insurance"}]},{"@type":"WebSite","@id":"http:\/\/dev-rci-insurance.iconsandbox.com\/pl\/#website","url":"http:\/\/dev-rci-insurance.iconsandbox.com\/pl\/","name":"RCI INSURANCE","description":"","potentialAction":[{"@type":"SearchAction","target":{"@type":"EntryPoint","urlTemplate":"http:\/\/dev-rci-insurance.iconsandbox.com\/pl\/?s={search_term_string}"},"query-input":{"@type":"PropertyValueSpecification","valueRequired":true,"valueName":"search_term_string"}}],"inLanguage":"es"}]}},"_links":{"self":[{"href":"http:\/\/dev-rci-insurance.iconsandbox.com\/es\/wp-json\/wp\/v2\/pages\/446","targetHints":{"allow":["GET"]}}],"collection":[{"href":"http:\/\/dev-rci-insurance.iconsandbox.com\/es\/wp-json\/wp\/v2\/pages"}],"about":[{"href":"http:\/\/dev-rci-insurance.iconsandbox.com\/es\/wp-json\/wp\/v2\/types\/page"}],"author":[{"embeddable":true,"href":"http:\/\/dev-rci-insurance.iconsandbox.com\/es\/wp-json\/wp\/v2\/users\/1"}],"replies":[{"embeddable":true,"href":"http:\/\/dev-rci-insurance.iconsandbox.com\/es\/wp-json\/wp\/v2\/comments?post=446"}],"version-history":[{"count":5,"href":"http:\/\/dev-rci-insurance.iconsandbox.com\/es\/wp-json\/wp\/v2\/pages\/446\/revisions"}],"predecessor-version":[{"id":8416,"href":"http:\/\/dev-rci-insurance.iconsandbox.com\/es\/wp-json\/wp\/v2\/pages\/446\/revisions\/8416"}],"wp:featuredmedia":[{"embeddable":true,"href":"http:\/\/dev-rci-insurance.iconsandbox.com\/es\/wp-json\/wp\/v2\/media\/6393"}],"wp:attachment":[{"href":"http:\/\/dev-rci-insurance.iconsandbox.com\/es\/wp-json\/wp\/v2\/media?parent=446"}],"curies":[{"name":"wp","href":"https:\/\/api.w.org\/{rel}","templated":true}]}}