{"id":7082,"date":"2023-04-20T12:25:11","date_gmt":"2023-04-20T10:25:11","guid":{"rendered":"http:\/\/dev-rci-insurance.iconsandbox.com\/?page_id=7082"},"modified":"2023-04-20T12:25:11","modified_gmt":"2023-04-20T10:25:11","slug":"unternehmenswerte","status":"publish","type":"page","link":"http:\/\/dev-rci-insurance.iconsandbox.com\/de\/about\/unternehmenswerte\/","title":{"rendered":"Unternehmenswerte"},"content":{"rendered":"<p>Solide Unternehmensf\u00fchrungspraktiken stellen sicher, dass RCI Life Limited und RCI Insurance Limited (\u201edie Unternehmen\u201c) weiterhin ihre Gesch\u00e4ftsziele erreichen und gleichzeitig die Interessen von Versicherungsnehmern, Aktion\u00e4ren und anderen Interessengruppen durch nachhaltiges und langfristiges Wachstum f\u00f6rdern.<\/p>\n<p>Die Governance-Struktur der Unternehmen f\u00f6rdert:<\/p>\n<ul>\n<li>Transparenz<\/li>\n<li>Klar definierte Rollen und Zust\u00e4ndigkeitsbereiche<\/li>\n<li>Rechenschaftspflicht<\/li>\n<li>Effektiven Informationsfluss<\/li>\n<\/ul>\n<p><strong>Richtlinien und Verfahrensweisen<\/strong><\/p>\n<p>Die Richtlinien und Verfahrensweisen beschreiben die Rollen und Zust\u00e4ndigkeitsbereiche der verschiedenen Gesch\u00e4ftsfunktionen und Kontrollorgane in jedem wichtigen Einsatzbereich. Diese werden regelm\u00e4\u00dfig \u00fcberpr\u00fcft, um die aktuelle Relevanz und die fortlaufende Angleichung der zugrunde liegenden Prinzipien an die Risikobereitschaft und die Gesch\u00e4ftsstrategie der Unternehmen zu gew\u00e4hrleisten.<\/p>\n<p><strong>Governance-Aussch\u00fcsse<\/strong><\/p>\n<p>Zur Unterst\u00fctzung des Verwaltungsrats bei der Steuerung von gesch\u00e4ftskritischen Bereichen (insbesondere Versicherungsgesch\u00e4fte, Anlageverwaltung, Risikomanagement, interne Kontrolle und Compliance) werden dedizierte Governance-Aussch\u00fcsse eingesetzt, die aus einer angemessenen Kombination von Vorstandsmitgliedern, Hauptfunktion\u00e4ren und Vertretern der Anteilseigner bestehen.<\/p>\n<p><strong>Der Verwaltungsrat<\/strong><\/p>\n<p>Der Verwaltungsrat und die Gesch\u00e4ftsleitung sind sich dar\u00fcber bewusst, wie wichtig es ist, geeignete Ma\u00dfnahmen zu ergreifen, um sicherzustellen, dass die Personen, die das Unternehmen f\u00fchren oder andere wichtige Funktionen aus\u00fcben, \u00fcber die erforderliche Zuverl\u00e4ssigkeit und fachliche Eignung verf\u00fcgen, um die Gesch\u00e4fte der Unternehmen in solider und umsichtiger Weise zu f\u00fchren.<\/p>\n<p><strong>Mitarbeiter und externe Partner<\/strong><\/p>\n<p>Von den Mitarbeitern wird Folgendes erwartet:<\/p>\n<ul>\n<li>Sie verhalten sich stets mit h\u00f6chster Integrit\u00e4t und Sorgfalt.<\/li>\n<li>Sie streben nach Exzellenz in der von ihnen ausgef\u00fchrten Arbeit.<\/li>\n<li>Sie streben danach, die bestm\u00f6glichen Ergebnisse zu erzielen.<\/li>\n<li>Sie f\u00f6rdern das \u00f6ffentliche Interesse.<\/li>\n<\/ul>\n<p>Diese Prinzipien gelten auch f\u00fcr alle externen Partner, indem sichergestellt wird, dass die Dienstleister die vorgeschriebenen Servicestandards einhalten.<\/p>\n<p><strong>Einhaltung von Vorschriften<\/strong><\/p>\n<p>Die Unternehmen lehnen Betrug, Korruption oder jegliche anderen unerlaubten Aktivit\u00e4ten ab und sind dazu verpflichtet, die relevanten Gesetze, Vorschriften, Branchenkodizes, ethischen und professionellen Standards sowie internen Richtlinien einzuhalten.<\/p>\n","protected":false},"excerpt":{"rendered":"Solide Unternehmensf\u00fchrungspraktiken stellen sicher, dass RCI Life Limited und RCI Insurance Limited (\u201edie Unternehmen\u201c) weiterhin ihre Gesch\u00e4ftsziele erreichen und gleichzeitig die Interessen von Versicherungsnehmern, Aktion\u00e4ren und anderen Interessengruppen durch nachhaltiges und langfristiges Wachstum f\u00f6rdern. Die Governance-Struktur der Unternehmen f\u00f6rdert: Transparenz Klar definierte Rollen und Zust\u00e4ndigkeitsbereiche Rechenschaftspflicht Effektiven Informationsfluss Richtlinien und Verfahrensweisen Die Richtlinien und Verfahrensweisen&hellip;","protected":false},"author":1,"featured_media":0,"parent":266,"menu_order":0,"comment_status":"closed","ping_status":"closed","template":"","meta":{"_acf_changed":false,"footnotes":""},"class_list":["post-7082","page","type-page","status-publish","hentry"],"acf":[],"yoast_head":"<!-- This site is optimized with the Yoast SEO plugin v24.3 - https:\/\/yoast.com\/wordpress\/plugins\/seo\/ -->\r\n<title>Unternehmenswerte - RCI INSURANCE<\/title>\r\n<meta name=\"robots\" content=\"index, follow, max-snippet:-1, max-image-preview:large, max-video-preview:-1\" \/>\r\n<link rel=\"canonical\" href=\"https:\/\/dev-rci-insurance.iconsandbox.com\/de\/about\/unternehmenswerte\/\" \/>\r\n<meta property=\"og:locale\" content=\"de_DE\" \/>\r\n<meta property=\"og:type\" content=\"article\" \/>\r\n<meta property=\"og:title\" content=\"Unternehmenswerte - RCI INSURANCE\" \/>\r\n<meta property=\"og:description\" content=\"Solide Unternehmensf\u00fchrungspraktiken stellen sicher, dass RCI Life Limited und RCI Insurance Limited (\u201edie Unternehmen\u201c) weiterhin ihre Gesch\u00e4ftsziele erreichen und gleichzeitig die Interessen von Versicherungsnehmern, Aktion\u00e4ren und anderen Interessengruppen durch nachhaltiges und langfristiges Wachstum f\u00f6rdern. Die Governance-Struktur der Unternehmen f\u00f6rdert: Transparenz Klar definierte Rollen und Zust\u00e4ndigkeitsbereiche Rechenschaftspflicht Effektiven Informationsfluss Richtlinien und Verfahrensweisen Die Richtlinien und Verfahrensweisen&hellip;\" \/>\r\n<meta property=\"og:url\" content=\"https:\/\/dev-rci-insurance.iconsandbox.com\/de\/about\/unternehmenswerte\/\" \/>\r\n<meta property=\"og:site_name\" content=\"RCI INSURANCE\" \/>\r\n<meta name=\"twitter:card\" content=\"summary_large_image\" \/>\r\n<meta name=\"twitter:label1\" content=\"Gesch\u00e4tzte Lesezeit\" \/>\n\t<meta name=\"twitter:data1\" content=\"2\u00a0Minuten\" \/>\r\n<script type=\"application\/ld+json\" class=\"yoast-schema-graph\">{\"@context\":\"https:\/\/schema.org\",\"@graph\":[{\"@type\":\"WebPage\",\"@id\":\"https:\/\/dev-rci-insurance.iconsandbox.com\/de\/about\/unternehmenswerte\/\",\"url\":\"https:\/\/dev-rci-insurance.iconsandbox.com\/de\/about\/unternehmenswerte\/\",\"name\":\"Unternehmenswerte - RCI INSURANCE\",\"isPartOf\":{\"@id\":\"http:\/\/dev-rci-insurance.iconsandbox.com\/pl\/#website\"},\"datePublished\":\"2023-04-20T10:25:11+00:00\",\"dateModified\":\"2023-04-20T10:25:11+00:00\",\"breadcrumb\":{\"@id\":\"https:\/\/dev-rci-insurance.iconsandbox.com\/de\/about\/unternehmenswerte\/#breadcrumb\"},\"inLanguage\":\"de\",\"potentialAction\":[{\"@type\":\"ReadAction\",\"target\":[\"https:\/\/dev-rci-insurance.iconsandbox.com\/de\/about\/unternehmenswerte\/\"]}]},{\"@type\":\"BreadcrumbList\",\"@id\":\"https:\/\/dev-rci-insurance.iconsandbox.com\/de\/about\/unternehmenswerte\/#breadcrumb\",\"itemListElement\":[{\"@type\":\"ListItem\",\"position\":1,\"name\":\"Home\",\"item\":\"http:\/\/dev-rci-insurance.iconsandbox.com\/de\/\"},{\"@type\":\"ListItem\",\"position\":2,\"name\":\"\u00dcber RCI Insurance\",\"item\":\"https:\/\/dev-rci-insurance.iconsandbox.com\/de\/about\/\"},{\"@type\":\"ListItem\",\"position\":3,\"name\":\"Unternehmenswerte\"}]},{\"@type\":\"WebSite\",\"@id\":\"http:\/\/dev-rci-insurance.iconsandbox.com\/pl\/#website\",\"url\":\"http:\/\/dev-rci-insurance.iconsandbox.com\/pl\/\",\"name\":\"RCI INSURANCE\",\"description\":\"\",\"potentialAction\":[{\"@type\":\"SearchAction\",\"target\":{\"@type\":\"EntryPoint\",\"urlTemplate\":\"http:\/\/dev-rci-insurance.iconsandbox.com\/pl\/?s={search_term_string}\"},\"query-input\":{\"@type\":\"PropertyValueSpecification\",\"valueRequired\":true,\"valueName\":\"search_term_string\"}}],\"inLanguage\":\"de\"}]}<\/script>\r\n<!-- \/ Yoast SEO plugin. -->","yoast_head_json":{"title":"Unternehmenswerte - RCI INSURANCE","robots":{"index":"index","follow":"follow","max-snippet":"max-snippet:-1","max-image-preview":"max-image-preview:large","max-video-preview":"max-video-preview:-1"},"canonical":"https:\/\/dev-rci-insurance.iconsandbox.com\/de\/about\/unternehmenswerte\/","og_locale":"de_DE","og_type":"article","og_title":"Unternehmenswerte - RCI INSURANCE","og_description":"Solide Unternehmensf\u00fchrungspraktiken stellen sicher, dass RCI Life Limited und RCI Insurance Limited (\u201edie Unternehmen\u201c) weiterhin ihre Gesch\u00e4ftsziele erreichen und gleichzeitig die Interessen von Versicherungsnehmern, Aktion\u00e4ren und anderen Interessengruppen durch nachhaltiges und langfristiges Wachstum f\u00f6rdern. Die Governance-Struktur der Unternehmen f\u00f6rdert: Transparenz Klar definierte Rollen und Zust\u00e4ndigkeitsbereiche Rechenschaftspflicht Effektiven Informationsfluss Richtlinien und Verfahrensweisen Die Richtlinien und Verfahrensweisen&hellip;","og_url":"https:\/\/dev-rci-insurance.iconsandbox.com\/de\/about\/unternehmenswerte\/","og_site_name":"RCI INSURANCE","twitter_card":"summary_large_image","twitter_misc":{"Gesch\u00e4tzte Lesezeit":"2\u00a0Minuten"},"schema":{"@context":"https:\/\/schema.org","@graph":[{"@type":"WebPage","@id":"https:\/\/dev-rci-insurance.iconsandbox.com\/de\/about\/unternehmenswerte\/","url":"https:\/\/dev-rci-insurance.iconsandbox.com\/de\/about\/unternehmenswerte\/","name":"Unternehmenswerte - RCI INSURANCE","isPartOf":{"@id":"http:\/\/dev-rci-insurance.iconsandbox.com\/pl\/#website"},"datePublished":"2023-04-20T10:25:11+00:00","dateModified":"2023-04-20T10:25:11+00:00","breadcrumb":{"@id":"https:\/\/dev-rci-insurance.iconsandbox.com\/de\/about\/unternehmenswerte\/#breadcrumb"},"inLanguage":"de","potentialAction":[{"@type":"ReadAction","target":["https:\/\/dev-rci-insurance.iconsandbox.com\/de\/about\/unternehmenswerte\/"]}]},{"@type":"BreadcrumbList","@id":"https:\/\/dev-rci-insurance.iconsandbox.com\/de\/about\/unternehmenswerte\/#breadcrumb","itemListElement":[{"@type":"ListItem","position":1,"name":"Home","item":"http:\/\/dev-rci-insurance.iconsandbox.com\/de\/"},{"@type":"ListItem","position":2,"name":"\u00dcber RCI Insurance","item":"https:\/\/dev-rci-insurance.iconsandbox.com\/de\/about\/"},{"@type":"ListItem","position":3,"name":"Unternehmenswerte"}]},{"@type":"WebSite","@id":"http:\/\/dev-rci-insurance.iconsandbox.com\/pl\/#website","url":"http:\/\/dev-rci-insurance.iconsandbox.com\/pl\/","name":"RCI INSURANCE","description":"","potentialAction":[{"@type":"SearchAction","target":{"@type":"EntryPoint","urlTemplate":"http:\/\/dev-rci-insurance.iconsandbox.com\/pl\/?s={search_term_string}"},"query-input":{"@type":"PropertyValueSpecification","valueRequired":true,"valueName":"search_term_string"}}],"inLanguage":"de"}]}},"_links":{"self":[{"href":"http:\/\/dev-rci-insurance.iconsandbox.com\/de\/wp-json\/wp\/v2\/pages\/7082","targetHints":{"allow":["GET"]}}],"collection":[{"href":"http:\/\/dev-rci-insurance.iconsandbox.com\/de\/wp-json\/wp\/v2\/pages"}],"about":[{"href":"http:\/\/dev-rci-insurance.iconsandbox.com\/de\/wp-json\/wp\/v2\/types\/page"}],"author":[{"embeddable":true,"href":"http:\/\/dev-rci-insurance.iconsandbox.com\/de\/wp-json\/wp\/v2\/users\/1"}],"replies":[{"embeddable":true,"href":"http:\/\/dev-rci-insurance.iconsandbox.com\/de\/wp-json\/wp\/v2\/comments?post=7082"}],"version-history":[{"count":1,"href":"http:\/\/dev-rci-insurance.iconsandbox.com\/de\/wp-json\/wp\/v2\/pages\/7082\/revisions"}],"predecessor-version":[{"id":7083,"href":"http:\/\/dev-rci-insurance.iconsandbox.com\/de\/wp-json\/wp\/v2\/pages\/7082\/revisions\/7083"}],"up":[{"embeddable":true,"href":"http:\/\/dev-rci-insurance.iconsandbox.com\/de\/wp-json\/wp\/v2\/pages\/266"}],"wp:attachment":[{"href":"http:\/\/dev-rci-insurance.iconsandbox.com\/de\/wp-json\/wp\/v2\/media?parent=7082"}],"curies":[{"name":"wp","href":"https:\/\/api.w.org\/{rel}","templated":true}]}}