{"id":499,"date":"2017-12-20T09:57:55","date_gmt":"2017-12-20T09:57:55","guid":{"rendered":"http:\/\/rci.stg.iconsandbox.com\/?page_id=499"},"modified":"2023-06-13T13:51:01","modified_gmt":"2023-06-13T11:51:01","slug":"nutzung-von-cookies","status":"publish","type":"page","link":"http:\/\/dev-rci-insurance.iconsandbox.com\/de\/nutzung-von-cookies\/","title":{"rendered":"Verwendung von Cookies"},"content":{"rendered":"<p>Unsere Websites und Apps verwenden Technologien wie Cookies, um Ihnen ein hochwertiges, fl\u00fcssiges und personalisiertes Benutzererlebnis zu bieten. Die Informationen in dieser Richtlinie erg\u00e4nzen die Informationen zum Schutz personenbezogener Daten\u00a0<a href=\"http:\/\/dev-rci-insurance.iconsandbox.com\/de\/rechtlich\/7935-2\/\">Datenschutzrichtlinie<\/a><\/p>\n<p>Der Schutz Ihrer Online-Daten hat f\u00fcr Mobilize Financial Services Priorit\u00e4t. Sie k\u00f6nnen Ihre Entscheidungen in Bezug auf Cookies jederzeit \u00e4ndern, indem Sie unser Cookie-Verwaltungstool verwenden: <strong>Meine Auswahl Verwalten<\/strong><\/p>\n<p>Wer sind wir?<\/p>\n<p>RCI Malta und Mobilize Financial Services sind unabh\u00e4ngige Datenverantwortliche f\u00fcr die Daten, die von den Cookies und anderen Trackern, die auf Ihrem Ger\u00e4t gelesen oder platziert werden, erfasst werden (im Folgenden &#8220;wir&#8221;, &#8220;uns&#8221;, &#8220;unser&#8221;).<\/p>\n<p>Um mehr zu erfahren, lesen Sie bitte die Informationen zum Schutz personenbezogener Daten\u00a0<a href=\"http:\/\/dev-rci-insurance.iconsandbox.com\/de\/rechtlich\/7935-2\/\">Datenschutzrichtlinie<\/a><\/p>\n<div class=\"lightweight-accordion\"><details><summary class=\"lightweight-accordion-title\"><span><strong>WAS SIND COOKIES?<\/span><\/summary><div class=\"lightweight-accordion-body\"><p>Ein Cookie ist eine kleine Computerdatei, ein Tracker, der beim Besuch einer Webseite, bei der Nutzung einer mobilen App, beim Lesen einer E-Mail, bei der Installation oder Nutzung von Software, unabh\u00e4ngig von der Art des verwendeten Endger\u00e4ts (Computer, Smartphone, digitales Leseger\u00e4t, Videospielkonsole mit Internetanschluss usw.), hinterlegt und gelesen wird.<\/p>\n<p>Beim Besuch einer Webseite k\u00f6nnen Cookies Informationen an den Browser des Nutzers senden und es dem Browser erm\u00f6glichen, Informationen an die urspr\u00fcngliche Webseite zur\u00fcckzusenden (z. B. eine Sitzungs-ID oder die Wahl der Sprache).<\/p>\n<p>Cookies erm\u00f6glichen es uns nicht, Sie direkt zu identifizieren, sondern lediglich, spezifische Informationen \u00fcber Ihr Ger\u00e4t, Ihren Browser, Ihre Interaktionen mit der von Ihnen genutzten Webseite oder App und in einigen F\u00e4llen \u00fcber Ihre geografische Position zu sammeln.<\/p>\n<p>Die verwendeten Technologien k\u00f6nnen mehrere der von Ihnen verwendeten Ger\u00e4te miteinander verkn\u00fcpfen, um mit hinreichender Wahrscheinlichkeit feststellen zu k\u00f6nnen, dass diese Ger\u00e4te Ihnen geh\u00f6ren.<\/p>\n<\/div><\/details><\/div>\n<div class=\"lightweight-accordion\"><details><summary class=\"lightweight-accordion-title\"><span><strong>WOF\u00dcR WERDEN COOKIES AUF DIESER WEBSEITE VERWENDET?<\/strong><\/span><\/summary><div class=\"lightweight-accordion-body\"><p>Diese Webseite verwendet verschiedene Arten von Cookies.<\/p>\n<p><strong>Technische Cookies<\/strong><\/p>\n<p>Diese Cookies dienen der Erm\u00f6glichung oder Erleichterung der elektronischen Kommunikation (Erkennung von Verbindungsfehlern, Identifizierung von Verbindungspunkten, Sicherheit der Webseite usw.) oder der Bereitstellung von Online-Kommunikationsdiensten, die Sie m\u00f6glicherweise ausdr\u00fccklich anfordern (Pr\u00e4ferenzen f\u00fcr die Bildschirmanzeige, Speicherung der in die Formulare eingegebenen Informationen, Warenkorb (falls zutreffend), Zugang zu Ihrem Benutzerkonto, Chat oder Chatbot auf unserer Webseite usw.).<\/p>\n<p>Diese Cookies sind f\u00fcr das reibungslose Funktionieren unserer Webseite erforderlich.<\/p>\n<p>Sie k\u00f6nnen der Verwendung dieser Cookies nicht widersprechen, und Ihre Zustimmung ist nicht erforderlich, da die Dienste auf unserer Webseite auf diese Cookies angewiesen sind.<\/p>\n<p><strong>Soziale Cookies<\/strong><\/p>\n<p>Soziale Cookies werden von uns zu Werbe- und Analysezwecken verwendet, insbesondere um Ihnen unsere Anzeigen zu zeigen, wenn Sie mit sozialen Netzwerken (Facebook, Twitter, LinkedIn, TikTok usw.) verbunden sind, und um uns zu helfen, die Interaktionen und das Engagement der Nutzer mit unseren Anzeigen in diesen sozialen Netzwerken zu verstehen.<\/p>\n<p>Diese Cookies dienen auch dazu, die Webseite benutzerfreundlicher und interaktiver zu gestalten, indem sie es Ihnen erm\u00f6glichen, mit diesen sozialen Netzwerken zu interagieren und Inhalte aus diesen sozialen Netzwerken auf unserer Webseite einzubetten (z. B. YouTube-Videos).<\/p>\n<p>Diese Cookies k\u00f6nnen Daten verarbeiten, wie z. B. die Anzahl der \u00fcber soziale Netzwerke geteilten Inhalte, die Tatsache, dass Sie ein Konto bei einem sozialen Netzwerk haben, die Verfolgung Ihres Surfverhaltens auf Webseiten oder in diesen sozialen Netzwerken, usw. Diese Funktionen basieren auf Anwendungen Dritter, die in unsere Webseite integriert sind. Das soziale Netzwerk, das eine solche Anwendungsschaltfl\u00e4che bereitstellt, kann Sie wahrscheinlich \u00fcber diese Schaltfl\u00e4che identifizieren, auch wenn Sie diese Schaltfl\u00e4che beim Besuch unserer Webseite nicht verwendet haben. Diese Art von Anwendungsschaltfl\u00e4chen kann es dem betreffenden sozialen Netzwerk erm\u00f6glichen, Ihr Surfen auf unserer Webseite zu verfolgen, und zwar allein aufgrund der Tatsache, dass Ihr Konto bei dem betreffenden sozialen Netzwerk auf Ihrem Ger\u00e4t aktiviert war (offene Sitzung), w\u00e4hrend Sie auf unserer Webseite surften.<\/p>\n<p>Wir empfehlen Ihnen, die entsprechenden Datenschutzrichtlinien dieser sozialen Netzwerke abzurufen, um sich dar\u00fcber zu informieren, wie diese sozialen Netzwerke die von ihnen \u00fcber diese Anwendungsschaltfl\u00e4chen oder zu Werbezwecken gesammelten Daten verwenden. Diese Datenschutzbestimmungen m\u00fcssen es Ihnen erm\u00f6glichen, Ihre Pr\u00e4ferenzen in diesen sozialen Netzwerken zum Ausdruck zu bringen, insbesondere durch die Einrichtung Ihrer Benutzerkonten f\u00fcr jedes dieser Netzwerke.<\/p>\n<p>Die Verwendung und Speicherung dieser Cookies unterliegt Ihrer Zustimmung.<\/p>\n<p>Personalisierte Werbungs- und Inhalts-Cookies<\/p>\n<p>Diese Cookies dienen dazu, die Relevanz von Werbung und Inhalten auf dieser Webseite und auf Medien Dritter zu verbessern. Wenn wir Ihnen Werbenachrichten senden oder solche Nachrichten anzeigen, ist es unser Ziel, Ihnen m\u00f6glichst relevante, auf Ihre Bed\u00fcrfnisse zugeschnittene Werbung und Angebote zu senden, die Sie wahrscheinlich tats\u00e4chlich interessieren.<\/p>\n<p>Diese Cookies k\u00f6nnen Daten verarbeiten, die sich auf Ihre pers\u00f6nlichen Vorlieben, Ihre Interessen an unseren Produkten und\/oder Dienstleistungen und Ihre Konsumgewohnheiten beziehen.<\/p>\n<p>Diese automatisierte Datenverarbeitung tr\u00e4gt somit zu einem besseren Online-Erlebnis bei:<br \/>\n&#8211; indem Ihnen relevante Angebote zum richtigen Zeitpunkt angezeigt werden,<br \/>\n&#8211; indem Angebote, die Sie h\u00f6chstwahrscheinlich nicht interessieren werden, verworfen werden,<br \/>\n&#8211; oder auch indem die Anzahl der Anzeigen, die Ihnen angezeigt werden, begrenzt wird.<\/p>\n<p>Diese Verarbeitungen k\u00f6nnen beispielsweise dazu f\u00fchren, dass wir Ihnen Informationen \u00fcber das von Ihnen wahrscheinlich bevorzugte Fahrzeugsegment zukommen lassen (eher ein SUV als ein Stadtauto, oder umgekehrt).<\/p>\n<p>Die in diesem Zusammenhang verarbeiteten Daten k\u00f6nnen aus verschiedenen Quellen stammen und miteinander verkn\u00fcpft sein: Daten aus unseren Kundendateien, Navigationsdaten, Daten von Dritten, Daten \u00fcber die Nutzung Ihres Fahrzeugs usw. Die Verwendung solcher Instrumente wird in den Vorschriften als Profiling bezeichnet.<\/p>\n<p>Die Verwendung und Speicherung dieser Cookies unterliegt Ihrer Zustimmung.<\/p>\n<p><strong>Analyse-Cookies<\/strong><\/p>\n<p>Diese Cookies dienen der Analyse des Webseitenverkehrs und der Verbesserung Ihres Surferlebnisses.<\/p>\n<p>Diese Cookies k\u00f6nnen Daten verarbeiten, die sich auf die besuchten Seiten, die Verweildauer auf den besuchten Seiten, den Browser, den Sie zum Besuch dieser Seiten verwenden, usw. beziehen.<\/p>\n<p>Die von diesen Cookies erfassten Daten k\u00f6nnen auch zur Erstellung von Algorithmen und Profilen verwendet werden, um Ihre potenziellen Interessen und Vorlieben f\u00fcr unsere Produkte und Dienstleistungen zu analysieren. Wir k\u00f6nnen diese Daten mit anderen Informationen kombinieren, z. B. mit Informationen aus unserer Kundendatenbank (weitere Informationen zum Profiling und wie Sie diesem widersprechen k\u00f6nnen, finden Sie in unseren Informationen zum Schutz personenbezogener Daten\u00a0<a href=\"http:\/\/dev-rci-insurance.iconsandbox.com\/de\/rechtlich\/7935-2\/\">Datenschutzrichtlinie<\/a><\/p>\n<p>Die Verwendung und Speicherung dieser Cookies unterliegt Ihrer Zustimmung. Unter bestimmten Bedingungen k\u00f6nnen diese Cookies ohne Ihre Zustimmung platziert\/gelesen werden, zum Beispiel wenn der Zweck der Cookies ausschlie\u00dflich darin besteht, die von Ihnen besuchten Inhalte zu analysieren.<\/p>\n<\/div><\/details><\/div>\n<div class=\"lightweight-accordion\"><details><summary class=\"lightweight-accordion-title\"><span><strong>WELCHE COOKIES WERDEN AUF DIESER WEBSEITE VERWENDET?<\/strong><\/span><\/summary><div class=\"lightweight-accordion-body\"><p>Die beigef\u00fcgte Tabelle enth\u00e4lt eine Liste aller von dieser Webseite gespeicherten und\/oder verwendeten Cookies und deren Hauptmerkmale. Sofern m\u00f6glich, werden diese Cookies auf Servern im Europ\u00e4ischen Wirtschaftsraum (EWR) gehostet. Da jedoch einige unserer Dienstleister in L\u00e4ndern au\u00dferhalb des EWR ans\u00e4ssig sind, werden Ihre personenbezogenen Daten in diesen L\u00e4ndern verarbeitet, in denen m\u00f6glicherweise andere Vorschriften f\u00fcr personenbezogene Daten gelten als in der Europ\u00e4ischen Union. In einem solchen Fall (i) achten wir sorgf\u00e4ltig darauf, dass diese \u00dcbermittlung im Einklang mit den geltenden Vorschriften erfolgt, und (ii) treffen wir Vorkehrungen, die ein angemessenes Schutzniveau f\u00fcr Ihre Daten gew\u00e4hrleisten (insbesondere durch Verwendung der Standardvertragsklauseln der Europ\u00e4ischen Kommission).<\/p>\n<p>Unsere Webseite kann Cookies von Dritten (Kommunikationsagenturen, Analysedienste usw.) enthalten, die es ihnen erm\u00f6glichen, w\u00e4hrend der Lebensdauer der Cookies Informationen \u00fcber die Navigation auf unserer Webseite zu sammeln. Die Speicherung und Verwendung dieser Cookies durch Dritte unterliegt den Datenschutzbestimmungen dieser Dritten. Wir informieren Sie \u00fcber den Zweck der Cookies von Drittanbietern auf unserer Webseite sowie \u00fcber die Mittel, die Ihnen zur Verf\u00fcgung stehen, um \u00fcber diese Cookies zu entscheiden.<\/p>\n<p><strong>Partnerinhaber des Cookies<\/strong>: Mobilize Financial Services<\/p>\n<p><strong>Zweck der Cookies<\/strong>:<\/p>\n<ul>\n<li>Technisch<\/li>\n<li>Sozial<\/li>\n<li>Personalisierte Werbung\/Inhalte<\/li>\n<li>Analyse<\/li>\n<\/ul>\n<\/div><\/details><\/div>\n<div class=\"lightweight-accordion\"><details><summary class=\"lightweight-accordion-title\"><span><strong>WIE WIRD IHRE ZUSTIMMUNG EINGEHOLT?<\/strong><\/span><\/summary><div class=\"lightweight-accordion-body\"><p>Wenn Sie unsere Webseite zum ersten Mal besuchen, werden Sie aufgefordert, der Verwendung von Cookies zuzustimmen oder sie abzulehnen oder bestimmte Entscheidungen \u00fcber die Verwendung von Cookies zu treffen, indem ein spezielles Informationsbanner angezeigt wird.<\/p>\n<p>Sie k\u00f6nnen Ihre Zustimmung jederzeit widerrufen oder Ihre Auswahl (z. B. indem Sie nur bestimmte Arten von Cookies akzeptieren) mit unserem speziellen Tool\u00a0<strong>[Link zum \u00d6ffnen des Cookie-Management-Tools] \u00e4ndern.<\/strong><\/p>\n<p>Bitte beachten Sie, dass Cookies, die f\u00fcr das Funktionieren der Webseite erforderlich sind, gem\u00e4\u00df den Vorschriften nicht Ihrer Zustimmung unterliegen und daher in unserem Cookie-Management-Tool nicht deaktiviert werden k\u00f6nnen. Sie k\u00f6nnen deren Verwendung verhindern, indem Sie die Einstellungen Ihres Browsers \u00e4ndern (siehe Abschnitt &#8220;Ablehnung von Cookies&#8221; weiter unten), aber die Qualit\u00e4t Ihrer Benutzererfahrung auf der Webseite kann darunter leiden.<\/p>\n<\/div><\/details><\/div>\n<div class=\"lightweight-accordion\"><details><summary class=\"lightweight-accordion-title\"><span><strong>WIE LANGE WIRD IHRE ZUSTIMMUNG GESPEICHERT?<\/strong><\/span><\/summary><div class=\"lightweight-accordion-body\"><p>Wenn Sie Cookies auf unserer Webseite ganz oder teilweise akzeptieren oder ablehnen, wird Ihre Wahl gespeichert und aufbewahrt (und wir speichern Ihre Pr\u00e4ferenzen), und zwar f\u00fcr h\u00f6chstens 6 Monate. Das bedeutet, dass wir Sie bei einem sp\u00e4teren Besuch unserer Webseite w\u00e4hrend dieses Zeitraums nicht zu einer Handlung in Bezug auf Cookies auffordern werden, da wir Ihre gespeicherten Einstellungen gespeichert haben.<\/p>\n<p>Nach Ablauf dieses Zeitraums werden wir Sie erneut bitten, der Verwendung von Cookies zuzustimmen oder sie abzulehnen oder bestimmte Entscheidungen zu treffen.<\/p>\n<\/div><\/details><\/div>\n<div class=\"lightweight-accordion\"><details><summary class=\"lightweight-accordion-title\"><span><strong>WIE K\u00d6NNEN SIE COOKIES VERWALTEN?<\/strong><\/span><\/summary><div class=\"lightweight-accordion-body\"><p>Wie kann man Cookies ablehnen?<\/p>\n<p>Wenn Sie nicht m\u00f6chten, dass Cookies auf Ihrem Ger\u00e4t gespeichert oder gelesen werden, wird ein Ablehnungs-Cookie auf Ihrem Ger\u00e4t gespeichert, damit wir es speichern k\u00f6nnen, dass Sie der Verwendung von Cookies widersprochen haben. Wenn Sie diese Cookie-Verweigerung l\u00f6schen, k\u00f6nnen wir nicht mehr erkennen, dass Sie die Verwendung und Speicherung von Cookies abgelehnt haben (so dass Sie Ihre Einstellungen beim n\u00e4chsten Besuch unserer Webseite erneut vornehmen m\u00fcssen).<\/p>\n<p>Sie haben mehrere M\u00f6glichkeiten, Cookies zu verwalten, u. a. ihre Blockierung oder ihre L\u00f6schung.<\/p>\n<p>&nbsp;<\/p>\n<p><strong>Cookie-Verwaltungstool ein Cookie-Verwaltungstool<\/strong><\/p>\n<p>Ein Cookie-Verwaltungstool mit dem Sie Ihre Cookie-Pr\u00e4ferenzen verwalten k\u00f6nnen, wird bereitgestellt, um Ihnen die Verwaltung der auf dieser Webseite gespeicherten und\/oder verwendeten Cookies zu erm\u00f6glichen. \u00dcber diesen Link k\u00f6nnen Sie jederzeit auf den Konfigurator zugreifen und Ihre Einstellungen je nach Art des Cookies \u00e4ndern.<\/p>\n<\/div><\/details><\/div>\n<div class=\"lightweight-accordion\"><details><summary class=\"lightweight-accordion-title\"><span><strong>VERWALTUNG DER COOKIES<\/strong><\/span><\/summary><div class=\"lightweight-accordion-body\"><p><strong>Browsereinstellungen<\/strong><\/p>\n<p>Sie k\u00f6nnen Cookies auch \u00fcber Ihren Browser verwalten.<\/p>\n<p>Die meisten Browser sind standardm\u00e4\u00dfig so eingestellt, dass sie Cookies akzeptieren, aber Sie k\u00f6nnen alle Cookies akzeptieren, Cookies systematisch ablehnen oder ausw\u00e4hlen, welche Cookies Sie akzeptieren, je nachdem, woher sie kommen. Sie k\u00f6nnen Cookies auch regelm\u00e4\u00dfig \u00fcber Ihren Browser von Ihrem Ger\u00e4t l\u00f6schen.<\/p>\n<p>Vergessen Sie jedoch nicht, alle Browser auf Ihren verschiedenen Ger\u00e4ten (Tablets, Smartphones, Computer usw.) einzurichten.<\/p>\n<p>Jeder Browser hat eine andere Einstellung f\u00fcr die Verwaltung von Cookies und Ihre Wahlm\u00f6glichkeiten. Dies wird im Hilfemen\u00fc Ihres Browsers beschrieben, wo Sie erfahren, wie Sie Ihre Cookie-Einstellungen \u00e4ndern k\u00f6nnen. |||UNTRANSLATED_CONTENT_START|||For instance:<br \/>\n\u2022 for Internet Explorer\u2122:\u00a0<a href=\"http:\/\/windows.microsoft.com\/fr-FR\/windows-vista\/Block-or-allow-cookies\">http:\/\/windows.microsoft.com\/fr-FR\/windows-vista\/Block-or-allow-cookies<\/a>\u00a0;<br \/>\n\u2022 for Safari\u2122:\u00a0<a href=\"https:\/\/support.apple.com\/fr-fr\/safari\">https:\/\/support.apple.com\/fr-fr\/safari<\/a>\u00a0;<br \/>\n\u2022 for Chrome\u2122:\u00a0<a href=\"http:\/\/support.google.com\/chrome\/bin\/answer.py?hl=fr&amp;hlrm=en&amp;answer=95647\">http:\/\/support.google.com\/chrome\/bin\/answer.py?hl=fr&amp;hlrm=en&amp;answer=95647<\/a>\u00a0;<br \/>\n\u2022 for Firefox\u2122:\u00a0<a href=\"http:\/\/support.mozilla.org\/fr\/kb\/Activer%20et%20d%C3%A9sactiver%20les%20cookies\">http:\/\/support.mozilla.org\/fr\/kb\/Activer%20et%20d%C3%A9sactiver%20les%20cookies<\/a>\u00a0;<br \/>\n\u2022 for Opera\u2122:\u00a0<a href=\"http:\/\/help.opera.com\/Windows\/10.20\/fr\/cookies.html\">http:\/\/help.opera.com\/Windows\/10.20\/fr\/cookies.html<\/a>|||UNTRANSLATED_CONTENT_END|||<\/p>\n<p>&nbsp;<\/p>\n<p>Sie k\u00f6nnen einige Cookies von Drittanbietern deaktivieren<strong>,<\/strong> indem Sie direkt auf die Seite des Herausgebers des Cookies gehen.Dies geschieht auf diese Weise:<\/p>\n<p>\u2013 Um die Cookies von Google Analytics zu deaktivieren, klicken Sie hier:\u00a0<a href=\"https:\/\/tools.google.com\/dlpage\/gaoptout?hl=en\">https:\/\/tools.google.com\/dlpage\/gaoptout?hl=de<\/a><\/p>\n<\/div><\/details><\/div>\n<div class=\"lightweight-accordion\"><details><summary class=\"lightweight-accordion-title\"><span><strong>WIE K\u00d6NNEN SIE IHRE RECHTE AUS\u00dcBEN?<\/strong><\/span><\/summary><div class=\"lightweight-accordion-body\"><p>Gem\u00e4\u00df den geltenden Rechtsvorschriften zum Schutz personenbezogener Daten haben Sie das Recht auf Zugang, Berichtigung, Widerspruch, Einschr\u00e4nkung und L\u00f6schung Ihrer personenbezogenen Daten. Um Ihre weiteren Rechte wahrzunehmen, rufen Sie bitte unsere Informationen zum Schutz Ihrer personenbezogenen Daten hier ab &#8211; <a href=\"http:\/\/dev-rci-insurance.iconsandbox.com\/de\/rechtlich\/7935-2\/\">Datenschutzrichtlinie<\/a><\/p>\n<\/div><\/details><\/div>\n<div class=\"lightweight-accordion\"><details><summary class=\"lightweight-accordion-title\"><span><strong>\u00c4NDERUNGEN<\/strong><\/span><\/summary><div class=\"lightweight-accordion-body\"><p>Wir behalten uns das Recht vor, diese Richtlinien von Zeit zu Zeit zu \u00e4ndern. Wir werden Sie informieren und\/oder Ihre Zustimmung einholen, wann immer dies notwendig ist. Wir empfehlen Ihnen daher, diese Richtlinie bei jedem Besuch unserer Webseite abzurufen.<\/p>\n<p>Version 1: 27.05.2021<\/p>\n<\/div><\/details><\/div>\n","protected":false},"excerpt":{"rendered":"Unsere Websites und Apps verwenden Technologien wie Cookies, um Ihnen ein hochwertiges, fl\u00fcssiges und personalisiertes Benutzererlebnis zu bieten. Die Informationen in dieser Richtlinie erg\u00e4nzen die Informationen zum Schutz personenbezogener Daten\u00a0Datenschutzrichtlinie Der Schutz Ihrer Online-Daten hat f\u00fcr Mobilize Financial Services Priorit\u00e4t. Sie k\u00f6nnen Ihre Entscheidungen in Bezug auf Cookies jederzeit \u00e4ndern, indem Sie unser Cookie-Verwaltungstool verwenden:&hellip;","protected":false},"author":1,"featured_media":0,"parent":0,"menu_order":0,"comment_status":"closed","ping_status":"closed","template":"","meta":{"_acf_changed":false,"footnotes":""},"class_list":["post-499","page","type-page","status-publish","hentry"],"acf":[],"yoast_head":"<!-- This site is optimized with the Yoast SEO plugin v24.3 - https:\/\/yoast.com\/wordpress\/plugins\/seo\/ -->\r\n<title>Verwendung von Cookies - RCI INSURANCE<\/title>\r\n<meta name=\"robots\" content=\"index, follow, max-snippet:-1, max-image-preview:large, max-video-preview:-1\" \/>\r\n<link rel=\"canonical\" href=\"http:\/\/dev-rci-insurance.iconsandbox.com\/de\/nutzung-von-cookies\/\" \/>\r\n<meta property=\"og:locale\" content=\"de_DE\" \/>\r\n<meta property=\"og:type\" content=\"article\" \/>\r\n<meta property=\"og:title\" content=\"Verwendung von Cookies - RCI INSURANCE\" \/>\r\n<meta property=\"og:description\" content=\"Unsere Websites und Apps verwenden Technologien wie Cookies, um Ihnen ein hochwertiges, fl\u00fcssiges und personalisiertes Benutzererlebnis zu bieten. Die Informationen in dieser Richtlinie erg\u00e4nzen die Informationen zum Schutz personenbezogener Daten\u00a0Datenschutzrichtlinie Der Schutz Ihrer Online-Daten hat f\u00fcr Mobilize Financial Services Priorit\u00e4t. Sie k\u00f6nnen Ihre Entscheidungen in Bezug auf Cookies jederzeit \u00e4ndern, indem Sie unser Cookie-Verwaltungstool verwenden:&hellip;\" \/>\r\n<meta property=\"og:url\" content=\"http:\/\/dev-rci-insurance.iconsandbox.com\/de\/nutzung-von-cookies\/\" \/>\r\n<meta property=\"og:site_name\" content=\"RCI INSURANCE\" \/>\r\n<meta property=\"article:modified_time\" content=\"2023-06-13T11:51:01+00:00\" \/>\r\n<meta name=\"twitter:card\" content=\"summary_large_image\" \/>\r\n<meta name=\"twitter:label1\" content=\"Gesch\u00e4tzte Lesezeit\" \/>\n\t<meta name=\"twitter:data1\" content=\"8\u00a0Minuten\" \/>\r\n<script type=\"application\/ld+json\" class=\"yoast-schema-graph\">{\"@context\":\"https:\/\/schema.org\",\"@graph\":[{\"@type\":\"WebPage\",\"@id\":\"http:\/\/dev-rci-insurance.iconsandbox.com\/de\/nutzung-von-cookies\/\",\"url\":\"http:\/\/dev-rci-insurance.iconsandbox.com\/de\/nutzung-von-cookies\/\",\"name\":\"Verwendung von Cookies - RCI INSURANCE\",\"isPartOf\":{\"@id\":\"http:\/\/dev-rci-insurance.iconsandbox.com\/pl\/#website\"},\"datePublished\":\"2017-12-20T09:57:55+00:00\",\"dateModified\":\"2023-06-13T11:51:01+00:00\",\"breadcrumb\":{\"@id\":\"http:\/\/dev-rci-insurance.iconsandbox.com\/de\/nutzung-von-cookies\/#breadcrumb\"},\"inLanguage\":\"de\",\"potentialAction\":[{\"@type\":\"ReadAction\",\"target\":[\"http:\/\/dev-rci-insurance.iconsandbox.com\/de\/nutzung-von-cookies\/\"]}]},{\"@type\":\"BreadcrumbList\",\"@id\":\"http:\/\/dev-rci-insurance.iconsandbox.com\/de\/nutzung-von-cookies\/#breadcrumb\",\"itemListElement\":[{\"@type\":\"ListItem\",\"position\":1,\"name\":\"Home\",\"item\":\"http:\/\/dev-rci-insurance.iconsandbox.com\/de\/\"},{\"@type\":\"ListItem\",\"position\":2,\"name\":\"Verwendung von Cookies\"}]},{\"@type\":\"WebSite\",\"@id\":\"http:\/\/dev-rci-insurance.iconsandbox.com\/pl\/#website\",\"url\":\"http:\/\/dev-rci-insurance.iconsandbox.com\/pl\/\",\"name\":\"RCI INSURANCE\",\"description\":\"\",\"potentialAction\":[{\"@type\":\"SearchAction\",\"target\":{\"@type\":\"EntryPoint\",\"urlTemplate\":\"http:\/\/dev-rci-insurance.iconsandbox.com\/pl\/?s={search_term_string}\"},\"query-input\":{\"@type\":\"PropertyValueSpecification\",\"valueRequired\":true,\"valueName\":\"search_term_string\"}}],\"inLanguage\":\"de\"}]}<\/script>\r\n<!-- \/ Yoast SEO plugin. -->","yoast_head_json":{"title":"Verwendung von Cookies - RCI INSURANCE","robots":{"index":"index","follow":"follow","max-snippet":"max-snippet:-1","max-image-preview":"max-image-preview:large","max-video-preview":"max-video-preview:-1"},"canonical":"http:\/\/dev-rci-insurance.iconsandbox.com\/de\/nutzung-von-cookies\/","og_locale":"de_DE","og_type":"article","og_title":"Verwendung von Cookies - RCI INSURANCE","og_description":"Unsere Websites und Apps verwenden Technologien wie Cookies, um Ihnen ein hochwertiges, fl\u00fcssiges und personalisiertes Benutzererlebnis zu bieten. Die Informationen in dieser Richtlinie erg\u00e4nzen die Informationen zum Schutz personenbezogener Daten\u00a0Datenschutzrichtlinie Der Schutz Ihrer Online-Daten hat f\u00fcr Mobilize Financial Services Priorit\u00e4t. Sie k\u00f6nnen Ihre Entscheidungen in Bezug auf Cookies jederzeit \u00e4ndern, indem Sie unser Cookie-Verwaltungstool verwenden:&hellip;","og_url":"http:\/\/dev-rci-insurance.iconsandbox.com\/de\/nutzung-von-cookies\/","og_site_name":"RCI INSURANCE","article_modified_time":"2023-06-13T11:51:01+00:00","twitter_card":"summary_large_image","twitter_misc":{"Gesch\u00e4tzte Lesezeit":"8\u00a0Minuten"},"schema":{"@context":"https:\/\/schema.org","@graph":[{"@type":"WebPage","@id":"http:\/\/dev-rci-insurance.iconsandbox.com\/de\/nutzung-von-cookies\/","url":"http:\/\/dev-rci-insurance.iconsandbox.com\/de\/nutzung-von-cookies\/","name":"Verwendung von Cookies - RCI INSURANCE","isPartOf":{"@id":"http:\/\/dev-rci-insurance.iconsandbox.com\/pl\/#website"},"datePublished":"2017-12-20T09:57:55+00:00","dateModified":"2023-06-13T11:51:01+00:00","breadcrumb":{"@id":"http:\/\/dev-rci-insurance.iconsandbox.com\/de\/nutzung-von-cookies\/#breadcrumb"},"inLanguage":"de","potentialAction":[{"@type":"ReadAction","target":["http:\/\/dev-rci-insurance.iconsandbox.com\/de\/nutzung-von-cookies\/"]}]},{"@type":"BreadcrumbList","@id":"http:\/\/dev-rci-insurance.iconsandbox.com\/de\/nutzung-von-cookies\/#breadcrumb","itemListElement":[{"@type":"ListItem","position":1,"name":"Home","item":"http:\/\/dev-rci-insurance.iconsandbox.com\/de\/"},{"@type":"ListItem","position":2,"name":"Verwendung von Cookies"}]},{"@type":"WebSite","@id":"http:\/\/dev-rci-insurance.iconsandbox.com\/pl\/#website","url":"http:\/\/dev-rci-insurance.iconsandbox.com\/pl\/","name":"RCI INSURANCE","description":"","potentialAction":[{"@type":"SearchAction","target":{"@type":"EntryPoint","urlTemplate":"http:\/\/dev-rci-insurance.iconsandbox.com\/pl\/?s={search_term_string}"},"query-input":{"@type":"PropertyValueSpecification","valueRequired":true,"valueName":"search_term_string"}}],"inLanguage":"de"}]}},"_links":{"self":[{"href":"http:\/\/dev-rci-insurance.iconsandbox.com\/de\/wp-json\/wp\/v2\/pages\/499","targetHints":{"allow":["GET"]}}],"collection":[{"href":"http:\/\/dev-rci-insurance.iconsandbox.com\/de\/wp-json\/wp\/v2\/pages"}],"about":[{"href":"http:\/\/dev-rci-insurance.iconsandbox.com\/de\/wp-json\/wp\/v2\/types\/page"}],"author":[{"embeddable":true,"href":"http:\/\/dev-rci-insurance.iconsandbox.com\/de\/wp-json\/wp\/v2\/users\/1"}],"replies":[{"embeddable":true,"href":"http:\/\/dev-rci-insurance.iconsandbox.com\/de\/wp-json\/wp\/v2\/comments?post=499"}],"version-history":[{"count":9,"href":"http:\/\/dev-rci-insurance.iconsandbox.com\/de\/wp-json\/wp\/v2\/pages\/499\/revisions"}],"predecessor-version":[{"id":8194,"href":"http:\/\/dev-rci-insurance.iconsandbox.com\/de\/wp-json\/wp\/v2\/pages\/499\/revisions\/8194"}],"wp:attachment":[{"href":"http:\/\/dev-rci-insurance.iconsandbox.com\/de\/wp-json\/wp\/v2\/media?parent=499"}],"curies":[{"name":"wp","href":"https:\/\/api.w.org\/{rel}","templated":true}]}}