{"id":383,"date":"2017-12-19T16:30:07","date_gmt":"2017-12-19T16:30:07","guid":{"rendered":"http:\/\/rci.stg.iconsandbox.com\/?page_id=383"},"modified":"2024-03-11T16:07:15","modified_gmt":"2024-03-11T15:07:15","slug":"beschwerden","status":"publish","type":"page","link":"http:\/\/dev-rci-insurance.iconsandbox.com\/de\/beschwerden\/","title":{"rendered":"Beschwerden"},"content":{"rendered":"<p><strong>Eine beschwerde einreichen<\/strong> <strong>Unser Versprechen an Sie.<\/strong> RCI Insurance strebt danach, Ihnen hervorragenden Kundenservice zu bieten und hofft, Ihnen nie Grund zur Beschwerde zu geben.<\/p>\n","protected":false},"excerpt":{"rendered":"Eine beschwerde einreichen Unser Versprechen an Sie. RCI Insurance strebt danach, Ihnen hervorragenden Kundenservice zu bieten und hofft, Ihnen nie Grund zur Beschwerde zu geben.","protected":false},"author":1,"featured_media":0,"parent":0,"menu_order":0,"comment_status":"closed","ping_status":"closed","template":"","meta":{"_acf_changed":false,"footnotes":""},"class_list":["post-383","page","type-page","status-publish","hentry"],"acf":[],"yoast_head":"<!-- This site is optimized with the Yoast SEO plugin v24.3 - https:\/\/yoast.com\/wordpress\/plugins\/seo\/ -->\r\n<title>Beschwerden | RCI Insurance<\/title>\r\n<meta name=\"description\" content=\"RCI Insurance strebt danach, Ihnen hervorragenden Kundenservice zu bieten. M\u00f6glicherweise m\u00f6chten Sie dennoch eine Beschwerde einreichen. Diesen Prozess gestalten wir sehr einfach und Sie k\u00f6nnen Ihre Beschwerde problemlos einreichen.\" \/>\r\n<meta name=\"robots\" content=\"index, follow, max-snippet:-1, max-image-preview:large, max-video-preview:-1\" \/>\r\n<link rel=\"canonical\" href=\"http:\/\/dev-rci-insurance.iconsandbox.com\/de\/beschwerden\/\" \/>\r\n<meta property=\"og:locale\" content=\"de_DE\" \/>\r\n<meta property=\"og:type\" content=\"article\" \/>\r\n<meta property=\"og:title\" content=\"Beschwerden | RCI Insurance\" \/>\r\n<meta property=\"og:description\" content=\"RCI Insurance strebt danach, Ihnen hervorragenden Kundenservice zu bieten. M\u00f6glicherweise m\u00f6chten Sie dennoch eine Beschwerde einreichen. Diesen Prozess gestalten wir sehr einfach und Sie k\u00f6nnen Ihre Beschwerde problemlos einreichen.\" \/>\r\n<meta property=\"og:url\" content=\"http:\/\/dev-rci-insurance.iconsandbox.com\/de\/beschwerden\/\" \/>\r\n<meta property=\"og:site_name\" content=\"RCI INSURANCE\" \/>\r\n<meta property=\"article:modified_time\" content=\"2024-03-11T15:07:15+00:00\" \/>\r\n<meta name=\"twitter:card\" content=\"summary_large_image\" \/>\r\n<meta name=\"twitter:label1\" content=\"Gesch\u00e4tzte Lesezeit\" \/>\n\t<meta name=\"twitter:data1\" content=\"1\u00a0Minute\" \/>\r\n<script type=\"application\/ld+json\" class=\"yoast-schema-graph\">{\"@context\":\"https:\/\/schema.org\",\"@graph\":[{\"@type\":\"WebPage\",\"@id\":\"http:\/\/dev-rci-insurance.iconsandbox.com\/de\/beschwerden\/\",\"url\":\"http:\/\/dev-rci-insurance.iconsandbox.com\/de\/beschwerden\/\",\"name\":\"Beschwerden | RCI Insurance\",\"isPartOf\":{\"@id\":\"http:\/\/dev-rci-insurance.iconsandbox.com\/pt-pt\/#website\"},\"datePublished\":\"2017-12-19T16:30:07+00:00\",\"dateModified\":\"2024-03-11T15:07:15+00:00\",\"description\":\"RCI Insurance strebt danach, Ihnen hervorragenden Kundenservice zu bieten. M\u00f6glicherweise m\u00f6chten Sie dennoch eine Beschwerde einreichen. Diesen Prozess gestalten wir sehr einfach und Sie k\u00f6nnen Ihre Beschwerde problemlos einreichen.\",\"breadcrumb\":{\"@id\":\"http:\/\/dev-rci-insurance.iconsandbox.com\/de\/beschwerden\/#breadcrumb\"},\"inLanguage\":\"de\",\"potentialAction\":[{\"@type\":\"ReadAction\",\"target\":[\"http:\/\/dev-rci-insurance.iconsandbox.com\/de\/beschwerden\/\"]}]},{\"@type\":\"BreadcrumbList\",\"@id\":\"http:\/\/dev-rci-insurance.iconsandbox.com\/de\/beschwerden\/#breadcrumb\",\"itemListElement\":[{\"@type\":\"ListItem\",\"position\":1,\"name\":\"Home\",\"item\":\"http:\/\/dev-rci-insurance.iconsandbox.com\/de\/\"},{\"@type\":\"ListItem\",\"position\":2,\"name\":\"Beschwerden\"}]},{\"@type\":\"WebSite\",\"@id\":\"http:\/\/dev-rci-insurance.iconsandbox.com\/pt-pt\/#website\",\"url\":\"http:\/\/dev-rci-insurance.iconsandbox.com\/pt-pt\/\",\"name\":\"RCI INSURANCE\",\"description\":\"\",\"potentialAction\":[{\"@type\":\"SearchAction\",\"target\":{\"@type\":\"EntryPoint\",\"urlTemplate\":\"http:\/\/dev-rci-insurance.iconsandbox.com\/pt-pt\/?s={search_term_string}\"},\"query-input\":{\"@type\":\"PropertyValueSpecification\",\"valueRequired\":true,\"valueName\":\"search_term_string\"}}],\"inLanguage\":\"de\"}]}<\/script>\r\n<!-- \/ Yoast SEO plugin. -->","yoast_head_json":{"title":"Beschwerden | RCI Insurance","description":"RCI Insurance strebt danach, Ihnen hervorragenden Kundenservice zu bieten. M\u00f6glicherweise m\u00f6chten Sie dennoch eine Beschwerde einreichen. Diesen Prozess gestalten wir sehr einfach und Sie k\u00f6nnen Ihre Beschwerde problemlos einreichen.","robots":{"index":"index","follow":"follow","max-snippet":"max-snippet:-1","max-image-preview":"max-image-preview:large","max-video-preview":"max-video-preview:-1"},"canonical":"http:\/\/dev-rci-insurance.iconsandbox.com\/de\/beschwerden\/","og_locale":"de_DE","og_type":"article","og_title":"Beschwerden | RCI Insurance","og_description":"RCI Insurance strebt danach, Ihnen hervorragenden Kundenservice zu bieten. M\u00f6glicherweise m\u00f6chten Sie dennoch eine Beschwerde einreichen. Diesen Prozess gestalten wir sehr einfach und Sie k\u00f6nnen Ihre Beschwerde problemlos einreichen.","og_url":"http:\/\/dev-rci-insurance.iconsandbox.com\/de\/beschwerden\/","og_site_name":"RCI INSURANCE","article_modified_time":"2024-03-11T15:07:15+00:00","twitter_card":"summary_large_image","twitter_misc":{"Gesch\u00e4tzte Lesezeit":"1\u00a0Minute"},"schema":{"@context":"https:\/\/schema.org","@graph":[{"@type":"WebPage","@id":"http:\/\/dev-rci-insurance.iconsandbox.com\/de\/beschwerden\/","url":"http:\/\/dev-rci-insurance.iconsandbox.com\/de\/beschwerden\/","name":"Beschwerden | RCI Insurance","isPartOf":{"@id":"http:\/\/dev-rci-insurance.iconsandbox.com\/pt-pt\/#website"},"datePublished":"2017-12-19T16:30:07+00:00","dateModified":"2024-03-11T15:07:15+00:00","description":"RCI Insurance strebt danach, Ihnen hervorragenden Kundenservice zu bieten. M\u00f6glicherweise m\u00f6chten Sie dennoch eine Beschwerde einreichen. Diesen Prozess gestalten wir sehr einfach und Sie k\u00f6nnen Ihre Beschwerde problemlos einreichen.","breadcrumb":{"@id":"http:\/\/dev-rci-insurance.iconsandbox.com\/de\/beschwerden\/#breadcrumb"},"inLanguage":"de","potentialAction":[{"@type":"ReadAction","target":["http:\/\/dev-rci-insurance.iconsandbox.com\/de\/beschwerden\/"]}]},{"@type":"BreadcrumbList","@id":"http:\/\/dev-rci-insurance.iconsandbox.com\/de\/beschwerden\/#breadcrumb","itemListElement":[{"@type":"ListItem","position":1,"name":"Home","item":"http:\/\/dev-rci-insurance.iconsandbox.com\/de\/"},{"@type":"ListItem","position":2,"name":"Beschwerden"}]},{"@type":"WebSite","@id":"http:\/\/dev-rci-insurance.iconsandbox.com\/pt-pt\/#website","url":"http:\/\/dev-rci-insurance.iconsandbox.com\/pt-pt\/","name":"RCI INSURANCE","description":"","potentialAction":[{"@type":"SearchAction","target":{"@type":"EntryPoint","urlTemplate":"http:\/\/dev-rci-insurance.iconsandbox.com\/pt-pt\/?s={search_term_string}"},"query-input":{"@type":"PropertyValueSpecification","valueRequired":true,"valueName":"search_term_string"}}],"inLanguage":"de"}]}},"_links":{"self":[{"href":"http:\/\/dev-rci-insurance.iconsandbox.com\/de\/wp-json\/wp\/v2\/pages\/383","targetHints":{"allow":["GET"]}}],"collection":[{"href":"http:\/\/dev-rci-insurance.iconsandbox.com\/de\/wp-json\/wp\/v2\/pages"}],"about":[{"href":"http:\/\/dev-rci-insurance.iconsandbox.com\/de\/wp-json\/wp\/v2\/types\/page"}],"author":[{"embeddable":true,"href":"http:\/\/dev-rci-insurance.iconsandbox.com\/de\/wp-json\/wp\/v2\/users\/1"}],"replies":[{"embeddable":true,"href":"http:\/\/dev-rci-insurance.iconsandbox.com\/de\/wp-json\/wp\/v2\/comments?post=383"}],"version-history":[{"count":36,"href":"http:\/\/dev-rci-insurance.iconsandbox.com\/de\/wp-json\/wp\/v2\/pages\/383\/revisions"}],"predecessor-version":[{"id":8518,"href":"http:\/\/dev-rci-insurance.iconsandbox.com\/de\/wp-json\/wp\/v2\/pages\/383\/revisions\/8518"}],"wp:attachment":[{"href":"http:\/\/dev-rci-insurance.iconsandbox.com\/de\/wp-json\/wp\/v2\/media?parent=383"}],"curies":[{"name":"wp","href":"https:\/\/api.w.org\/{rel}","templated":true}]}}