{"id":266,"date":"2017-12-07T13:55:46","date_gmt":"2017-12-07T13:55:46","guid":{"rendered":"http:\/\/rci.stg.iconsandbox.com\/about\/"},"modified":"2023-11-22T13:56:43","modified_gmt":"2023-11-22T12:56:43","slug":"about","status":"publish","type":"page","link":"http:\/\/dev-rci-insurance.iconsandbox.com\/de\/about\/","title":{"rendered":"\u00dcber RCI Insurance"},"content":{"rendered":"<p>RCI Insurance Limited (C45786) und RCI Life Limited (C45787), im Folgenden \u201edie Unternehmen\u201c genannt, wurden am 10. Dezember 2008 als Tochterunternehmen von RCI Services Limited (C45692) (eingetragen am 26. November 2008), einem hundertprozentigen Tochterunternehmen der Mobilize Financial Services, in Malta gegr\u00fcndet.<\/p>\n<p>Die Hauptt\u00e4tigkeit von RCI Services Limited ist die einer Holdinggesellschaft, die ihren Tochterunternehmen verschiedene administrative Dienstleistungen anbietet. Die Unternehmen, die Versicherungsl\u00f6sungen f\u00fcr Kunden der Automobilfinanzierung von Mobilize Financial Services anbieten, sind nach dem Insurance Business Act von 1998 berechtigt, langfristige und allgemeine Gesch\u00e4fte auf europ\u00e4ischen M\u00e4rkten(1) gem\u00e4\u00df den Bestimmungen der Malta Financial Services Authority zu betreiben.<\/p>\n<p>Sitz der Unternehmen:<\/p>\n<p>Level 3, Mercury Tower,<br \/>\nThe Exchange Financial &amp; Business Centre,<br \/>\nTriq Elia Zammit,<br \/>\nSt Julian&#8217;s &#8211; STJ 3155<br \/>\nMalta<\/p>\n<p>&nbsp;<\/p>\n<p>(1) L\u00e4nder, in denen RCI Insurance und RCI Life berechtigt sind zu agieren und die Zielkundenm\u00e4rkte sind wie folgt:<\/p>\n<p>\u00d6sterreich<br \/>\nDeutschland<br \/>\nFrankreich<br \/>\nItalien<br \/>\nRum\u00e4nien (nur RCI Insurance)<br \/>\nPortugal<br \/>\nSpanien<\/p>\n","protected":false},"excerpt":{"rendered":"RCI Insurance Limited (C45786) und RCI Life Limited (C45787), im Folgenden \u201edie Unternehmen\u201c genannt, wurden am 10. Dezember 2008 als Tochterunternehmen von RCI Services Limited (C45692) (eingetragen am 26. November 2008), einem hundertprozentigen Tochterunternehmen der Mobilize Financial Services, in Malta gegr\u00fcndet. Die Hauptt\u00e4tigkeit von RCI Services Limited ist die einer Holdinggesellschaft, die ihren Tochterunternehmen verschiedene&hellip;","protected":false},"author":1,"featured_media":6391,"parent":0,"menu_order":0,"comment_status":"closed","ping_status":"closed","template":"","meta":{"_acf_changed":false,"footnotes":""},"class_list":["post-266","page","type-page","status-publish","has-post-thumbnail","hentry"],"acf":[],"yoast_head":"<!-- This site is optimized with the Yoast SEO plugin v24.3 - https:\/\/yoast.com\/wordpress\/plugins\/seo\/ -->\r\n<title>\u00dcber RCI Insurance<\/title>\r\n<meta name=\"description\" content=\"RCI Insurance bietet Versicherungsl\u00f6sungen f\u00fcr Kunden des Automobilfinanzierungsgesch\u00e4fts der RCI Banque SA. Erfahren Sie mehr \u00fcber RCI Insurance.\" \/>\r\n<meta name=\"robots\" content=\"index, follow, max-snippet:-1, max-image-preview:large, max-video-preview:-1\" \/>\r\n<link rel=\"canonical\" href=\"https:\/\/dev-rci-insurance.iconsandbox.com\/de\/about\/\" \/>\r\n<meta property=\"og:locale\" content=\"de_DE\" \/>\r\n<meta property=\"og:type\" content=\"article\" \/>\r\n<meta property=\"og:title\" content=\"\u00dcber RCI Insurance\" \/>\r\n<meta property=\"og:description\" content=\"RCI Insurance bietet Versicherungsl\u00f6sungen f\u00fcr Kunden des Automobilfinanzierungsgesch\u00e4fts der RCI Banque SA. Erfahren Sie mehr \u00fcber RCI Insurance.\" \/>\r\n<meta property=\"og:url\" content=\"https:\/\/dev-rci-insurance.iconsandbox.com\/de\/about\/\" \/>\r\n<meta property=\"og:site_name\" content=\"RCI INSURANCE\" \/>\r\n<meta property=\"article:modified_time\" content=\"2023-11-22T12:56:43+00:00\" \/>\r\n<meta property=\"og:image\" content=\"https:\/\/dev-rci-insurance.iconsandbox.com\/wp-content\/uploads\/2017\/12\/intro-image.png\" \/>\r\n\t<meta property=\"og:image:width\" content=\"525\" \/>\r\n\t<meta property=\"og:image:height\" content=\"526\" \/>\r\n\t<meta property=\"og:image:type\" content=\"image\/png\" \/>\r\n<meta name=\"twitter:card\" content=\"summary_large_image\" \/>\r\n<meta name=\"twitter:label1\" content=\"Gesch\u00e4tzte Lesezeit\" \/>\n\t<meta name=\"twitter:data1\" content=\"1\u00a0Minute\" \/>\r\n<script type=\"application\/ld+json\" class=\"yoast-schema-graph\">{\"@context\":\"https:\/\/schema.org\",\"@graph\":[{\"@type\":\"WebPage\",\"@id\":\"https:\/\/dev-rci-insurance.iconsandbox.com\/de\/about\/\",\"url\":\"https:\/\/dev-rci-insurance.iconsandbox.com\/de\/about\/\",\"name\":\"\u00dcber RCI Insurance\",\"isPartOf\":{\"@id\":\"http:\/\/dev-rci-insurance.iconsandbox.com\/pl\/#website\"},\"primaryImageOfPage\":{\"@id\":\"https:\/\/dev-rci-insurance.iconsandbox.com\/de\/about\/#primaryimage\"},\"image\":{\"@id\":\"https:\/\/dev-rci-insurance.iconsandbox.com\/de\/about\/#primaryimage\"},\"thumbnailUrl\":\"http:\/\/dev-rci-insurance.iconsandbox.com\/wp-content\/uploads\/2017\/12\/intro-image.png\",\"datePublished\":\"2017-12-07T13:55:46+00:00\",\"dateModified\":\"2023-11-22T12:56:43+00:00\",\"description\":\"RCI Insurance bietet Versicherungsl\u00f6sungen f\u00fcr Kunden des Automobilfinanzierungsgesch\u00e4fts der RCI Banque SA. Erfahren Sie mehr \u00fcber RCI Insurance.\",\"breadcrumb\":{\"@id\":\"https:\/\/dev-rci-insurance.iconsandbox.com\/de\/about\/#breadcrumb\"},\"inLanguage\":\"de\",\"potentialAction\":[{\"@type\":\"ReadAction\",\"target\":[\"https:\/\/dev-rci-insurance.iconsandbox.com\/de\/about\/\"]}]},{\"@type\":\"ImageObject\",\"inLanguage\":\"de\",\"@id\":\"https:\/\/dev-rci-insurance.iconsandbox.com\/de\/about\/#primaryimage\",\"url\":\"http:\/\/dev-rci-insurance.iconsandbox.com\/wp-content\/uploads\/2017\/12\/intro-image.png\",\"contentUrl\":\"http:\/\/dev-rci-insurance.iconsandbox.com\/wp-content\/uploads\/2017\/12\/intro-image.png\",\"width\":525,\"height\":526},{\"@type\":\"BreadcrumbList\",\"@id\":\"https:\/\/dev-rci-insurance.iconsandbox.com\/de\/about\/#breadcrumb\",\"itemListElement\":[{\"@type\":\"ListItem\",\"position\":1,\"name\":\"Home\",\"item\":\"http:\/\/dev-rci-insurance.iconsandbox.com\/de\/\"},{\"@type\":\"ListItem\",\"position\":2,\"name\":\"\u00dcber RCI Insurance\"}]},{\"@type\":\"WebSite\",\"@id\":\"http:\/\/dev-rci-insurance.iconsandbox.com\/pl\/#website\",\"url\":\"http:\/\/dev-rci-insurance.iconsandbox.com\/pl\/\",\"name\":\"RCI INSURANCE\",\"description\":\"\",\"potentialAction\":[{\"@type\":\"SearchAction\",\"target\":{\"@type\":\"EntryPoint\",\"urlTemplate\":\"http:\/\/dev-rci-insurance.iconsandbox.com\/pl\/?s={search_term_string}\"},\"query-input\":{\"@type\":\"PropertyValueSpecification\",\"valueRequired\":true,\"valueName\":\"search_term_string\"}}],\"inLanguage\":\"de\"}]}<\/script>\r\n<!-- \/ Yoast SEO plugin. -->","yoast_head_json":{"title":"\u00dcber RCI Insurance","description":"RCI Insurance bietet Versicherungsl\u00f6sungen f\u00fcr Kunden des Automobilfinanzierungsgesch\u00e4fts der RCI Banque SA. Erfahren Sie mehr \u00fcber RCI Insurance.","robots":{"index":"index","follow":"follow","max-snippet":"max-snippet:-1","max-image-preview":"max-image-preview:large","max-video-preview":"max-video-preview:-1"},"canonical":"https:\/\/dev-rci-insurance.iconsandbox.com\/de\/about\/","og_locale":"de_DE","og_type":"article","og_title":"\u00dcber RCI Insurance","og_description":"RCI Insurance bietet Versicherungsl\u00f6sungen f\u00fcr Kunden des Automobilfinanzierungsgesch\u00e4fts der RCI Banque SA. Erfahren Sie mehr \u00fcber RCI Insurance.","og_url":"https:\/\/dev-rci-insurance.iconsandbox.com\/de\/about\/","og_site_name":"RCI INSURANCE","article_modified_time":"2023-11-22T12:56:43+00:00","og_image":[{"width":525,"height":526,"url":"https:\/\/dev-rci-insurance.iconsandbox.com\/wp-content\/uploads\/2017\/12\/intro-image.png","type":"image\/png"}],"twitter_card":"summary_large_image","twitter_misc":{"Gesch\u00e4tzte Lesezeit":"1\u00a0Minute"},"schema":{"@context":"https:\/\/schema.org","@graph":[{"@type":"WebPage","@id":"https:\/\/dev-rci-insurance.iconsandbox.com\/de\/about\/","url":"https:\/\/dev-rci-insurance.iconsandbox.com\/de\/about\/","name":"\u00dcber RCI Insurance","isPartOf":{"@id":"http:\/\/dev-rci-insurance.iconsandbox.com\/pl\/#website"},"primaryImageOfPage":{"@id":"https:\/\/dev-rci-insurance.iconsandbox.com\/de\/about\/#primaryimage"},"image":{"@id":"https:\/\/dev-rci-insurance.iconsandbox.com\/de\/about\/#primaryimage"},"thumbnailUrl":"http:\/\/dev-rci-insurance.iconsandbox.com\/wp-content\/uploads\/2017\/12\/intro-image.png","datePublished":"2017-12-07T13:55:46+00:00","dateModified":"2023-11-22T12:56:43+00:00","description":"RCI Insurance bietet Versicherungsl\u00f6sungen f\u00fcr Kunden des Automobilfinanzierungsgesch\u00e4fts der RCI Banque SA. Erfahren Sie mehr \u00fcber RCI Insurance.","breadcrumb":{"@id":"https:\/\/dev-rci-insurance.iconsandbox.com\/de\/about\/#breadcrumb"},"inLanguage":"de","potentialAction":[{"@type":"ReadAction","target":["https:\/\/dev-rci-insurance.iconsandbox.com\/de\/about\/"]}]},{"@type":"ImageObject","inLanguage":"de","@id":"https:\/\/dev-rci-insurance.iconsandbox.com\/de\/about\/#primaryimage","url":"http:\/\/dev-rci-insurance.iconsandbox.com\/wp-content\/uploads\/2017\/12\/intro-image.png","contentUrl":"http:\/\/dev-rci-insurance.iconsandbox.com\/wp-content\/uploads\/2017\/12\/intro-image.png","width":525,"height":526},{"@type":"BreadcrumbList","@id":"https:\/\/dev-rci-insurance.iconsandbox.com\/de\/about\/#breadcrumb","itemListElement":[{"@type":"ListItem","position":1,"name":"Home","item":"http:\/\/dev-rci-insurance.iconsandbox.com\/de\/"},{"@type":"ListItem","position":2,"name":"\u00dcber RCI Insurance"}]},{"@type":"WebSite","@id":"http:\/\/dev-rci-insurance.iconsandbox.com\/pl\/#website","url":"http:\/\/dev-rci-insurance.iconsandbox.com\/pl\/","name":"RCI INSURANCE","description":"","potentialAction":[{"@type":"SearchAction","target":{"@type":"EntryPoint","urlTemplate":"http:\/\/dev-rci-insurance.iconsandbox.com\/pl\/?s={search_term_string}"},"query-input":{"@type":"PropertyValueSpecification","valueRequired":true,"valueName":"search_term_string"}}],"inLanguage":"de"}]}},"_links":{"self":[{"href":"http:\/\/dev-rci-insurance.iconsandbox.com\/de\/wp-json\/wp\/v2\/pages\/266","targetHints":{"allow":["GET"]}}],"collection":[{"href":"http:\/\/dev-rci-insurance.iconsandbox.com\/de\/wp-json\/wp\/v2\/pages"}],"about":[{"href":"http:\/\/dev-rci-insurance.iconsandbox.com\/de\/wp-json\/wp\/v2\/types\/page"}],"author":[{"embeddable":true,"href":"http:\/\/dev-rci-insurance.iconsandbox.com\/de\/wp-json\/wp\/v2\/users\/1"}],"replies":[{"embeddable":true,"href":"http:\/\/dev-rci-insurance.iconsandbox.com\/de\/wp-json\/wp\/v2\/comments?post=266"}],"version-history":[{"count":5,"href":"http:\/\/dev-rci-insurance.iconsandbox.com\/de\/wp-json\/wp\/v2\/pages\/266\/revisions"}],"predecessor-version":[{"id":8410,"href":"http:\/\/dev-rci-insurance.iconsandbox.com\/de\/wp-json\/wp\/v2\/pages\/266\/revisions\/8410"}],"wp:featuredmedia":[{"embeddable":true,"href":"http:\/\/dev-rci-insurance.iconsandbox.com\/de\/wp-json\/wp\/v2\/media\/6391"}],"wp:attachment":[{"href":"http:\/\/dev-rci-insurance.iconsandbox.com\/de\/wp-json\/wp\/v2\/media?parent=266"}],"curies":[{"name":"wp","href":"https:\/\/api.w.org\/{rel}","templated":true}]}}