{"id":742,"date":"2017-12-07T08:14:13","date_gmt":"2017-12-07T08:14:13","guid":{"rendered":"http:\/\/dev-rci-insurance.iconsandbox.com\/?page_id=742"},"modified":"2023-06-02T13:39:22","modified_gmt":"2023-06-02T11:39:22","slug":"startseite","status":"publish","type":"page","link":"http:\/\/dev-rci-insurance.iconsandbox.com\/at\/","title":{"rendered":"STARTSEITE"},"content":{"rendered":"<p>RCI Insurance Limited (C45786) und RCI Life Limited (C45787), im Folgenden \u201edie Unternehmen\u201c genannt, wurden am 10. Dezember 2008 als Tochterunternehmen von RCI Services Limited (C45692) (eingetragen am 26. November 2008), einem hundertprozentigen Tochterunternehmen der Mobilize Financial Services, in Malta gegr\u00fcndet. Die Hauptt\u00e4tigkeit von RCI Services Limited ist die einer Holdinggesellschaft, die ihren Tochterunternehmen verschiedene administrative Dienstleistungen anbietet. Die Unternehmen, die Versicherungsl\u00f6sungen f\u00fcr Kunden der Automobilfinanzierung von Mobilize Financial Services anbieten, sind nach dem Insurance Business Act von 1998 berechtigt, langfristige und allgemeine Gesch\u00e4fte auf europ\u00e4ischen M\u00e4rkten gem\u00e4\u00df den Bestimmungen der Malta Financial Services Authority zu betreiben.<\/p>\n","protected":false},"excerpt":{"rendered":"RCI Insurance Limited (C45786) und RCI Life Limited (C45787), im Folgenden \u201edie Unternehmen\u201c genannt, wurden am 10. Dezember 2008 als Tochterunternehmen von RCI Services Limited (C45692) (eingetragen am 26. November 2008), einem hundertprozentigen Tochterunternehmen der Mobilize Financial Services, in Malta gegr\u00fcndet. Die Hauptt\u00e4tigkeit von RCI Services Limited ist die einer Holdinggesellschaft, die ihren Tochterunternehmen verschiedene&hellip;","protected":false},"author":1,"featured_media":6382,"parent":0,"menu_order":0,"comment_status":"closed","ping_status":"open","template":"page-home.php","meta":{"_acf_changed":false,"footnotes":""},"class_list":["post-742","page","type-page","status-publish","has-post-thumbnail","hentry"],"acf":[],"yoast_head":"<!-- This site is optimized with the Yoast SEO plugin v24.3 - https:\/\/yoast.com\/wordpress\/plugins\/seo\/ -->\r\n<title>STARTSEITE<\/title>\r\n<meta name=\"robots\" content=\"index, follow, max-snippet:-1, max-image-preview:large, max-video-preview:-1\" \/>\r\n<link rel=\"canonical\" href=\"https:\/\/dev-rci-insurance.iconsandbox.com\/at\/\" \/>\r\n<meta property=\"og:locale\" content=\"de_DE\" \/>\r\n<meta property=\"og:type\" content=\"article\" \/>\r\n<meta property=\"og:title\" content=\"STARTSEITE\" \/>\r\n<meta property=\"og:description\" content=\"RCI Insurance Limited (C45786) und RCI Life Limited (C45787), im Folgenden \u201edie Unternehmen\u201c genannt, wurden am 10. Dezember 2008 als Tochterunternehmen von RCI Services Limited (C45692) (eingetragen am 26. November 2008), einem hundertprozentigen Tochterunternehmen der Mobilize Financial Services, in Malta gegr\u00fcndet. Die Hauptt\u00e4tigkeit von RCI Services Limited ist die einer Holdinggesellschaft, die ihren Tochterunternehmen verschiedene&hellip;\" \/>\r\n<meta property=\"og:url\" content=\"https:\/\/dev-rci-insurance.iconsandbox.com\/at\/\" \/>\r\n<meta property=\"og:site_name\" content=\"RCI INSURANCE\" \/>\r\n<meta property=\"article:modified_time\" content=\"2023-06-02T11:39:22+00:00\" \/>\r\n<meta property=\"og:image\" content=\"https:\/\/dev-rci-insurance.iconsandbox.com\/wp-content\/uploads\/2023\/03\/default-banner.png\" \/>\r\n\t<meta property=\"og:image:width\" content=\"1440\" \/>\r\n\t<meta property=\"og:image:height\" content=\"621\" \/>\r\n\t<meta property=\"og:image:type\" content=\"image\/png\" \/>\r\n<meta name=\"twitter:card\" content=\"summary_large_image\" \/>\r\n<meta name=\"twitter:label1\" content=\"Gesch\u00e4tzte Lesezeit\" \/>\n\t<meta name=\"twitter:data1\" content=\"1 Minute\" \/>\r\n<script type=\"application\/ld+json\" class=\"yoast-schema-graph\">{\"@context\":\"https:\/\/schema.org\",\"@graph\":[{\"@type\":\"WebPage\",\"@id\":\"https:\/\/dev-rci-insurance.iconsandbox.com\/at\/\",\"url\":\"https:\/\/dev-rci-insurance.iconsandbox.com\/at\/\",\"name\":\"STARTSEITE\",\"isPartOf\":{\"@id\":\"http:\/\/dev-rci-insurance.iconsandbox.com\/pl\/#website\"},\"primaryImageOfPage\":{\"@id\":\"https:\/\/dev-rci-insurance.iconsandbox.com\/at\/#primaryimage\"},\"image\":{\"@id\":\"https:\/\/dev-rci-insurance.iconsandbox.com\/at\/#primaryimage\"},\"thumbnailUrl\":\"http:\/\/dev-rci-insurance.iconsandbox.com\/wp-content\/uploads\/2023\/03\/default-banner.png\",\"datePublished\":\"2017-12-07T08:14:13+00:00\",\"dateModified\":\"2023-06-02T11:39:22+00:00\",\"breadcrumb\":{\"@id\":\"https:\/\/dev-rci-insurance.iconsandbox.com\/at\/#breadcrumb\"},\"inLanguage\":\"de-AT\",\"potentialAction\":[{\"@type\":\"ReadAction\",\"target\":[\"https:\/\/dev-rci-insurance.iconsandbox.com\/at\/\"]}]},{\"@type\":\"ImageObject\",\"inLanguage\":\"de-AT\",\"@id\":\"https:\/\/dev-rci-insurance.iconsandbox.com\/at\/#primaryimage\",\"url\":\"http:\/\/dev-rci-insurance.iconsandbox.com\/wp-content\/uploads\/2023\/03\/default-banner.png\",\"contentUrl\":\"http:\/\/dev-rci-insurance.iconsandbox.com\/wp-content\/uploads\/2023\/03\/default-banner.png\",\"width\":1440,\"height\":621,\"caption\":\"default-banner\"},{\"@type\":\"BreadcrumbList\",\"@id\":\"https:\/\/dev-rci-insurance.iconsandbox.com\/at\/#breadcrumb\",\"itemListElement\":[{\"@type\":\"ListItem\",\"position\":1,\"name\":\"Home\",\"item\":\"https:\/\/dev-rci-insurance.iconsandbox.com\/at\/\"},{\"@type\":\"ListItem\",\"position\":2,\"name\":\"STARTSEITE\"}]},{\"@type\":\"WebSite\",\"@id\":\"http:\/\/dev-rci-insurance.iconsandbox.com\/pl\/#website\",\"url\":\"http:\/\/dev-rci-insurance.iconsandbox.com\/pl\/\",\"name\":\"RCI INSURANCE\",\"description\":\"\",\"potentialAction\":[{\"@type\":\"SearchAction\",\"target\":{\"@type\":\"EntryPoint\",\"urlTemplate\":\"http:\/\/dev-rci-insurance.iconsandbox.com\/pl\/?s={search_term_string}\"},\"query-input\":{\"@type\":\"PropertyValueSpecification\",\"valueRequired\":true,\"valueName\":\"search_term_string\"}}],\"inLanguage\":\"de-AT\"}]}<\/script>\r\n<!-- \/ Yoast SEO plugin. -->","yoast_head_json":{"title":"STARTSEITE","robots":{"index":"index","follow":"follow","max-snippet":"max-snippet:-1","max-image-preview":"max-image-preview:large","max-video-preview":"max-video-preview:-1"},"canonical":"https:\/\/dev-rci-insurance.iconsandbox.com\/at\/","og_locale":"de_DE","og_type":"article","og_title":"STARTSEITE","og_description":"RCI Insurance Limited (C45786) und RCI Life Limited (C45787), im Folgenden \u201edie Unternehmen\u201c genannt, wurden am 10. Dezember 2008 als Tochterunternehmen von RCI Services Limited (C45692) (eingetragen am 26. November 2008), einem hundertprozentigen Tochterunternehmen der Mobilize Financial Services, in Malta gegr\u00fcndet. Die Hauptt\u00e4tigkeit von RCI Services Limited ist die einer Holdinggesellschaft, die ihren Tochterunternehmen verschiedene&hellip;","og_url":"https:\/\/dev-rci-insurance.iconsandbox.com\/at\/","og_site_name":"RCI INSURANCE","article_modified_time":"2023-06-02T11:39:22+00:00","og_image":[{"width":1440,"height":621,"url":"https:\/\/dev-rci-insurance.iconsandbox.com\/wp-content\/uploads\/2023\/03\/default-banner.png","type":"image\/png"}],"twitter_card":"summary_large_image","twitter_misc":{"Gesch\u00e4tzte Lesezeit":"1 Minute"},"schema":{"@context":"https:\/\/schema.org","@graph":[{"@type":"WebPage","@id":"https:\/\/dev-rci-insurance.iconsandbox.com\/at\/","url":"https:\/\/dev-rci-insurance.iconsandbox.com\/at\/","name":"STARTSEITE","isPartOf":{"@id":"http:\/\/dev-rci-insurance.iconsandbox.com\/pl\/#website"},"primaryImageOfPage":{"@id":"https:\/\/dev-rci-insurance.iconsandbox.com\/at\/#primaryimage"},"image":{"@id":"https:\/\/dev-rci-insurance.iconsandbox.com\/at\/#primaryimage"},"thumbnailUrl":"http:\/\/dev-rci-insurance.iconsandbox.com\/wp-content\/uploads\/2023\/03\/default-banner.png","datePublished":"2017-12-07T08:14:13+00:00","dateModified":"2023-06-02T11:39:22+00:00","breadcrumb":{"@id":"https:\/\/dev-rci-insurance.iconsandbox.com\/at\/#breadcrumb"},"inLanguage":"de-AT","potentialAction":[{"@type":"ReadAction","target":["https:\/\/dev-rci-insurance.iconsandbox.com\/at\/"]}]},{"@type":"ImageObject","inLanguage":"de-AT","@id":"https:\/\/dev-rci-insurance.iconsandbox.com\/at\/#primaryimage","url":"http:\/\/dev-rci-insurance.iconsandbox.com\/wp-content\/uploads\/2023\/03\/default-banner.png","contentUrl":"http:\/\/dev-rci-insurance.iconsandbox.com\/wp-content\/uploads\/2023\/03\/default-banner.png","width":1440,"height":621,"caption":"default-banner"},{"@type":"BreadcrumbList","@id":"https:\/\/dev-rci-insurance.iconsandbox.com\/at\/#breadcrumb","itemListElement":[{"@type":"ListItem","position":1,"name":"Home","item":"https:\/\/dev-rci-insurance.iconsandbox.com\/at\/"},{"@type":"ListItem","position":2,"name":"STARTSEITE"}]},{"@type":"WebSite","@id":"http:\/\/dev-rci-insurance.iconsandbox.com\/pl\/#website","url":"http:\/\/dev-rci-insurance.iconsandbox.com\/pl\/","name":"RCI INSURANCE","description":"","potentialAction":[{"@type":"SearchAction","target":{"@type":"EntryPoint","urlTemplate":"http:\/\/dev-rci-insurance.iconsandbox.com\/pl\/?s={search_term_string}"},"query-input":{"@type":"PropertyValueSpecification","valueRequired":true,"valueName":"search_term_string"}}],"inLanguage":"de-AT"}]}},"_links":{"self":[{"href":"http:\/\/dev-rci-insurance.iconsandbox.com\/at\/wp-json\/wp\/v2\/pages\/742","targetHints":{"allow":["GET"]}}],"collection":[{"href":"http:\/\/dev-rci-insurance.iconsandbox.com\/at\/wp-json\/wp\/v2\/pages"}],"about":[{"href":"http:\/\/dev-rci-insurance.iconsandbox.com\/at\/wp-json\/wp\/v2\/types\/page"}],"author":[{"embeddable":true,"href":"http:\/\/dev-rci-insurance.iconsandbox.com\/at\/wp-json\/wp\/v2\/users\/1"}],"replies":[{"embeddable":true,"href":"http:\/\/dev-rci-insurance.iconsandbox.com\/at\/wp-json\/wp\/v2\/comments?post=742"}],"version-history":[{"count":4,"href":"http:\/\/dev-rci-insurance.iconsandbox.com\/at\/wp-json\/wp\/v2\/pages\/742\/revisions"}],"predecessor-version":[{"id":8123,"href":"http:\/\/dev-rci-insurance.iconsandbox.com\/at\/wp-json\/wp\/v2\/pages\/742\/revisions\/8123"}],"wp:featuredmedia":[{"embeddable":true,"href":"http:\/\/dev-rci-insurance.iconsandbox.com\/at\/wp-json\/wp\/v2\/media\/6382"}],"wp:attachment":[{"href":"http:\/\/dev-rci-insurance.iconsandbox.com\/at\/wp-json\/wp\/v2\/media?parent=742"}],"curies":[{"name":"wp","href":"https:\/\/api.w.org\/{rel}","templated":true}]}}