{"id":737,"date":"2018-01-15T14:13:19","date_gmt":"2018-01-15T14:13:19","guid":{"rendered":"http:\/\/dev-rci-insurance.iconsandbox.com\/?page_id=737"},"modified":"2023-06-13T13:34:51","modified_gmt":"2023-06-13T11:34:51","slug":"informationen-zum-datenschutz-auf-der-website","status":"publish","type":"page","link":"http:\/\/dev-rci-insurance.iconsandbox.com\/at\/informationen-zum-datenschutz-auf-der-website\/","title":{"rendered":"Datenschutzbestimmungen der Website"},"content":{"rendered":"<p>Diese Datenschutzbestimmungen beziehen sich auf die Nutzung dieser Website, die Eigentum von RCI Life Ltd, RCI Insurance Ltd und RCI Services Ltd ist (im Folgenden gemeinsam als \u201edie Unternehmen\u201c, \u201euns\u201c oder \u201ewir\u201c bezeichnet).<\/p>\n<p>Diese Datenschutzbestimmungen gelten ausschlie\u00dflich f\u00fcr den Schutz pers\u00f6nlicher Daten, die durch die Nutzung der Dom\u00e4ne der Unternehmen, <a href=\"http:\/\/dev-rci-insurance.iconsandbox.com\/at\/\"><strong>www.rci-insurance.eu<\/strong><\/a>, und aller ihrer Subdom\u00e4nen (im Folgenden gemeinsam als \u201edie Website\u201c oder \u201ediese Website\u201c bezeichnet) erhoben wurden. Mit der Nutzung dieser Website erkl\u00e4ren Sie sich ausdr\u00fccklich damit einverstanden, dass Ihre pers\u00f6nlichen Daten wie hier angegeben verarbeitet werden. Diese Datenschutzbestimmungen bilden die Grundlage, auf der die Unternehmen die \u00fcber ihre Website gesammelten Daten verarbeiten.<\/p>\n<p>Die Website kann Links zu externen Websites enthalten, die zu anderen Unternehmen der Mobilize Financial Services oder zu Dritten geh\u00f6ren k\u00f6nnen. Die Unternehmen sind nicht verantwortlich f\u00fcr die Verwendung pers\u00f6nlicher Daten, die \u00fcber diese Websites bekannt gegeben werden, und raten den Nutzern, die Allgemeinen Gesch\u00e4ftsbedingungen einschlie\u00dflich der Richtlinien f\u00fcr die Verwendung pers\u00f6nlicher Daten zu lesen.<\/p>\n<p>Alle pers\u00f6nlichen Daten, die Sie \u00fcber diese Website zur Verf\u00fcgung stellen, werden in \u00dcbereinstimmung des anwendbaren Rechts, insbesondere der Datenschutz-Grundverordnung (Verordnung (EU) 2016\/679) und des Datenschutzgesetzes (Kapitel 440 der maltesischen Gesetze) bearbeitet und verwendet.<\/p>\n<p>Die Unternehmen k\u00f6nnen pers\u00f6nliche Daten, wie Ihren Namen und Kontaktdaten einschlie\u00dflich Ihrer E-Mail-Adresse und demografischen Angaben, wie Wohnsitz oder Herkunftsland erfassen. Die gesammelten Daten beschr\u00e4nken sich auf die Informationen, die Sie uns \u00fcber eine E-Mail-Anfrage an die auf dieser Website angegebenen E-Mail-Adresse mitteilen k\u00f6nnen. Diese E-Mail-Adresse sollte nicht in Zusammenhang mit der Abwicklung von Vertr\u00e4gen verwendet werden, die sich auf unser Versicherungsgesch\u00e4ft beziehen. Jegliche Information, die Sie uns in diesem Zusammenhang \u00fcbermitteln, wird gem\u00e4\u00df den Datenschutzbestimmungen verarbeitet, die in den Gesch\u00e4ftsbedingungen Ihres Versicherungsvertrages enthalten sind.<\/p>\n<p>Bitte beachten Sie, dass Sie mit der \u00dcbermittlung solcher pers\u00f6nlicher Daten Ihr Einverst\u00e4ndnis zur Verarbeitung dieser Daten in \u00dcbereinstimmung mit den folgenden Richtlinien erteilen:<\/p>\n<ul style=\"font-family: 'RCIHr', Helvetica, Arial, sans-serif;\">\n<li>Wir werden die \u00fcber die Website offengelegten pers\u00f6nlichen Daten nicht f\u00fcr andere Zwecke verwenden, als f\u00fcr die Beantwortung von E-Mail-Anfragen oder Anfragen, die Sie direkt \u00fcber die Website stellen. Wir k\u00f6nnen Ihre Daten auch verarbeiten, um den Inhalt und die Funktionalit\u00e4t dieser Website zu verbessern, unsere Kunden und M\u00e4rkte besser zu verstehen und unsere Produkte und Dienstleistungen zu verbessern.<\/li>\n<li>Wir k\u00f6nnen Ihre pers\u00f6nlichen Daten an andere Unternehmen innerhalb der Mobilize Financial Services oder an andere Dritte innerhalb der EU und au\u00dferhalb der EU, gem\u00e4\u00df der gesetzlich vorgeschriebenen Beschr\u00e4nkungen f\u00fcr die weitere Verarbeitung und Sicherung, weitergeben. Dar\u00fcber hinaus kann es F\u00e4lle geben, in denen wir solche pers\u00f6nlichen Daten verarbeiten, um unseren gesetzlichen Verpflichtungen nachzukommen und eine ordnungsgem\u00e4\u00dfe Rechtspflege zu gew\u00e4hrleisten.<\/li>\n<li>Auch wenn keine Methode der Daten\u00fcbermittlung gegen unrechtm\u00e4\u00dfiges Abfangen durch Dritte oder sonstigen Missbrauch gew\u00e4hrleistet ist, werden wir alle notwendigen Schritte unternehmen, um diese Daten zu sch\u00fctzen. Wir k\u00f6nnen jedoch keine Verantwortung f\u00fcr unbefugten Zugriff oder Verlust von pers\u00f6nlichen Daten \u00fcbernehmen, die au\u00dferhalb unseres Einflussbereichs liegen.<\/li>\n<li>Sie haben das Recht, eine Kopie aller pers\u00f6nlichen Daten anzufordern, die von den Unternehmen \u00fcber Sie gespeichert werden. Sie k\u00f6nnen ebenfalls anfordern, dass wir Ihre pers\u00f6nlichen Daten korrigieren, falls dies erforderlich sein sollte. Nach Eingang einer solchen Aufforderung werden wir uns darum bem\u00fchen, diese innerhalb einer angemessenen Frist und ohne unangemessene Verz\u00f6gerung zu erf\u00fcllen. Falls Sie Anregungen oder Fragen zu Bedenken zu Datenschutz oder zu unseren Allgemeinen Gesch\u00e4ftsbedingungen haben, wenden Sie sich bitte an unseren RCI Insurance Datenschutzbeauftragten (DPO) per E-Mail unter <a href=\"mailto:dataprotectionofficer-malta@recibanque.com\">dataprotectionofficer-malta@rcibanque.com<\/a> oder per Post an den Datenschutzkorrespondent:<\/li>\n<\/ul>\n<p style=\"text-align: center;\">The Data Protection Correspondent<br \/>\nRCI Insurance Ltd<em><br \/>\n<\/em>Level 3,\u00a0The Exchange Financial &amp; Business Centre,<br \/>\nTriq Elia Zammit,<br \/>\nSt Julian\u2019s \u2013 STJ 3155<br \/>\nMalta<\/p>\n<p>Alternativ k\u00f6nnen Sie sich an den Datenschutzbeauftragten der Mobilize Financial Services &amp; Services (GDPO) unter der E-Mail <a href=\"mailto:dataprotectionofficer@rcibanque.com\">dataprotectionofficer@rcibanque.com<\/a> wenden.<\/p>\n<p>Um Ihnen weiterhin den besten Service zu bieten und unsere gesetzlichen und regulatorischen Verpflichtungen zu erf\u00fcllen, k\u00f6nnen die Unternehmen diese Datenschutzbestimmungen von Zeit zu Zeit \u00e4ndern. Wir empfehlen Ihnen daher, diese Datenschutzbestimmungen regelm\u00e4\u00dfig zu \u00fcberpr\u00fcfen, um \u00c4nderungen zur Kenntnis zu nehmen, die f\u00fcr Sie verbindlich sind.<\/p>\n<p>&nbsp;<\/p>\n","protected":false},"excerpt":{"rendered":"Diese Datenschutzbestimmungen beziehen sich auf die Nutzung dieser Website, die Eigentum von RCI Life Ltd, RCI Insurance Ltd und RCI Services Ltd ist (im Folgenden gemeinsam als \u201edie Unternehmen\u201c, \u201euns\u201c oder \u201ewir\u201c bezeichnet). Diese Datenschutzbestimmungen gelten ausschlie\u00dflich f\u00fcr den Schutz pers\u00f6nlicher Daten, die durch die Nutzung der Dom\u00e4ne der Unternehmen, www.rci-insurance.eu, und aller ihrer Subdom\u00e4nen&hellip;","protected":false},"author":1,"featured_media":0,"parent":0,"menu_order":0,"comment_status":"closed","ping_status":"closed","template":"","meta":{"_acf_changed":false,"footnotes":""},"class_list":["post-737","page","type-page","status-publish","hentry"],"acf":[],"yoast_head":"<!-- This site is optimized with the Yoast SEO plugin v24.3 - https:\/\/yoast.com\/wordpress\/plugins\/seo\/ -->\r\n<title>Datenschutzbestimmungen der Website - RCI INSURANCE<\/title>\r\n<meta name=\"robots\" content=\"index, follow, max-snippet:-1, max-image-preview:large, max-video-preview:-1\" \/>\r\n<link rel=\"canonical\" href=\"http:\/\/dev-rci-insurance.iconsandbox.com\/at\/informationen-zum-datenschutz-auf-der-website\/\" \/>\r\n<meta property=\"og:locale\" content=\"de_DE\" \/>\r\n<meta property=\"og:type\" content=\"article\" \/>\r\n<meta property=\"og:title\" content=\"Datenschutzbestimmungen der Website - RCI INSURANCE\" \/>\r\n<meta property=\"og:description\" content=\"Diese Datenschutzbestimmungen beziehen sich auf die Nutzung dieser Website, die Eigentum von RCI Life Ltd, RCI Insurance Ltd und RCI Services Ltd ist (im Folgenden gemeinsam als \u201edie Unternehmen\u201c, \u201euns\u201c oder \u201ewir\u201c bezeichnet). Diese Datenschutzbestimmungen gelten ausschlie\u00dflich f\u00fcr den Schutz pers\u00f6nlicher Daten, die durch die Nutzung der Dom\u00e4ne der Unternehmen, www.rci-insurance.eu, und aller ihrer Subdom\u00e4nen&hellip;\" \/>\r\n<meta property=\"og:url\" content=\"http:\/\/dev-rci-insurance.iconsandbox.com\/at\/informationen-zum-datenschutz-auf-der-website\/\" \/>\r\n<meta property=\"og:site_name\" content=\"RCI INSURANCE\" \/>\r\n<meta property=\"article:modified_time\" content=\"2023-06-13T11:34:51+00:00\" \/>\r\n<meta name=\"twitter:card\" content=\"summary_large_image\" \/>\r\n<meta name=\"twitter:label1\" content=\"Gesch\u00e4tzte Lesezeit\" \/>\n\t<meta name=\"twitter:data1\" content=\"3 Minuten\" \/>\r\n<script type=\"application\/ld+json\" class=\"yoast-schema-graph\">{\"@context\":\"https:\/\/schema.org\",\"@graph\":[{\"@type\":\"WebPage\",\"@id\":\"http:\/\/dev-rci-insurance.iconsandbox.com\/at\/informationen-zum-datenschutz-auf-der-website\/\",\"url\":\"http:\/\/dev-rci-insurance.iconsandbox.com\/at\/informationen-zum-datenschutz-auf-der-website\/\",\"name\":\"Datenschutzbestimmungen der Website - RCI INSURANCE\",\"isPartOf\":{\"@id\":\"http:\/\/dev-rci-insurance.iconsandbox.com\/de\/#website\"},\"datePublished\":\"2018-01-15T14:13:19+00:00\",\"dateModified\":\"2023-06-13T11:34:51+00:00\",\"breadcrumb\":{\"@id\":\"http:\/\/dev-rci-insurance.iconsandbox.com\/at\/informationen-zum-datenschutz-auf-der-website\/#breadcrumb\"},\"inLanguage\":\"de-AT\",\"potentialAction\":[{\"@type\":\"ReadAction\",\"target\":[\"http:\/\/dev-rci-insurance.iconsandbox.com\/at\/informationen-zum-datenschutz-auf-der-website\/\"]}]},{\"@type\":\"BreadcrumbList\",\"@id\":\"http:\/\/dev-rci-insurance.iconsandbox.com\/at\/informationen-zum-datenschutz-auf-der-website\/#breadcrumb\",\"itemListElement\":[{\"@type\":\"ListItem\",\"position\":1,\"name\":\"Home\",\"item\":\"http:\/\/dev-rci-insurance.iconsandbox.com\/at\/\"},{\"@type\":\"ListItem\",\"position\":2,\"name\":\"Datenschutzbestimmungen der Website\"}]},{\"@type\":\"WebSite\",\"@id\":\"http:\/\/dev-rci-insurance.iconsandbox.com\/de\/#website\",\"url\":\"http:\/\/dev-rci-insurance.iconsandbox.com\/de\/\",\"name\":\"RCI INSURANCE\",\"description\":\"\",\"potentialAction\":[{\"@type\":\"SearchAction\",\"target\":{\"@type\":\"EntryPoint\",\"urlTemplate\":\"http:\/\/dev-rci-insurance.iconsandbox.com\/de\/?s={search_term_string}\"},\"query-input\":{\"@type\":\"PropertyValueSpecification\",\"valueRequired\":true,\"valueName\":\"search_term_string\"}}],\"inLanguage\":\"de-AT\"}]}<\/script>\r\n<!-- \/ Yoast SEO plugin. -->","yoast_head_json":{"title":"Datenschutzbestimmungen der Website - RCI INSURANCE","robots":{"index":"index","follow":"follow","max-snippet":"max-snippet:-1","max-image-preview":"max-image-preview:large","max-video-preview":"max-video-preview:-1"},"canonical":"http:\/\/dev-rci-insurance.iconsandbox.com\/at\/informationen-zum-datenschutz-auf-der-website\/","og_locale":"de_DE","og_type":"article","og_title":"Datenschutzbestimmungen der Website - RCI INSURANCE","og_description":"Diese Datenschutzbestimmungen beziehen sich auf die Nutzung dieser Website, die Eigentum von RCI Life Ltd, RCI Insurance Ltd und RCI Services Ltd ist (im Folgenden gemeinsam als \u201edie Unternehmen\u201c, \u201euns\u201c oder \u201ewir\u201c bezeichnet). Diese Datenschutzbestimmungen gelten ausschlie\u00dflich f\u00fcr den Schutz pers\u00f6nlicher Daten, die durch die Nutzung der Dom\u00e4ne der Unternehmen, www.rci-insurance.eu, und aller ihrer Subdom\u00e4nen&hellip;","og_url":"http:\/\/dev-rci-insurance.iconsandbox.com\/at\/informationen-zum-datenschutz-auf-der-website\/","og_site_name":"RCI INSURANCE","article_modified_time":"2023-06-13T11:34:51+00:00","twitter_card":"summary_large_image","twitter_misc":{"Gesch\u00e4tzte Lesezeit":"3 Minuten"},"schema":{"@context":"https:\/\/schema.org","@graph":[{"@type":"WebPage","@id":"http:\/\/dev-rci-insurance.iconsandbox.com\/at\/informationen-zum-datenschutz-auf-der-website\/","url":"http:\/\/dev-rci-insurance.iconsandbox.com\/at\/informationen-zum-datenschutz-auf-der-website\/","name":"Datenschutzbestimmungen der Website - RCI INSURANCE","isPartOf":{"@id":"http:\/\/dev-rci-insurance.iconsandbox.com\/de\/#website"},"datePublished":"2018-01-15T14:13:19+00:00","dateModified":"2023-06-13T11:34:51+00:00","breadcrumb":{"@id":"http:\/\/dev-rci-insurance.iconsandbox.com\/at\/informationen-zum-datenschutz-auf-der-website\/#breadcrumb"},"inLanguage":"de-AT","potentialAction":[{"@type":"ReadAction","target":["http:\/\/dev-rci-insurance.iconsandbox.com\/at\/informationen-zum-datenschutz-auf-der-website\/"]}]},{"@type":"BreadcrumbList","@id":"http:\/\/dev-rci-insurance.iconsandbox.com\/at\/informationen-zum-datenschutz-auf-der-website\/#breadcrumb","itemListElement":[{"@type":"ListItem","position":1,"name":"Home","item":"http:\/\/dev-rci-insurance.iconsandbox.com\/at\/"},{"@type":"ListItem","position":2,"name":"Datenschutzbestimmungen der Website"}]},{"@type":"WebSite","@id":"http:\/\/dev-rci-insurance.iconsandbox.com\/de\/#website","url":"http:\/\/dev-rci-insurance.iconsandbox.com\/de\/","name":"RCI INSURANCE","description":"","potentialAction":[{"@type":"SearchAction","target":{"@type":"EntryPoint","urlTemplate":"http:\/\/dev-rci-insurance.iconsandbox.com\/de\/?s={search_term_string}"},"query-input":{"@type":"PropertyValueSpecification","valueRequired":true,"valueName":"search_term_string"}}],"inLanguage":"de-AT"}]}},"_links":{"self":[{"href":"http:\/\/dev-rci-insurance.iconsandbox.com\/at\/wp-json\/wp\/v2\/pages\/737","targetHints":{"allow":["GET"]}}],"collection":[{"href":"http:\/\/dev-rci-insurance.iconsandbox.com\/at\/wp-json\/wp\/v2\/pages"}],"about":[{"href":"http:\/\/dev-rci-insurance.iconsandbox.com\/at\/wp-json\/wp\/v2\/types\/page"}],"author":[{"embeddable":true,"href":"http:\/\/dev-rci-insurance.iconsandbox.com\/at\/wp-json\/wp\/v2\/users\/1"}],"replies":[{"embeddable":true,"href":"http:\/\/dev-rci-insurance.iconsandbox.com\/at\/wp-json\/wp\/v2\/comments?post=737"}],"version-history":[{"count":14,"href":"http:\/\/dev-rci-insurance.iconsandbox.com\/at\/wp-json\/wp\/v2\/pages\/737\/revisions"}],"predecessor-version":[{"id":8182,"href":"http:\/\/dev-rci-insurance.iconsandbox.com\/at\/wp-json\/wp\/v2\/pages\/737\/revisions\/8182"}],"wp:attachment":[{"href":"http:\/\/dev-rci-insurance.iconsandbox.com\/at\/wp-json\/wp\/v2\/media?parent=737"}],"curies":[{"name":"wp","href":"https:\/\/api.w.org\/{rel}","templated":true}]}}