{"id":1072,"date":"2018-05-18T14:06:24","date_gmt":"2018-05-18T14:06:24","guid":{"rendered":"http:\/\/dev-rci-insurance.iconsandbox.com\/?page_id=1072"},"modified":"2024-12-06T12:05:10","modified_gmt":"2024-12-06T11:05:10","slug":"information-zur-datenverarbeitung","status":"publish","type":"page","link":"http:\/\/dev-rci-insurance.iconsandbox.com\/at\/information-zur-datenverarbeitung\/","title":{"rendered":"Information zur Datenverarbeitung"},"content":{"rendered":"<p><strong>ALLGEMEINE DATENSCHUTZ- UND DATENVERARBEITUNGSINFORMATIONEN<\/strong><\/p>\n<p><strong>\u00a0<\/strong><\/p>\n<p>VORBEMERKUNGEN<\/p>\n<p>Im Rahmen ihrer Dienstleistungen verarbeiten RCI Life Limited und RCI Insurance Limited (die \u201eVersicherer\u201c) personenbezogene Daten, d. h. alle Daten, die sich auf Sie, den Versicherten als \u201ebetroffene Person\u201c beziehen. Wie Sie wahrscheinlich wissen, trat die Datenschutz-Grundverordnung (DSGVO) am 25. Mai 2018 in Kraft und gilt unmittelbar in jedem EU-Mitgliedstaat. Daher gilt sie auch f\u00fcr RCI Life Limited und RCI Insurance Limited bei der Verarbeitung personenbezogener Daten.<\/p>\n<ol>\n<li>DATENVERANTWORTLICHE, BETROFFENE PERSONEN, DATENVERARBEITER UND ANDERE EMPF\u00c4NGER<\/li>\n<\/ol>\n<p>RCI Life Limited und RCI Insurance Limited, beide mit eingetragener Adresse in Level 3, Mercury Tower, The Exchange Financial &amp; Business Centre, Elia Zammit Street, St. Julian&#8217;s, STJ 3155, Malta, sind die \u201eDatenverantwortlichen\u201c, d. h. sie sind diejenigen, die den Zweck und die Mittel der Verarbeitung Ihrer personenbezogenen Daten festlegen. RCI Life Limited und RCI Insurance Limited sind Ihr erster Anlaufpunkt f\u00fcr alle Fragen zum Datenschutz oder falls Sie Ihre Rechte gem\u00e4\u00df der DSGVO aus\u00fcben m\u00f6chten (Kontaktdaten siehe unten). Ihre Anfragen werden dann bearbeitet und von uns beantwortet. Wenn Sie mehr \u00fcber die Verantwortlichkeiten der Versicherer und der Datenverantwortlichen erfahren m\u00f6chten, kontaktieren Sie uns bitte.<\/p>\n<p>Sie, der Versicherte, sind die \u201ebetroffene Person\u201c, also die identifizierbare nat\u00fcrliche Person, die Gegenstand der personenbezogenen Daten ist, welche von den Datenverantwortlichen erhoben und verarbeitet werden.<\/p>\n<p>Die Datenverantwortlichen k\u00f6nnen bei der Erbringung ihrer Dienstleistungen die Weitergabe der personenbezogenen Daten der betroffenen Person an Dritte verlangen. Diese Dritten, die \u201eDatenverarbeiter\u201c, sind nat\u00fcrliche oder juristische Personen oder Organisationen, welche die personenbezogenen Daten im Auftrag der Datenverantwortlichen verarbeiten. Diese Datenverarbeiter sind in erster Linie andere Organisationen innerhalb der RCI Banque (Mobilize Financial Services)-Gruppe, relevante Drittanbieter, Vermittler und Vermittler in Nebent\u00e4tigkeit.<\/p>\n<p>Abgesehen davon, ist es f\u00fcr die Datenverantwortlichen notwendig, die personenbezogenen Daten der betroffenen Person an andere Dritte, die als \u201eEmpf\u00e4nger\u201c bezeichnet werden, weiterzugeben. \u201eEmpf\u00e4nger\u201c sind alle anderen nat\u00fcrlichen oder juristischen Personen, die die personenbezogenen Daten der betroffenen Person von den Datenverantwortlichen im Rahmen der Erbringung ihrer Dienstleistungen und der Erf\u00fcllung des Versicherungsvertrags erhalten, wie z. B. Gesch\u00e4ftspartner und Vertreter der Datenverantwortlichen, R\u00fcckversicherer oder Berufsverb\u00e4nde, die vom Versicherungsvertrag betroffen sind, u. a.<\/p>\n<ol>\n<li>ZWECKE UND GRUNDLAGEN DER VERARBEITUNG PERSONENBEZOGENER DATEN<\/li>\n<\/ol>\n<p>Wir verarbeiten Ihre personenbezogenen Daten unter Beachtung der DSGVO sowie aller weiteren ma\u00dfgeblichen gesetzlichen Bestimmungen. Sofern wir beabsichtigen, Daten f\u00fcr einen anderen Zweck zu verarbeiten als den, f\u00fcr den Ihre personenbezogenen Daten gem\u00e4\u00df diesem Dokument erhoben wurden, werden wir dies nur in \u00dcbereinstimmung mit dem geltenden Datenschutzrecht tun.<\/p>\n<ol>\n<li>Abschluss des Versicherungsvertrags<\/li>\n<\/ol>\n<p>Wir verarbeiten Ihre personenbezogenen Daten, um das zu versichernde Risiko zu bewerten und Ihren Versicherungsschutz zu best\u00e4tigen. Die im Antragsformular als verpflichtend gekennzeichneten Daten sind entweder gesetzlich vorgeschrieben oder notwendig, um Ihren Versicherungsschutz zu best\u00e4tigen. Wenn Sie Ihre Daten nicht bereitstellen, kann f\u00fcr Sie rechtliche oder wirtschaftliche Nachteile haben, da wir ohne die Verarbeitung Ihrer personenbezogenen Daten Ihren Versicherungsschutz nicht best\u00e4tigen oder unseren Versicherungspflichten nicht nachkommen k\u00f6nnen.<\/p>\n<p>Diese Verarbeitung basiert auf Art. 6 (1) (b) DSGVO (vertragliche Zwecke).<\/p>\n<p>Hierzu verarbeiten wir die folgenden Kategorien personenbezogener Daten: Identifikations-, Authentifizierungs- und Kontaktdaten, z. B. Ihr vollst\u00e4ndiger Name, Ihre Adresse und andere Kontaktdaten, Ihr Geburtsdatum, Ihre Steueridentifikationsnummer, andere Stammdaten und Daten aus Finanzierungsvertr\u00e4gen (z. B. Vertragsdetails und Fahrzeugdaten).<\/p>\n<p>Empf\u00e4nger Ihrer Daten: Sonstige Unternehmen der RCI Banque-Gruppe (Mobilize Financial Services), mit der Renault-Gruppe verbundene Autoh\u00e4ndler, IT-Dienstleister, Softwarehersteller.<\/p>\n<ol start=\"2\">\n<li>Durchf\u00fchrung des Vertragsverh\u00e4ltnisses<\/li>\n<\/ol>\n<p>Wir verarbeiten Ihre personenbezogenen Daten, soweit dies f\u00fcr die Durchf\u00fchrung des Vertragsverh\u00e4ltnisses, insbesondere zur Erf\u00fcllung unserer Verpflichtungen aus dem Versicherungsvertrag, erforderlich ist. Die Datenverarbeitung ist erforderlich, um den Kundenservice zu erbringen, zu beurteilen, ob ein Versicherungsfall eingetreten ist, die H\u00f6he der Versicherungsleistung zu berechnen und zur Vertragsk\u00fcndigung.<\/p>\n<p>Diese Verarbeitung basiert auf Art. 6 (1) (b) DSGVO (vertragliche Zwecke).<\/p>\n<p>Hierzu verarbeiten wir folgende Daten: Identifikations-, Authentifizierungs- und Kontaktdaten (z. B. Ihr vollst\u00e4ndiger Name, Ihre Adresse und andere Kontaktangaben), Personalausweis\/Reisepass, Personenstand, Geburtsdatum, Steueridentifikationsnummer, Besch\u00e4ftigungsdaten, Bankverbindung, Sozialversicherungsnummer, Gesundheitsdaten, medizinische Berichte, Polizeiberichte, Verurteilungen.<\/p>\n<p>Empf\u00e4nger Ihrer Daten: Sonstige Unternehmen der RCI-Banque Gruppe (Mobilize Financial Services), \u00a0Schadenbearbeiter\/ externe Administratoren (TPA) und Subunternehmer der externen Administratoren, \u00a0Aufsichtsbeh\u00f6rden, externe Anwaltskanzleien, IT-Dienstleister; Softwarehersteller; Zahlungsdienstleister.<\/p>\n<ol start=\"3\">\n<li>Versicherungsspezifische Statistiken<\/li>\n<\/ol>\n<p>Wir verarbeiten Ihre personenbezogenen Daten zur Erstellung versicherungsspezifischer Statistiken. Die Datenverarbeitung ist insbesondere erforderlich f\u00fcr die betriebswirtschaftliche \u00dcberwachung sowie f\u00fcr die Preisgestaltung und die Optimierung unserer Produkte.<\/p>\n<p>Diese Verarbeitung basiert auf Art. 6 (1) (f) DSGVO (berechtigtes Interesse). Wir verfolgen damit unser berechtigtes Interesse, die Kundenbeziehung f\u00fcr die Gesch\u00e4ftsf\u00fchrung und Preisgestaltung zu \u00fcberwachen und unsere Produkte zu optimieren.<\/p>\n<p>Hierzu verarbeiten wir folgende Datenkategorien: Geburtsdatum, Schadensdaten (z. B. Gesundheitsdaten, medizinische Berichte, Polizeiberichte, Verurteilungen, Besch\u00e4ftigungsdaten), sonstige Stammdaten und Finanzierungsvertragsdaten (z. B. Vertragsdetails und Fahrzeugdaten).<\/p>\n<p>Empf\u00e4nger Ihrer Daten: Sonstige Unternehmen der RCI Banque-Gruppe (Mobilize Financial Services), Aufsichtsbeh\u00f6rden, IT-Dienstleister, Softwarehersteller.<\/p>\n<ol start=\"4\">\n<li>Gesetzliche Vorschriften<\/li>\n<\/ol>\n<p>Wir verarbeiten Ihre personenbezogenen Daten auch, um gesetzliche Vorschriften einzuhalten. Hierzu k\u00f6nnen wir Ihre personenbezogenen Daten an \u00f6ffentliche Stellen \u00fcbermitteln, z. B. zur Erf\u00fcllung unserer gesetzlichen Meldepflichten (d. h. Finanzbeh\u00f6rden, Datenschutzbeh\u00f6rden und Finanzaufsichtsbeh\u00f6rden).<\/p>\n<p>Diese Verarbeitung basiert auf Art. 6 (1) (c) DSGVO.<\/p>\n<p>Hierzu verarbeiten wir die folgenden Datenkategorien: Identifikations-, Authentifizierungs- und Kontaktdaten (z. B. Ihr vollst\u00e4ndiger Name, Ihre Adresse und andere Kontaktdaten), Geburtsdatum, sonstige Stammdaten und Finanzierungsvertragsdaten (z. B. Vertragsdetails und Fahrzeugdaten), Daten aus der Erf\u00fcllung unserer vertraglichen Verpflichtungen (z. B. Leistungsdaten und Schadensfalldaten (einschlie\u00dflich Gesundheitsdaten)).<\/p>\n<p>Empf\u00e4nger Ihrer Daten: Aufsichtsbeh\u00f6rden.<\/p>\n<ol start=\"5\">\n<li>Pr\u00e4vention und Aufdeckung von Betrug und Straftaten<\/li>\n<\/ol>\n<p>Wir verarbeiten Ihre personenbezogenen Daten, um Straftaten und Betrugsf\u00e4lle zu verhindern und aufzudecken. Wir nutzen Datenanalysen, um Einzelheiten zu ermitteln, die auf Betrug hindeuten k\u00f6nnten (z. B. im Zusammenhang mit dem Schadenmanagementprozess).<\/p>\n<p>Diese Verarbeitung basiert auf Art. 6 (1) (f) DSGVO, \u00a0da wir damit unser berechtigtes Interesse zum Schutz unserer Verm\u00f6genswerte verfolgen.<\/p>\n<p>Hierzu verarbeiten wir die folgenden Datenkategorien: Identifikations-, Authentifizierungs- und Kontaktdaten (z. B. Ihr vollst\u00e4ndiger Name, Ihre Adresse und andere Kontaktdaten), Ihr Geburtsdatum, Informationen zu Ihrer beruflichen T\u00e4tigkeit und die Herkunft Ihres Verm\u00f6gens und Ihrer finanziellen Mittel.<\/p>\n<p>Empf\u00e4nger Ihrer Daten: Sonstige Unternehmen der RCI Banque-Gruppe (Mobilize Financial Services), Schadenbearbeiter\/ externe Administratoren (TPA) und Subunternehmer der externen Administratoren, Aufsichtsbeh\u00f6rden, externe Anwaltskanzleien, IT-Dienstleister; Softwarehersteller; Zahlungsdienstleister.<\/p>\n<ol start=\"6\">\n<li>Gerichtliche Verfahren und Streitigkeiten\/Beschwerden<\/li>\n<\/ol>\n<p>Wir verarbeiten Ihre personenbezogenen Daten f\u00fcr die Begr\u00fcndung, Aus\u00fcbung oder Verteidigung im Falle von Gerichtsverfahren und\/oder anderen Streitigkeiten\/Beschwerden (insbesondere soweit dies im Falle von Gerichtsverfahren erforderlich ist).<\/p>\n<p>Diese Verarbeitung basiert auf Art. 6 (1) (f) DSGVO, da wir damit unser berechtigtes Interesse zum Schutz unserer Interessen in Gerichtsverfahren und\/oder anderen Streitigkeiten\/Beschwerden verfolgen.<\/p>\n<p>Hierzu verarbeiten wir die folgenden Datenkategorien: Identifikations-, Authentifizierungs- und Kontaktdaten (z. B. Ihr vollst\u00e4ndiger Name, Ihre Adresse und andere Kontaktangaben), Personalausweis\/Reisepass, Personenstand, Geburtsdatum, Steueridentifikationsnummer, Besch\u00e4ftigungsdaten, Bankverbindung, Sozialversicherungsnummer, Gesundheitsdaten, medizinische Berichte, Polizeiberichte und Verurteilungen.<\/p>\n<p>Empf\u00e4nger Ihrer Daten: Sonstige Unternehmen innerhalb der RCI Banque (Mobilize Financial Services)-Gruppe, externe Anwaltskanzleien, Aufsichtsbeh\u00f6rden.<\/p>\n<ol start=\"7\">\n<li>Vorhaltung und Implementierung von IT-Systemen und -Diensten<\/li>\n<\/ol>\n<p>Wir verarbeiten Ihre personenbezogenen Daten, um die Sicherheit unserer IT-Systeme und -Dienste zu gew\u00e4hrleisten.<\/p>\n<p>Diese Verarbeitung basiert auf Art. 6 (1) (f) DSGVO (berechtigtes Interesse). Wir verfolgen damit unser berechtigtes Interesse, die Sicherheit, Funktionsf\u00e4higkeit und Zuverl\u00e4ssigkeit von IT-Systemen und -Diensten zu gew\u00e4hrleisten.<\/p>\n<p>Hierzu verarbeiten wir die folgenden Datenkategorien: Identifikations-, Authentifizierungs- und Kontaktdaten (z. B. Ihr vollst\u00e4ndiger Name, Adresse und andere Kontaktdaten), sonstige Stammdaten und Finanzierungsvertragsdaten (z. B. Vertragsdetails und Fahrzeugdaten), Schadensfalldaten (einschlie\u00dflich Gesundheitsdaten).<\/p>\n<p>Empf\u00e4nger Ihrer Daten: IT-Dienstleister; Softwarehersteller.<\/p>\n<ul>\n<li>DATEN\u00dcBERTRAGUNGEN<\/li>\n<\/ul>\n<p>Personenbezogene Daten werden ausschlie\u00dflich an die Unternehmen der Mobilize Financial Services-Gruppe, ihre Gesch\u00e4ftspartner oder Dritte innerhalb der Europ\u00e4ischen Union und gegebenenfalls an Vertreter des Datenverantwortlichen, R\u00fcckversicherer oder Berufsverb\u00e4nde, die von dem Vertrag betroffen sind, weitergegeben. Die \u00dcbermittlung personenbezogener Daten erfolgt zu den hierin dargelegten Zwecken und auf der Grundlage der Verarbeitung personenbezogener Daten und unterliegt der Einhaltung aller anwendbaren einschl\u00e4gigen Rechtsvorschriften sowie den erforderlichen Vertraulichkeitsvereinbarungen und Beschr\u00e4nkungen f\u00fcr die weitere Verarbeitung dieser personenbezogenen Daten.<\/p>\n<p>Die personenbezogenen Daten der betroffenen Person werden von den Datenverantwortlichen nur dann an Empf\u00e4nger weitergegeben, wenn dies f\u00fcr die Erf\u00fcllung des Versicherungsvertrags erforderlich ist, wenn wir gesetzlich dazu verpflichtet sind, wenn ein berechtigtes Interesse an einer solchen Weitergabe besteht oder wenn die betroffene Person ihre Einwilligung erteilt hat. In jedem Einzelfall legen die Datenverantwortlichen die Daten der betroffenen Person nur in dem Umfang offen, der f\u00fcr den jeweiligen Zweck erforderlich ist, oder wie es die einschl\u00e4gige gesetzliche Bestimmung vorschreibt, im Einklang mit einem berechtigten Interesse oder, im Falle einer Einwilligung, wie von der betroffenen Person angegeben.<\/p>\n<ol>\n<li>DATEN\u00dcBERTRAGUNG AUSSERHALB DES EWR<\/li>\n<\/ol>\n<p>Ihre Daten werden im Europ\u00e4ischen Wirtschaftsraum (EWR) verarbeitet. Sollten Ihre personenbezogenen Daten jedoch in Zukunft von unseren Dienstleistern in L\u00e4ndern au\u00dferhalb des EWR verarbeitet werden, werden wir Sie dar\u00fcber informieren. In einem solchen Fall achten wir besonders darauf, dass die \u00dcbermittlung in \u00dcbereinstimmung mit den geltenden Vorschriften erfolgt, und treffen Sicherheitsvorkehrungen, die ein Schutzniveau f\u00fcr Ihre Privatsph\u00e4re und Ihre Grundrechte gew\u00e4hrleisten, das dem der Europ\u00e4ischen Union entspricht.<\/p>\n<ol>\n<li>GRUNDS\u00c4TZE IN BEZUG AUF PERSONENBEZOGENE DATEN\/DATENSPEICHERUNG UND RECHTE DER BETROFFENEN PERSON<\/li>\n<\/ol>\n<p>Personenbezogene Daten werden aus den oben genannten Gr\u00fcnden als Ausdruck und\/oder elektronisch verarbeitet, wobei die erforderlichen Kontrollen zur Gew\u00e4hrleistung der Sicherheit, des Schutzes und der Vertraulichkeit dieser Daten beibehalten werden. Es werden keine personenbezogenen Daten erhoben, wenn sie f\u00fcr den Zweck, der der Erhebung personenbezogener Daten zugrunde liegt, irrelevant sind. Sollten wir beabsichtigen, personenbezogene Daten automatisiert zu verarbeiten, einschlie\u00dflich der Erstellung von Profilen, wird Ihnen dies klar erl\u00e4utert, wobei die bei der Verarbeitung ber\u00fccksichtigten Parameter und die zu diesem Zweck verwendeten Daten detailliert aufgef\u00fchrt werden.<\/p>\n<p>Personenbezogene Daten d\u00fcrfen nicht l\u00e4nger aufbewahrt werden, als es f\u00fcr die Zwecke, f\u00fcr die sie verarbeitet werden, erforderlich und gesetzlich zul\u00e4ssig ist. Daher stellen die Datenverantwortlichen sicher, dass personenbezogene Daten nur so lange aufbewahrt werden, wie der Grund f\u00fcr ihre Erhebung besteht und kein anderer legitimer Grund f\u00fcr ihre Aufbewahrung vorliegt.<\/p>\n<p>Als betroffene Person haben Sie alle in den Artikeln 12 bis 23 der DSGVO genannten Rechte, einschlie\u00dflich der folgenden:<\/p>\n<ol>\n<li>das Recht, die Einwilligung jederzeit zu widerrufen, ohne dass die Rechtm\u00e4\u00dfigkeit der Verarbeitung aufgrund der Einwilligung vor deren Widerruf beeintr\u00e4chtigt wird (nur anwendbar, wenn die Datenverarbeitung auf einer Einwilligung beruht),<\/li>\n<li>das Recht, von den Datenverantwortlichen Zugang zu den Sie betreffenden personenbezogenen Daten zu verlangen,<\/li>\n<\/ol>\n<ul>\n<li>das Recht, von den Datenverantwortlichen die Berichtigung der Sie betreffenden personenbezogenen Daten zu verlangen,<\/li>\n<\/ul>\n<ol>\n<li>das Recht, von den Datenverantwortlichen die Einschr\u00e4nkung der Sie betreffenden personenbezogenen Daten zu verlangen,<\/li>\n<li>das Recht auf Widerspruch gegen die Verarbeitung Ihrer personenbezogenen Daten durch die Datenverantwortlichen; wenn wir Ihre personenbezogenen Daten zur Verfolgung unserer berechtigten Interessen verarbeiten, k\u00f6nnen Sie der Verarbeitung widersprechen, sofern Gr\u00fcnde vorliegen, die sich aus Ihrer pers\u00f6nlichen spezifischen Situation ergeben,<\/li>\n<li>das Recht auf Daten\u00fcbertragbarkeit; Sie haben das Recht, Ihre personenbezogenen Daten von den Datenverantwortlichen in einem strukturierten, g\u00e4ngigen und maschinenlesbaren Format zu erhalten, um sie an einen anderen Datenverantwortlichen zu senden, oder diese Daten von den Datenverantwortlichen direkt an den anderen Datenverantwortlichen \u00fcbermitteln zu lassen, soweit dies technisch machbar ist,<\/li>\n<\/ol>\n<ul>\n<li>das Recht, in bestimmten F\u00e4llen von den Datenverantwortlichen die L\u00f6schung der Sie betreffenden personenbezogenen Daten zu verlangen,<\/li>\n<li>das Recht, bei einer Aufsichtsbeh\u00f6rde Beschwerde einzulegen.<\/li>\n<\/ul>\n<p>&nbsp;<\/p>\n<p>Die Aus\u00fcbung und anschlie\u00dfende Erf\u00fcllung dieser Rechte unterliegt dem geltenden Recht und den darin festgelegten Beschr\u00e4nkungen. Datenverarbeiter sind verpflichtet, die Datenverantwortlichen bei der Erf\u00fcllung ihrer Pflicht zu unterst\u00fctzen, auf solche Anfragen der betroffenen Person zu reagieren.<\/p>\n<p>Falls Sie eines der oben genannten Rechte aus\u00fcben m\u00f6chten oder Fragen haben, senden Sie Ihre Anfragen bitte an den Datenschutzbeauftragten (DSB) der Datenverantwortlichen.<\/p>\n<ol>\n<li>KONTAKTDATEN DES DATENSCHUTZBEAUFTRAGTEN<\/li>\n<\/ol>\n<p>Der Datenschutzbeauftragte von RCI Insurance Limited und RCI Life Limited<\/p>\n<p>Level 3, Mercury Tower, The Exchange Financial &amp; Business Centre, Triq Elia Zammit, St Julian&#8217;s \u2013 STJ 3155 Malta.<\/p>\n<p>E-Mail: <strong>dataprotectionofficer-malta@rcibanque.com<\/strong><\/p>\n","protected":false},"excerpt":{"rendered":"ALLGEMEINE DATENSCHUTZ- UND DATENVERARBEITUNGSINFORMATIONEN \u00a0 VORBEMERKUNGEN Im Rahmen ihrer Dienstleistungen verarbeiten RCI Life Limited und RCI Insurance Limited (die \u201eVersicherer\u201c) personenbezogene Daten, d. h. alle Daten, die sich auf Sie, den Versicherten als \u201ebetroffene Person\u201c beziehen. Wie Sie wahrscheinlich wissen, trat die Datenschutz-Grundverordnung (DSGVO) am 25. Mai 2018 in Kraft und gilt unmittelbar in jedem&hellip;","protected":false},"author":3,"featured_media":0,"parent":0,"menu_order":0,"comment_status":"closed","ping_status":"closed","template":"","meta":{"_acf_changed":false,"footnotes":""},"class_list":["post-1072","page","type-page","status-publish","hentry"],"acf":[],"yoast_head":"<!-- This site is optimized with the Yoast SEO plugin v24.3 - https:\/\/yoast.com\/wordpress\/plugins\/seo\/ -->\r\n<title>Information zur Datenverarbeitung - RCI INSURANCE<\/title>\r\n<meta name=\"robots\" content=\"index, follow, max-snippet:-1, max-image-preview:large, max-video-preview:-1\" \/>\r\n<link rel=\"canonical\" href=\"http:\/\/dev-rci-insurance.iconsandbox.com\/at\/information-zur-datenverarbeitung\/\" \/>\r\n<meta property=\"og:locale\" content=\"de_DE\" \/>\r\n<meta property=\"og:type\" content=\"article\" \/>\r\n<meta property=\"og:title\" content=\"Information zur Datenverarbeitung - RCI INSURANCE\" \/>\r\n<meta property=\"og:description\" content=\"ALLGEMEINE DATENSCHUTZ- UND DATENVERARBEITUNGSINFORMATIONEN \u00a0 VORBEMERKUNGEN Im Rahmen ihrer Dienstleistungen verarbeiten RCI Life Limited und RCI Insurance Limited (die \u201eVersicherer\u201c) personenbezogene Daten, d. h. alle Daten, die sich auf Sie, den Versicherten als \u201ebetroffene Person\u201c beziehen. Wie Sie wahrscheinlich wissen, trat die Datenschutz-Grundverordnung (DSGVO) am 25. Mai 2018 in Kraft und gilt unmittelbar in jedem&hellip;\" \/>\r\n<meta property=\"og:url\" content=\"http:\/\/dev-rci-insurance.iconsandbox.com\/at\/information-zur-datenverarbeitung\/\" \/>\r\n<meta property=\"og:site_name\" content=\"RCI INSURANCE\" \/>\r\n<meta property=\"article:modified_time\" content=\"2024-12-06T11:05:10+00:00\" \/>\r\n<meta name=\"twitter:card\" content=\"summary_large_image\" \/>\r\n<meta name=\"twitter:label1\" content=\"Gesch\u00e4tzte Lesezeit\" \/>\n\t<meta name=\"twitter:data1\" content=\"9 Minuten\" \/>\r\n<script type=\"application\/ld+json\" class=\"yoast-schema-graph\">{\"@context\":\"https:\/\/schema.org\",\"@graph\":[{\"@type\":\"WebPage\",\"@id\":\"http:\/\/dev-rci-insurance.iconsandbox.com\/at\/information-zur-datenverarbeitung\/\",\"url\":\"http:\/\/dev-rci-insurance.iconsandbox.com\/at\/information-zur-datenverarbeitung\/\",\"name\":\"Information zur Datenverarbeitung - RCI INSURANCE\",\"isPartOf\":{\"@id\":\"http:\/\/dev-rci-insurance.iconsandbox.com\/pl\/#website\"},\"datePublished\":\"2018-05-18T14:06:24+00:00\",\"dateModified\":\"2024-12-06T11:05:10+00:00\",\"breadcrumb\":{\"@id\":\"http:\/\/dev-rci-insurance.iconsandbox.com\/at\/information-zur-datenverarbeitung\/#breadcrumb\"},\"inLanguage\":\"de-AT\",\"potentialAction\":[{\"@type\":\"ReadAction\",\"target\":[\"http:\/\/dev-rci-insurance.iconsandbox.com\/at\/information-zur-datenverarbeitung\/\"]}]},{\"@type\":\"BreadcrumbList\",\"@id\":\"http:\/\/dev-rci-insurance.iconsandbox.com\/at\/information-zur-datenverarbeitung\/#breadcrumb\",\"itemListElement\":[{\"@type\":\"ListItem\",\"position\":1,\"name\":\"Home\",\"item\":\"https:\/\/dev-rci-insurance.iconsandbox.com\/at\/\"},{\"@type\":\"ListItem\",\"position\":2,\"name\":\"Information zur Datenverarbeitung\"}]},{\"@type\":\"WebSite\",\"@id\":\"http:\/\/dev-rci-insurance.iconsandbox.com\/pl\/#website\",\"url\":\"http:\/\/dev-rci-insurance.iconsandbox.com\/pl\/\",\"name\":\"RCI INSURANCE\",\"description\":\"\",\"potentialAction\":[{\"@type\":\"SearchAction\",\"target\":{\"@type\":\"EntryPoint\",\"urlTemplate\":\"http:\/\/dev-rci-insurance.iconsandbox.com\/pl\/?s={search_term_string}\"},\"query-input\":{\"@type\":\"PropertyValueSpecification\",\"valueRequired\":true,\"valueName\":\"search_term_string\"}}],\"inLanguage\":\"de-AT\"}]}<\/script>\r\n<!-- \/ Yoast SEO plugin. -->","yoast_head_json":{"title":"Information zur Datenverarbeitung - RCI INSURANCE","robots":{"index":"index","follow":"follow","max-snippet":"max-snippet:-1","max-image-preview":"max-image-preview:large","max-video-preview":"max-video-preview:-1"},"canonical":"http:\/\/dev-rci-insurance.iconsandbox.com\/at\/information-zur-datenverarbeitung\/","og_locale":"de_DE","og_type":"article","og_title":"Information zur Datenverarbeitung - RCI INSURANCE","og_description":"ALLGEMEINE DATENSCHUTZ- UND DATENVERARBEITUNGSINFORMATIONEN \u00a0 VORBEMERKUNGEN Im Rahmen ihrer Dienstleistungen verarbeiten RCI Life Limited und RCI Insurance Limited (die \u201eVersicherer\u201c) personenbezogene Daten, d. h. alle Daten, die sich auf Sie, den Versicherten als \u201ebetroffene Person\u201c beziehen. Wie Sie wahrscheinlich wissen, trat die Datenschutz-Grundverordnung (DSGVO) am 25. Mai 2018 in Kraft und gilt unmittelbar in jedem&hellip;","og_url":"http:\/\/dev-rci-insurance.iconsandbox.com\/at\/information-zur-datenverarbeitung\/","og_site_name":"RCI INSURANCE","article_modified_time":"2024-12-06T11:05:10+00:00","twitter_card":"summary_large_image","twitter_misc":{"Gesch\u00e4tzte Lesezeit":"9 Minuten"},"schema":{"@context":"https:\/\/schema.org","@graph":[{"@type":"WebPage","@id":"http:\/\/dev-rci-insurance.iconsandbox.com\/at\/information-zur-datenverarbeitung\/","url":"http:\/\/dev-rci-insurance.iconsandbox.com\/at\/information-zur-datenverarbeitung\/","name":"Information zur Datenverarbeitung - RCI INSURANCE","isPartOf":{"@id":"http:\/\/dev-rci-insurance.iconsandbox.com\/pl\/#website"},"datePublished":"2018-05-18T14:06:24+00:00","dateModified":"2024-12-06T11:05:10+00:00","breadcrumb":{"@id":"http:\/\/dev-rci-insurance.iconsandbox.com\/at\/information-zur-datenverarbeitung\/#breadcrumb"},"inLanguage":"de-AT","potentialAction":[{"@type":"ReadAction","target":["http:\/\/dev-rci-insurance.iconsandbox.com\/at\/information-zur-datenverarbeitung\/"]}]},{"@type":"BreadcrumbList","@id":"http:\/\/dev-rci-insurance.iconsandbox.com\/at\/information-zur-datenverarbeitung\/#breadcrumb","itemListElement":[{"@type":"ListItem","position":1,"name":"Home","item":"https:\/\/dev-rci-insurance.iconsandbox.com\/at\/"},{"@type":"ListItem","position":2,"name":"Information zur Datenverarbeitung"}]},{"@type":"WebSite","@id":"http:\/\/dev-rci-insurance.iconsandbox.com\/pl\/#website","url":"http:\/\/dev-rci-insurance.iconsandbox.com\/pl\/","name":"RCI INSURANCE","description":"","potentialAction":[{"@type":"SearchAction","target":{"@type":"EntryPoint","urlTemplate":"http:\/\/dev-rci-insurance.iconsandbox.com\/pl\/?s={search_term_string}"},"query-input":{"@type":"PropertyValueSpecification","valueRequired":true,"valueName":"search_term_string"}}],"inLanguage":"de-AT"}]}},"_links":{"self":[{"href":"http:\/\/dev-rci-insurance.iconsandbox.com\/at\/wp-json\/wp\/v2\/pages\/1072","targetHints":{"allow":["GET"]}}],"collection":[{"href":"http:\/\/dev-rci-insurance.iconsandbox.com\/at\/wp-json\/wp\/v2\/pages"}],"about":[{"href":"http:\/\/dev-rci-insurance.iconsandbox.com\/at\/wp-json\/wp\/v2\/types\/page"}],"author":[{"embeddable":true,"href":"http:\/\/dev-rci-insurance.iconsandbox.com\/at\/wp-json\/wp\/v2\/users\/3"}],"replies":[{"embeddable":true,"href":"http:\/\/dev-rci-insurance.iconsandbox.com\/at\/wp-json\/wp\/v2\/comments?post=1072"}],"version-history":[{"count":11,"href":"http:\/\/dev-rci-insurance.iconsandbox.com\/at\/wp-json\/wp\/v2\/pages\/1072\/revisions"}],"predecessor-version":[{"id":8612,"href":"http:\/\/dev-rci-insurance.iconsandbox.com\/at\/wp-json\/wp\/v2\/pages\/1072\/revisions\/8612"}],"wp:attachment":[{"href":"http:\/\/dev-rci-insurance.iconsandbox.com\/at\/wp-json\/wp\/v2\/media?parent=1072"}],"curies":[{"name":"wp","href":"https:\/\/api.w.org\/{rel}","templated":true}]}}